{"id":5816,"date":"2024-08-21T03:59:20","date_gmt":"2024-08-21T03:59:20","guid":{"rendered":"https:\/\/jinhuaceramic.com\/?post_type=product&#038;p=5816"},"modified":"2025-03-11T08:04:19","modified_gmt":"2025-03-11T08:04:19","slug":"versatile-ceramic-bakeware-set-wholesale","status":"publish","type":"product","link":"https:\/\/jinhuaceramic.com\/es\/product\/versatile-ceramic-bakeware-set-wholesale\/","title":{"rendered":"Juego de Cer\u00e1mica para Hornear al por mayor, Ramequines a granel"},"content":{"rendered":"<div class=\"wp-block-columns is-layout-flex wp-container-core-columns-is-layout-9d6595d7 wp-block-columns-is-layout-flex\">\n<div class=\"wp-block-column is-layout-flow wp-block-column-is-layout-flow\">\n<h3 class=\"wp-block-heading\">Premium Cer\u00e1mica Bakeware Set Caracter\u00edsticas al por mayor:<\/h3>\n\n\n\n<ul class=\"wp-block-list\">\n<li><strong>Color vers\u00e1til:<\/strong> Este juego de utensilios de cer\u00e1mica para hornear al por mayor viene en una variedad de colores brillantes como azul, blanco y rosa. La combinaci\u00f3n de colores es armoniosa y vibrante, que puede atraer al instante el ojo, a\u00f1adir diversi\u00f3n al proceso de cocci\u00f3n, y hacer que los resultados de cocci\u00f3n m\u00e1s tentador.<\/li>\n\n\n\n<li><strong>Material de primera calidad:<\/strong> Estos vers\u00e1tiles juegos de utensilios para hornear al por mayor est\u00e1n hechos de arcilla cer\u00e1mica de alta calidad y cocidos a altas temperaturas, por lo que son resistentes a las altas temperaturas, seguros para su uso en el horno y duraderos.<\/li>\n\n\n\n<li><strong>Uso vers\u00e1til:<\/strong> Este juego de utensilios de cer\u00e1mica para hornear al por mayor incluye fuentes para hornear de varias formas y tama\u00f1os, incluyendo fuentes rectangulares grandes y 3 tama\u00f1os de fuentes redondas para hornear para satisfacer diferentes necesidades de horneado. La fuente de horno rectangular grande es adecuada para hacer productos horneados de gran superficie, como pollo asado y lasa\u00f1a; la cazuela es adecuada para hacer peque\u00f1os postres o guarniciones; las fuentes de horno rectangulares y redondas grandes son m\u00e1s flexibles y pueden adaptarse a diversos escenarios de horneado.<\/li>\n\n\n\n<li><strong>F\u00e1cil de limpiar:<\/strong> La superficie de este juego de fuentes para hornear al por mayor es lisa y delicada, no se mancha f\u00e1cilmente con los restos de comida y es muy f\u00e1cil de limpiar.<\/li>\n<\/ul>\n<\/div>\n\n\n\n<div class=\"wp-block-column is-layout-flow wp-block-column-is-layout-flow\">\n<figure class=\"wp-block-image size-full\"><img fetchpriority=\"high\" decoding=\"async\" width=\"900\" height=\"1497\" src=\"https:\/\/jinhuaceramic.com\/wp-content\/uploads\/2024\/08\/ceramic-bakeware-set.webp\" alt=\"Juego de Cer\u00e1mica para Hornear al por mayor, Ramequines a granel\" class=\"wp-image-5820\" srcset=\"https:\/\/jinhuaceramic.com\/wp-content\/uploads\/2024\/08\/ceramic-bakeware-set.webp 900w, https:\/\/jinhuaceramic.com\/wp-content\/uploads\/2024\/08\/ceramic-bakeware-set-180x300.webp 180w, https:\/\/jinhuaceramic.com\/wp-content\/uploads\/2024\/08\/ceramic-bakeware-set-768x1277.webp 768w, https:\/\/jinhuaceramic.com\/wp-content\/uploads\/2024\/08\/ceramic-bakeware-set-7x12.webp 7w, https:\/\/jinhuaceramic.com\/wp-content\/uploads\/2024\/08\/ceramic-bakeware-set-285x474.webp 285w, https:\/\/jinhuaceramic.com\/wp-content\/uploads\/2024\/08\/ceramic-bakeware-set-397x660.webp 397w, https:\/\/jinhuaceramic.com\/wp-content\/uploads\/2024\/08\/ceramic-bakeware-set-90x150.webp 90w\" sizes=\"(max-width: 900px) 100vw, 900px\" \/><\/figure>\n<\/div>\n<\/div>","protected":false},"excerpt":{"rendered":"<p>Con colores brillantes, materiales de alta calidad y una gran variedad de formas y tama\u00f1os, estos vers\u00e1tiles utensilios de cer\u00e1mica al por mayor hacen que hornear sea m\u00e1s f\u00e1cil y agradable. Dise\u00f1ado para satisfacer diferentes necesidades de cocci\u00f3n, los conjuntos son una gran opci\u00f3n para hornear en casa o uso comercial.<\/p>","protected":false},"featured_media":5822,"comment_status":"closed","ping_status":"closed","template":"","meta":{"_acf_changed":false},"product_brand":[],"product_cat":[53],"product_tag":[69,71],"class_list":{"0":"post-5816","1":"product","2":"type-product","3":"status-publish","4":"has-post-thumbnail","6":"product_cat-bakeware-in-bulk","7":"product_tag-bulk-ramekins","8":"product_tag-wholesale-baking-pans","10":"first","11":"instock","12":"shipping-taxable","13":"product-type-simple"},"acf":[],"_links":{"self":[{"href":"https:\/\/jinhuaceramic.com\/es\/wp-json\/wp\/v2\/product\/5816","targetHints":{"allow":["GET"]}}],"collection":[{"href":"https:\/\/jinhuaceramic.com\/es\/wp-json\/wp\/v2\/product"}],"about":[{"href":"https:\/\/jinhuaceramic.com\/es\/wp-json\/wp\/v2\/types\/product"}],"replies":[{"embeddable":true,"href":"https:\/\/jinhuaceramic.com\/es\/wp-json\/wp\/v2\/comments?post=5816"}],"version-history":[{"count":0,"href":"https:\/\/jinhuaceramic.com\/es\/wp-json\/wp\/v2\/product\/5816\/revisions"}],"wp:featuredmedia":[{"embeddable":true,"href":"https:\/\/jinhuaceramic.com\/es\/wp-json\/wp\/v2\/media\/5822"}],"wp:attachment":[{"href":"https:\/\/jinhuaceramic.com\/es\/wp-json\/wp\/v2\/media?parent=5816"}],"wp:term":[{"taxonomy":"product_brand","embeddable":true,"href":"https:\/\/jinhuaceramic.com\/es\/wp-json\/wp\/v2\/product_brand?post=5816"},{"taxonomy":"product_cat","embeddable":true,"href":"https:\/\/jinhuaceramic.com\/es\/wp-json\/wp\/v2\/product_cat?post=5816"},{"taxonomy":"product_tag","embeddable":true,"href":"https:\/\/jinhuaceramic.com\/es\/wp-json\/wp\/v2\/product_tag?post=5816"}],"curies":[{"name":"wp","href":"https:\/\/api.w.org\/{rel}","templated":true}]}}