{"id":5832,"date":"2024-08-23T06:42:17","date_gmt":"2024-08-23T06:42:17","guid":{"rendered":"https:\/\/jinhuaceramic.com\/?post_type=product&#038;p=5832"},"modified":"2024-09-21T04:08:18","modified_gmt":"2024-09-21T04:08:18","slug":"bulk-bathroom-accessories","status":"publish","type":"product","link":"https:\/\/jinhuaceramic.com\/es\/product\/bulk-bathroom-accessories\/","title":{"rendered":"Accesorios de ba\u00f1o a granel, dispensadores de jab\u00f3n a granel de primera calidad"},"content":{"rendered":"<div class=\"wp-block-columns is-layout-flex wp-container-core-columns-is-layout-9d6595d7 wp-block-columns-is-layout-flex\">\n<div class=\"wp-block-column is-layout-flow wp-block-column-is-layout-flow\">\n<h3 class=\"wp-block-heading\">Accesorios de ba\u00f1o a granel de primera calidad Caracter\u00edsticas:<\/h3>\n\n\n\n<ul class=\"wp-block-list\">\n<li><strong>Dise\u00f1o elegante:<\/strong> Estos accesorios de ba\u00f1o de cer\u00e1mica a granel son de color blanco cremoso, que no s\u00f3lo tienen un aspecto limpio y ordenado, sino que tambi\u00e9n se pueden integrar con varios estilos de decoraci\u00f3n de ba\u00f1o para mejorar la est\u00e9tica general. El dispensador de jab\u00f3n a granel tiene una forma especial de donut, y combinado con una jabonera redonda y un portavelas esf\u00e9rico, el estilo general es armonioso.<\/li>\n\n\n\n<li><strong>Material duradero:<\/strong> Fabricados con material cer\u00e1mico de alta calidad, estos accesorios de ba\u00f1o al por mayor son duraderos, resistentes a los ara\u00f1azos e irrompibles.<\/li>\n\n\n\n<li><strong>Juego completo:<\/strong> Este set de accesorios de ba\u00f1o de cer\u00e1mica incluye 1 dosificador de jab\u00f3n para dispensar diferentes tipos de jabones l\u00edquidos, 2 tazas de cer\u00e1mica para guardar cepillos de dientes, pasta de dientes o brochas de maquillaje, etc., un portavelas de t\u00e9, 1 jabonera, que es muy pr\u00e1ctico y hace que el ba\u00f1o est\u00e9 organizado.<\/li>\n\n\n\n<li><strong>Respetuoso con el medio ambiente:<\/strong> Estos accesorios de ba\u00f1o a granel est\u00e1n fabricados con materiales cer\u00e1micos respetuosos con el medio ambiente, f\u00e1ciles de limpiar y reutilizables, que reducen el uso de pl\u00e1stico.<\/li>\n<\/ul>\n<\/div>\n\n\n\n<div class=\"wp-block-column is-layout-flow wp-block-column-is-layout-flow\">\n<figure class=\"wp-block-image size-full\"><img fetchpriority=\"high\" decoding=\"async\" width=\"1500\" height=\"1500\" src=\"https:\/\/jinhuaceramic.com\/wp-content\/uploads\/2024\/08\/ceramic-bathroom-set-3.webp\" alt=\"Accesorios de ba\u00f1o a granel, dispensadores de jab\u00f3n a granel Premium-3\" class=\"wp-image-5838\" srcset=\"https:\/\/jinhuaceramic.com\/wp-content\/uploads\/2024\/08\/ceramic-bathroom-set-3.webp 1500w, https:\/\/jinhuaceramic.com\/wp-content\/uploads\/2024\/08\/ceramic-bathroom-set-3-300x300.webp 300w, https:\/\/jinhuaceramic.com\/wp-content\/uploads\/2024\/08\/ceramic-bathroom-set-3-150x150.webp 150w, https:\/\/jinhuaceramic.com\/wp-content\/uploads\/2024\/08\/ceramic-bathroom-set-3-768x768.webp 768w, https:\/\/jinhuaceramic.com\/wp-content\/uploads\/2024\/08\/ceramic-bathroom-set-3-12x12.webp 12w, https:\/\/jinhuaceramic.com\/wp-content\/uploads\/2024\/08\/ceramic-bathroom-set-3-285x285.webp 285w, https:\/\/jinhuaceramic.com\/wp-content\/uploads\/2024\/08\/ceramic-bathroom-set-3-270x270.webp 270w, https:\/\/jinhuaceramic.com\/wp-content\/uploads\/2024\/08\/ceramic-bathroom-set-3-540x540.webp 540w, https:\/\/jinhuaceramic.com\/wp-content\/uploads\/2024\/08\/ceramic-bathroom-set-3-660x660.webp 660w\" sizes=\"(max-width: 1500px) 100vw, 1500px\" \/><\/figure>\n<\/div>\n<\/div>","protected":false},"excerpt":{"rendered":"<p>Presentamos nuestros accesorios de ba\u00f1o de cer\u00e1mica a granel de primera calidad, con un dise\u00f1o elegante y materiales cer\u00e1micos de alta calidad que los hacen duraderos y f\u00e1ciles de limpiar. Cada producto es cuidadosamente seleccionado y dise\u00f1ado con su funci\u00f3n de almacenamiento de ba\u00f1o. Apoyar la adquisici\u00f3n al por mayor y servicios de personalizaci\u00f3n personalizados para satisfacer sus diferentes necesidades.<\/p>","protected":false},"featured_media":5835,"comment_status":"closed","ping_status":"closed","template":"","meta":{"_acf_changed":false},"product_brand":[],"product_cat":[51],"product_tag":[74],"class_list":{"0":"post-5832","1":"product","2":"type-product","3":"status-publish","4":"has-post-thumbnail","6":"product_cat-bathroom-accessories-wholesale","7":"product_tag-ceramic-bath-accessories-wholesale","9":"first","10":"instock","11":"shipping-taxable","12":"product-type-simple"},"acf":[],"_links":{"self":[{"href":"https:\/\/jinhuaceramic.com\/es\/wp-json\/wp\/v2\/product\/5832","targetHints":{"allow":["GET"]}}],"collection":[{"href":"https:\/\/jinhuaceramic.com\/es\/wp-json\/wp\/v2\/product"}],"about":[{"href":"https:\/\/jinhuaceramic.com\/es\/wp-json\/wp\/v2\/types\/product"}],"replies":[{"embeddable":true,"href":"https:\/\/jinhuaceramic.com\/es\/wp-json\/wp\/v2\/comments?post=5832"}],"version-history":[{"count":0,"href":"https:\/\/jinhuaceramic.com\/es\/wp-json\/wp\/v2\/product\/5832\/revisions"}],"wp:featuredmedia":[{"embeddable":true,"href":"https:\/\/jinhuaceramic.com\/es\/wp-json\/wp\/v2\/media\/5835"}],"wp:attachment":[{"href":"https:\/\/jinhuaceramic.com\/es\/wp-json\/wp\/v2\/media?parent=5832"}],"wp:term":[{"taxonomy":"product_brand","embeddable":true,"href":"https:\/\/jinhuaceramic.com\/es\/wp-json\/wp\/v2\/product_brand?post=5832"},{"taxonomy":"product_cat","embeddable":true,"href":"https:\/\/jinhuaceramic.com\/es\/wp-json\/wp\/v2\/product_cat?post=5832"},{"taxonomy":"product_tag","embeddable":true,"href":"https:\/\/jinhuaceramic.com\/es\/wp-json\/wp\/v2\/product_tag?post=5832"}],"curies":[{"name":"wp","href":"https:\/\/api.w.org\/{rel}","templated":true}]}}