{"id":5873,"date":"2024-08-30T04:42:08","date_gmt":"2024-08-30T04:42:08","guid":{"rendered":"https:\/\/jinhuaceramic.com\/?post_type=product&#038;p=5873"},"modified":"2024-09-21T03:38:02","modified_gmt":"2024-09-21T03:38:02","slug":"wholesale-unique-ceramic-candle-jars","status":"publish","type":"product","link":"https:\/\/jinhuaceramic.com\/es\/product\/wholesale-unique-ceramic-candle-jars\/","title":{"rendered":"Mayorista \u00danico Tarro de Cer\u00e1mica para Velas y Decoraci\u00f3n del Hogar"},"content":{"rendered":"<div class=\"wp-block-columns is-layout-flex wp-container-core-columns-is-layout-9d6595d7 wp-block-columns-is-layout-flex\">\n<div class=\"wp-block-column is-layout-flow wp-block-column-is-layout-flow\">\n<h3 class=\"wp-block-heading\">Premium al por mayor \u00fanico tarro de cer\u00e1mica de la vela Caracter\u00edsticas:<\/h3>\n\n\n\n<ul class=\"wp-block-list\">\n<li><strong>Dise\u00f1o \u00fanico:<\/strong> Estos tarros de cer\u00e1mica al por mayor tienen un dise\u00f1o cil\u00edndrico irregular, y la superficie de los tarros de velas tiene una textura ondulada distintiva, al igual que las telas suaves apiladas casualmente, creando una sensaci\u00f3n elegante y casual.<\/li>\n\n\n\n<li><strong>Material de alta calidad:<\/strong> Estos tarros para velas a granel est\u00e1n hechos de arcilla cer\u00e1mica de alta calidad con una dureza y densidad extremadamente altas, resistencia a altas temperaturas, fuerte aislamiento t\u00e9rmico, resistentes al desgaste y a los ara\u00f1azos, y no son f\u00e1ciles de deformar.<\/li>\n\n\n\n<li><strong>Ecol\u00f3gico y saludable:<\/strong> Estos tarros de cer\u00e1mica al por mayor para velas \u00fanicas son productos de cer\u00e1mica pura, no contienen sustancias nocivas, no son t\u00f3xicos ni tienen olor, son seguros para el cuerpo humano y el medio ambiente, y son de larga duraci\u00f3n, por lo que son una opci\u00f3n ideal para las personas que llevan una vida ecol\u00f3gica.<\/li>\n\n\n\n<li><strong>Venta al por mayor y personalizaci\u00f3n:<\/strong> Nuestra f\u00e1brica ofrece descuentos al por mayor para pedidos de tarros de velas al por mayor, garantizando tarros de velas de calidad a precios competitivos. Adem\u00e1s, ofrecemos servicios personalizados para adaptarnos al estilo \u00fanico de su marca, ya sea ajustando el tama\u00f1o, el color o a\u00f1adiendo gr\u00e1ficos espec\u00edficos.<\/li>\n<\/ul>\n<\/div>\n\n\n\n<div class=\"wp-block-column is-layout-flow wp-block-column-is-layout-flow\">\n<figure class=\"wp-block-image size-full\"><img fetchpriority=\"high\" decoding=\"async\" width=\"560\" height=\"560\" src=\"https:\/\/jinhuaceramic.com\/wp-content\/uploads\/2024\/08\/ceramic-candle-jar-4.webp\" alt=\"Mayorista-\u00fanico-jarro-de-velas-de-cer\u00e1mica-para-hacer-velas-y-decorar-el-hogar\" class=\"wp-image-5879\" srcset=\"https:\/\/jinhuaceramic.com\/wp-content\/uploads\/2024\/08\/ceramic-candle-jar-4.webp 560w, https:\/\/jinhuaceramic.com\/wp-content\/uploads\/2024\/08\/ceramic-candle-jar-4-300x300.webp 300w, https:\/\/jinhuaceramic.com\/wp-content\/uploads\/2024\/08\/ceramic-candle-jar-4-150x150.webp 150w, https:\/\/jinhuaceramic.com\/wp-content\/uploads\/2024\/08\/ceramic-candle-jar-4-12x12.webp 12w, https:\/\/jinhuaceramic.com\/wp-content\/uploads\/2024\/08\/ceramic-candle-jar-4-285x285.webp 285w, https:\/\/jinhuaceramic.com\/wp-content\/uploads\/2024\/08\/ceramic-candle-jar-4-270x270.webp 270w, https:\/\/jinhuaceramic.com\/wp-content\/uploads\/2024\/08\/ceramic-candle-jar-4-540x540.webp 540w\" sizes=\"(max-width: 560px) 100vw, 560px\" \/><\/figure>\n<\/div>\n<\/div>","protected":false},"excerpt":{"rendered":"<p>Estos tarros de cer\u00e1mica para velas al por mayor son populares por su dise\u00f1o elegante y exclusivo, sus materiales cer\u00e1micos de alta calidad y sus caracter\u00edsticas ecol\u00f3gicas y duraderas. Adem\u00e1s, como fabricante, tambi\u00e9n ofrecemos servicios de personalizaci\u00f3n personalizados, \u00a1bienvenido a preguntar!<\/p>","protected":false},"featured_media":5880,"comment_status":"closed","ping_status":"closed","template":"","meta":{"_acf_changed":false},"product_brand":[],"product_cat":[52],"product_tag":[66],"class_list":{"0":"post-5873","1":"product","2":"type-product","3":"status-publish","4":"has-post-thumbnail","6":"product_cat-wholesale-candle-containers","7":"product_tag-candle-jars-wholesale","9":"first","10":"instock","11":"shipping-taxable","12":"product-type-simple"},"acf":[],"_links":{"self":[{"href":"https:\/\/jinhuaceramic.com\/es\/wp-json\/wp\/v2\/product\/5873","targetHints":{"allow":["GET"]}}],"collection":[{"href":"https:\/\/jinhuaceramic.com\/es\/wp-json\/wp\/v2\/product"}],"about":[{"href":"https:\/\/jinhuaceramic.com\/es\/wp-json\/wp\/v2\/types\/product"}],"replies":[{"embeddable":true,"href":"https:\/\/jinhuaceramic.com\/es\/wp-json\/wp\/v2\/comments?post=5873"}],"version-history":[{"count":0,"href":"https:\/\/jinhuaceramic.com\/es\/wp-json\/wp\/v2\/product\/5873\/revisions"}],"wp:featuredmedia":[{"embeddable":true,"href":"https:\/\/jinhuaceramic.com\/es\/wp-json\/wp\/v2\/media\/5880"}],"wp:attachment":[{"href":"https:\/\/jinhuaceramic.com\/es\/wp-json\/wp\/v2\/media?parent=5873"}],"wp:term":[{"taxonomy":"product_brand","embeddable":true,"href":"https:\/\/jinhuaceramic.com\/es\/wp-json\/wp\/v2\/product_brand?post=5873"},{"taxonomy":"product_cat","embeddable":true,"href":"https:\/\/jinhuaceramic.com\/es\/wp-json\/wp\/v2\/product_cat?post=5873"},{"taxonomy":"product_tag","embeddable":true,"href":"https:\/\/jinhuaceramic.com\/es\/wp-json\/wp\/v2\/product_tag?post=5873"}],"curies":[{"name":"wp","href":"https:\/\/api.w.org\/{rel}","templated":true}]}}