{"id":5884,"date":"2024-08-30T04:44:24","date_gmt":"2024-08-30T04:44:24","guid":{"rendered":"https:\/\/jinhuaceramic.com\/?post_type=product&#038;p=5884"},"modified":"2025-03-10T09:15:08","modified_gmt":"2025-03-10T09:15:08","slug":"ceramic-baking-dish-set-wholesale-2","status":"publish","type":"product","link":"https:\/\/jinhuaceramic.com\/es\/product\/ceramic-baking-dish-set-wholesale-2\/","title":{"rendered":"Juego de Platos de Cer\u00e1mica Azul Oscuro para Hornear al por Mayor, Tama\u00f1os a Medida para Hornear"},"content":{"rendered":"<div class=\"wp-block-columns is-layout-flex wp-container-core-columns-is-layout-9d6595d7 wp-block-columns-is-layout-flex\">\n<div class=\"wp-block-column is-layout-flow wp-block-column-is-layout-flow\">\n<h3 class=\"wp-block-heading\">Juego de Platos de Cer\u00e1mica para Hornear al por Mayor Caracter\u00edsticas:<\/h3>\n\n\n\n<ul class=\"wp-block-list\">\n<li><strong>Adecuado para diversos equipos de cocina:<\/strong> Este juego de platos de cer\u00e1mica azul oscuro para hornear al por mayor se puede utilizar con seguridad en hornos microondas, hornos, frigor\u00edficos y lavavajillas, ayudando a los usuarios a lograr f\u00e1cilmente una conexi\u00f3n sin fisuras desde la cocci\u00f3n hasta la limpieza, mejorando en gran medida la eficiencia de las operaciones de cocina.<\/li>\n\n\n\n<li><strong>Ofrezca varias opciones de tama\u00f1o: <\/strong>Este juego de moldes de tama\u00f1o personalizado incluye una gran variedad de tama\u00f1os para adaptarse a las distintas necesidades de horneado. Tanto si se trata de una peque\u00f1a comida familiar como de una gran fiesta, podr\u00e1 encontrar un molde adecuado y responder con flexibilidad a los distintos ingredientes y requisitos de las recetas.<\/li>\n\n\n\n<li><strong>Alta resistencia al calor: <\/strong>Nuestro juego de fuentes de cer\u00e1mica para hornear al por mayor est\u00e1 fabricado con material cer\u00e1mico de alta calidad. Este molde para hornear tiene una excelente resistencia a altas temperaturas y puede soportar horneados a altas temperaturas sin deformarse ni agrietarse, garantizando que los alimentos se calienten uniformemente y manteniendo la exquisitez y el sabor de los ingredientes.<\/li>\n\n\n\n<li><strong>Aspecto azul oscuro elegante y con estilo: <\/strong>Nuestros moldes de tama\u00f1o personalizado adoptan un dise\u00f1o sencillo y atmosf\u00e9rico de color azul oscuro, que es a la vez pr\u00e1ctico y bonito. Puede a\u00f1adir un ambiente elegante a la cocina, adecuado para la decoraci\u00f3n de la mesa de estilo moderno y tradicional, y mejorar la experiencia de comer.<\/li>\n<\/ul>\n<\/div>\n\n\n\n<div class=\"wp-block-column is-layout-flow wp-block-column-is-layout-flow\">\n<figure class=\"wp-block-image size-full\"><img fetchpriority=\"high\" decoding=\"async\" width=\"510\" height=\"510\" src=\"https:\/\/jinhuaceramic.com\/wp-content\/uploads\/2024\/08\/baking-dish-5.webp\" alt=\"Juego de Platos para Hornear de Cer\u00e1mica Azul Oscuro al por Mayor, Tama\u00f1o a Medida para Hornear-1\" class=\"wp-image-5887\" srcset=\"https:\/\/jinhuaceramic.com\/wp-content\/uploads\/2024\/08\/baking-dish-5.webp 510w, https:\/\/jinhuaceramic.com\/wp-content\/uploads\/2024\/08\/baking-dish-5-300x300.webp 300w, https:\/\/jinhuaceramic.com\/wp-content\/uploads\/2024\/08\/baking-dish-5-150x150.webp 150w, https:\/\/jinhuaceramic.com\/wp-content\/uploads\/2024\/08\/baking-dish-5-12x12.webp 12w, https:\/\/jinhuaceramic.com\/wp-content\/uploads\/2024\/08\/baking-dish-5-285x285.webp 285w, https:\/\/jinhuaceramic.com\/wp-content\/uploads\/2024\/08\/baking-dish-5-270x270.webp 270w\" sizes=\"(max-width: 510px) 100vw, 510px\" \/><\/figure>\n<\/div>\n<\/div>","protected":false},"excerpt":{"rendered":"<p>Bienvenido a los moldes de tama\u00f1o personalizado. Nuestro juego de fuentes de cer\u00e1mica azul oscuro para hornear al por mayor es a la vez bonito y pr\u00e1ctico. Es compatible con hornos de microondas, hornos, refrigeradores y lavavajillas, y ofrece una variedad de opciones de tama\u00f1o para satisfacer diferentes necesidades de hornear.<\/p>","protected":false},"featured_media":5885,"comment_status":"closed","ping_status":"closed","template":"","meta":{"_acf_changed":false},"product_brand":[],"product_cat":[53],"product_tag":[71],"class_list":{"0":"post-5884","1":"product","2":"type-product","3":"status-publish","4":"has-post-thumbnail","6":"product_cat-bakeware-in-bulk","7":"product_tag-wholesale-baking-pans","9":"first","10":"instock","11":"shipping-taxable","12":"product-type-simple"},"acf":[],"_links":{"self":[{"href":"https:\/\/jinhuaceramic.com\/es\/wp-json\/wp\/v2\/product\/5884","targetHints":{"allow":["GET"]}}],"collection":[{"href":"https:\/\/jinhuaceramic.com\/es\/wp-json\/wp\/v2\/product"}],"about":[{"href":"https:\/\/jinhuaceramic.com\/es\/wp-json\/wp\/v2\/types\/product"}],"replies":[{"embeddable":true,"href":"https:\/\/jinhuaceramic.com\/es\/wp-json\/wp\/v2\/comments?post=5884"}],"version-history":[{"count":0,"href":"https:\/\/jinhuaceramic.com\/es\/wp-json\/wp\/v2\/product\/5884\/revisions"}],"wp:featuredmedia":[{"embeddable":true,"href":"https:\/\/jinhuaceramic.com\/es\/wp-json\/wp\/v2\/media\/5885"}],"wp:attachment":[{"href":"https:\/\/jinhuaceramic.com\/es\/wp-json\/wp\/v2\/media?parent=5884"}],"wp:term":[{"taxonomy":"product_brand","embeddable":true,"href":"https:\/\/jinhuaceramic.com\/es\/wp-json\/wp\/v2\/product_brand?post=5884"},{"taxonomy":"product_cat","embeddable":true,"href":"https:\/\/jinhuaceramic.com\/es\/wp-json\/wp\/v2\/product_cat?post=5884"},{"taxonomy":"product_tag","embeddable":true,"href":"https:\/\/jinhuaceramic.com\/es\/wp-json\/wp\/v2\/product_tag?post=5884"}],"curies":[{"name":"wp","href":"https:\/\/api.w.org\/{rel}","templated":true}]}}