{"id":5893,"date":"2024-08-30T04:47:37","date_gmt":"2024-08-30T04:47:37","guid":{"rendered":"https:\/\/jinhuaceramic.com\/?post_type=product&#038;p=5893"},"modified":"2025-01-16T06:25:10","modified_gmt":"2025-01-16T06:25:10","slug":"striped-ceramic-bowl-wholesale","status":"publish","type":"product","link":"https:\/\/jinhuaceramic.com\/es\/product\/striped-ceramic-bowl-wholesale\/","title":{"rendered":"Taz\u00f3n De Cer\u00e1mica A Rayas \u00danico Al Por Mayor, Vajilla Para Merienda Y Ensalada"},"content":{"rendered":"<div class=\"wp-block-columns is-layout-flex wp-container-core-columns-is-layout-9d6595d7 wp-block-columns-is-layout-flex\">\n<div class=\"wp-block-column is-layout-flow wp-block-column-is-layout-flow\">\n<h3 class=\"wp-block-heading\">Taz\u00f3n de cer\u00e1mica Premium al por mayor Caracter\u00edsticas:<\/h3>\n\n\n\n<ul class=\"wp-block-list\">\n<li><strong>Dise\u00f1o \u00fanico: <\/strong>Esta exclusiva venta al por mayor de cuencos de cer\u00e1mica se inspira en las cl\u00e1sicas cajas de comida r\u00e1pida. Con sus patrones de rayas rojas y blancas, y verdes y blancas, son a la vez retro y animado, a\u00f1adiendo un toque de diversi\u00f3n a cualquier ajuste de la tabla.<\/li>\n\n\n\n<li><strong>Material de primera calidad:<\/strong> Estos cuencos de cer\u00e1mica a granel est\u00e1n hechos de cer\u00e1mica de alta calidad, que es extremadamente duradera, respetuosa con el medio ambiente, no t\u00f3xica y sin plomo.<\/li>\n\n\n\n<li><strong>Uso vers\u00e1til: <\/strong>Dise\u00f1ados con forma cuadrada, estos cuencos de cer\u00e1mica al por mayor son lo suficientemente profundos como para contener aperitivos como patatas fritas, palomitas de ma\u00edz y nuggets de pollo, as\u00ed como ensaladas y otros platos de acompa\u00f1amiento, o para exponer frutas y verduras.<\/li>\n\n\n\n<li><strong>F\u00e1cil de limpiar: <\/strong>La superficie de cer\u00e1mica lisa de estos exclusivos cuencos de cer\u00e1mica a rayas a granel tiene una buena resistencia a las manchas, los restos de comida no se pegan f\u00e1cilmente y se pueden limpiar f\u00e1cilmente a mano o en el lavavajillas.<\/li>\n<\/ul>\n<\/div>\n\n\n\n<div class=\"wp-block-column is-layout-flow wp-block-column-is-layout-flow\">\n<figure class=\"wp-block-image size-full\"><img fetchpriority=\"high\" decoding=\"async\" width=\"800\" height=\"800\" src=\"https:\/\/jinhuaceramic.com\/wp-content\/uploads\/2024\/08\/snack-bowl.webp\" alt=\"Cuenco de cer\u00e1mica a rayas \u00fanico - Vajilla al por mayor - Para merienda y ensalada\" class=\"wp-image-5909\" srcset=\"https:\/\/jinhuaceramic.com\/wp-content\/uploads\/2024\/08\/snack-bowl.webp 800w, https:\/\/jinhuaceramic.com\/wp-content\/uploads\/2024\/08\/snack-bowl-300x300.webp 300w, https:\/\/jinhuaceramic.com\/wp-content\/uploads\/2024\/08\/snack-bowl-150x150.webp 150w, https:\/\/jinhuaceramic.com\/wp-content\/uploads\/2024\/08\/snack-bowl-768x768.webp 768w, https:\/\/jinhuaceramic.com\/wp-content\/uploads\/2024\/08\/snack-bowl-12x12.webp 12w, https:\/\/jinhuaceramic.com\/wp-content\/uploads\/2024\/08\/snack-bowl-285x285.webp 285w, https:\/\/jinhuaceramic.com\/wp-content\/uploads\/2024\/08\/snack-bowl-270x270.webp 270w, https:\/\/jinhuaceramic.com\/wp-content\/uploads\/2024\/08\/snack-bowl-540x540.webp 540w, https:\/\/jinhuaceramic.com\/wp-content\/uploads\/2024\/08\/snack-bowl-660x660.webp 660w\" sizes=\"(max-width: 800px) 100vw, 800px\" \/><\/figure>\n<\/div>\n<\/div>","protected":false},"excerpt":{"rendered":"<p>Estos cuencos de cer\u00e1mica a rayas al por mayor son muy populares por su dise\u00f1o \u00fanico, su animada combinaci\u00f3n de colores y sus materiales de alta calidad. Su dise\u00f1o \u00fanico de caja de comida r\u00e1pida no s\u00f3lo es interesante y hermoso, sino tambi\u00e9n m\u00e1s f\u00e1cil de colocar y mostrar los alimentos, mejorando el placer de comer. \u00a0<\/p>","protected":false},"featured_media":5902,"comment_status":"closed","ping_status":"closed","template":"","meta":{"_acf_changed":false},"product_brand":[],"product_cat":[54,85],"product_tag":[78],"class_list":{"0":"post-5893","1":"product","2":"type-product","3":"status-publish","4":"has-post-thumbnail","6":"product_cat-tableware-wholesale","7":"product_cat-wholesale-ceramic-bowls","8":"product_tag-bulk-ceramic-bowls","10":"first","11":"instock","12":"shipping-taxable","13":"product-type-simple"},"acf":[],"_links":{"self":[{"href":"https:\/\/jinhuaceramic.com\/es\/wp-json\/wp\/v2\/product\/5893","targetHints":{"allow":["GET"]}}],"collection":[{"href":"https:\/\/jinhuaceramic.com\/es\/wp-json\/wp\/v2\/product"}],"about":[{"href":"https:\/\/jinhuaceramic.com\/es\/wp-json\/wp\/v2\/types\/product"}],"replies":[{"embeddable":true,"href":"https:\/\/jinhuaceramic.com\/es\/wp-json\/wp\/v2\/comments?post=5893"}],"version-history":[{"count":0,"href":"https:\/\/jinhuaceramic.com\/es\/wp-json\/wp\/v2\/product\/5893\/revisions"}],"wp:featuredmedia":[{"embeddable":true,"href":"https:\/\/jinhuaceramic.com\/es\/wp-json\/wp\/v2\/media\/5902"}],"wp:attachment":[{"href":"https:\/\/jinhuaceramic.com\/es\/wp-json\/wp\/v2\/media?parent=5893"}],"wp:term":[{"taxonomy":"product_brand","embeddable":true,"href":"https:\/\/jinhuaceramic.com\/es\/wp-json\/wp\/v2\/product_brand?post=5893"},{"taxonomy":"product_cat","embeddable":true,"href":"https:\/\/jinhuaceramic.com\/es\/wp-json\/wp\/v2\/product_cat?post=5893"},{"taxonomy":"product_tag","embeddable":true,"href":"https:\/\/jinhuaceramic.com\/es\/wp-json\/wp\/v2\/product_tag?post=5893"}],"curies":[{"name":"wp","href":"https:\/\/api.w.org\/{rel}","templated":true}]}}