{"id":5941,"date":"2024-09-05T02:05:52","date_gmt":"2024-09-05T02:05:52","guid":{"rendered":"https:\/\/jinhuaceramic.com\/?post_type=product&#038;p=5941"},"modified":"2024-09-21T04:08:18","modified_gmt":"2024-09-21T04:08:18","slug":"bathroom-accessories-set-wholesale","status":"publish","type":"product","link":"https:\/\/jinhuaceramic.com\/es\/product\/bathroom-accessories-set-wholesale\/","title":{"rendered":"Juego De Accesorios De Ba\u00f1o Al Por Mayor En Elegante Diamante Negro"},"content":{"rendered":"<div class=\"wp-block-columns is-layout-flex wp-container-core-columns-is-layout-9d6595d7 wp-block-columns-is-layout-flex\">\n<div class=\"wp-block-column is-layout-flow wp-block-column-is-layout-flow\">\n<h3 class=\"wp-block-heading\">Premium Accesorios de ba\u00f1o de cer\u00e1mica Set al por mayor Caracter\u00edsticas:<\/h3>\n\n\n\n<ul class=\"wp-block-list\">\n<li><strong>Corte de diamante Textura:<\/strong> Estos accesorios de ba\u00f1o de cer\u00e1mica al por mayor est\u00e1n dise\u00f1ados con textura de corte de diamante, que no s\u00f3lo aumenta el impacto visual del producto, sino que tambi\u00e9n hace que el producto parezca m\u00e1s avanzado y de moda. La textura de corte de diamante producir\u00e1 un efecto de refracci\u00f3n bajo la irradiaci\u00f3n de la luz, por lo que el espacio de ba\u00f1o m\u00e1s brillante.<\/li>\n\n\n\n<li><strong>Tono negro unificado:<\/strong> Estos juegos de ba\u00f1o de cer\u00e1mica al por mayor est\u00e1n dise\u00f1ados en negro puro, un color cl\u00e1sico y vers\u00e1til que puede integrarse f\u00e1cilmente en cuartos de ba\u00f1o de diversos estilos.<\/li>\n\n\n\n<li><strong>Materiales cer\u00e1micos de alta calidad:<\/strong> Estos accesorios de ba\u00f1o de cer\u00e1mica al por mayor est\u00e1n hechos de arcilla cer\u00e1mica de alta calidad cocida a altas temperaturas, por lo que son muy fuertes y duraderos, no son f\u00e1ciles de rayar o romper.<\/li>\n\n\n\n<li><strong>Funcionalidad:<\/strong> Mantenga el cuarto de ba\u00f1o organizado con estos sets de ba\u00f1o de cer\u00e1mica al por mayor que incluyen una botella de jab\u00f3n, una jabonera antideslizante, un portacepillos de dientes con m\u00faltiples compartimentos y una taza de cer\u00e1mica multiusos que puede utilizarse para enjuagarse o almacenarse.<\/li>\n<\/ul>\n<\/div>\n\n\n\n<div class=\"wp-block-column is-layout-flow wp-block-column-is-layout-flow\">\n<figure class=\"wp-block-image size-full\"><img fetchpriority=\"high\" decoding=\"async\" width=\"1500\" height=\"1500\" src=\"https:\/\/jinhuaceramic.com\/wp-content\/uploads\/2024\/09\/wholesale-4-piece-ceramic-bathroom-set-custom-bathroom-supplies-2.webp\" alt=\"Juego De Accesorios De Ba\u00f1o Al Por Mayor En Elegante Diamante Negro-1\" class=\"wp-image-5942\" srcset=\"https:\/\/jinhuaceramic.com\/wp-content\/uploads\/2024\/09\/wholesale-4-piece-ceramic-bathroom-set-custom-bathroom-supplies-2.webp 1500w, https:\/\/jinhuaceramic.com\/wp-content\/uploads\/2024\/09\/wholesale-4-piece-ceramic-bathroom-set-custom-bathroom-supplies-2-300x300.webp 300w, https:\/\/jinhuaceramic.com\/wp-content\/uploads\/2024\/09\/wholesale-4-piece-ceramic-bathroom-set-custom-bathroom-supplies-2-150x150.webp 150w, https:\/\/jinhuaceramic.com\/wp-content\/uploads\/2024\/09\/wholesale-4-piece-ceramic-bathroom-set-custom-bathroom-supplies-2-768x768.webp 768w, https:\/\/jinhuaceramic.com\/wp-content\/uploads\/2024\/09\/wholesale-4-piece-ceramic-bathroom-set-custom-bathroom-supplies-2-12x12.webp 12w, https:\/\/jinhuaceramic.com\/wp-content\/uploads\/2024\/09\/wholesale-4-piece-ceramic-bathroom-set-custom-bathroom-supplies-2-285x285.webp 285w, https:\/\/jinhuaceramic.com\/wp-content\/uploads\/2024\/09\/wholesale-4-piece-ceramic-bathroom-set-custom-bathroom-supplies-2-270x270.webp 270w, https:\/\/jinhuaceramic.com\/wp-content\/uploads\/2024\/09\/wholesale-4-piece-ceramic-bathroom-set-custom-bathroom-supplies-2-540x540.webp 540w, https:\/\/jinhuaceramic.com\/wp-content\/uploads\/2024\/09\/wholesale-4-piece-ceramic-bathroom-set-custom-bathroom-supplies-2-660x660.webp 660w\" sizes=\"(max-width: 1500px) 100vw, 1500px\" \/><\/figure>\n<\/div>\n<\/div>","protected":false},"excerpt":{"rendered":"<p>Estos accesorios de ba\u00f1o de cer\u00e1mica al por mayor son populares por su dise\u00f1o \u00fanico y elegante con textura de corte de diamante, su cl\u00e1sico color negro y su s\u00f3lida estructura de cer\u00e1mica. Son a la vez est\u00e9ticamente agradable y pr\u00e1ctico, a\u00f1adiendo una sensaci\u00f3n moderna y de gama alta para el cuarto de ba\u00f1o.<\/p>","protected":false},"featured_media":5944,"comment_status":"closed","ping_status":"closed","template":"","meta":{"_acf_changed":false},"product_brand":[],"product_cat":[51],"product_tag":[74],"class_list":{"0":"post-5941","1":"product","2":"type-product","3":"status-publish","4":"has-post-thumbnail","6":"product_cat-bathroom-accessories-wholesale","7":"product_tag-ceramic-bath-accessories-wholesale","9":"first","10":"instock","11":"shipping-taxable","12":"product-type-simple"},"acf":[],"_links":{"self":[{"href":"https:\/\/jinhuaceramic.com\/es\/wp-json\/wp\/v2\/product\/5941","targetHints":{"allow":["GET"]}}],"collection":[{"href":"https:\/\/jinhuaceramic.com\/es\/wp-json\/wp\/v2\/product"}],"about":[{"href":"https:\/\/jinhuaceramic.com\/es\/wp-json\/wp\/v2\/types\/product"}],"replies":[{"embeddable":true,"href":"https:\/\/jinhuaceramic.com\/es\/wp-json\/wp\/v2\/comments?post=5941"}],"version-history":[{"count":0,"href":"https:\/\/jinhuaceramic.com\/es\/wp-json\/wp\/v2\/product\/5941\/revisions"}],"wp:featuredmedia":[{"embeddable":true,"href":"https:\/\/jinhuaceramic.com\/es\/wp-json\/wp\/v2\/media\/5944"}],"wp:attachment":[{"href":"https:\/\/jinhuaceramic.com\/es\/wp-json\/wp\/v2\/media?parent=5941"}],"wp:term":[{"taxonomy":"product_brand","embeddable":true,"href":"https:\/\/jinhuaceramic.com\/es\/wp-json\/wp\/v2\/product_brand?post=5941"},{"taxonomy":"product_cat","embeddable":true,"href":"https:\/\/jinhuaceramic.com\/es\/wp-json\/wp\/v2\/product_cat?post=5941"},{"taxonomy":"product_tag","embeddable":true,"href":"https:\/\/jinhuaceramic.com\/es\/wp-json\/wp\/v2\/product_tag?post=5941"}],"curies":[{"name":"wp","href":"https:\/\/api.w.org\/{rel}","templated":true}]}}