{"id":5955,"date":"2024-09-06T10:18:08","date_gmt":"2024-09-06T10:18:08","guid":{"rendered":"https:\/\/jinhuaceramic.com\/?post_type=product&#038;p=5955"},"modified":"2024-09-21T04:08:17","modified_gmt":"2024-09-21T04:08:17","slug":"wholesale-all-black-ceramic-bathroom-set","status":"publish","type":"product","link":"https:\/\/jinhuaceramic.com\/es\/product\/wholesale-all-black-ceramic-bathroom-set\/","title":{"rendered":"Mayorista Conjunto De Ba\u00f1o De Cer\u00e1mica Negra Para Uso Dom\u00e9stico Y Comercial"},"content":{"rendered":"<div class=\"wp-block-columns is-layout-flex wp-container-core-columns-is-layout-9d6595d7 wp-block-columns-is-layout-flex\">\n<div class=\"wp-block-column is-layout-flow wp-block-column-is-layout-flow\">\n<h3 class=\"wp-block-heading\">Premium al por mayor todo negro cer\u00e1mica ba\u00f1o set caracter\u00edsticas:<\/h3>\n\n\n\n<ul class=\"wp-block-list\">\n<li><strong>Dise\u00f1o moderno: <\/strong>Estos juegos de ba\u00f1o de cer\u00e1mica totalmente negros al por mayor son todos de tono negro, con un dise\u00f1o moderno y sencillo y l\u00edneas suaves, que a\u00f1aden un toque de elegancia y misterio al cuarto de ba\u00f1o, adecuados para una gran variedad de estilos de ba\u00f1o.<\/li>\n\n\n\n<li><strong>Material de primera calidad: <\/strong>Estos juegos de accesorios de ba\u00f1o al por mayor est\u00e1n hechos de arcilla cer\u00e1mica de primera calidad, resistente y duradera para el uso diario. La superficie lisa de cer\u00e1mica es f\u00e1cil de limpiar.<\/li>\n\n\n\n<li><strong>Juego completo:<\/strong> Estos sets de ba\u00f1o de cer\u00e1mica negra al por mayor incluyen un dispensador de jab\u00f3n que puede contener la mayor\u00eda de los jabones l\u00edquidos, un portacepillos de dientes que puede contener varios cepillos de dientes y dent\u00edfricos, una jabonera y un tarro de cosm\u00e9ticos que puede contener bolas de algod\u00f3n o almohadillas de algod\u00f3n. Son totalmente funcionales y ordenan el cuarto de ba\u00f1o.<\/li>\n\n\n\n<li><strong>Ideal para uso comercial:<\/strong> Estos juegos de ba\u00f1o de cer\u00e1mica al por mayor combinan belleza y practicidad, lo que los convierte en una excelente opci\u00f3n para hoteles, balnearios y otros lugares comerciales donde la decoraci\u00f3n del ba\u00f1o y la satisfacci\u00f3n de los hu\u00e9spedes son importantes.<\/li>\n<\/ul>\n<\/div>\n\n\n\n<div class=\"wp-block-column is-layout-flow wp-block-column-is-layout-flow\">\n<figure class=\"wp-block-image size-full\"><img fetchpriority=\"high\" decoding=\"async\" width=\"1500\" height=\"1500\" src=\"https:\/\/jinhuaceramic.com\/wp-content\/uploads\/2024\/09\/Wholesale-All-Black-Ceramic-Bathroom-Set-For-Home-Commercial-Use-2.webp\" alt=\"Venta al por mayor de juegos de ba\u00f1o de cer\u00e1mica negra para uso dom\u00e9stico y comercial\" class=\"wp-image-5962\" srcset=\"https:\/\/jinhuaceramic.com\/wp-content\/uploads\/2024\/09\/Wholesale-All-Black-Ceramic-Bathroom-Set-For-Home-Commercial-Use-2.webp 1500w, https:\/\/jinhuaceramic.com\/wp-content\/uploads\/2024\/09\/Wholesale-All-Black-Ceramic-Bathroom-Set-For-Home-Commercial-Use-2-300x300.webp 300w, https:\/\/jinhuaceramic.com\/wp-content\/uploads\/2024\/09\/Wholesale-All-Black-Ceramic-Bathroom-Set-For-Home-Commercial-Use-2-150x150.webp 150w, https:\/\/jinhuaceramic.com\/wp-content\/uploads\/2024\/09\/Wholesale-All-Black-Ceramic-Bathroom-Set-For-Home-Commercial-Use-2-768x768.webp 768w, https:\/\/jinhuaceramic.com\/wp-content\/uploads\/2024\/09\/Wholesale-All-Black-Ceramic-Bathroom-Set-For-Home-Commercial-Use-2-12x12.webp 12w, https:\/\/jinhuaceramic.com\/wp-content\/uploads\/2024\/09\/Wholesale-All-Black-Ceramic-Bathroom-Set-For-Home-Commercial-Use-2-285x285.webp 285w, https:\/\/jinhuaceramic.com\/wp-content\/uploads\/2024\/09\/Wholesale-All-Black-Ceramic-Bathroom-Set-For-Home-Commercial-Use-2-270x270.webp 270w, https:\/\/jinhuaceramic.com\/wp-content\/uploads\/2024\/09\/Wholesale-All-Black-Ceramic-Bathroom-Set-For-Home-Commercial-Use-2-540x540.webp 540w, https:\/\/jinhuaceramic.com\/wp-content\/uploads\/2024\/09\/Wholesale-All-Black-Ceramic-Bathroom-Set-For-Home-Commercial-Use-2-660x660.webp 660w\" sizes=\"(max-width: 1500px) 100vw, 1500px\" \/><\/figure>\n<\/div>\n<\/div>","protected":false},"excerpt":{"rendered":"<p>El dise\u00f1o de estos juegos de ba\u00f1o de cer\u00e1mica totalmente negros al por mayor es sencillo y moderno, elegante y generoso, y se adapta a diferentes estilos de ba\u00f1o. El material cer\u00e1mico no s\u00f3lo es bonito, sino tambi\u00e9n duradero y f\u00e1cil de limpiar. El dise\u00f1o de todo el conjunto es muy pr\u00e1ctico y puede satisfacer las necesidades de uso diario del cuarto de ba\u00f1o.<\/p>","protected":false},"featured_media":5965,"comment_status":"closed","ping_status":"closed","template":"","meta":{"_acf_changed":false},"product_brand":[],"product_cat":[51],"product_tag":[74],"class_list":{"0":"post-5955","1":"product","2":"type-product","3":"status-publish","4":"has-post-thumbnail","6":"product_cat-bathroom-accessories-wholesale","7":"product_tag-ceramic-bath-accessories-wholesale","9":"first","10":"instock","11":"shipping-taxable","12":"product-type-simple"},"acf":[],"_links":{"self":[{"href":"https:\/\/jinhuaceramic.com\/es\/wp-json\/wp\/v2\/product\/5955","targetHints":{"allow":["GET"]}}],"collection":[{"href":"https:\/\/jinhuaceramic.com\/es\/wp-json\/wp\/v2\/product"}],"about":[{"href":"https:\/\/jinhuaceramic.com\/es\/wp-json\/wp\/v2\/types\/product"}],"replies":[{"embeddable":true,"href":"https:\/\/jinhuaceramic.com\/es\/wp-json\/wp\/v2\/comments?post=5955"}],"version-history":[{"count":0,"href":"https:\/\/jinhuaceramic.com\/es\/wp-json\/wp\/v2\/product\/5955\/revisions"}],"wp:featuredmedia":[{"embeddable":true,"href":"https:\/\/jinhuaceramic.com\/es\/wp-json\/wp\/v2\/media\/5965"}],"wp:attachment":[{"href":"https:\/\/jinhuaceramic.com\/es\/wp-json\/wp\/v2\/media?parent=5955"}],"wp:term":[{"taxonomy":"product_brand","embeddable":true,"href":"https:\/\/jinhuaceramic.com\/es\/wp-json\/wp\/v2\/product_brand?post=5955"},{"taxonomy":"product_cat","embeddable":true,"href":"https:\/\/jinhuaceramic.com\/es\/wp-json\/wp\/v2\/product_cat?post=5955"},{"taxonomy":"product_tag","embeddable":true,"href":"https:\/\/jinhuaceramic.com\/es\/wp-json\/wp\/v2\/product_tag?post=5955"}],"curies":[{"name":"wp","href":"https:\/\/api.w.org\/{rel}","templated":true}]}}