{"id":5970,"date":"2024-09-06T10:15:19","date_gmt":"2024-09-06T10:15:19","guid":{"rendered":"https:\/\/jinhuaceramic.com\/?post_type=product&#038;p=5970"},"modified":"2024-09-21T04:08:17","modified_gmt":"2024-09-21T04:08:17","slug":"floral-ceramic-bathroom-sets-wholesale","status":"publish","type":"product","link":"https:\/\/jinhuaceramic.com\/es\/product\/floral-ceramic-bathroom-sets-wholesale\/","title":{"rendered":"Juegos de Ba\u00f1o de Cer\u00e1mica Floral al por mayor, juegos de ba\u00f1o de 4 piezas personalizados"},"content":{"rendered":"<div class=\"wp-block-columns is-layout-flex wp-container-core-columns-is-layout-9d6595d7 wp-block-columns-is-layout-flex\">\n<div class=\"wp-block-column is-layout-flow wp-block-column-is-layout-flow\">\n<h3 class=\"wp-block-heading\">Premium Floral Juegos de Ba\u00f1o de Cer\u00e1mica al por mayor Caracter\u00edsticas:<\/h3>\n\n\n\n<ul class=\"wp-block-list\">\n<li><strong>Dise\u00f1o inspirado en la naturaleza: <\/strong>Estos juegos de ba\u00f1o de cer\u00e1mica floral al por mayor presentan un refrescante estampado de hojas verdes combinado con una base blanca, fresca y natural, que realza la decoraci\u00f3n del ba\u00f1o y crea un ambiente c\u00e1lido y acogedor.<\/li>\n\n\n\n<li><strong>Impresi\u00f3n personalizada:<\/strong> Cada uno de estos juegos de ba\u00f1o de cer\u00e1mica a granel lleva impresa la frase \"La naturaleza es algo que hay que amar\", que expresa el amor por la naturaleza al tiempo que a\u00f1ade un toque de ambiente literario al cuarto de ba\u00f1o.<\/li>\n\n\n\n<li><strong>Materiales de alta calidad:<\/strong> Estos juegos de ba\u00f1o de cer\u00e1mica floral al por mayor est\u00e1n hechos de arcilla cer\u00e1mica de alta calidad y calcoman\u00edas no t\u00f3xicas, que son resistentes y duraderas, con una superficie lisa, no se moho, y no son f\u00e1ciles de criar bacterias.<\/li>\n\n\n\n<li><strong>Juego completo: <\/strong>Estos juegos de ba\u00f1o de cer\u00e1mica al por mayor incluyen un dispensador de jab\u00f3n, un vaso para cepillos de dientes y una jabonera, que pueden satisfacer las necesidades diarias de aseo y hacer que el cuarto de ba\u00f1o est\u00e9 bien organizado. No s\u00f3lo son adecuados para uso dom\u00e9stico, sino que tambi\u00e9n se pueden suministrar a lugares comerciales como hoteles.<\/li>\n<\/ul>\n<\/div>\n\n\n\n<div class=\"wp-block-column is-layout-flow wp-block-column-is-layout-flow\">\n<figure class=\"wp-block-image size-full\"><img fetchpriority=\"high\" decoding=\"async\" width=\"1024\" height=\"1024\" src=\"https:\/\/jinhuaceramic.com\/wp-content\/uploads\/2024\/09\/4-Piece-Wholesale-Ceramic-Bathroom-Set-Custom-Hotel-Accessories-Supplier-2.webp\" alt=\"Juegos de Ba\u00f1o de Cer\u00e1mica Floral al por mayor, juegos de ba\u00f1o personalizados de 4 piezas-1\" class=\"wp-image-5971\" srcset=\"https:\/\/jinhuaceramic.com\/wp-content\/uploads\/2024\/09\/4-Piece-Wholesale-Ceramic-Bathroom-Set-Custom-Hotel-Accessories-Supplier-2.webp 1024w, https:\/\/jinhuaceramic.com\/wp-content\/uploads\/2024\/09\/4-Piece-Wholesale-Ceramic-Bathroom-Set-Custom-Hotel-Accessories-Supplier-2-300x300.webp 300w, https:\/\/jinhuaceramic.com\/wp-content\/uploads\/2024\/09\/4-Piece-Wholesale-Ceramic-Bathroom-Set-Custom-Hotel-Accessories-Supplier-2-150x150.webp 150w, https:\/\/jinhuaceramic.com\/wp-content\/uploads\/2024\/09\/4-Piece-Wholesale-Ceramic-Bathroom-Set-Custom-Hotel-Accessories-Supplier-2-768x768.webp 768w, https:\/\/jinhuaceramic.com\/wp-content\/uploads\/2024\/09\/4-Piece-Wholesale-Ceramic-Bathroom-Set-Custom-Hotel-Accessories-Supplier-2-12x12.webp 12w, https:\/\/jinhuaceramic.com\/wp-content\/uploads\/2024\/09\/4-Piece-Wholesale-Ceramic-Bathroom-Set-Custom-Hotel-Accessories-Supplier-2-285x285.webp 285w, https:\/\/jinhuaceramic.com\/wp-content\/uploads\/2024\/09\/4-Piece-Wholesale-Ceramic-Bathroom-Set-Custom-Hotel-Accessories-Supplier-2-270x270.webp 270w, https:\/\/jinhuaceramic.com\/wp-content\/uploads\/2024\/09\/4-Piece-Wholesale-Ceramic-Bathroom-Set-Custom-Hotel-Accessories-Supplier-2-540x540.webp 540w, https:\/\/jinhuaceramic.com\/wp-content\/uploads\/2024\/09\/4-Piece-Wholesale-Ceramic-Bathroom-Set-Custom-Hotel-Accessories-Supplier-2-660x660.webp 660w\" sizes=\"(max-width: 1024px) 100vw, 1024px\" \/><\/figure>\n<\/div>\n<\/div>","protected":false},"excerpt":{"rendered":"<p>Estos juegos de ba\u00f1o de cer\u00e1mica floral al por mayor no s\u00f3lo tienen dise\u00f1os de patrones frescos que son adecuados para varios estilos de ba\u00f1o, pero tambi\u00e9n tienen materiales de alta calidad y fuerte sentido pr\u00e1ctico, que no s\u00f3lo puede mejorar la apariencia del cuarto de ba\u00f1o, sino tambi\u00e9n cumplir con las funciones de almacenamiento y organizaci\u00f3n del cuarto de ba\u00f1o.<\/p>","protected":false},"featured_media":5977,"comment_status":"closed","ping_status":"closed","template":"","meta":{"_acf_changed":false},"product_brand":[],"product_cat":[51],"product_tag":[74],"class_list":{"0":"post-5970","1":"product","2":"type-product","3":"status-publish","4":"has-post-thumbnail","6":"product_cat-bathroom-accessories-wholesale","7":"product_tag-ceramic-bath-accessories-wholesale","9":"first","10":"instock","11":"shipping-taxable","12":"product-type-simple"},"acf":[],"_links":{"self":[{"href":"https:\/\/jinhuaceramic.com\/es\/wp-json\/wp\/v2\/product\/5970","targetHints":{"allow":["GET"]}}],"collection":[{"href":"https:\/\/jinhuaceramic.com\/es\/wp-json\/wp\/v2\/product"}],"about":[{"href":"https:\/\/jinhuaceramic.com\/es\/wp-json\/wp\/v2\/types\/product"}],"replies":[{"embeddable":true,"href":"https:\/\/jinhuaceramic.com\/es\/wp-json\/wp\/v2\/comments?post=5970"}],"version-history":[{"count":0,"href":"https:\/\/jinhuaceramic.com\/es\/wp-json\/wp\/v2\/product\/5970\/revisions"}],"wp:featuredmedia":[{"embeddable":true,"href":"https:\/\/jinhuaceramic.com\/es\/wp-json\/wp\/v2\/media\/5977"}],"wp:attachment":[{"href":"https:\/\/jinhuaceramic.com\/es\/wp-json\/wp\/v2\/media?parent=5970"}],"wp:term":[{"taxonomy":"product_brand","embeddable":true,"href":"https:\/\/jinhuaceramic.com\/es\/wp-json\/wp\/v2\/product_brand?post=5970"},{"taxonomy":"product_cat","embeddable":true,"href":"https:\/\/jinhuaceramic.com\/es\/wp-json\/wp\/v2\/product_cat?post=5970"},{"taxonomy":"product_tag","embeddable":true,"href":"https:\/\/jinhuaceramic.com\/es\/wp-json\/wp\/v2\/product_tag?post=5970"}],"curies":[{"name":"wp","href":"https:\/\/api.w.org\/{rel}","templated":true}]}}