{"id":5980,"date":"2024-09-06T10:08:21","date_gmt":"2024-09-06T10:08:21","guid":{"rendered":"https:\/\/jinhuaceramic.com\/?post_type=product&#038;p=5980"},"modified":"2024-09-21T04:08:17","modified_gmt":"2024-09-21T04:08:17","slug":"geometric-ceramic-bathroom-set-wholesale","status":"publish","type":"product","link":"https:\/\/jinhuaceramic.com\/es\/product\/geometric-ceramic-bathroom-set-wholesale\/","title":{"rendered":"Juego de Ba\u00f1o de Cer\u00e1mica Geom\u00e9trica al por mayor, Juego de Ba\u00f1o de 4 piezas"},"content":{"rendered":"<div class=\"wp-block-columns is-layout-flex wp-container-core-columns-is-layout-9d6595d7 wp-block-columns-is-layout-flex\">\n<div class=\"wp-block-column is-layout-flow wp-block-column-is-layout-flow\">\n<h3 class=\"wp-block-heading\">Premium Geom\u00e9trica Cer\u00e1mica Ba\u00f1o Set Venta al por mayor Caracter\u00edsticas:<\/h3>\n\n\n\n<ul class=\"wp-block-list\">\n<li><strong>Dise\u00f1o geom\u00e9trico \u00fanico:<\/strong> Este juego de ba\u00f1o geom\u00e9trico de cer\u00e1mica al por mayor presenta formas \u00fanicas, l\u00edneas fluidas y suaves colores rosas, presentando una est\u00e9tica moderna y minimalista. La superficie irregular a\u00f1ade un toque de textura y mejora el agarre.<\/li>\n\n\n\n<li><strong>Materiales de alta calidad:<\/strong> Estos juegos de ba\u00f1o de cer\u00e1mica al por mayor est\u00e1n hechos de cer\u00e1mica de alta calidad, que es resistente y duradera, no es f\u00e1cil de rayar, con una superficie lisa, f\u00e1cil de limpiar, y el material cer\u00e1mico es sano y respetuoso con el medio ambiente.<\/li>\n\n\n\n<li><strong>Totalmente funcional: <\/strong>Este set de ba\u00f1o geom\u00e9trico de cer\u00e1mica al por mayor incluye un dispensador de jab\u00f3n, un portacepillos de dientes, un vaso para enjuague bucal y una jabonera. El dispensador de jab\u00f3n utiliza un cabezal de bomba de alta calidad, que dispensa suavemente, tiene una descarga de l\u00edquido estable y es f\u00e1cil de usar.<\/li>\n\n\n\n<li><strong>Servicio personalizado:<\/strong> Nuestra f\u00e1brica ofrece un servicio personalizado para la venta al por mayor de juegos de ba\u00f1o de cer\u00e1mica, permitiendo a los clientes personalizar el color, el tama\u00f1o, el patr\u00f3n, etc. para crear un juego de ba\u00f1o de cer\u00e1mica \u00fanico adecuado para hoteles, apartamentos o residencias de alta gama.<\/li>\n<\/ul>\n<\/div>\n\n\n\n<div class=\"wp-block-column is-layout-flow wp-block-column-is-layout-flow\">\n<figure class=\"wp-block-image size-full\"><img fetchpriority=\"high\" decoding=\"async\" width=\"1500\" height=\"1500\" src=\"https:\/\/jinhuaceramic.com\/wp-content\/uploads\/2024\/09\/High-End-Custom-Geometric-Ceramic-Bathroom-Set-Wholesale-4-Piece-Accessories.webp\" alt=\"High-End-Custom-Geometric-Ceramic-Bathroom-Set-Wholesale-4-Piece-Accessories\" class=\"wp-image-5986\" srcset=\"https:\/\/jinhuaceramic.com\/wp-content\/uploads\/2024\/09\/High-End-Custom-Geometric-Ceramic-Bathroom-Set-Wholesale-4-Piece-Accessories.webp 1500w, https:\/\/jinhuaceramic.com\/wp-content\/uploads\/2024\/09\/High-End-Custom-Geometric-Ceramic-Bathroom-Set-Wholesale-4-Piece-Accessories-300x300.webp 300w, https:\/\/jinhuaceramic.com\/wp-content\/uploads\/2024\/09\/High-End-Custom-Geometric-Ceramic-Bathroom-Set-Wholesale-4-Piece-Accessories-150x150.webp 150w, https:\/\/jinhuaceramic.com\/wp-content\/uploads\/2024\/09\/High-End-Custom-Geometric-Ceramic-Bathroom-Set-Wholesale-4-Piece-Accessories-768x768.webp 768w, https:\/\/jinhuaceramic.com\/wp-content\/uploads\/2024\/09\/High-End-Custom-Geometric-Ceramic-Bathroom-Set-Wholesale-4-Piece-Accessories-12x12.webp 12w, https:\/\/jinhuaceramic.com\/wp-content\/uploads\/2024\/09\/High-End-Custom-Geometric-Ceramic-Bathroom-Set-Wholesale-4-Piece-Accessories-285x285.webp 285w, https:\/\/jinhuaceramic.com\/wp-content\/uploads\/2024\/09\/High-End-Custom-Geometric-Ceramic-Bathroom-Set-Wholesale-4-Piece-Accessories-270x270.webp 270w, https:\/\/jinhuaceramic.com\/wp-content\/uploads\/2024\/09\/High-End-Custom-Geometric-Ceramic-Bathroom-Set-Wholesale-4-Piece-Accessories-540x540.webp 540w, https:\/\/jinhuaceramic.com\/wp-content\/uploads\/2024\/09\/High-End-Custom-Geometric-Ceramic-Bathroom-Set-Wholesale-4-Piece-Accessories-660x660.webp 660w\" sizes=\"(max-width: 1500px) 100vw, 1500px\" \/><\/figure>\n<\/div>\n<\/div>","protected":false},"excerpt":{"rendered":"<p>Este set de ba\u00f1o geom\u00e9trico de cer\u00e1mica al por mayor es un art\u00edculo de moda imprescindible para cualquier cuarto de ba\u00f1o. No s\u00f3lo es funcional, sino que tambi\u00e9n a\u00f1ade un toque de elegancia y clase a los cuartos de ba\u00f1o. Como fabricante profesional de cer\u00e1mica, tambi\u00e9n ofrecemos servicios personalizados. \u00a1Bienvenido a la investigaci\u00f3n!<\/p>","protected":false},"featured_media":5986,"comment_status":"closed","ping_status":"closed","template":"","meta":{"_acf_changed":false},"product_brand":[],"product_cat":[51],"product_tag":[74],"class_list":{"0":"post-5980","1":"product","2":"type-product","3":"status-publish","4":"has-post-thumbnail","6":"product_cat-bathroom-accessories-wholesale","7":"product_tag-ceramic-bath-accessories-wholesale","9":"first","10":"instock","11":"shipping-taxable","12":"product-type-simple"},"acf":[],"_links":{"self":[{"href":"https:\/\/jinhuaceramic.com\/es\/wp-json\/wp\/v2\/product\/5980","targetHints":{"allow":["GET"]}}],"collection":[{"href":"https:\/\/jinhuaceramic.com\/es\/wp-json\/wp\/v2\/product"}],"about":[{"href":"https:\/\/jinhuaceramic.com\/es\/wp-json\/wp\/v2\/types\/product"}],"replies":[{"embeddable":true,"href":"https:\/\/jinhuaceramic.com\/es\/wp-json\/wp\/v2\/comments?post=5980"}],"version-history":[{"count":0,"href":"https:\/\/jinhuaceramic.com\/es\/wp-json\/wp\/v2\/product\/5980\/revisions"}],"wp:featuredmedia":[{"embeddable":true,"href":"https:\/\/jinhuaceramic.com\/es\/wp-json\/wp\/v2\/media\/5986"}],"wp:attachment":[{"href":"https:\/\/jinhuaceramic.com\/es\/wp-json\/wp\/v2\/media?parent=5980"}],"wp:term":[{"taxonomy":"product_brand","embeddable":true,"href":"https:\/\/jinhuaceramic.com\/es\/wp-json\/wp\/v2\/product_brand?post=5980"},{"taxonomy":"product_cat","embeddable":true,"href":"https:\/\/jinhuaceramic.com\/es\/wp-json\/wp\/v2\/product_cat?post=5980"},{"taxonomy":"product_tag","embeddable":true,"href":"https:\/\/jinhuaceramic.com\/es\/wp-json\/wp\/v2\/product_tag?post=5980"}],"curies":[{"name":"wp","href":"https:\/\/api.w.org\/{rel}","templated":true}]}}