{"id":6036,"date":"2024-09-19T06:23:33","date_gmt":"2024-09-19T06:23:33","guid":{"rendered":"https:\/\/jinhuaceramic.com\/?post_type=product&#038;p=6036"},"modified":"2025-03-08T02:32:58","modified_gmt":"2025-03-08T02:32:58","slug":"ceramic-bathroom-accessories-wholesale","status":"publish","type":"product","link":"https:\/\/jinhuaceramic.com\/es\/product\/ceramic-bathroom-accessories-wholesale\/","title":{"rendered":"Accesorios de ba\u00f1o de cer\u00e1mica al por mayor, Juego de ba\u00f1o de hotel de 5 piezas"},"content":{"rendered":"<div class=\"wp-block-columns is-layout-flex wp-container-core-columns-is-layout-9d6595d7 wp-block-columns-is-layout-flex\">\n<div class=\"wp-block-column is-layout-flow wp-block-column-is-layout-flow\">\n<h3 class=\"wp-block-heading\">Premium Ceramic Bathroom Accessories Wholesale&nbsp;Features:<\/h3>\n\n\n\n<ul class=\"wp-block-list\">\n<li><strong>Dise\u00f1o moderno:<\/strong> These ceramic bathroom accessories wholesale are white and minimalist in modern design. Each product has vertical stripes on the surface, which adds a sense of texture. In addition, the rounded line design makes the product softer. These ceramic bathroom suites could be adapted to various bathroom decorating themes.<\/li>\n\n\n\n<li><strong>Material de alta calidad:<\/strong> Made of high-quality ceramic clay fired at high temperatures, these wholesale bathroom sets are very hard and robust and not that easy to break.<\/li>\n\n\n\n<li><strong>Juego completo:<\/strong> These ceramic bathroom accessories wholesale consists of a liquid soap dispenser to dispense various types of liquid soaps, two ceramic cups to put something such as toothbrushes or to use while cleaning your mouth, a soap dish, and an apothecary jar to put cotton balls and cotton pads, which can be adequate for daily washing needs and keep the bathroom organized.<\/li>\n\n\n\n<li><strong>F\u00e1cil de limpiar: <\/strong>The ceramic of these wholesale bathroom sets is smooth, not easily dirtied, and easy to clean, making the bathroom clean and germ-free.<\/li>\n<\/ul>\n<\/div>\n\n\n\n<div class=\"wp-block-column is-layout-flow wp-block-column-is-layout-flow\">\n<figure class=\"wp-block-image size-full\"><img fetchpriority=\"high\" decoding=\"async\" width=\"1500\" height=\"1499\" src=\"https:\/\/jinhuaceramic.com\/wp-content\/uploads\/2024\/09\/Wholesale-Ceramic-Bathroom-Set-5-Piece-Hotel-Bathroom-Accessories-4.webp\" alt=\"Ceramic Bathroom Accessories Wholesale, 5 Piece Hotel Bathroom Set-1\" class=\"wp-image-6039\" srcset=\"https:\/\/jinhuaceramic.com\/wp-content\/uploads\/2024\/09\/Wholesale-Ceramic-Bathroom-Set-5-Piece-Hotel-Bathroom-Accessories-4.webp 1500w, https:\/\/jinhuaceramic.com\/wp-content\/uploads\/2024\/09\/Wholesale-Ceramic-Bathroom-Set-5-Piece-Hotel-Bathroom-Accessories-4-300x300.webp 300w, https:\/\/jinhuaceramic.com\/wp-content\/uploads\/2024\/09\/Wholesale-Ceramic-Bathroom-Set-5-Piece-Hotel-Bathroom-Accessories-4-150x150.webp 150w, https:\/\/jinhuaceramic.com\/wp-content\/uploads\/2024\/09\/Wholesale-Ceramic-Bathroom-Set-5-Piece-Hotel-Bathroom-Accessories-4-768x767.webp 768w, https:\/\/jinhuaceramic.com\/wp-content\/uploads\/2024\/09\/Wholesale-Ceramic-Bathroom-Set-5-Piece-Hotel-Bathroom-Accessories-4-12x12.webp 12w, https:\/\/jinhuaceramic.com\/wp-content\/uploads\/2024\/09\/Wholesale-Ceramic-Bathroom-Set-5-Piece-Hotel-Bathroom-Accessories-4-285x285.webp 285w, https:\/\/jinhuaceramic.com\/wp-content\/uploads\/2024\/09\/Wholesale-Ceramic-Bathroom-Set-5-Piece-Hotel-Bathroom-Accessories-4-270x270.webp 270w, https:\/\/jinhuaceramic.com\/wp-content\/uploads\/2024\/09\/Wholesale-Ceramic-Bathroom-Set-5-Piece-Hotel-Bathroom-Accessories-4-540x540.webp 540w, https:\/\/jinhuaceramic.com\/wp-content\/uploads\/2024\/09\/Wholesale-Ceramic-Bathroom-Set-5-Piece-Hotel-Bathroom-Accessories-4-660x660.webp 660w\" sizes=\"(max-width: 1500px) 100vw, 1500px\" \/><\/figure>\n<\/div>\n<\/div>","protected":false},"excerpt":{"rendered":"<p>Welcome to purchase wholesale bathroom sets. These ceramic bathroom accessories wholesale are popular due to their simple and elegant style, excellent ceramic materials and overall practicality. Balancing beauty and functionality, these ceramic bathroom sets have been the most popular choice for bathroom decoration.<\/p>","protected":false},"featured_media":6038,"comment_status":"closed","ping_status":"closed","template":"","meta":{"_acf_changed":false},"product_brand":[],"product_cat":[51],"product_tag":[74],"class_list":{"0":"post-6036","1":"product","2":"type-product","3":"status-publish","4":"has-post-thumbnail","6":"product_cat-bathroom-accessories-wholesale","7":"product_tag-ceramic-bath-accessories-wholesale","9":"first","10":"instock","11":"shipping-taxable","12":"product-type-simple"},"acf":[],"_links":{"self":[{"href":"https:\/\/jinhuaceramic.com\/es\/wp-json\/wp\/v2\/product\/6036","targetHints":{"allow":["GET"]}}],"collection":[{"href":"https:\/\/jinhuaceramic.com\/es\/wp-json\/wp\/v2\/product"}],"about":[{"href":"https:\/\/jinhuaceramic.com\/es\/wp-json\/wp\/v2\/types\/product"}],"replies":[{"embeddable":true,"href":"https:\/\/jinhuaceramic.com\/es\/wp-json\/wp\/v2\/comments?post=6036"}],"version-history":[{"count":0,"href":"https:\/\/jinhuaceramic.com\/es\/wp-json\/wp\/v2\/product\/6036\/revisions"}],"wp:featuredmedia":[{"embeddable":true,"href":"https:\/\/jinhuaceramic.com\/es\/wp-json\/wp\/v2\/media\/6038"}],"wp:attachment":[{"href":"https:\/\/jinhuaceramic.com\/es\/wp-json\/wp\/v2\/media?parent=6036"}],"wp:term":[{"taxonomy":"product_brand","embeddable":true,"href":"https:\/\/jinhuaceramic.com\/es\/wp-json\/wp\/v2\/product_brand?post=6036"},{"taxonomy":"product_cat","embeddable":true,"href":"https:\/\/jinhuaceramic.com\/es\/wp-json\/wp\/v2\/product_cat?post=6036"},{"taxonomy":"product_tag","embeddable":true,"href":"https:\/\/jinhuaceramic.com\/es\/wp-json\/wp\/v2\/product_tag?post=6036"}],"curies":[{"name":"wp","href":"https:\/\/api.w.org\/{rel}","templated":true}]}}