{"id":6079,"date":"2024-09-19T06:16:19","date_gmt":"2024-09-19T06:16:19","guid":{"rendered":"https:\/\/jinhuaceramic.com\/?post_type=product&#038;p=6079"},"modified":"2024-09-21T03:55:24","modified_gmt":"2024-09-21T03:55:24","slug":"wholesale-soap-dishes","status":"publish","type":"product","link":"https:\/\/jinhuaceramic.com\/es\/product\/wholesale-soap-dishes\/","title":{"rendered":"Mayorista Jabonera Con Dise\u00f1o Ondulado"},"content":{"rendered":"<div class=\"wp-block-columns is-layout-flex wp-container-core-columns-is-layout-9d6595d7 wp-block-columns-is-layout-flex\">\n<div class=\"wp-block-column is-layout-flow wp-block-column-is-layout-flow\">\n<h3 class=\"wp-block-heading\">Jaboneras al por mayor de primera calidad Caracter\u00edsticas:<\/h3>\n\n\n\n<ul class=\"wp-block-list\">\n<li><strong>Dise\u00f1o \u00fanico en forma de onda:<\/strong> Estas jaboneras de cer\u00e1mica al por mayor presentan un dise\u00f1o \u00fanico en forma de onda continua. Tanto la parte superior como la inferior presentan suaves l\u00edneas onduladas, lo que no s\u00f3lo es bello, sino que tambi\u00e9n aporta un efecto visual de ligereza y movimiento.<\/li>\n\n\n\n<li><strong>Materiales de alta calidad:<\/strong> Estas jaboneras al por mayor est\u00e1n fabricadas con materiales cer\u00e1micos de alta calidad. Son duras, no se rompen f\u00e1cilmente y pueden mantener su aspecto brillante y limpio como nuevas durante mucho tiempo.<\/li>\n\n\n\n<li><strong>Varios colores: <\/strong>Estas jaboneras de cer\u00e1mica al por mayor est\u00e1n disponibles en varios colores, negro, blanco, gris claro, beige, blanco moteado, etc. Como f\u00e1brica, tambi\u00e9n podemos personalizar otros colores seg\u00fan los requisitos del cliente.<\/li>\n\n\n\n<li><strong>Autodrenante e higi\u00e9nico:<\/strong> El dise\u00f1o ondulado de estas jaboneras de cer\u00e1mica al por mayor eleva el jab\u00f3n para que no se empape en agua durante mucho tiempo, manteniendo el jab\u00f3n seco e higi\u00e9nico, y prolongando el tiempo de uso del jab\u00f3n. La superficie de cer\u00e1mica es lisa y delicada, no es f\u00e1cil que esconda suciedad y bacterias, y es muy c\u00f3moda de limpiar.<\/li>\n<\/ul>\n<\/div>\n\n\n\n<div class=\"wp-block-column is-layout-flow wp-block-column-is-layout-flow\">\n<figure class=\"wp-block-image size-full\"><img fetchpriority=\"high\" decoding=\"async\" width=\"750\" height=\"750\" src=\"https:\/\/jinhuaceramic.com\/wp-content\/uploads\/2024\/09\/Custom-Wave-Shaped-Ceramic-Soap-Dish-Wholesale-Bathroom-Accessories-9.webp\" alt=\"Jaboneras al por mayor duraderas con dise\u00f1o ondulado-1\" class=\"wp-image-6087\" srcset=\"https:\/\/jinhuaceramic.com\/wp-content\/uploads\/2024\/09\/Custom-Wave-Shaped-Ceramic-Soap-Dish-Wholesale-Bathroom-Accessories-9.webp 750w, https:\/\/jinhuaceramic.com\/wp-content\/uploads\/2024\/09\/Custom-Wave-Shaped-Ceramic-Soap-Dish-Wholesale-Bathroom-Accessories-9-300x300.webp 300w, https:\/\/jinhuaceramic.com\/wp-content\/uploads\/2024\/09\/Custom-Wave-Shaped-Ceramic-Soap-Dish-Wholesale-Bathroom-Accessories-9-150x150.webp 150w, https:\/\/jinhuaceramic.com\/wp-content\/uploads\/2024\/09\/Custom-Wave-Shaped-Ceramic-Soap-Dish-Wholesale-Bathroom-Accessories-9-12x12.webp 12w, https:\/\/jinhuaceramic.com\/wp-content\/uploads\/2024\/09\/Custom-Wave-Shaped-Ceramic-Soap-Dish-Wholesale-Bathroom-Accessories-9-285x285.webp 285w, https:\/\/jinhuaceramic.com\/wp-content\/uploads\/2024\/09\/Custom-Wave-Shaped-Ceramic-Soap-Dish-Wholesale-Bathroom-Accessories-9-270x270.webp 270w, https:\/\/jinhuaceramic.com\/wp-content\/uploads\/2024\/09\/Custom-Wave-Shaped-Ceramic-Soap-Dish-Wholesale-Bathroom-Accessories-9-540x540.webp 540w, https:\/\/jinhuaceramic.com\/wp-content\/uploads\/2024\/09\/Custom-Wave-Shaped-Ceramic-Soap-Dish-Wholesale-Bathroom-Accessories-9-660x660.webp 660w\" sizes=\"(max-width: 750px) 100vw, 750px\" \/><\/figure>\n<\/div>\n<\/div>\n\n\n\n<p><\/p>","protected":false},"excerpt":{"rendered":"<p>Bienvenido a comprar platos hondos de cer\u00e1mica al por mayor. Combinando est\u00e9tica y practicidad, nuestras jaboneras onduladas al por mayor se han convertido en la primera elecci\u00f3n de los clientes. La variedad de colores hace que se adapten a diferentes estilos de decoraci\u00f3n de ba\u00f1os y se conviertan en un bello adorno en el cuarto de ba\u00f1o. El material cer\u00e1mico de alta calidad las hace duraderas, f\u00e1ciles de limpiar e higi\u00e9nicas.<\/p>","protected":false},"featured_media":6088,"comment_status":"closed","ping_status":"closed","template":"","meta":{"_acf_changed":false},"product_brand":[],"product_cat":[51],"product_tag":[72],"class_list":{"0":"post-6079","1":"product","2":"type-product","3":"status-publish","4":"has-post-thumbnail","6":"product_cat-bathroom-accessories-wholesale","7":"product_tag-wholesale-soap-dishes","9":"first","10":"instock","11":"shipping-taxable","12":"product-type-simple"},"acf":[],"_links":{"self":[{"href":"https:\/\/jinhuaceramic.com\/es\/wp-json\/wp\/v2\/product\/6079","targetHints":{"allow":["GET"]}}],"collection":[{"href":"https:\/\/jinhuaceramic.com\/es\/wp-json\/wp\/v2\/product"}],"about":[{"href":"https:\/\/jinhuaceramic.com\/es\/wp-json\/wp\/v2\/types\/product"}],"replies":[{"embeddable":true,"href":"https:\/\/jinhuaceramic.com\/es\/wp-json\/wp\/v2\/comments?post=6079"}],"version-history":[{"count":0,"href":"https:\/\/jinhuaceramic.com\/es\/wp-json\/wp\/v2\/product\/6079\/revisions"}],"wp:featuredmedia":[{"embeddable":true,"href":"https:\/\/jinhuaceramic.com\/es\/wp-json\/wp\/v2\/media\/6088"}],"wp:attachment":[{"href":"https:\/\/jinhuaceramic.com\/es\/wp-json\/wp\/v2\/media?parent=6079"}],"wp:term":[{"taxonomy":"product_brand","embeddable":true,"href":"https:\/\/jinhuaceramic.com\/es\/wp-json\/wp\/v2\/product_brand?post=6079"},{"taxonomy":"product_cat","embeddable":true,"href":"https:\/\/jinhuaceramic.com\/es\/wp-json\/wp\/v2\/product_cat?post=6079"},{"taxonomy":"product_tag","embeddable":true,"href":"https:\/\/jinhuaceramic.com\/es\/wp-json\/wp\/v2\/product_tag?post=6079"}],"curies":[{"name":"wp","href":"https:\/\/api.w.org\/{rel}","templated":true}]}}