{"id":6142,"date":"2024-09-20T09:01:48","date_gmt":"2024-09-20T09:01:48","guid":{"rendered":"https:\/\/jinhuaceramic.com\/?post_type=product&#038;p=6142"},"modified":"2024-09-21T04:08:16","modified_gmt":"2024-09-21T04:08:16","slug":"4-piece-wholesale-ceramic-bathroom-set","status":"publish","type":"product","link":"https:\/\/jinhuaceramic.com\/es\/product\/4-piece-wholesale-ceramic-bathroom-set\/","title":{"rendered":"Set de Ba\u00f1o de Cer\u00e1mica de 4 Piezas al por Mayor con Tapas de Bamb\u00fa"},"content":{"rendered":"<div class=\"wp-block-columns is-layout-flex wp-container-core-columns-is-layout-9d6595d7 wp-block-columns-is-layout-flex\">\n<div class=\"wp-block-column is-layout-flow wp-block-column-is-layout-flow\">\n<h3 class=\"wp-block-heading\">Premium 4-Pieza de cer\u00e1mica al por mayor Set de ba\u00f1o Caracter\u00edsticas:<\/h3>\n\n\n\n<ul class=\"wp-block-list\">\n<li><strong>Dise\u00f1o moderno:<\/strong> Estos juegos de ba\u00f1o de cer\u00e1mica de 4 piezas al por mayor presentan un dise\u00f1o minimalista y moderno. Las tazas de cer\u00e1mica y las botellas de jab\u00f3n son dise\u00f1os cil\u00edndricos cl\u00e1sicos de l\u00edneas suaves, sencillas pero sofisticadas. Adem\u00e1s, la bandeja de bamb\u00fa a\u00f1ade un toque de textura natural al moderno conjunto.<\/li>\n\n\n\n<li><strong>Colores vers\u00e1tiles:<\/strong> Estos juegos de ba\u00f1o al por mayor est\u00e1n disponibles en tres colores: blanco, negro y gris, que pueden satisfacer las necesidades de decoraci\u00f3n de ba\u00f1os de diferentes estilos. El blanco es cl\u00e1sico y vers\u00e1til, el negro es sencillo y atmosf\u00e9rico, y el gris est\u00e1 de moda y es elegante.<\/li>\n\n\n\n<li><strong>Material de primera calidad:<\/strong> Estos juegos de ba\u00f1o de cer\u00e1mica de 4 piezas al por mayor est\u00e1n fabricados con materiales cer\u00e1micos de alta calidad y madera de bamb\u00fa de primera calidad. La cer\u00e1mica es suave y delicada, tiene buena impermeabilidad y es f\u00e1cil de limpiar.<\/li>\n\n\n\n<li><strong>Juego completo:<\/strong> Estos juegos de ba\u00f1o al por mayor incluyen dos tazas de cer\u00e1mica y un dispensador de jab\u00f3n de cer\u00e1mica con bomba, que pueden utilizarse para colocar cepillos de dientes, pasta dent\u00edfrica, jab\u00f3n de manos, etc. La bandeja de bamb\u00fa no solo sirve de soporte, sino que tambi\u00e9n separa diferentes art\u00edculos, lo que hace que la encimera del ba\u00f1o est\u00e9 m\u00e1s ordenada y organizada.<\/li>\n<\/ul>\n<\/div>\n\n\n\n<div class=\"wp-block-column is-layout-flow wp-block-column-is-layout-flow\">\n<figure class=\"wp-block-image size-full\"><img fetchpriority=\"high\" decoding=\"async\" width=\"800\" height=\"800\" src=\"https:\/\/jinhuaceramic.com\/wp-content\/uploads\/2024\/09\/4-Piece-Wholesale-Ceramic-Bathroom-Set-With-Bamboo-Accents-4.jpg\" alt=\"Set de ba\u00f1o de cer\u00e1mica de 4 piezas al por mayor con detalles de bamb\u00fa\" class=\"wp-image-6150\" srcset=\"https:\/\/jinhuaceramic.com\/wp-content\/uploads\/2024\/09\/4-Piece-Wholesale-Ceramic-Bathroom-Set-With-Bamboo-Accents-4.jpg 800w, https:\/\/jinhuaceramic.com\/wp-content\/uploads\/2024\/09\/4-Piece-Wholesale-Ceramic-Bathroom-Set-With-Bamboo-Accents-4-300x300.jpg 300w, https:\/\/jinhuaceramic.com\/wp-content\/uploads\/2024\/09\/4-Piece-Wholesale-Ceramic-Bathroom-Set-With-Bamboo-Accents-4-150x150.jpg 150w, https:\/\/jinhuaceramic.com\/wp-content\/uploads\/2024\/09\/4-Piece-Wholesale-Ceramic-Bathroom-Set-With-Bamboo-Accents-4-768x768.jpg 768w, https:\/\/jinhuaceramic.com\/wp-content\/uploads\/2024\/09\/4-Piece-Wholesale-Ceramic-Bathroom-Set-With-Bamboo-Accents-4-12x12.jpg 12w, https:\/\/jinhuaceramic.com\/wp-content\/uploads\/2024\/09\/4-Piece-Wholesale-Ceramic-Bathroom-Set-With-Bamboo-Accents-4-285x285.jpg 285w, https:\/\/jinhuaceramic.com\/wp-content\/uploads\/2024\/09\/4-Piece-Wholesale-Ceramic-Bathroom-Set-With-Bamboo-Accents-4-270x270.jpg 270w, https:\/\/jinhuaceramic.com\/wp-content\/uploads\/2024\/09\/4-Piece-Wholesale-Ceramic-Bathroom-Set-With-Bamboo-Accents-4-540x540.jpg 540w, https:\/\/jinhuaceramic.com\/wp-content\/uploads\/2024\/09\/4-Piece-Wholesale-Ceramic-Bathroom-Set-With-Bamboo-Accents-4-660x660.jpg 660w\" sizes=\"(max-width: 800px) 100vw, 800px\" \/><\/figure>\n<\/div>\n<\/div>","protected":false},"excerpt":{"rendered":"<p>Bienvenido a comprar accesorios de ba\u00f1o. Estos conjuntos de ba\u00f1o de cer\u00e1mica de 4 piezas al por mayor han obtenido una gran aceptaci\u00f3n en el mercado por su moderno dise\u00f1o, su material cer\u00e1mico de alta calidad y su pr\u00e1ctica funcionalidad. La cer\u00e1mica negra, blanca y gris combina f\u00e1cilmente con cualquier estilo de decoraci\u00f3n de ba\u00f1o. Los conjuntos admiten compras al por mayor para satisfacer las necesidades a granel de los clientes comerciales.<\/p>","protected":false},"featured_media":6149,"comment_status":"closed","ping_status":"closed","template":"","meta":{"_acf_changed":false},"product_brand":[],"product_cat":[51],"product_tag":[74],"class_list":{"0":"post-6142","1":"product","2":"type-product","3":"status-publish","4":"has-post-thumbnail","6":"product_cat-bathroom-accessories-wholesale","7":"product_tag-ceramic-bath-accessories-wholesale","9":"first","10":"instock","11":"shipping-taxable","12":"product-type-simple"},"acf":[],"_links":{"self":[{"href":"https:\/\/jinhuaceramic.com\/es\/wp-json\/wp\/v2\/product\/6142","targetHints":{"allow":["GET"]}}],"collection":[{"href":"https:\/\/jinhuaceramic.com\/es\/wp-json\/wp\/v2\/product"}],"about":[{"href":"https:\/\/jinhuaceramic.com\/es\/wp-json\/wp\/v2\/types\/product"}],"replies":[{"embeddable":true,"href":"https:\/\/jinhuaceramic.com\/es\/wp-json\/wp\/v2\/comments?post=6142"}],"version-history":[{"count":0,"href":"https:\/\/jinhuaceramic.com\/es\/wp-json\/wp\/v2\/product\/6142\/revisions"}],"wp:featuredmedia":[{"embeddable":true,"href":"https:\/\/jinhuaceramic.com\/es\/wp-json\/wp\/v2\/media\/6149"}],"wp:attachment":[{"href":"https:\/\/jinhuaceramic.com\/es\/wp-json\/wp\/v2\/media?parent=6142"}],"wp:term":[{"taxonomy":"product_brand","embeddable":true,"href":"https:\/\/jinhuaceramic.com\/es\/wp-json\/wp\/v2\/product_brand?post=6142"},{"taxonomy":"product_cat","embeddable":true,"href":"https:\/\/jinhuaceramic.com\/es\/wp-json\/wp\/v2\/product_cat?post=6142"},{"taxonomy":"product_tag","embeddable":true,"href":"https:\/\/jinhuaceramic.com\/es\/wp-json\/wp\/v2\/product_tag?post=6142"}],"curies":[{"name":"wp","href":"https:\/\/api.w.org\/{rel}","templated":true}]}}