{"id":6162,"date":"2024-09-20T09:04:47","date_gmt":"2024-09-20T09:04:47","guid":{"rendered":"https:\/\/jinhuaceramic.com\/?post_type=product&#038;p=6162"},"modified":"2024-10-15T08:24:16","modified_gmt":"2024-10-15T08:24:16","slug":"wholesale-black-ceramic-bathroom-set","status":"publish","type":"product","link":"https:\/\/jinhuaceramic.com\/es\/product\/wholesale-black-ceramic-bathroom-set\/","title":{"rendered":"Mayorista Juego De Ba\u00f1o De Cer\u00e1mica Negra, Accesorios De Ba\u00f1o Personalizados Para Hotel"},"content":{"rendered":"<div class=\"wp-block-columns is-layout-flex wp-container-core-columns-is-layout-9d6595d7 wp-block-columns-is-layout-flex\">\n<div class=\"wp-block-column is-layout-flow wp-block-column-is-layout-flow\">\n<h3 class=\"wp-block-heading\">Premium al por mayor de cer\u00e1mica negro ba\u00f1o Set Caracter\u00edsticas:<\/h3>\n\n\n\n<ul class=\"wp-block-list\">\n<li><strong>Dise\u00f1o cl\u00e1sico en negro, con estilo y elegante: <\/strong>Este set de ba\u00f1o de cer\u00e1mica negra al por mayor est\u00e1 lleno de sentido moderno, que puede a\u00f1adir elegancia y sensaci\u00f3n de alta gama a los ba\u00f1os de hoteles y hogares. El dise\u00f1o negro no s\u00f3lo est\u00e1 de moda, pero tambi\u00e9n puede ser perfectamente emparejado con una variedad de estilos decorativos para mejorar el grado del espacio en general.<\/li>\n\n\n\n<li><strong>Un juego completo de accesorios de ba\u00f1o, totalmente funcional: <\/strong>Este conjunto de accesorios de ba\u00f1o personalizados incluye una variedad de accesorios de ba\u00f1o de uso com\u00fan, como jaboneras, dispensadores de jab\u00f3n, vasos para cepillos de dientes, portacepillos de dientes, etc., que pueden satisfacer las necesidades de uso diario del ba\u00f1o y proporcionar una gama completa de servicios convenientes. Cada accesorio est\u00e1 bellamente dise\u00f1ado y es muy funcional, adecuado para hoteles y hogares de gama alta.<\/li>\n\n\n\n<li><strong>Material cer\u00e1mico de primera calidad, duradero y f\u00e1cil de limpiar: <\/strong>Nuestro juego de ba\u00f1o de cer\u00e1mica negra al por mayor utiliza materiales cer\u00e1micos de alta calidad, con una superficie lisa y resistente a los ara\u00f1azos, y tiene una excelente durabilidad y resistencia a las manchas. Los materiales cer\u00e1micos son f\u00e1ciles de limpiar, asegurando que el producto permanezca hermoso en uso a largo plazo, lo que es una opci\u00f3n ideal para ba\u00f1os de hoteles y hogares.<\/li>\n\n\n\n<li><strong>Soporta personalizaci\u00f3n, adecuado para las necesidades de marca del hotel: <\/strong>Nuestros accesorios de ba\u00f1o personalizados no s\u00f3lo se pueden comprar al por mayor, sino que tambi\u00e9n admiten servicios de personalizaci\u00f3n personalizados, como el color y el logotipo, lo que resulta especialmente adecuado para lugares comerciales como hoteles y complejos tur\u00edsticos para crear im\u00e1genes de marca exclusivas.<\/li>\n<\/ul>\n<\/div>\n\n\n\n<div class=\"wp-block-column is-layout-flow wp-block-column-is-layout-flow\">\n<figure class=\"wp-block-image size-full\"><img fetchpriority=\"high\" decoding=\"async\" width=\"1024\" height=\"1024\" src=\"https:\/\/jinhuaceramic.com\/wp-content\/uploads\/2024\/09\/Wholesale-Black-Ceramic-Bathroom-Set-Custom-Hotel-Bathroom-Accessories.webp\" alt=\"Mayorista Juego De Ba\u00f1o De Cer\u00e1mica Negra, Accesorios De Ba\u00f1o Personalizados Para Hotel-1\" class=\"wp-image-6169\" srcset=\"https:\/\/jinhuaceramic.com\/wp-content\/uploads\/2024\/09\/Wholesale-Black-Ceramic-Bathroom-Set-Custom-Hotel-Bathroom-Accessories.webp 1024w, https:\/\/jinhuaceramic.com\/wp-content\/uploads\/2024\/09\/Wholesale-Black-Ceramic-Bathroom-Set-Custom-Hotel-Bathroom-Accessories-300x300.webp 300w, https:\/\/jinhuaceramic.com\/wp-content\/uploads\/2024\/09\/Wholesale-Black-Ceramic-Bathroom-Set-Custom-Hotel-Bathroom-Accessories-150x150.webp 150w, https:\/\/jinhuaceramic.com\/wp-content\/uploads\/2024\/09\/Wholesale-Black-Ceramic-Bathroom-Set-Custom-Hotel-Bathroom-Accessories-768x768.webp 768w, https:\/\/jinhuaceramic.com\/wp-content\/uploads\/2024\/09\/Wholesale-Black-Ceramic-Bathroom-Set-Custom-Hotel-Bathroom-Accessories-12x12.webp 12w, https:\/\/jinhuaceramic.com\/wp-content\/uploads\/2024\/09\/Wholesale-Black-Ceramic-Bathroom-Set-Custom-Hotel-Bathroom-Accessories-285x285.webp 285w, https:\/\/jinhuaceramic.com\/wp-content\/uploads\/2024\/09\/Wholesale-Black-Ceramic-Bathroom-Set-Custom-Hotel-Bathroom-Accessories-270x270.webp 270w, https:\/\/jinhuaceramic.com\/wp-content\/uploads\/2024\/09\/Wholesale-Black-Ceramic-Bathroom-Set-Custom-Hotel-Bathroom-Accessories-540x540.webp 540w, https:\/\/jinhuaceramic.com\/wp-content\/uploads\/2024\/09\/Wholesale-Black-Ceramic-Bathroom-Set-Custom-Hotel-Bathroom-Accessories-660x660.webp 660w\" sizes=\"(max-width: 1024px) 100vw, 1024px\" \/><\/figure>\n<\/div>\n<\/div>","protected":false},"excerpt":{"rendered":"<p>Bienvenido a los accesorios de ba\u00f1o personalizados. Este set de ba\u00f1o de cer\u00e1mica negra al por mayor es una combinaci\u00f3n perfecta de belleza y practicidad con su dise\u00f1o elegante y sencillo y su material cer\u00e1mico de alta calidad. El conjunto completo de accesorios satisface las necesidades de uso diario y es adecuado para hoteles de alta gama y cuartos de ba\u00f1o dom\u00e9sticos.<\/p>","protected":false},"featured_media":6168,"comment_status":"closed","ping_status":"closed","template":"","meta":{"_acf_changed":false},"product_brand":[],"product_cat":[51],"product_tag":[74],"class_list":{"0":"post-6162","1":"product","2":"type-product","3":"status-publish","4":"has-post-thumbnail","6":"product_cat-bathroom-accessories-wholesale","7":"product_tag-ceramic-bath-accessories-wholesale","9":"first","10":"instock","11":"shipping-taxable","12":"product-type-simple"},"acf":[],"_links":{"self":[{"href":"https:\/\/jinhuaceramic.com\/es\/wp-json\/wp\/v2\/product\/6162","targetHints":{"allow":["GET"]}}],"collection":[{"href":"https:\/\/jinhuaceramic.com\/es\/wp-json\/wp\/v2\/product"}],"about":[{"href":"https:\/\/jinhuaceramic.com\/es\/wp-json\/wp\/v2\/types\/product"}],"replies":[{"embeddable":true,"href":"https:\/\/jinhuaceramic.com\/es\/wp-json\/wp\/v2\/comments?post=6162"}],"version-history":[{"count":0,"href":"https:\/\/jinhuaceramic.com\/es\/wp-json\/wp\/v2\/product\/6162\/revisions"}],"wp:featuredmedia":[{"embeddable":true,"href":"https:\/\/jinhuaceramic.com\/es\/wp-json\/wp\/v2\/media\/6168"}],"wp:attachment":[{"href":"https:\/\/jinhuaceramic.com\/es\/wp-json\/wp\/v2\/media?parent=6162"}],"wp:term":[{"taxonomy":"product_brand","embeddable":true,"href":"https:\/\/jinhuaceramic.com\/es\/wp-json\/wp\/v2\/product_brand?post=6162"},{"taxonomy":"product_cat","embeddable":true,"href":"https:\/\/jinhuaceramic.com\/es\/wp-json\/wp\/v2\/product_cat?post=6162"},{"taxonomy":"product_tag","embeddable":true,"href":"https:\/\/jinhuaceramic.com\/es\/wp-json\/wp\/v2\/product_tag?post=6162"}],"curies":[{"name":"wp","href":"https:\/\/api.w.org\/{rel}","templated":true}]}}