{"id":6201,"date":"2024-09-24T03:15:56","date_gmt":"2024-09-24T03:15:56","guid":{"rendered":"https:\/\/jinhuaceramic.com\/?post_type=product&#038;p=6201"},"modified":"2024-10-06T07:19:32","modified_gmt":"2024-10-06T07:19:32","slug":"wholesale-bathroom-accessories-white","status":"publish","type":"product","link":"https:\/\/jinhuaceramic.com\/es\/product\/wholesale-bathroom-accessories-white\/","title":{"rendered":"Mayorista Accesorios de Ba\u00f1o, Conjunto de Ba\u00f1o de Cer\u00e1mica Blanca con Detalles de Madera"},"content":{"rendered":"<div class=\"wp-block-columns is-layout-flex wp-container-core-columns-is-layout-9d6595d7 wp-block-columns-is-layout-flex\">\n<div class=\"wp-block-column is-layout-flow wp-block-column-is-layout-flow\">\n<h3 class=\"wp-block-heading\">Premium Accesorios de ba\u00f1o al por mayor Caracter\u00edsticas:<\/h3>\n\n\n\n<ul class=\"wp-block-list\">\n<li><strong>Inteligente combinaci\u00f3n de materiales:<\/strong> Estos juegos de accesorios de ba\u00f1o al por mayor son una combinaci\u00f3n perfecta de cer\u00e1mica y madera. El material cer\u00e1mico en general es duradero y suave, mientras que las partes de madera a\u00f1aden una sensaci\u00f3n natural y c\u00e1lida. La cer\u00e1mica de color blanco puro combina con la base de madera original, y el tono general es fresco y elegante, muy adecuado para cuartos de ba\u00f1o de estilo moderno.<\/li>\n\n\n\n<li><strong>Patr\u00f3n geom\u00e9trico uniforme:<\/strong> Cada pieza de estos juegos de ba\u00f1o de cer\u00e1mica al por mayor presenta un delicado dibujo geom\u00e9trico en la superficie cer\u00e1mica, que aumenta la belleza visual al tiempo que a\u00f1ade una sensaci\u00f3n de textura y mantiene la unidad del dise\u00f1o general.<\/li>\n\n\n\n<li><strong>Varias funcionalidades:<\/strong> Estos accesorios de ba\u00f1o al por mayor incluyen una gran variedad de art\u00edculos funcionales, como vasos para cepillos de dientes, botellas de jab\u00f3n, jaboneras, cubos de basura, cajas para pa\u00f1uelos, bandejas, etc., que pueden satisfacer diversas necesidades diarias del cuarto de ba\u00f1o a la vez que lo mantienen organizado.<\/li>\n\n\n\n<li><strong>F\u00e1cil de limpiar: <\/strong>La superficie de cer\u00e1mica de estos juegos de ba\u00f1o de cer\u00e1mica blanca al por mayor es lisa y no porosa, por lo que es dif\u00edcil que atraiga las manchas. Se puede limpiar f\u00e1cilmente con un trapo o enjuagar con agua, por lo que es f\u00e1cil de limpiar y mantener el cuarto de ba\u00f1o higi\u00e9nico.<\/li>\n<\/ul>\n<\/div>\n\n\n\n<div class=\"wp-block-column is-layout-flow wp-block-column-is-layout-flow\">\n<figure class=\"wp-block-image size-full\"><img fetchpriority=\"high\" decoding=\"async\" width=\"1500\" height=\"1500\" src=\"https:\/\/jinhuaceramic.com\/wp-content\/uploads\/2024\/09\/White-Ceramic-Bathroom-Set-With-Wooden-Accents-Wholesale-Bathroom-Accessories-7.webp\" alt=\"Set-Ba\u00f1o-Cer\u00e1mica-Blanca-Con-Accesorios-Madera-Mayorista-Accesorios-Ba\u00f1o\" class=\"wp-image-6207\" srcset=\"https:\/\/jinhuaceramic.com\/wp-content\/uploads\/2024\/09\/White-Ceramic-Bathroom-Set-With-Wooden-Accents-Wholesale-Bathroom-Accessories-7.webp 1500w, https:\/\/jinhuaceramic.com\/wp-content\/uploads\/2024\/09\/White-Ceramic-Bathroom-Set-With-Wooden-Accents-Wholesale-Bathroom-Accessories-7-300x300.webp 300w, https:\/\/jinhuaceramic.com\/wp-content\/uploads\/2024\/09\/White-Ceramic-Bathroom-Set-With-Wooden-Accents-Wholesale-Bathroom-Accessories-7-150x150.webp 150w, https:\/\/jinhuaceramic.com\/wp-content\/uploads\/2024\/09\/White-Ceramic-Bathroom-Set-With-Wooden-Accents-Wholesale-Bathroom-Accessories-7-768x768.webp 768w, https:\/\/jinhuaceramic.com\/wp-content\/uploads\/2024\/09\/White-Ceramic-Bathroom-Set-With-Wooden-Accents-Wholesale-Bathroom-Accessories-7-12x12.webp 12w, https:\/\/jinhuaceramic.com\/wp-content\/uploads\/2024\/09\/White-Ceramic-Bathroom-Set-With-Wooden-Accents-Wholesale-Bathroom-Accessories-7-285x285.webp 285w, https:\/\/jinhuaceramic.com\/wp-content\/uploads\/2024\/09\/White-Ceramic-Bathroom-Set-With-Wooden-Accents-Wholesale-Bathroom-Accessories-7-270x270.webp 270w, https:\/\/jinhuaceramic.com\/wp-content\/uploads\/2024\/09\/White-Ceramic-Bathroom-Set-With-Wooden-Accents-Wholesale-Bathroom-Accessories-7-540x540.webp 540w, https:\/\/jinhuaceramic.com\/wp-content\/uploads\/2024\/09\/White-Ceramic-Bathroom-Set-With-Wooden-Accents-Wholesale-Bathroom-Accessories-7-660x660.webp 660w\" sizes=\"(max-width: 1500px) 100vw, 1500px\" \/><\/figure>\n<\/div>\n<\/div>","protected":false},"excerpt":{"rendered":"<p>Bienvenido a comprar juegos de ba\u00f1o al por mayor. Estos conjuntos de accesorios de ba\u00f1o de cer\u00e1mica blanca al por mayor son populares por su combinaci\u00f3n \u00fanica de materiales, patrones geom\u00e9tricos uniformes y funcionalidad diversa. Combinando est\u00e9tica y practicidad, estos conjuntos de ba\u00f1o son adecuados para cuartos de ba\u00f1o de todos los estilos de decoraci\u00f3n.<\/p>","protected":false},"featured_media":6207,"comment_status":"closed","ping_status":"closed","template":"","meta":{"_acf_changed":false},"product_brand":[],"product_cat":[51],"product_tag":[74],"class_list":{"0":"post-6201","1":"product","2":"type-product","3":"status-publish","4":"has-post-thumbnail","6":"product_cat-bathroom-accessories-wholesale","7":"product_tag-ceramic-bath-accessories-wholesale","9":"first","10":"instock","11":"shipping-taxable","12":"product-type-simple"},"acf":[],"_links":{"self":[{"href":"https:\/\/jinhuaceramic.com\/es\/wp-json\/wp\/v2\/product\/6201","targetHints":{"allow":["GET"]}}],"collection":[{"href":"https:\/\/jinhuaceramic.com\/es\/wp-json\/wp\/v2\/product"}],"about":[{"href":"https:\/\/jinhuaceramic.com\/es\/wp-json\/wp\/v2\/types\/product"}],"replies":[{"embeddable":true,"href":"https:\/\/jinhuaceramic.com\/es\/wp-json\/wp\/v2\/comments?post=6201"}],"version-history":[{"count":0,"href":"https:\/\/jinhuaceramic.com\/es\/wp-json\/wp\/v2\/product\/6201\/revisions"}],"wp:featuredmedia":[{"embeddable":true,"href":"https:\/\/jinhuaceramic.com\/es\/wp-json\/wp\/v2\/media\/6207"}],"wp:attachment":[{"href":"https:\/\/jinhuaceramic.com\/es\/wp-json\/wp\/v2\/media?parent=6201"}],"wp:term":[{"taxonomy":"product_brand","embeddable":true,"href":"https:\/\/jinhuaceramic.com\/es\/wp-json\/wp\/v2\/product_brand?post=6201"},{"taxonomy":"product_cat","embeddable":true,"href":"https:\/\/jinhuaceramic.com\/es\/wp-json\/wp\/v2\/product_cat?post=6201"},{"taxonomy":"product_tag","embeddable":true,"href":"https:\/\/jinhuaceramic.com\/es\/wp-json\/wp\/v2\/product_tag?post=6201"}],"curies":[{"name":"wp","href":"https:\/\/api.w.org\/{rel}","templated":true}]}}