{"id":6225,"date":"2024-09-25T08:50:08","date_gmt":"2024-09-25T08:50:08","guid":{"rendered":"https:\/\/jinhuaceramic.com\/?post_type=product&#038;p=6225"},"modified":"2025-03-08T02:02:40","modified_gmt":"2025-03-08T02:02:40","slug":"matte-black-bathroom-set-wholesale","status":"publish","type":"product","link":"https:\/\/jinhuaceramic.com\/es\/product\/matte-black-bathroom-set-wholesale\/","title":{"rendered":"Juego de Ba\u00f1o Negro Mate al por mayor, Accesorios de Ba\u00f1o de Cer\u00e1mica"},"content":{"rendered":"<div class=\"wp-block-columns is-layout-flex wp-container-core-columns-is-layout-9d6595d7 wp-block-columns-is-layout-flex\">\n<div class=\"wp-block-column is-layout-flow wp-block-column-is-layout-flow\">\n<h3 class=\"wp-block-heading\">Premium Negro Mate Set de Ba\u00f1o al por mayor Caracter\u00edsticas:<\/h3>\n\n\n\n<ul class=\"wp-block-list\">\n<li><strong>Dise\u00f1o moderno:<\/strong> Este juego de ba\u00f1o negro mate al por mayor est\u00e1 dise\u00f1ado con l\u00edneas sencillas y formas redondeadas sin excesiva decoraci\u00f3n, presentando una moderna belleza minimalista. El tratamiento de superficie negro mate no s\u00f3lo es resistente a las manchas, sino que tambi\u00e9n puede crear un ambiente misterioso y de alta gama, adecuado para cuartos de ba\u00f1o de varios estilos de decoraci\u00f3n.<\/li>\n\n\n\n<li><strong>Material de primera calidad:<\/strong> Los materiales cer\u00e1micos cocidos a alta temperatura de estos juegos de accesorios de ba\u00f1o al por mayor son duros y resistentes al desgaste, no se rayan f\u00e1cilmente y son impermeables. El cabezal de la bomba del dispensador de jab\u00f3n es cromado, que tiene una larga vida \u00fatil y no se corroe f\u00e1cilmente.<\/li>\n\n\n\n<li><strong>Practicidad:<\/strong> Los dosificadores de jab\u00f3n, los vasos para cepillos de dientes y las jaboneras de este set de ba\u00f1o negro mate satisfacen al por mayor las sencillas necesidades del aseo diario.<\/li>\n\n\n\n<li><strong>Venta al por mayor y personalizaci\u00f3n:<\/strong> Nuestra f\u00e1brica ofrece juegos de accesorios de ba\u00f1o al por mayor en grandes cantidades a precios al por mayor para comerciantes que buscan grandes vol\u00famenes de compra. Adem\u00e1s, podemos ofrecer un servicio personalizado de acuerdo a las especificaciones individuales para obtener colores, tama\u00f1o, patrones, etc personalizados y lo convierten en un conjunto especial de accesorios de ba\u00f1o de acuerdo a las especificaciones del hotel, apartamento o casa de lujo.<\/li>\n<\/ul>\n<\/div>\n\n\n\n<div class=\"wp-block-column is-layout-flow wp-block-column-is-layout-flow\">\n<figure class=\"wp-block-image size-full\"><img fetchpriority=\"high\" decoding=\"async\" width=\"750\" height=\"750\" src=\"https:\/\/jinhuaceramic.com\/wp-content\/uploads\/2024\/09\/Modern-Black-Ceramic-Bathroom-Set-Wholesale-Hotel-Bathroom-Accessories-8.webp\" alt=\"Juego De Ba\u00f1o Negro Mate Al Por Mayor, Accesorios De Ba\u00f1o De Cer\u00e1mica-7\" class=\"wp-image-6232\" srcset=\"https:\/\/jinhuaceramic.com\/wp-content\/uploads\/2024\/09\/Modern-Black-Ceramic-Bathroom-Set-Wholesale-Hotel-Bathroom-Accessories-8.webp 750w, https:\/\/jinhuaceramic.com\/wp-content\/uploads\/2024\/09\/Modern-Black-Ceramic-Bathroom-Set-Wholesale-Hotel-Bathroom-Accessories-8-300x300.webp 300w, https:\/\/jinhuaceramic.com\/wp-content\/uploads\/2024\/09\/Modern-Black-Ceramic-Bathroom-Set-Wholesale-Hotel-Bathroom-Accessories-8-150x150.webp 150w, https:\/\/jinhuaceramic.com\/wp-content\/uploads\/2024\/09\/Modern-Black-Ceramic-Bathroom-Set-Wholesale-Hotel-Bathroom-Accessories-8-12x12.webp 12w, https:\/\/jinhuaceramic.com\/wp-content\/uploads\/2024\/09\/Modern-Black-Ceramic-Bathroom-Set-Wholesale-Hotel-Bathroom-Accessories-8-285x285.webp 285w, https:\/\/jinhuaceramic.com\/wp-content\/uploads\/2024\/09\/Modern-Black-Ceramic-Bathroom-Set-Wholesale-Hotel-Bathroom-Accessories-8-270x270.webp 270w, https:\/\/jinhuaceramic.com\/wp-content\/uploads\/2024\/09\/Modern-Black-Ceramic-Bathroom-Set-Wholesale-Hotel-Bathroom-Accessories-8-540x540.webp 540w, https:\/\/jinhuaceramic.com\/wp-content\/uploads\/2024\/09\/Modern-Black-Ceramic-Bathroom-Set-Wholesale-Hotel-Bathroom-Accessories-8-660x660.webp 660w\" sizes=\"(max-width: 750px) 100vw, 750px\" \/><\/figure>\n<\/div>\n<\/div>","protected":false},"excerpt":{"rendered":"<p>Bienvenido a comprar accesorios de ba\u00f1o de cer\u00e1mica. Este moderno juego de ba\u00f1o negro mate al por mayor es perfecto para diferentes estilos de ba\u00f1o. El material cer\u00e1mico de alta calidad los hace duraderos y pueden utilizarse durante mucho tiempo. Combinando est\u00e9tica y practicidad, estos juegos de ba\u00f1o de cer\u00e1mica al por mayor se han convertido en la primera elecci\u00f3n de los clientes.<\/p>","protected":false},"featured_media":6233,"comment_status":"closed","ping_status":"closed","template":"","meta":{"_acf_changed":false},"product_brand":[],"product_cat":[51],"product_tag":[74],"class_list":{"0":"post-6225","1":"product","2":"type-product","3":"status-publish","4":"has-post-thumbnail","6":"product_cat-bathroom-accessories-wholesale","7":"product_tag-ceramic-bath-accessories-wholesale","9":"first","10":"instock","11":"shipping-taxable","12":"product-type-simple"},"acf":[],"_links":{"self":[{"href":"https:\/\/jinhuaceramic.com\/es\/wp-json\/wp\/v2\/product\/6225","targetHints":{"allow":["GET"]}}],"collection":[{"href":"https:\/\/jinhuaceramic.com\/es\/wp-json\/wp\/v2\/product"}],"about":[{"href":"https:\/\/jinhuaceramic.com\/es\/wp-json\/wp\/v2\/types\/product"}],"replies":[{"embeddable":true,"href":"https:\/\/jinhuaceramic.com\/es\/wp-json\/wp\/v2\/comments?post=6225"}],"version-history":[{"count":0,"href":"https:\/\/jinhuaceramic.com\/es\/wp-json\/wp\/v2\/product\/6225\/revisions"}],"wp:featuredmedia":[{"embeddable":true,"href":"https:\/\/jinhuaceramic.com\/es\/wp-json\/wp\/v2\/media\/6233"}],"wp:attachment":[{"href":"https:\/\/jinhuaceramic.com\/es\/wp-json\/wp\/v2\/media?parent=6225"}],"wp:term":[{"taxonomy":"product_brand","embeddable":true,"href":"https:\/\/jinhuaceramic.com\/es\/wp-json\/wp\/v2\/product_brand?post=6225"},{"taxonomy":"product_cat","embeddable":true,"href":"https:\/\/jinhuaceramic.com\/es\/wp-json\/wp\/v2\/product_cat?post=6225"},{"taxonomy":"product_tag","embeddable":true,"href":"https:\/\/jinhuaceramic.com\/es\/wp-json\/wp\/v2\/product_tag?post=6225"}],"curies":[{"name":"wp","href":"https:\/\/api.w.org\/{rel}","templated":true}]}}