{"id":6236,"date":"2024-09-25T08:56:41","date_gmt":"2024-09-25T08:56:41","guid":{"rendered":"https:\/\/jinhuaceramic.com\/?post_type=product&#038;p=6236"},"modified":"2024-10-06T07:19:37","modified_gmt":"2024-10-06T07:19:37","slug":"wholesale-ceramic-bathroom-accessories","status":"publish","type":"product","link":"https:\/\/jinhuaceramic.com\/es\/product\/wholesale-ceramic-bathroom-accessories\/","title":{"rendered":"Accesorios De Ba\u00f1o De Cer\u00e1mica Al Por Mayor Para El Hogar Y El Hotel"},"content":{"rendered":"<div class=\"wp-block-columns is-layout-flex wp-container-core-columns-is-layout-9d6595d7 wp-block-columns-is-layout-flex\">\n<div class=\"wp-block-column is-layout-flow wp-block-column-is-layout-flow\">\n<h3 class=\"wp-block-heading\">Premium al por mayor de cer\u00e1mica Accesorios de ba\u00f1o Caracter\u00edsticas:<\/h3>\n\n\n\n<ul class=\"wp-block-list\">\n<li><strong>Dise\u00f1o moderno:<\/strong> Estos conjuntos de accesorios de ba\u00f1o de cer\u00e1mica al por mayor presentan un dise\u00f1o moderno y minimalista. Los dos colores, blanco mate y negro mate, son discretos y muy vers\u00e1tiles, adecuados para cuartos de ba\u00f1o de diversos estilos decorativos. El adorno de la cabeza de la bomba dorada a\u00f1ade un toque de lujo al conjunto, mostr\u00e1ndose de gama alta.<\/li>\n\n\n\n<li><strong>Material de alta calidad: <\/strong>Estos juegos de accesorios de ba\u00f1o al por mayor est\u00e1n fabricados en cer\u00e1mica de alta calidad, resistente al agua y hecha para durar. Su s\u00f3lida construcci\u00f3n garantiza que cada pieza sea duradera, resistente al desgaste y conserve su aspecto original durante mucho tiempo.<\/li>\n\n\n\n<li><strong>Juego completo:<\/strong> Estos juegos de accesorios de ba\u00f1o de cer\u00e1mica al por mayor incluyen una botella de jab\u00f3n que se puede utilizar para dispensar varios jabones l\u00edquidos, una jabonera, dos tazas de cer\u00e1mica para cepillos de dientes, pasta de dientes y enjuague bucal, y una bandeja que puede soportar firmemente otros accesorios y es f\u00e1cil de mover y organizar. Cada accesorio tiene su propia funci\u00f3n para satisfacer las necesidades diarias del ba\u00f1o.<\/li>\n\n\n\n<li><strong>Venta al por mayor y personalizaci\u00f3n: <\/strong>Estos accesorios de ba\u00f1o de cer\u00e1mica al por mayor son compatibles con la venta al por mayor a gran escala para satisfacer las necesidades de compra de clientes comerciales como hoteles y casas de familia. Al mismo tiempo, ofrecemos servicios de personalizaci\u00f3n y podemos ajustar patrones, logotipos, etc. seg\u00fan las necesidades del cliente para que cada conjunto de productos sea \u00fanico.<\/li>\n<\/ul>\n<\/div>\n\n\n\n<div class=\"wp-block-column is-layout-flow wp-block-column-is-layout-flow\">\n<figure class=\"wp-block-image size-full\"><img fetchpriority=\"high\" decoding=\"async\" width=\"750\" height=\"750\" src=\"https:\/\/jinhuaceramic.com\/wp-content\/uploads\/2024\/09\/Wholesale-Ceramic-Bathroom-Accessories-Set-For-Home-Hotel-In-Bulk-3.webp\" alt=\"Mayorista Accesorios De Ba\u00f1o De Cer\u00e1mica Para Hogar Y Hotel-1\" class=\"wp-image-6238\" srcset=\"https:\/\/jinhuaceramic.com\/wp-content\/uploads\/2024\/09\/Wholesale-Ceramic-Bathroom-Accessories-Set-For-Home-Hotel-In-Bulk-3.webp 750w, https:\/\/jinhuaceramic.com\/wp-content\/uploads\/2024\/09\/Wholesale-Ceramic-Bathroom-Accessories-Set-For-Home-Hotel-In-Bulk-3-300x300.webp 300w, https:\/\/jinhuaceramic.com\/wp-content\/uploads\/2024\/09\/Wholesale-Ceramic-Bathroom-Accessories-Set-For-Home-Hotel-In-Bulk-3-150x150.webp 150w, https:\/\/jinhuaceramic.com\/wp-content\/uploads\/2024\/09\/Wholesale-Ceramic-Bathroom-Accessories-Set-For-Home-Hotel-In-Bulk-3-12x12.webp 12w, https:\/\/jinhuaceramic.com\/wp-content\/uploads\/2024\/09\/Wholesale-Ceramic-Bathroom-Accessories-Set-For-Home-Hotel-In-Bulk-3-285x285.webp 285w, https:\/\/jinhuaceramic.com\/wp-content\/uploads\/2024\/09\/Wholesale-Ceramic-Bathroom-Accessories-Set-For-Home-Hotel-In-Bulk-3-270x270.webp 270w, https:\/\/jinhuaceramic.com\/wp-content\/uploads\/2024\/09\/Wholesale-Ceramic-Bathroom-Accessories-Set-For-Home-Hotel-In-Bulk-3-540x540.webp 540w, https:\/\/jinhuaceramic.com\/wp-content\/uploads\/2024\/09\/Wholesale-Ceramic-Bathroom-Accessories-Set-For-Home-Hotel-In-Bulk-3-660x660.webp 660w\" sizes=\"(max-width: 750px) 100vw, 750px\" \/><\/figure>\n<\/div>\n<\/div>","protected":false},"excerpt":{"rendered":"<p>Bienvenido a comprar conjuntos de ba\u00f1o. Nuestros conjuntos de accesorios de ba\u00f1o de cer\u00e1mica al por mayor tienen un dise\u00f1o \u00fanico y alta calidad, lo que los hace populares en el mercado y se convierten en la primera opci\u00f3n para mejorar el estilo del espacio de ba\u00f1o. Combinando belleza y practicidad, estos juegos de ba\u00f1o de cer\u00e1mica no s\u00f3lo son adecuados para su uso en cuartos de ba\u00f1o dom\u00e9sticos, sino tambi\u00e9n para ocasiones comerciales como hoteles, spas o B&amp;B.<\/p>","protected":false},"featured_media":6240,"comment_status":"closed","ping_status":"closed","template":"","meta":{"_acf_changed":false},"product_brand":[],"product_cat":[51],"product_tag":[74],"class_list":{"0":"post-6236","1":"product","2":"type-product","3":"status-publish","4":"has-post-thumbnail","6":"product_cat-bathroom-accessories-wholesale","7":"product_tag-ceramic-bath-accessories-wholesale","9":"first","10":"instock","11":"shipping-taxable","12":"product-type-simple"},"acf":[],"_links":{"self":[{"href":"https:\/\/jinhuaceramic.com\/es\/wp-json\/wp\/v2\/product\/6236","targetHints":{"allow":["GET"]}}],"collection":[{"href":"https:\/\/jinhuaceramic.com\/es\/wp-json\/wp\/v2\/product"}],"about":[{"href":"https:\/\/jinhuaceramic.com\/es\/wp-json\/wp\/v2\/types\/product"}],"replies":[{"embeddable":true,"href":"https:\/\/jinhuaceramic.com\/es\/wp-json\/wp\/v2\/comments?post=6236"}],"version-history":[{"count":0,"href":"https:\/\/jinhuaceramic.com\/es\/wp-json\/wp\/v2\/product\/6236\/revisions"}],"wp:featuredmedia":[{"embeddable":true,"href":"https:\/\/jinhuaceramic.com\/es\/wp-json\/wp\/v2\/media\/6240"}],"wp:attachment":[{"href":"https:\/\/jinhuaceramic.com\/es\/wp-json\/wp\/v2\/media?parent=6236"}],"wp:term":[{"taxonomy":"product_brand","embeddable":true,"href":"https:\/\/jinhuaceramic.com\/es\/wp-json\/wp\/v2\/product_brand?post=6236"},{"taxonomy":"product_cat","embeddable":true,"href":"https:\/\/jinhuaceramic.com\/es\/wp-json\/wp\/v2\/product_cat?post=6236"},{"taxonomy":"product_tag","embeddable":true,"href":"https:\/\/jinhuaceramic.com\/es\/wp-json\/wp\/v2\/product_tag?post=6236"}],"curies":[{"name":"wp","href":"https:\/\/api.w.org\/{rel}","templated":true}]}}