{"id":6266,"date":"2024-09-28T08:55:17","date_gmt":"2024-09-28T08:55:17","guid":{"rendered":"https:\/\/jinhuaceramic.com\/?post_type=product&#038;p=6266"},"modified":"2024-10-06T07:19:55","modified_gmt":"2024-10-06T07:19:55","slug":"ceramic-wholesale-bathroom-set","status":"publish","type":"product","link":"https:\/\/jinhuaceramic.com\/es\/product\/ceramic-wholesale-bathroom-set\/","title":{"rendered":"Juego de Ba\u00f1o de Cer\u00e1mica con Textura de M\u00e1rmol al por mayor, Accesorios de Ba\u00f1o para Hotel"},"content":{"rendered":"<div class=\"wp-block-columns is-layout-flex wp-container-core-columns-is-layout-9d6595d7 wp-block-columns-is-layout-flex\">\n<div class=\"wp-block-column is-layout-flow wp-block-column-is-layout-flow\">\n<h3 class=\"wp-block-heading\">Set de Ba\u00f1o de Cer\u00e1mica Premium al por mayor Caracter\u00edsticas:<\/h3>\n\n\n\n<ul class=\"wp-block-list\">\n<li><strong>Dise\u00f1o de m\u00e1rmol:<\/strong> Estos juegos de ba\u00f1o de cer\u00e1mica al por mayor tienen un estilo sencillo y moderno, decorados con motivos \u00fanicos de m\u00e1rmol dorado en la superficie, combinados con elementos met\u00e1licos dorados como la bomba del dispensador de jab\u00f3n y la tapa del portacepillos de dientes, que a\u00f1aden un toque de lujo y hacen que todo el juego sea a\u00fan m\u00e1s de alta gama.<\/li>\n\n\n\n<li><strong>Varios colores:<\/strong> Estos accesorios de ba\u00f1o de cer\u00e1mica de m\u00e1rmol al por mayor est\u00e1n disponibles en negro, verde oscuro y blanco. El conjunto negro es misterioso, el conjunto verde es retro, y el conjunto blanco es simple y vers\u00e1til, se puede elegir de acuerdo a diferentes estilos de decoraci\u00f3n de ba\u00f1o.<\/li>\n\n\n\n<li><strong>Material de alta calidad:<\/strong> Estos juegos de ba\u00f1o de cer\u00e1mica al por mayor est\u00e1n fabricados con materiales cer\u00e1micos de alta calidad, duraderos y f\u00e1ciles de limpiar. La superficie de cer\u00e1mica es suave y delicada, con un tacto c\u00f3modo que puede aumentar el placer del uso diario.<\/li>\n\n\n\n<li><strong>Funcionalidad pr\u00e1ctica:<\/strong> Estos accesorios de ba\u00f1o de cer\u00e1mica de m\u00e1rmol al por mayor incluyen portacepillos de dientes, vasos para enjuague bucal, dispensadores de jab\u00f3n, jaboneras, bandejas, etc., que pueden satisfacer diversas necesidades del lavado diario. El dise\u00f1o del vaso para cepillos de dientes tiene en cuenta la colocaci\u00f3n de varios cepillos de dientes, y la bomba dispensadora de jab\u00f3n tiene una gran superficie y es f\u00e1cil de presionar. La bandeja puede utilizarse para guardar otros accesorios o peque\u00f1os objetos, como joyas.<\/li>\n<\/ul>\n<\/div>\n\n\n\n<div class=\"wp-block-column is-layout-flow wp-block-column-is-layout-flow\">\n<figure class=\"wp-block-image size-full\"><img fetchpriority=\"high\" decoding=\"async\" width=\"800\" height=\"800\" src=\"https:\/\/jinhuaceramic.com\/wp-content\/uploads\/2024\/09\/High-End-Marble-Ceramic-Bathroom-Set-Wholesale-Hotel-Bathroom-Accessories-2.webp\" alt=\"Juego de Ba\u00f1o de Cer\u00e1mica con Textura de M\u00e1rmol al por mayor, Accesorios de Ba\u00f1o para Hotel-3\" class=\"wp-image-6267\" srcset=\"https:\/\/jinhuaceramic.com\/wp-content\/uploads\/2024\/09\/High-End-Marble-Ceramic-Bathroom-Set-Wholesale-Hotel-Bathroom-Accessories-2.webp 800w, https:\/\/jinhuaceramic.com\/wp-content\/uploads\/2024\/09\/High-End-Marble-Ceramic-Bathroom-Set-Wholesale-Hotel-Bathroom-Accessories-2-300x300.webp 300w, https:\/\/jinhuaceramic.com\/wp-content\/uploads\/2024\/09\/High-End-Marble-Ceramic-Bathroom-Set-Wholesale-Hotel-Bathroom-Accessories-2-150x150.webp 150w, https:\/\/jinhuaceramic.com\/wp-content\/uploads\/2024\/09\/High-End-Marble-Ceramic-Bathroom-Set-Wholesale-Hotel-Bathroom-Accessories-2-768x768.webp 768w, https:\/\/jinhuaceramic.com\/wp-content\/uploads\/2024\/09\/High-End-Marble-Ceramic-Bathroom-Set-Wholesale-Hotel-Bathroom-Accessories-2-12x12.webp 12w, https:\/\/jinhuaceramic.com\/wp-content\/uploads\/2024\/09\/High-End-Marble-Ceramic-Bathroom-Set-Wholesale-Hotel-Bathroom-Accessories-2-285x285.webp 285w, https:\/\/jinhuaceramic.com\/wp-content\/uploads\/2024\/09\/High-End-Marble-Ceramic-Bathroom-Set-Wholesale-Hotel-Bathroom-Accessories-2-270x270.webp 270w, https:\/\/jinhuaceramic.com\/wp-content\/uploads\/2024\/09\/High-End-Marble-Ceramic-Bathroom-Set-Wholesale-Hotel-Bathroom-Accessories-2-540x540.webp 540w, https:\/\/jinhuaceramic.com\/wp-content\/uploads\/2024\/09\/High-End-Marble-Ceramic-Bathroom-Set-Wholesale-Hotel-Bathroom-Accessories-2-660x660.webp 660w\" sizes=\"(max-width: 800px) 100vw, 800px\" \/><\/figure>\n<\/div>\n<\/div>","protected":false},"excerpt":{"rendered":"<p>Bienvenido a comprar accesorios de ba\u00f1o al por mayor. Estos juegos de ba\u00f1o de cer\u00e1mica al por mayor destacan por su exclusivo dise\u00f1o de m\u00e1rmol dorado y pueden integrarse f\u00e1cilmente en varios estilos de decoraci\u00f3n de hogares modernos. Fabricados con materiales cer\u00e1micos de alta calidad, no son t\u00f3xicos ni nocivos y su uso es seguro. Combinando est\u00e9tica y practicidad, estos juegos de ba\u00f1o de cer\u00e1mica al por mayor son una gran elecci\u00f3n para hogares u hoteles.<\/p>","protected":false},"featured_media":6270,"comment_status":"closed","ping_status":"closed","template":"","meta":{"_acf_changed":false},"product_brand":[],"product_cat":[51],"product_tag":[74],"class_list":{"0":"post-6266","1":"product","2":"type-product","3":"status-publish","4":"has-post-thumbnail","6":"product_cat-bathroom-accessories-wholesale","7":"product_tag-ceramic-bath-accessories-wholesale","9":"first","10":"instock","11":"shipping-taxable","12":"product-type-simple"},"acf":[],"_links":{"self":[{"href":"https:\/\/jinhuaceramic.com\/es\/wp-json\/wp\/v2\/product\/6266","targetHints":{"allow":["GET"]}}],"collection":[{"href":"https:\/\/jinhuaceramic.com\/es\/wp-json\/wp\/v2\/product"}],"about":[{"href":"https:\/\/jinhuaceramic.com\/es\/wp-json\/wp\/v2\/types\/product"}],"replies":[{"embeddable":true,"href":"https:\/\/jinhuaceramic.com\/es\/wp-json\/wp\/v2\/comments?post=6266"}],"version-history":[{"count":0,"href":"https:\/\/jinhuaceramic.com\/es\/wp-json\/wp\/v2\/product\/6266\/revisions"}],"wp:featuredmedia":[{"embeddable":true,"href":"https:\/\/jinhuaceramic.com\/es\/wp-json\/wp\/v2\/media\/6270"}],"wp:attachment":[{"href":"https:\/\/jinhuaceramic.com\/es\/wp-json\/wp\/v2\/media?parent=6266"}],"wp:term":[{"taxonomy":"product_brand","embeddable":true,"href":"https:\/\/jinhuaceramic.com\/es\/wp-json\/wp\/v2\/product_brand?post=6266"},{"taxonomy":"product_cat","embeddable":true,"href":"https:\/\/jinhuaceramic.com\/es\/wp-json\/wp\/v2\/product_cat?post=6266"},{"taxonomy":"product_tag","embeddable":true,"href":"https:\/\/jinhuaceramic.com\/es\/wp-json\/wp\/v2\/product_tag?post=6266"}],"curies":[{"name":"wp","href":"https:\/\/api.w.org\/{rel}","templated":true}]}}