{"id":6284,"date":"2024-10-06T07:17:03","date_gmt":"2024-10-06T07:17:03","guid":{"rendered":"https:\/\/jinhuaceramic.com\/?post_type=product&#038;p=6284"},"modified":"2024-10-06T07:21:27","modified_gmt":"2024-10-06T07:21:27","slug":"ceramic-soap-dispenser-bulk","status":"publish","type":"product","link":"https:\/\/jinhuaceramic.com\/es\/product\/ceramic-soap-dispenser-bulk\/","title":{"rendered":"Dispensador de jab\u00f3n de cer\u00e1mica met\u00e1lica a granel, Dispensador de jab\u00f3n personalizado al por mayor"},"content":{"rendered":"<div class=\"wp-block-columns is-layout-flex wp-container-core-columns-is-layout-9d6595d7 wp-block-columns-is-layout-flex\">\n<div class=\"wp-block-column is-layout-flow wp-block-column-is-layout-flow\">\n<h3 class=\"wp-block-heading\">Dispensador de Jab\u00f3n de Cer\u00e1mica Premium a Granel Caracter\u00edsticas:<\/h3>\n\n\n\n<ul class=\"wp-block-list\">\n<li><strong>Dise\u00f1o \u00fanico: <\/strong>Este dispensador de jab\u00f3n de cer\u00e1mica a granel presenta un dise\u00f1o \u00fanico de anillo apilable, que rompe la forma mon\u00f3tona de las botellas de jab\u00f3n tradicionales y parece m\u00e1s vivo e interesante. Las l\u00edneas redondeadas y la superficie lisa proporcionan a las personas una experiencia visual suave y c\u00f3moda.<\/li>\n\n\n\n<li><strong>Material de primera calidad:<\/strong> Fabricados con material cer\u00e1mico de alta calidad, estos dispensadores de jab\u00f3n personalizados al por mayor son duraderos y no se rompen f\u00e1cilmente, lo que garantiza su uso a largo plazo.<\/li>\n\n\n\n<li><strong>Varios colores y tama\u00f1os:<\/strong> Estos dispensadores de jab\u00f3n de cer\u00e1mica a granel vienen en tres colores cl\u00e1sicos: negro, blanco y plata. El negro es misterioso y noble, el blanco es fresco y elegante, y el plateado a\u00f1ade un toque moderno, adecuado para cuartos de ba\u00f1o de diferentes estilos. Los dos tama\u00f1os de botellas de jab\u00f3n de cer\u00e1mica a granel con diferentes capacidades son adecuados para diferentes ocasiones, y los clientes pueden elegir libremente.<\/li>\n\n\n\n<li><strong>Practicidad:<\/strong> Estos dispensadores de jab\u00f3n personalizados al por mayor son perfectos para dispensar jab\u00f3n corporal, jab\u00f3n de manos, loci\u00f3n, champ\u00fa u otros jabones l\u00edquidos. El cabezal de la bomba est\u00e1 razonablemente dise\u00f1ado y f\u00e1cil de presionar, y la cantidad de jab\u00f3n descargado se puede controlar f\u00e1cilmente.<\/li>\n<\/ul>\n<\/div>\n\n\n\n<div class=\"wp-block-column is-layout-flow wp-block-column-is-layout-flow\">\n<figure class=\"wp-block-image size-full\"><img fetchpriority=\"high\" decoding=\"async\" width=\"800\" height=\"800\" src=\"https:\/\/jinhuaceramic.com\/wp-content\/uploads\/2024\/09\/Wholesale-Ceramic-Soap-Dispenser-Bottle-Custom-Bathroom-Accessories-3.webp\" alt=\"Dispensador de Jab\u00f3n de Cer\u00e1mica Met\u00e1lica a Granel, Dispensador de Jab\u00f3n Personalizado al por Mayor-1\" class=\"wp-image-6286\" srcset=\"https:\/\/jinhuaceramic.com\/wp-content\/uploads\/2024\/09\/Wholesale-Ceramic-Soap-Dispenser-Bottle-Custom-Bathroom-Accessories-3.webp 800w, https:\/\/jinhuaceramic.com\/wp-content\/uploads\/2024\/09\/Wholesale-Ceramic-Soap-Dispenser-Bottle-Custom-Bathroom-Accessories-3-300x300.webp 300w, https:\/\/jinhuaceramic.com\/wp-content\/uploads\/2024\/09\/Wholesale-Ceramic-Soap-Dispenser-Bottle-Custom-Bathroom-Accessories-3-150x150.webp 150w, https:\/\/jinhuaceramic.com\/wp-content\/uploads\/2024\/09\/Wholesale-Ceramic-Soap-Dispenser-Bottle-Custom-Bathroom-Accessories-3-768x768.webp 768w, https:\/\/jinhuaceramic.com\/wp-content\/uploads\/2024\/09\/Wholesale-Ceramic-Soap-Dispenser-Bottle-Custom-Bathroom-Accessories-3-12x12.webp 12w, https:\/\/jinhuaceramic.com\/wp-content\/uploads\/2024\/09\/Wholesale-Ceramic-Soap-Dispenser-Bottle-Custom-Bathroom-Accessories-3-285x285.webp 285w, https:\/\/jinhuaceramic.com\/wp-content\/uploads\/2024\/09\/Wholesale-Ceramic-Soap-Dispenser-Bottle-Custom-Bathroom-Accessories-3-270x270.webp 270w, https:\/\/jinhuaceramic.com\/wp-content\/uploads\/2024\/09\/Wholesale-Ceramic-Soap-Dispenser-Bottle-Custom-Bathroom-Accessories-3-540x540.webp 540w, https:\/\/jinhuaceramic.com\/wp-content\/uploads\/2024\/09\/Wholesale-Ceramic-Soap-Dispenser-Bottle-Custom-Bathroom-Accessories-3-660x660.webp 660w\" sizes=\"(max-width: 800px) 100vw, 800px\" \/><\/figure>\n<\/div>\n<\/div>","protected":false},"excerpt":{"rendered":"<p>Bienvenido a los dispensadores de jab\u00f3n personalizados. Estos dispensadores de jab\u00f3n de cer\u00e1mica met\u00e1lica a granel se han ganado el favor de los consumidores por su dise\u00f1o \u00fanico y su excelente practicidad. Fabricado con material cer\u00e1mico de alta calidad, el frasco es resistente y duradero. Adem\u00e1s, su aspecto sencillo pero elegante puede integrarse f\u00e1cilmente en varios estilos de hogar, a\u00f1adiendo un toque art\u00edstico al cuarto de ba\u00f1o.<\/p>","protected":false},"featured_media":6287,"comment_status":"closed","ping_status":"closed","template":"","meta":{"_acf_changed":false},"product_brand":[],"product_cat":[51],"product_tag":[73],"class_list":{"0":"post-6284","1":"product","2":"type-product","3":"status-publish","4":"has-post-thumbnail","6":"product_cat-bathroom-accessories-wholesale","7":"product_tag-custom-soap-dispensers","9":"first","10":"instock","11":"shipping-taxable","12":"product-type-simple"},"acf":[],"_links":{"self":[{"href":"https:\/\/jinhuaceramic.com\/es\/wp-json\/wp\/v2\/product\/6284","targetHints":{"allow":["GET"]}}],"collection":[{"href":"https:\/\/jinhuaceramic.com\/es\/wp-json\/wp\/v2\/product"}],"about":[{"href":"https:\/\/jinhuaceramic.com\/es\/wp-json\/wp\/v2\/types\/product"}],"replies":[{"embeddable":true,"href":"https:\/\/jinhuaceramic.com\/es\/wp-json\/wp\/v2\/comments?post=6284"}],"version-history":[{"count":0,"href":"https:\/\/jinhuaceramic.com\/es\/wp-json\/wp\/v2\/product\/6284\/revisions"}],"wp:featuredmedia":[{"embeddable":true,"href":"https:\/\/jinhuaceramic.com\/es\/wp-json\/wp\/v2\/media\/6287"}],"wp:attachment":[{"href":"https:\/\/jinhuaceramic.com\/es\/wp-json\/wp\/v2\/media?parent=6284"}],"wp:term":[{"taxonomy":"product_brand","embeddable":true,"href":"https:\/\/jinhuaceramic.com\/es\/wp-json\/wp\/v2\/product_brand?post=6284"},{"taxonomy":"product_cat","embeddable":true,"href":"https:\/\/jinhuaceramic.com\/es\/wp-json\/wp\/v2\/product_cat?post=6284"},{"taxonomy":"product_tag","embeddable":true,"href":"https:\/\/jinhuaceramic.com\/es\/wp-json\/wp\/v2\/product_tag?post=6284"}],"curies":[{"name":"wp","href":"https:\/\/api.w.org\/{rel}","templated":true}]}}