{"id":6296,"date":"2024-10-06T07:09:21","date_gmt":"2024-10-06T07:09:21","guid":{"rendered":"https:\/\/jinhuaceramic.com\/?post_type=product&#038;p=6296"},"modified":"2024-10-06T07:20:39","modified_gmt":"2024-10-06T07:20:39","slug":"candle-vessels-wholesale","status":"publish","type":"product","link":"https:\/\/jinhuaceramic.com\/es\/product\/candle-vessels-wholesale\/","title":{"rendered":"Vasos para Velas en Forma de Tulip\u00e1n al por mayor, Tarros Chic para Velas al por mayor"},"content":{"rendered":"<div class=\"wp-block-columns is-layout-flex wp-container-core-columns-is-layout-9d6595d7 wp-block-columns-is-layout-flex\">\n<div class=\"wp-block-column is-layout-flow wp-block-column-is-layout-flow\">\n<h3 class=\"wp-block-heading\">Premium Tulip Shape Candle Vessels Venta al por mayor Caracter\u00edsticas:<\/h3>\n\n\n\n<ul class=\"wp-block-list\">\n<li><strong>Forma de tulip\u00e1n \u00fanica: <\/strong>Estos recipientes de cer\u00e1mica para velas al por mayor est\u00e1n dise\u00f1ados en forma de tulipanes, con p\u00e9talos ligeramente abiertos y una base redondeada en la parte inferior, que en conjunto tiene un aspecto muy vivo.<\/li>\n\n\n\n<li><strong>Paleta de colores suaves:<\/strong> La selecci\u00f3n de colores de estos tarros de cer\u00e1mica para velas a granel es muy suave, incluyendo el blanco, el azul claro, el marr\u00f3n claro y el color calabaza, etc. Estos colores combinan muy armoniosamente, dando a la gente una sensaci\u00f3n c\u00e1lida y confortable. Adem\u00e1s de estos colores, tambi\u00e9n podemos personalizar diferentes colores seg\u00fan los requisitos del cliente.<\/li>\n\n\n\n<li><strong>Material de alta calidad: <\/strong>Estos recipientes para velas tulip\u00e1n al por mayor est\u00e1n fabricados con cer\u00e1mica de alta calidad cocida a altas temperaturas, que tiene una excelente resistencia al calor y durabilidad. Esto garantiza que los tarros puedan soportar el calor de la llama de la vela sin agrietarse ni romperse, proporcionando un recipiente seguro y protegido para sus velas.<\/li>\n\n\n\n<li><strong>Venta al por mayor y personalizaci\u00f3n:<\/strong> Nuestra f\u00e1brica ofrece descuentos al por mayor para pedidos de tarros de velas al por mayor, garantizando tarros de velas al por mayor de calidad a precios competitivos. Adem\u00e1s, tambi\u00e9n ofrecemos servicios de personalizaci\u00f3n para adaptarse al estilo \u00fanico de su marca, ya sea tama\u00f1o, forma, patr\u00f3n, color, logotipo puede ser personalizado.<\/li>\n<\/ul>\n<\/div>\n\n\n\n<div class=\"wp-block-column is-layout-flow wp-block-column-is-layout-flow\">\n<figure class=\"wp-block-image size-full\"><img fetchpriority=\"high\" decoding=\"async\" width=\"790\" height=\"790\" src=\"https:\/\/jinhuaceramic.com\/wp-content\/uploads\/2024\/10\/Wholesale-Tulip-Shape-Ceramic-Candle-Jar-For-Candle-Making-In-Bulk-4.webp\" alt=\"Vasos para Velas en Forma de Tulip\u00e1n al por mayor, Tarros Chic para Velas al por mayor-2\" class=\"wp-image-6299\" srcset=\"https:\/\/jinhuaceramic.com\/wp-content\/uploads\/2024\/10\/Wholesale-Tulip-Shape-Ceramic-Candle-Jar-For-Candle-Making-In-Bulk-4.webp 790w, https:\/\/jinhuaceramic.com\/wp-content\/uploads\/2024\/10\/Wholesale-Tulip-Shape-Ceramic-Candle-Jar-For-Candle-Making-In-Bulk-4-300x300.webp 300w, https:\/\/jinhuaceramic.com\/wp-content\/uploads\/2024\/10\/Wholesale-Tulip-Shape-Ceramic-Candle-Jar-For-Candle-Making-In-Bulk-4-150x150.webp 150w, https:\/\/jinhuaceramic.com\/wp-content\/uploads\/2024\/10\/Wholesale-Tulip-Shape-Ceramic-Candle-Jar-For-Candle-Making-In-Bulk-4-768x768.webp 768w, https:\/\/jinhuaceramic.com\/wp-content\/uploads\/2024\/10\/Wholesale-Tulip-Shape-Ceramic-Candle-Jar-For-Candle-Making-In-Bulk-4-12x12.webp 12w, https:\/\/jinhuaceramic.com\/wp-content\/uploads\/2024\/10\/Wholesale-Tulip-Shape-Ceramic-Candle-Jar-For-Candle-Making-In-Bulk-4-285x285.webp 285w, https:\/\/jinhuaceramic.com\/wp-content\/uploads\/2024\/10\/Wholesale-Tulip-Shape-Ceramic-Candle-Jar-For-Candle-Making-In-Bulk-4-270x270.webp 270w, https:\/\/jinhuaceramic.com\/wp-content\/uploads\/2024\/10\/Wholesale-Tulip-Shape-Ceramic-Candle-Jar-For-Candle-Making-In-Bulk-4-540x540.webp 540w, https:\/\/jinhuaceramic.com\/wp-content\/uploads\/2024\/10\/Wholesale-Tulip-Shape-Ceramic-Candle-Jar-For-Candle-Making-In-Bulk-4-660x660.webp 660w\" sizes=\"(max-width: 790px) 100vw, 790px\" \/><\/figure>\n<\/div>\n<\/div>","protected":false},"excerpt":{"rendered":"<p>Bienvenido a comprar tarros para velas al por mayor. El dise\u00f1o de estos recipientes de cer\u00e1mica para velas al por mayor combina a la perfecci\u00f3n elementos naturales del tulip\u00e1n con un moderno estilo minimalista, creando un ambiente c\u00e1lido y confortable, y es muy adecuado para hacer velas arom\u00e1ticas. No s\u00f3lo son bonitos en apariencia, estos tarros de cer\u00e1mica para velas tienen una estructura estable y son duraderos.<\/p>","protected":false},"featured_media":6298,"comment_status":"closed","ping_status":"closed","template":"","meta":{"_acf_changed":false},"product_brand":[],"product_cat":[52],"product_tag":[66],"class_list":{"0":"post-6296","1":"product","2":"type-product","3":"status-publish","4":"has-post-thumbnail","6":"product_cat-wholesale-candle-containers","7":"product_tag-candle-jars-wholesale","9":"first","10":"instock","11":"shipping-taxable","12":"product-type-simple"},"acf":[],"_links":{"self":[{"href":"https:\/\/jinhuaceramic.com\/es\/wp-json\/wp\/v2\/product\/6296","targetHints":{"allow":["GET"]}}],"collection":[{"href":"https:\/\/jinhuaceramic.com\/es\/wp-json\/wp\/v2\/product"}],"about":[{"href":"https:\/\/jinhuaceramic.com\/es\/wp-json\/wp\/v2\/types\/product"}],"replies":[{"embeddable":true,"href":"https:\/\/jinhuaceramic.com\/es\/wp-json\/wp\/v2\/comments?post=6296"}],"version-history":[{"count":0,"href":"https:\/\/jinhuaceramic.com\/es\/wp-json\/wp\/v2\/product\/6296\/revisions"}],"wp:featuredmedia":[{"embeddable":true,"href":"https:\/\/jinhuaceramic.com\/es\/wp-json\/wp\/v2\/media\/6298"}],"wp:attachment":[{"href":"https:\/\/jinhuaceramic.com\/es\/wp-json\/wp\/v2\/media?parent=6296"}],"wp:term":[{"taxonomy":"product_brand","embeddable":true,"href":"https:\/\/jinhuaceramic.com\/es\/wp-json\/wp\/v2\/product_brand?post=6296"},{"taxonomy":"product_cat","embeddable":true,"href":"https:\/\/jinhuaceramic.com\/es\/wp-json\/wp\/v2\/product_cat?post=6296"},{"taxonomy":"product_tag","embeddable":true,"href":"https:\/\/jinhuaceramic.com\/es\/wp-json\/wp\/v2\/product_tag?post=6296"}],"curies":[{"name":"wp","href":"https:\/\/api.w.org\/{rel}","templated":true}]}}