{"id":6307,"date":"2024-10-06T07:02:11","date_gmt":"2024-10-06T07:02:11","guid":{"rendered":"https:\/\/jinhuaceramic.com\/?post_type=product&#038;p=6307"},"modified":"2024-10-06T07:20:45","modified_gmt":"2024-10-06T07:20:45","slug":"wholesale-candle-jars","status":"publish","type":"product","link":"https:\/\/jinhuaceramic.com\/es\/product\/wholesale-candle-jars\/","title":{"rendered":"Mayorista Tarros para Velas, \u00danicos Vasos de Cer\u00e1mica Blanca para Velas al por Mayor"},"content":{"rendered":"<div class=\"wp-block-columns is-layout-flex wp-container-core-columns-is-layout-9d6595d7 wp-block-columns-is-layout-flex\">\n<div class=\"wp-block-column is-layout-flow wp-block-column-is-layout-flow\">\n<h3 class=\"wp-block-heading\">Tarros de vela al por mayor Premium Unique Caracter\u00edsticas:<\/h3>\n\n\n\n<ul class=\"wp-block-list\">\n<li><strong>Dise\u00f1o \u00fanico:<\/strong> Estos tarros de cer\u00e1mica para velas al por mayor tienen una forma irregular, desigual y una superficie arrugada, como una bolsa de papel arrugada, que contrasta con los tarros para velas redondos y lisos tradicionales. Esta forma irregular y textura r\u00fastica le dan un aspecto muy art\u00edstico y pueden realzar el sabor del ambiente de su hogar.<\/li>\n\n\n\n<li><strong>Tonos suaves:<\/strong> Estos exclusivos tarros de cer\u00e1mica para velas a granel est\u00e1n disponibles en una variedad de colores suaves, como blanco, azul claro, marr\u00f3n claro y calabaza. Estos colores tienen poca saturaci\u00f3n y dan una sensaci\u00f3n c\u00e1lida y acogedora. Adem\u00e1s de estos colores, tambi\u00e9n podemos personalizarlos seg\u00fan los requisitos del cliente.<\/li>\n\n\n\n<li><strong>Material de primera calidad: <\/strong>Estos tarros para velas al por mayor est\u00e1n hechos de arcilla cer\u00e1mica de alta calidad cocida a alta temperatura. El material cer\u00e1mico tiene buena resistencia al calor y durabilidad y puede utilizarse durante mucho tiempo. Adem\u00e1s, la superficie de estos recipientes de cer\u00e1mica para velas al por mayor es lisa y f\u00e1cil de limpiar sin dejar feas manchas.<\/li>\n\n\n\n<li><strong>Reutilizable y respetuoso con el medio ambiente:<\/strong> Una vez consumidas las velas, estos tarros de cer\u00e1mica para velas al por mayor pueden transformarse en portabol\u00edgrafos, joyeros o utilizarse para plantar algunas plantas peque\u00f1as, lo que resulta muy pr\u00e1ctico. En comparaci\u00f3n con los recipientes desechables para velas, los tarros de cer\u00e1mica pueden reutilizarse y son m\u00e1s respetuosos con el medio ambiente.<\/li>\n<\/ul>\n<\/div>\n\n\n\n<div class=\"wp-block-column is-layout-flow wp-block-column-is-layout-flow\">\n<figure class=\"wp-block-image size-full\"><img fetchpriority=\"high\" decoding=\"async\" width=\"800\" height=\"800\" src=\"https:\/\/jinhuaceramic.com\/wp-content\/uploads\/2024\/10\/Wholesale-Unique-Ceramic-Candle-Jar-Personalized-Candle-Vessel-In-Bulk-5.webp\" alt=\"Mayorista Tarros para Velas, Vasos de Cer\u00e1mica Blanca para Velas Bulk-1\" class=\"wp-image-6311\" srcset=\"https:\/\/jinhuaceramic.com\/wp-content\/uploads\/2024\/10\/Wholesale-Unique-Ceramic-Candle-Jar-Personalized-Candle-Vessel-In-Bulk-5.webp 800w, https:\/\/jinhuaceramic.com\/wp-content\/uploads\/2024\/10\/Wholesale-Unique-Ceramic-Candle-Jar-Personalized-Candle-Vessel-In-Bulk-5-300x300.webp 300w, https:\/\/jinhuaceramic.com\/wp-content\/uploads\/2024\/10\/Wholesale-Unique-Ceramic-Candle-Jar-Personalized-Candle-Vessel-In-Bulk-5-150x150.webp 150w, https:\/\/jinhuaceramic.com\/wp-content\/uploads\/2024\/10\/Wholesale-Unique-Ceramic-Candle-Jar-Personalized-Candle-Vessel-In-Bulk-5-768x768.webp 768w, https:\/\/jinhuaceramic.com\/wp-content\/uploads\/2024\/10\/Wholesale-Unique-Ceramic-Candle-Jar-Personalized-Candle-Vessel-In-Bulk-5-12x12.webp 12w, https:\/\/jinhuaceramic.com\/wp-content\/uploads\/2024\/10\/Wholesale-Unique-Ceramic-Candle-Jar-Personalized-Candle-Vessel-In-Bulk-5-285x285.webp 285w, https:\/\/jinhuaceramic.com\/wp-content\/uploads\/2024\/10\/Wholesale-Unique-Ceramic-Candle-Jar-Personalized-Candle-Vessel-In-Bulk-5-270x270.webp 270w, https:\/\/jinhuaceramic.com\/wp-content\/uploads\/2024\/10\/Wholesale-Unique-Ceramic-Candle-Jar-Personalized-Candle-Vessel-In-Bulk-5-540x540.webp 540w, https:\/\/jinhuaceramic.com\/wp-content\/uploads\/2024\/10\/Wholesale-Unique-Ceramic-Candle-Jar-Personalized-Candle-Vessel-In-Bulk-5-660x660.webp 660w\" sizes=\"(max-width: 800px) 100vw, 800px\" \/><\/figure>\n<\/div>\n<\/div>","protected":false},"excerpt":{"rendered":"<p>Bienvenido a comprar recipientes de cer\u00e1mica para velas al por mayor. Estos tarros de cer\u00e1mica para velas al por mayor son populares por su dise\u00f1o de forma \u00fanica, colores suaves y material cer\u00e1mico de alta calidad. Combinando est\u00e9tica y practicidad, estos tarros de velas son adecuados para varios estilos de decoraci\u00f3n del hogar y pueden a\u00f1adir un toque de arte al ambiente del hogar.<\/p>","protected":false},"featured_media":6313,"comment_status":"closed","ping_status":"closed","template":"","meta":{"_acf_changed":false},"product_brand":[],"product_cat":[52],"product_tag":[66],"class_list":{"0":"post-6307","1":"product","2":"type-product","3":"status-publish","4":"has-post-thumbnail","6":"product_cat-wholesale-candle-containers","7":"product_tag-candle-jars-wholesale","9":"first","10":"instock","11":"shipping-taxable","12":"product-type-simple"},"acf":[],"_links":{"self":[{"href":"https:\/\/jinhuaceramic.com\/es\/wp-json\/wp\/v2\/product\/6307","targetHints":{"allow":["GET"]}}],"collection":[{"href":"https:\/\/jinhuaceramic.com\/es\/wp-json\/wp\/v2\/product"}],"about":[{"href":"https:\/\/jinhuaceramic.com\/es\/wp-json\/wp\/v2\/types\/product"}],"replies":[{"embeddable":true,"href":"https:\/\/jinhuaceramic.com\/es\/wp-json\/wp\/v2\/comments?post=6307"}],"version-history":[{"count":0,"href":"https:\/\/jinhuaceramic.com\/es\/wp-json\/wp\/v2\/product\/6307\/revisions"}],"wp:featuredmedia":[{"embeddable":true,"href":"https:\/\/jinhuaceramic.com\/es\/wp-json\/wp\/v2\/media\/6313"}],"wp:attachment":[{"href":"https:\/\/jinhuaceramic.com\/es\/wp-json\/wp\/v2\/media?parent=6307"}],"wp:term":[{"taxonomy":"product_brand","embeddable":true,"href":"https:\/\/jinhuaceramic.com\/es\/wp-json\/wp\/v2\/product_brand?post=6307"},{"taxonomy":"product_cat","embeddable":true,"href":"https:\/\/jinhuaceramic.com\/es\/wp-json\/wp\/v2\/product_cat?post=6307"},{"taxonomy":"product_tag","embeddable":true,"href":"https:\/\/jinhuaceramic.com\/es\/wp-json\/wp\/v2\/product_tag?post=6307"}],"curies":[{"name":"wp","href":"https:\/\/api.w.org\/{rel}","templated":true}]}}