{"id":6328,"date":"2024-10-09T01:47:15","date_gmt":"2024-10-09T01:47:15","guid":{"rendered":"https:\/\/jinhuaceramic.com\/?post_type=product&#038;p=6328"},"modified":"2024-10-09T01:50:16","modified_gmt":"2024-10-09T01:50:16","slug":"wholesale-candle-vessels","status":"publish","type":"product","link":"https:\/\/jinhuaceramic.com\/es\/product\/wholesale-candle-vessels\/","title":{"rendered":"Recipientes para velas en forma de huevo al por mayor, Recipiente para velas a granel"},"content":{"rendered":"<div class=\"wp-block-columns is-layout-flex wp-container-core-columns-is-layout-9d6595d7 wp-block-columns-is-layout-flex\">\n<div class=\"wp-block-column is-layout-flow wp-block-column-is-layout-flow\">\n<h3 class=\"wp-block-heading\">Recipientes para velas al por mayor de primera calidad Caracter\u00edsticas:<\/h3>\n\n\n\n<ul class=\"wp-block-list\">\n<li><strong>Dise\u00f1o \u00fanico:<\/strong> Estos recipientes de cer\u00e1mica para velas al por mayor presentan un dise\u00f1o natural \u00fanico. La forma es muy realista imitando la de un huevo, incluida la textura de la c\u00e1scara, los bordes agrietados y otros detalles. En algunas fiestas concretas, como Semana Santa y San Valent\u00edn, los recipientes para velas al por mayor con forma de huevo pueden utilizarse como decoraci\u00f3n festiva para a\u00f1adir un toque de ambiente festivo.<\/li>\n\n\n\n<li><strong>Material de primera calidad:<\/strong> Estos recipientes para velas en forma de huevo a granel est\u00e1n fabricados con material cer\u00e1mico de alta calidad, que tiene una buena resistencia al calor, no es t\u00f3xico ni nocivo, lo que garantiza la combusti\u00f3n segura de las velas. Al mismo tiempo, los tarros de cer\u00e1mica para velas no son f\u00e1ciles de deformar y pueden utilizarse durante mucho tiempo.<\/li>\n\n\n\n<li><strong>Varios colores: <\/strong>Estos recipientes para velas al por mayor est\u00e1n disponibles en varios colores, como rosa, blanco, negro, etc., para satisfacer las preferencias de diferentes personas y las necesidades de estilos de decoraci\u00f3n del hogar. Como fabricante, tambi\u00e9n podemos personalizar otros colores seg\u00fan los requisitos del cliente.<\/li>\n\n\n\n<li><strong>Reutilizable y respetuoso con el medio ambiente:<\/strong> Una vez consumidas las velas, estos tarros de cer\u00e1mica a granel pueden utilizarse para colocar peque\u00f1os objetos, como llaves, monedas, o como peque\u00f1as macetas, lo que resulta muy pr\u00e1ctico. En comparaci\u00f3n con los recipientes desechables para velas, los tarros de cer\u00e1mica pueden reutilizarse y son m\u00e1s respetuosos con el medio ambiente.<\/li>\n<\/ul>\n<\/div>\n\n\n\n<div class=\"wp-block-column is-layout-flow wp-block-column-is-layout-flow\">\n<figure class=\"wp-block-image size-full\"><img fetchpriority=\"high\" decoding=\"async\" width=\"1000\" height=\"1000\" src=\"https:\/\/jinhuaceramic.com\/wp-content\/uploads\/2024\/10\/Wholesale-Egg-Shape-Ceramic-Candle-Jar-Custom-Empty-Vessel-For-Candle-Making-4.webp\" alt=\"Recipientes para velas en forma de huevo al por mayor, Recipientes para velas Bulk-1\" class=\"wp-image-6331\" srcset=\"https:\/\/jinhuaceramic.com\/wp-content\/uploads\/2024\/10\/Wholesale-Egg-Shape-Ceramic-Candle-Jar-Custom-Empty-Vessel-For-Candle-Making-4.webp 1000w, https:\/\/jinhuaceramic.com\/wp-content\/uploads\/2024\/10\/Wholesale-Egg-Shape-Ceramic-Candle-Jar-Custom-Empty-Vessel-For-Candle-Making-4-300x300.webp 300w, https:\/\/jinhuaceramic.com\/wp-content\/uploads\/2024\/10\/Wholesale-Egg-Shape-Ceramic-Candle-Jar-Custom-Empty-Vessel-For-Candle-Making-4-150x150.webp 150w, https:\/\/jinhuaceramic.com\/wp-content\/uploads\/2024\/10\/Wholesale-Egg-Shape-Ceramic-Candle-Jar-Custom-Empty-Vessel-For-Candle-Making-4-768x768.webp 768w, https:\/\/jinhuaceramic.com\/wp-content\/uploads\/2024\/10\/Wholesale-Egg-Shape-Ceramic-Candle-Jar-Custom-Empty-Vessel-For-Candle-Making-4-12x12.webp 12w, https:\/\/jinhuaceramic.com\/wp-content\/uploads\/2024\/10\/Wholesale-Egg-Shape-Ceramic-Candle-Jar-Custom-Empty-Vessel-For-Candle-Making-4-285x285.webp 285w, https:\/\/jinhuaceramic.com\/wp-content\/uploads\/2024\/10\/Wholesale-Egg-Shape-Ceramic-Candle-Jar-Custom-Empty-Vessel-For-Candle-Making-4-270x270.webp 270w, https:\/\/jinhuaceramic.com\/wp-content\/uploads\/2024\/10\/Wholesale-Egg-Shape-Ceramic-Candle-Jar-Custom-Empty-Vessel-For-Candle-Making-4-540x540.webp 540w, https:\/\/jinhuaceramic.com\/wp-content\/uploads\/2024\/10\/Wholesale-Egg-Shape-Ceramic-Candle-Jar-Custom-Empty-Vessel-For-Candle-Making-4-660x660.webp 660w\" sizes=\"(max-width: 1000px) 100vw, 1000px\" \/><\/figure>\n<\/div>\n<\/div>","protected":false},"excerpt":{"rendered":"<p>Bienvenido a comprar recipientes para velas al por mayor. Estos recipientes de cer\u00e1mica para velas al por mayor son populares por su singular forma de huevo, sus diversos colores y su material cer\u00e1mico de alta calidad. El dise\u00f1o de c\u00e1scara de huevo rota atrae la atenci\u00f3n de los consumidores, y el material cer\u00e1mico de alta calidad es resistente y duradero, combinando belleza y practicidad, haciendo de estos recipientes para velas un \u00e9xito de ventas en la decoraci\u00f3n del hogar.<\/p>","protected":false},"featured_media":6330,"comment_status":"closed","ping_status":"closed","template":"","meta":{"_acf_changed":false},"product_brand":[],"product_cat":[52],"product_tag":[66],"class_list":{"0":"post-6328","1":"product","2":"type-product","3":"status-publish","4":"has-post-thumbnail","6":"product_cat-wholesale-candle-containers","7":"product_tag-candle-jars-wholesale","9":"first","10":"instock","11":"shipping-taxable","12":"product-type-simple"},"acf":[],"_links":{"self":[{"href":"https:\/\/jinhuaceramic.com\/es\/wp-json\/wp\/v2\/product\/6328","targetHints":{"allow":["GET"]}}],"collection":[{"href":"https:\/\/jinhuaceramic.com\/es\/wp-json\/wp\/v2\/product"}],"about":[{"href":"https:\/\/jinhuaceramic.com\/es\/wp-json\/wp\/v2\/types\/product"}],"replies":[{"embeddable":true,"href":"https:\/\/jinhuaceramic.com\/es\/wp-json\/wp\/v2\/comments?post=6328"}],"version-history":[{"count":0,"href":"https:\/\/jinhuaceramic.com\/es\/wp-json\/wp\/v2\/product\/6328\/revisions"}],"wp:featuredmedia":[{"embeddable":true,"href":"https:\/\/jinhuaceramic.com\/es\/wp-json\/wp\/v2\/media\/6330"}],"wp:attachment":[{"href":"https:\/\/jinhuaceramic.com\/es\/wp-json\/wp\/v2\/media?parent=6328"}],"wp:term":[{"taxonomy":"product_brand","embeddable":true,"href":"https:\/\/jinhuaceramic.com\/es\/wp-json\/wp\/v2\/product_brand?post=6328"},{"taxonomy":"product_cat","embeddable":true,"href":"https:\/\/jinhuaceramic.com\/es\/wp-json\/wp\/v2\/product_cat?post=6328"},{"taxonomy":"product_tag","embeddable":true,"href":"https:\/\/jinhuaceramic.com\/es\/wp-json\/wp\/v2\/product_tag?post=6328"}],"curies":[{"name":"wp","href":"https:\/\/api.w.org\/{rel}","templated":true}]}}