{"id":6338,"date":"2024-10-09T01:38:51","date_gmt":"2024-10-09T01:38:51","guid":{"rendered":"https:\/\/jinhuaceramic.com\/?post_type=product&#038;p=6338"},"modified":"2024-10-09T01:38:54","modified_gmt":"2024-10-09T01:38:54","slug":"bulk-ceramic-candle-jars","status":"publish","type":"product","link":"https:\/\/jinhuaceramic.com\/es\/product\/bulk-ceramic-candle-jars\/","title":{"rendered":"Gradient Bulk Candle Jars, Recipientes para velas al por mayor"},"content":{"rendered":"<div class=\"wp-block-columns is-layout-flex wp-container-core-columns-is-layout-9d6595d7 wp-block-columns-is-layout-flex\">\n<div class=\"wp-block-column is-layout-flow wp-block-column-is-layout-flow\">\n<h3 class=\"wp-block-heading\">Tarros de cer\u00e1mica a granel para velas Caracter\u00edsticas:<\/h3>\n\n\n\n<ul class=\"wp-block-list\">\n<li><strong>Estilo sencillo y moderno:<\/strong> La forma general de estos tarros de cer\u00e1mica para velas a granel es sencilla y suave, con l\u00edneas brillantes y sin excesiva decoraci\u00f3n. Este estilo de dise\u00f1o sencillo se ajusta a la est\u00e9tica de la gente moderna y puede combinarse f\u00e1cilmente con diversos estilos de hogar.<\/li>\n\n\n\n<li><strong>Dise\u00f1o de color degradado:<\/strong> Estos recipientes de cer\u00e1mica para velas al por mayor presentan un dise\u00f1o de colores degradados. En comparaci\u00f3n con los tarros de velas monocrom\u00e1ticos, el dise\u00f1o de color degradado no s\u00f3lo enriquece el nivel visual, a\u00f1ade un toque de sentido art\u00edstico, sino que tambi\u00e9n crea un ambiente suave y delicado.<\/li>\n\n\n\n<li><strong>Material de alta calidad:<\/strong> Estos tarros de cer\u00e1mica para velas a granel de color degradado est\u00e1n hechos de cer\u00e1mica de alta calidad, que es resistente a altas temperaturas y tiene buena textura. Al mismo tiempo, los tarros de cer\u00e1mica para velas tambi\u00e9n tienen un cierto efecto de conservaci\u00f3n del calor, que puede prolongar el tiempo de combusti\u00f3n de las velas.<\/li>\n\n\n\n<li><strong>Variedad de colores: <\/strong>Estos recipientes de cer\u00e1mica para velas al por mayor est\u00e1n disponibles en varios colores, como azul degradado, rojo degradado, negro degradado y cian degradado, para satisfacer las preferencias de diferentes personas y las necesidades de estilos de decoraci\u00f3n del hogar. Como fabricante, tambi\u00e9n podemos personalizar otros colores seg\u00fan los requisitos del cliente.<\/li>\n<\/ul>\n<\/div>\n\n\n\n<div class=\"wp-block-column is-layout-flow wp-block-column-is-layout-flow\">\n<figure class=\"wp-block-image size-full\"><img fetchpriority=\"high\" decoding=\"async\" width=\"750\" height=\"750\" src=\"https:\/\/jinhuaceramic.com\/wp-content\/uploads\/2024\/10\/Wholesale-Gradient-Color-Ceramic-Candle-Jars-Empty-Containers-In-Bulk-3.webp\" alt=\"Gradient Bulk Ceramic Candle Jars, Recipientes para velas al por mayor-5\" class=\"wp-image-6340\" srcset=\"https:\/\/jinhuaceramic.com\/wp-content\/uploads\/2024\/10\/Wholesale-Gradient-Color-Ceramic-Candle-Jars-Empty-Containers-In-Bulk-3.webp 750w, https:\/\/jinhuaceramic.com\/wp-content\/uploads\/2024\/10\/Wholesale-Gradient-Color-Ceramic-Candle-Jars-Empty-Containers-In-Bulk-3-300x300.webp 300w, https:\/\/jinhuaceramic.com\/wp-content\/uploads\/2024\/10\/Wholesale-Gradient-Color-Ceramic-Candle-Jars-Empty-Containers-In-Bulk-3-150x150.webp 150w, https:\/\/jinhuaceramic.com\/wp-content\/uploads\/2024\/10\/Wholesale-Gradient-Color-Ceramic-Candle-Jars-Empty-Containers-In-Bulk-3-12x12.webp 12w, https:\/\/jinhuaceramic.com\/wp-content\/uploads\/2024\/10\/Wholesale-Gradient-Color-Ceramic-Candle-Jars-Empty-Containers-In-Bulk-3-285x285.webp 285w, https:\/\/jinhuaceramic.com\/wp-content\/uploads\/2024\/10\/Wholesale-Gradient-Color-Ceramic-Candle-Jars-Empty-Containers-In-Bulk-3-270x270.webp 270w, https:\/\/jinhuaceramic.com\/wp-content\/uploads\/2024\/10\/Wholesale-Gradient-Color-Ceramic-Candle-Jars-Empty-Containers-In-Bulk-3-540x540.webp 540w, https:\/\/jinhuaceramic.com\/wp-content\/uploads\/2024\/10\/Wholesale-Gradient-Color-Ceramic-Candle-Jars-Empty-Containers-In-Bulk-3-660x660.webp 660w\" sizes=\"(max-width: 750px) 100vw, 750px\" \/><\/figure>\n<\/div>\n<\/div>","protected":false},"excerpt":{"rendered":"<p>Bienvenido a comprar recipientes para velas al por mayor. Estos tarros de cer\u00e1mica para velas al por mayor destacan por su elegante dise\u00f1o de colores degradados y su sencillo estilo moderno. No s\u00f3lo son hermosos en apariencia, estos tarros de velas tienen una textura de cer\u00e1mica de alta calidad, no son t\u00f3xicos e inofensivos, y son seguros de usar.\u00a0<\/p>","protected":false},"featured_media":6344,"comment_status":"closed","ping_status":"closed","template":"","meta":{"_acf_changed":false},"product_brand":[],"product_cat":[52],"product_tag":[66],"class_list":{"0":"post-6338","1":"product","2":"type-product","3":"status-publish","4":"has-post-thumbnail","6":"product_cat-wholesale-candle-containers","7":"product_tag-candle-jars-wholesale","9":"first","10":"instock","11":"shipping-taxable","12":"product-type-simple"},"acf":[],"_links":{"self":[{"href":"https:\/\/jinhuaceramic.com\/es\/wp-json\/wp\/v2\/product\/6338","targetHints":{"allow":["GET"]}}],"collection":[{"href":"https:\/\/jinhuaceramic.com\/es\/wp-json\/wp\/v2\/product"}],"about":[{"href":"https:\/\/jinhuaceramic.com\/es\/wp-json\/wp\/v2\/types\/product"}],"replies":[{"embeddable":true,"href":"https:\/\/jinhuaceramic.com\/es\/wp-json\/wp\/v2\/comments?post=6338"}],"version-history":[{"count":0,"href":"https:\/\/jinhuaceramic.com\/es\/wp-json\/wp\/v2\/product\/6338\/revisions"}],"wp:featuredmedia":[{"embeddable":true,"href":"https:\/\/jinhuaceramic.com\/es\/wp-json\/wp\/v2\/media\/6344"}],"wp:attachment":[{"href":"https:\/\/jinhuaceramic.com\/es\/wp-json\/wp\/v2\/media?parent=6338"}],"wp:term":[{"taxonomy":"product_brand","embeddable":true,"href":"https:\/\/jinhuaceramic.com\/es\/wp-json\/wp\/v2\/product_brand?post=6338"},{"taxonomy":"product_cat","embeddable":true,"href":"https:\/\/jinhuaceramic.com\/es\/wp-json\/wp\/v2\/product_cat?post=6338"},{"taxonomy":"product_tag","embeddable":true,"href":"https:\/\/jinhuaceramic.com\/es\/wp-json\/wp\/v2\/product_tag?post=6338"}],"curies":[{"name":"wp","href":"https:\/\/api.w.org\/{rel}","templated":true}]}}