{"id":6354,"date":"2024-10-11T02:32:05","date_gmt":"2024-10-11T02:32:05","guid":{"rendered":"https:\/\/jinhuaceramic.com\/?post_type=product&#038;p=6354"},"modified":"2024-10-11T02:32:06","modified_gmt":"2024-10-11T02:32:06","slug":"candle-vessels-bulk","status":"publish","type":"product","link":"https:\/\/jinhuaceramic.com\/es\/product\/candle-vessels-bulk\/","title":{"rendered":"Recipientes de Ceramica Geometricos para Velas al por mayor, Tarros de Velas Mate al por mayor"},"content":{"rendered":"<div class=\"wp-block-columns is-layout-flex wp-container-core-columns-is-layout-9d6595d7 wp-block-columns-is-layout-flex\">\n<div class=\"wp-block-column is-layout-flow wp-block-column-is-layout-flow\">\n<h3 class=\"wp-block-heading\">Recipientes para velas a granel de primera calidad Caracter\u00edsticas:<\/h3>\n\n\n\n<ul class=\"wp-block-list\">\n<li><strong>Dise\u00f1o elegante:<\/strong> Estos recipientes de cer\u00e1mica para velas a granel tienen un dise\u00f1o geom\u00e9trico \u00fanico, sencillo y elegante. Las l\u00edneas geom\u00e9tricas de los recipientes para velas son suaves y claras, lo que da una sensaci\u00f3n de sofisticaci\u00f3n, y pueden integrarse f\u00e1cilmente en diversos estilos de decoraci\u00f3n de interiores.<\/li>\n\n\n\n<li><strong>Material cer\u00e1mico de alta calidad:<\/strong> Estos tarros de vela mate al por mayor son duros y resistentes al desgaste, no se deforman f\u00e1cilmente y pueden utilizarse durante mucho tiempo. Incluso si la vela se quema muchas veces, no se da\u00f1ar\u00e1 f\u00e1cilmente y se puede utilizar repetidamente.<\/li>\n\n\n\n<li><strong>Tonos suaves mate:<\/strong> Estos recipientes de cer\u00e1mica para velas a granel est\u00e1n disponibles en una variedad de colores suaves mate, como blanco, azul claro, verde claro, amarillo claro, etc. Estos colores son de baja saturaci\u00f3n, dando a la gente una sensaci\u00f3n c\u00e1lida y confortable. Al mismo tiempo, los colores mate tienen m\u00e1s textura que los brillantes.<\/li>\n\n\n\n<li><strong>Versatilidad:<\/strong> Adem\u00e1s de utilizarse como tarros para velas, estos tarros para velas mate al por mayor tambi\u00e9n pueden utilizarse para guardar peque\u00f1os objetos, peque\u00f1as macetas, etc., que resultan muy pr\u00e1cticos. Cuando las velas se agotan, tambi\u00e9n pueden colocarse en el hogar como decoraci\u00f3n para que sigan desempe\u00f1ando su bello papel.<\/li>\n<\/ul>\n<\/div>\n\n\n\n<div class=\"wp-block-column is-layout-flow wp-block-column-is-layout-flow\">\n<figure class=\"wp-block-image size-full\"><img fetchpriority=\"high\" decoding=\"async\" width=\"800\" height=\"800\" src=\"https:\/\/jinhuaceramic.com\/wp-content\/uploads\/2024\/10\/Matte-Geometric-Ceramic-Candle-Jar-Custom-Candle-Vessel-Wholesale-4.webp\" alt=\"Recipientes de Cer\u00e1mica Geom\u00e9tricos para Velas al por Mayor, Tarros de Velas Mate al por Mayor-1\" class=\"wp-image-6357\" srcset=\"https:\/\/jinhuaceramic.com\/wp-content\/uploads\/2024\/10\/Matte-Geometric-Ceramic-Candle-Jar-Custom-Candle-Vessel-Wholesale-4.webp 800w, https:\/\/jinhuaceramic.com\/wp-content\/uploads\/2024\/10\/Matte-Geometric-Ceramic-Candle-Jar-Custom-Candle-Vessel-Wholesale-4-300x300.webp 300w, https:\/\/jinhuaceramic.com\/wp-content\/uploads\/2024\/10\/Matte-Geometric-Ceramic-Candle-Jar-Custom-Candle-Vessel-Wholesale-4-150x150.webp 150w, https:\/\/jinhuaceramic.com\/wp-content\/uploads\/2024\/10\/Matte-Geometric-Ceramic-Candle-Jar-Custom-Candle-Vessel-Wholesale-4-768x768.webp 768w, https:\/\/jinhuaceramic.com\/wp-content\/uploads\/2024\/10\/Matte-Geometric-Ceramic-Candle-Jar-Custom-Candle-Vessel-Wholesale-4-12x12.webp 12w, https:\/\/jinhuaceramic.com\/wp-content\/uploads\/2024\/10\/Matte-Geometric-Ceramic-Candle-Jar-Custom-Candle-Vessel-Wholesale-4-285x285.webp 285w, https:\/\/jinhuaceramic.com\/wp-content\/uploads\/2024\/10\/Matte-Geometric-Ceramic-Candle-Jar-Custom-Candle-Vessel-Wholesale-4-270x270.webp 270w, https:\/\/jinhuaceramic.com\/wp-content\/uploads\/2024\/10\/Matte-Geometric-Ceramic-Candle-Jar-Custom-Candle-Vessel-Wholesale-4-540x540.webp 540w, https:\/\/jinhuaceramic.com\/wp-content\/uploads\/2024\/10\/Matte-Geometric-Ceramic-Candle-Jar-Custom-Candle-Vessel-Wholesale-4-660x660.webp 660w\" sizes=\"(max-width: 800px) 100vw, 800px\" \/><\/figure>\n<\/div>\n<\/div>\n\n\n\n<p><\/p>","protected":false},"excerpt":{"rendered":"<p>Bienvenido a comprar recipientes de cer\u00e1mica para velas al por mayor. Estos tarros para velas mate al por mayor tienen una textura delicada, y su dise\u00f1o geom\u00e9trico les confiere un aspecto sencillo y elegante. La suave combinaci\u00f3n de colores puede combinarse f\u00e1cilmente con varios estilos de hogar y realzar el sabor del espacio. En general, estos tarros de cer\u00e1mica para velas no s\u00f3lo tienen una bonita apariencia, sino tambi\u00e9n una gran practicidad y buena durabilidad, lo que los convierte en una buena elecci\u00f3n para la decoraci\u00f3n del hogar.<\/p>","protected":false},"featured_media":6356,"comment_status":"closed","ping_status":"closed","template":"","meta":{"_acf_changed":false},"product_brand":[],"product_cat":[52],"product_tag":[66],"class_list":{"0":"post-6354","1":"product","2":"type-product","3":"status-publish","4":"has-post-thumbnail","6":"product_cat-wholesale-candle-containers","7":"product_tag-candle-jars-wholesale","9":"first","10":"instock","11":"shipping-taxable","12":"product-type-simple"},"acf":[],"_links":{"self":[{"href":"https:\/\/jinhuaceramic.com\/es\/wp-json\/wp\/v2\/product\/6354","targetHints":{"allow":["GET"]}}],"collection":[{"href":"https:\/\/jinhuaceramic.com\/es\/wp-json\/wp\/v2\/product"}],"about":[{"href":"https:\/\/jinhuaceramic.com\/es\/wp-json\/wp\/v2\/types\/product"}],"replies":[{"embeddable":true,"href":"https:\/\/jinhuaceramic.com\/es\/wp-json\/wp\/v2\/comments?post=6354"}],"version-history":[{"count":0,"href":"https:\/\/jinhuaceramic.com\/es\/wp-json\/wp\/v2\/product\/6354\/revisions"}],"wp:featuredmedia":[{"embeddable":true,"href":"https:\/\/jinhuaceramic.com\/es\/wp-json\/wp\/v2\/media\/6356"}],"wp:attachment":[{"href":"https:\/\/jinhuaceramic.com\/es\/wp-json\/wp\/v2\/media?parent=6354"}],"wp:term":[{"taxonomy":"product_brand","embeddable":true,"href":"https:\/\/jinhuaceramic.com\/es\/wp-json\/wp\/v2\/product_brand?post=6354"},{"taxonomy":"product_cat","embeddable":true,"href":"https:\/\/jinhuaceramic.com\/es\/wp-json\/wp\/v2\/product_cat?post=6354"},{"taxonomy":"product_tag","embeddable":true,"href":"https:\/\/jinhuaceramic.com\/es\/wp-json\/wp\/v2\/product_tag?post=6354"}],"curies":[{"name":"wp","href":"https:\/\/api.w.org\/{rel}","templated":true}]}}