{"id":6364,"date":"2024-10-11T02:38:56","date_gmt":"2024-10-11T02:38:56","guid":{"rendered":"https:\/\/jinhuaceramic.com\/?post_type=product&#038;p=6364"},"modified":"2024-10-11T02:38:58","modified_gmt":"2024-10-11T02:38:58","slug":"candle-jars-wholesale-with-lids","status":"publish","type":"product","link":"https:\/\/jinhuaceramic.com\/es\/product\/candle-jars-wholesale-with-lids\/","title":{"rendered":"Mayorista de Tarros de Cer\u00e1mica con Tapa, Recipientes a Granel para Velas"},"content":{"rendered":"<div class=\"wp-block-columns is-layout-flex wp-container-core-columns-is-layout-9d6595d7 wp-block-columns-is-layout-flex\">\n<div class=\"wp-block-column is-layout-flow wp-block-column-is-layout-flow\">\n<h3 class=\"wp-block-heading\">Tarros de Vela Premium al por mayor con tapas Caracter\u00edsticas:<\/h3>\n\n\n\n<ul class=\"wp-block-list\">\n<li><strong>Dise\u00f1o minimalista: <\/strong>Estos tarros de cer\u00e1mica para velas al por mayor con tapa presentan un dise\u00f1o cil\u00edndrico minimalista, y los colores blanco y negro son muy sencillos y elegantes, adecuados para una gran variedad de estilos de hogar. El adorno de la tapa de bamb\u00fa a\u00f1ade un toque de naturaleza. Tambi\u00e9n hay un sutil dise\u00f1o de textura en el tarro de cer\u00e1mica, que lo hace m\u00e1s avanzado.<\/li>\n\n\n\n<li><strong>Material de primera calidad: <\/strong>Estos recipientes para velas a granel est\u00e1n hechos de arcilla cer\u00e1mica de alta calidad cocida a alta temperatura, por lo que tienen una buena resistencia al calor y pueden soportar la alta temperatura generada por la combusti\u00f3n de las velas. No son f\u00e1ciles de deformar ni agrietar, lo que garantiza un uso seguro.<\/li>\n\n\n\n<li><strong>Pr\u00e1ctica tapa de bamb\u00fa:<\/strong> Estos recipientes para velas a granel est\u00e1n equipados con una tapa de bamb\u00fa herm\u00e9tica, que ayuda a mantener el aroma de la vela, evitar que caiga polvo y otras suciedades y preservar la calidad de la vela cuando no se utiliza.<\/li>\n\n\n\n<li><strong>Venta al por mayor y personalizaci\u00f3n:<\/strong> Nuestra f\u00e1brica ofrece descuentos en pedidos al por mayor para satisfacer las necesidades de los comerciantes que buscan comprar tarros de cer\u00e1mica para velas al por mayor con tapa a gran escala. Adem\u00e1s, ofrecemos servicios de personalizaci\u00f3n a medida, lo que permite a los clientes personalizar colores, tama\u00f1os, patrones, etc. para crear velas perfumadas \u00fanicas adecuadas para sus propias marcas.<\/li>\n<\/ul>\n<\/div>\n\n\n\n<div class=\"wp-block-column is-layout-flow wp-block-column-is-layout-flow\">\n<figure class=\"wp-block-image size-full\"><img fetchpriority=\"high\" decoding=\"async\" width=\"750\" height=\"750\" src=\"https:\/\/jinhuaceramic.com\/wp-content\/uploads\/2024\/10\/Minimalist-Ceramic-Candle-Jar-With-Bamboo-Lid-Wholesale-Candle-Container-4.webp\" alt=\"Chic Tarros de Cer\u00e1mica para Velas al por mayor con tapas, Recipientes para velas a granel-1\" class=\"wp-image-6367\" srcset=\"https:\/\/jinhuaceramic.com\/wp-content\/uploads\/2024\/10\/Minimalist-Ceramic-Candle-Jar-With-Bamboo-Lid-Wholesale-Candle-Container-4.webp 750w, https:\/\/jinhuaceramic.com\/wp-content\/uploads\/2024\/10\/Minimalist-Ceramic-Candle-Jar-With-Bamboo-Lid-Wholesale-Candle-Container-4-300x300.webp 300w, https:\/\/jinhuaceramic.com\/wp-content\/uploads\/2024\/10\/Minimalist-Ceramic-Candle-Jar-With-Bamboo-Lid-Wholesale-Candle-Container-4-150x150.webp 150w, https:\/\/jinhuaceramic.com\/wp-content\/uploads\/2024\/10\/Minimalist-Ceramic-Candle-Jar-With-Bamboo-Lid-Wholesale-Candle-Container-4-12x12.webp 12w, https:\/\/jinhuaceramic.com\/wp-content\/uploads\/2024\/10\/Minimalist-Ceramic-Candle-Jar-With-Bamboo-Lid-Wholesale-Candle-Container-4-285x285.webp 285w, https:\/\/jinhuaceramic.com\/wp-content\/uploads\/2024\/10\/Minimalist-Ceramic-Candle-Jar-With-Bamboo-Lid-Wholesale-Candle-Container-4-270x270.webp 270w, https:\/\/jinhuaceramic.com\/wp-content\/uploads\/2024\/10\/Minimalist-Ceramic-Candle-Jar-With-Bamboo-Lid-Wholesale-Candle-Container-4-540x540.webp 540w, https:\/\/jinhuaceramic.com\/wp-content\/uploads\/2024\/10\/Minimalist-Ceramic-Candle-Jar-With-Bamboo-Lid-Wholesale-Candle-Container-4-660x660.webp 660w\" sizes=\"(max-width: 750px) 100vw, 750px\" \/><\/figure>\n<\/div>\n<\/div>","protected":false},"excerpt":{"rendered":"<p>Bienvenido a comprar recipientes para velas al por mayor. Nuestros tarros de cer\u00e1mica para velas al por mayor con tapa son muy apreciados en el mercado. Estos tarros de vela de cer\u00e1mica al por mayor adoptan un dise\u00f1o exquisito, materiales de alta calidad, amplia aplicabilidad y ventajas al por mayor, proporcionando una opci\u00f3n de producto ideal para los fabricantes de velas de aromaterapia, trayendo m\u00e1s posibilidades decorativas para diversas ocasiones.<\/p>","protected":false},"featured_media":6369,"comment_status":"closed","ping_status":"closed","template":"","meta":{"_acf_changed":false},"product_brand":[],"product_cat":[52],"product_tag":[67],"class_list":{"0":"post-6364","1":"product","2":"type-product","3":"status-publish","4":"has-post-thumbnail","6":"product_cat-wholesale-candle-containers","7":"product_tag-bulk-candle-jars-with-lids","9":"first","10":"instock","11":"shipping-taxable","12":"product-type-simple"},"acf":[],"_links":{"self":[{"href":"https:\/\/jinhuaceramic.com\/es\/wp-json\/wp\/v2\/product\/6364","targetHints":{"allow":["GET"]}}],"collection":[{"href":"https:\/\/jinhuaceramic.com\/es\/wp-json\/wp\/v2\/product"}],"about":[{"href":"https:\/\/jinhuaceramic.com\/es\/wp-json\/wp\/v2\/types\/product"}],"replies":[{"embeddable":true,"href":"https:\/\/jinhuaceramic.com\/es\/wp-json\/wp\/v2\/comments?post=6364"}],"version-history":[{"count":0,"href":"https:\/\/jinhuaceramic.com\/es\/wp-json\/wp\/v2\/product\/6364\/revisions"}],"wp:featuredmedia":[{"embeddable":true,"href":"https:\/\/jinhuaceramic.com\/es\/wp-json\/wp\/v2\/media\/6369"}],"wp:attachment":[{"href":"https:\/\/jinhuaceramic.com\/es\/wp-json\/wp\/v2\/media?parent=6364"}],"wp:term":[{"taxonomy":"product_brand","embeddable":true,"href":"https:\/\/jinhuaceramic.com\/es\/wp-json\/wp\/v2\/product_brand?post=6364"},{"taxonomy":"product_cat","embeddable":true,"href":"https:\/\/jinhuaceramic.com\/es\/wp-json\/wp\/v2\/product_cat?post=6364"},{"taxonomy":"product_tag","embeddable":true,"href":"https:\/\/jinhuaceramic.com\/es\/wp-json\/wp\/v2\/product_tag?post=6364"}],"curies":[{"name":"wp","href":"https:\/\/api.w.org\/{rel}","templated":true}]}}