{"id":6393,"date":"2024-10-12T06:14:08","date_gmt":"2024-10-12T06:14:08","guid":{"rendered":"https:\/\/jinhuaceramic.com\/?post_type=product&#038;p=6393"},"modified":"2024-10-15T07:22:55","modified_gmt":"2024-10-15T07:22:55","slug":"wholesale-candle-containers","status":"publish","type":"product","link":"https:\/\/jinhuaceramic.com\/es\/product\/wholesale-candle-containers\/","title":{"rendered":"Recipientes para velas al por mayor en forma de tulip\u00e1n, Recipientes de cer\u00e1mica vac\u00edos para velas al por mayor"},"content":{"rendered":"<div class=\"wp-block-columns is-layout-flex wp-container-core-columns-is-layout-9d6595d7 wp-block-columns-is-layout-flex\">\n<div class=\"wp-block-column is-layout-flow wp-block-column-is-layout-flow\">\n<h3 class=\"wp-block-heading\">Recipientes para velas al por mayor de primera calidad Caracter\u00edsticas:<\/h3>\n\n\n\n<ul class=\"wp-block-list\">\n<li><strong>Forma de tulip\u00e1n \u00fanica:<\/strong> Estos recipientes para velas al por mayor tienen forma de tulip\u00e1n, con l\u00edneas suaves y formas \u00fanicas, que resultan m\u00e1s art\u00edsticas e interesantes que los tradicionales tarros para velas redondos o cuadrados. La textura de los p\u00e9talos de tulip\u00e1n es delicada y realista, lo que aumenta el sentido tridimensional y la estratificaci\u00f3n de los tarros de velas.<\/li>\n\n\n\n<li><strong>Material cer\u00e1mico de alta calidad:<\/strong> Estos recipientes vac\u00edos para velas a granel est\u00e1n fabricados con material cer\u00e1mico duradero de alta calidad, que soporta altas temperaturas y evita que se agriete, garantizando una vida \u00fatil larga y fiable. La superficie lisa de cer\u00e1mica no solo tiene un aspecto elegante, sino que tambi\u00e9n es f\u00e1cil de limpiar y mantener.<\/li>\n\n\n\n<li><strong>Variedad de colores:<\/strong> Estos recipientes para velas al por mayor vienen en una variedad de colores, como amarillo, blanco, marr\u00f3n, azul, con tonos suaves y baja saturaci\u00f3n, que dan a la gente una sensaci\u00f3n fresca y natural, muy adecuada para el estilo de hogar moderno y sencillo. Como fabricante, tambi\u00e9n podemos personalizar otros colores seg\u00fan los requisitos del cliente.<\/li>\n\n\n\n<li><strong>Reutilizable y respetuoso con el medio ambiente: <\/strong>Una vez consumidas las velas, estos recipientes vac\u00edos para velas a granel pueden transformarse en portacepillos de maquillaje, portabol\u00edgrafos o utilizarse para colocar peque\u00f1os objetos como llaves y monedas, lo que resulta muy pr\u00e1ctico. En comparaci\u00f3n con los recipientes met\u00e1licos desechables para velas, los tarros de cer\u00e1mica pueden reutilizarse y son m\u00e1s respetuosos con el medio ambiente.<\/li>\n<\/ul>\n<\/div>\n\n\n\n<div class=\"wp-block-column is-layout-flow wp-block-column-is-layout-flow\">\n<figure class=\"wp-block-image size-full\"><img fetchpriority=\"high\" decoding=\"async\" width=\"1600\" height=\"1600\" src=\"https:\/\/jinhuaceramic.com\/wp-content\/uploads\/2024\/10\/Tulip-Shape-Ceramic-Candle-Jars-Wholesale-Empty-Vessel-For-Candle-Making-6.webp\" alt=\"Recipientes para velas al por mayor en forma de tulip\u00e1n, Recipientes vac\u00edos de cer\u00e1mica para velas Bulk-2\" class=\"wp-image-6398\" srcset=\"https:\/\/jinhuaceramic.com\/wp-content\/uploads\/2024\/10\/Tulip-Shape-Ceramic-Candle-Jars-Wholesale-Empty-Vessel-For-Candle-Making-6.webp 1600w, https:\/\/jinhuaceramic.com\/wp-content\/uploads\/2024\/10\/Tulip-Shape-Ceramic-Candle-Jars-Wholesale-Empty-Vessel-For-Candle-Making-6-300x300.webp 300w, https:\/\/jinhuaceramic.com\/wp-content\/uploads\/2024\/10\/Tulip-Shape-Ceramic-Candle-Jars-Wholesale-Empty-Vessel-For-Candle-Making-6-150x150.webp 150w, https:\/\/jinhuaceramic.com\/wp-content\/uploads\/2024\/10\/Tulip-Shape-Ceramic-Candle-Jars-Wholesale-Empty-Vessel-For-Candle-Making-6-768x768.webp 768w, https:\/\/jinhuaceramic.com\/wp-content\/uploads\/2024\/10\/Tulip-Shape-Ceramic-Candle-Jars-Wholesale-Empty-Vessel-For-Candle-Making-6-12x12.webp 12w, https:\/\/jinhuaceramic.com\/wp-content\/uploads\/2024\/10\/Tulip-Shape-Ceramic-Candle-Jars-Wholesale-Empty-Vessel-For-Candle-Making-6-285x285.webp 285w, https:\/\/jinhuaceramic.com\/wp-content\/uploads\/2024\/10\/Tulip-Shape-Ceramic-Candle-Jars-Wholesale-Empty-Vessel-For-Candle-Making-6-270x270.webp 270w, https:\/\/jinhuaceramic.com\/wp-content\/uploads\/2024\/10\/Tulip-Shape-Ceramic-Candle-Jars-Wholesale-Empty-Vessel-For-Candle-Making-6-540x540.webp 540w, https:\/\/jinhuaceramic.com\/wp-content\/uploads\/2024\/10\/Tulip-Shape-Ceramic-Candle-Jars-Wholesale-Empty-Vessel-For-Candle-Making-6-660x660.webp 660w\" sizes=\"(max-width: 1600px) 100vw, 1600px\" \/><\/figure>\n<\/div>\n<\/div>","protected":false},"excerpt":{"rendered":"<p>Bienvenido a comprar recipientes para velas al por mayor. Estos recipientes para velas al por mayor son populares por su exclusivo dise\u00f1o de tulip\u00e1n, sus diversos colores y su duradera construcci\u00f3n de cer\u00e1mica. La combinaci\u00f3n de bella apariencia y practicidad hace de estos recipientes para velas la mejor elecci\u00f3n para la decoraci\u00f3n del hogar.<\/p>","protected":false},"featured_media":6395,"comment_status":"closed","ping_status":"closed","template":"","meta":{"_acf_changed":false},"product_brand":[],"product_cat":[52],"product_tag":[66],"class_list":{"0":"post-6393","1":"product","2":"type-product","3":"status-publish","4":"has-post-thumbnail","6":"product_cat-wholesale-candle-containers","7":"product_tag-candle-jars-wholesale","9":"first","10":"instock","11":"shipping-taxable","12":"product-type-simple"},"acf":[],"_links":{"self":[{"href":"https:\/\/jinhuaceramic.com\/es\/wp-json\/wp\/v2\/product\/6393","targetHints":{"allow":["GET"]}}],"collection":[{"href":"https:\/\/jinhuaceramic.com\/es\/wp-json\/wp\/v2\/product"}],"about":[{"href":"https:\/\/jinhuaceramic.com\/es\/wp-json\/wp\/v2\/types\/product"}],"replies":[{"embeddable":true,"href":"https:\/\/jinhuaceramic.com\/es\/wp-json\/wp\/v2\/comments?post=6393"}],"version-history":[{"count":0,"href":"https:\/\/jinhuaceramic.com\/es\/wp-json\/wp\/v2\/product\/6393\/revisions"}],"wp:featuredmedia":[{"embeddable":true,"href":"https:\/\/jinhuaceramic.com\/es\/wp-json\/wp\/v2\/media\/6395"}],"wp:attachment":[{"href":"https:\/\/jinhuaceramic.com\/es\/wp-json\/wp\/v2\/media?parent=6393"}],"wp:term":[{"taxonomy":"product_brand","embeddable":true,"href":"https:\/\/jinhuaceramic.com\/es\/wp-json\/wp\/v2\/product_brand?post=6393"},{"taxonomy":"product_cat","embeddable":true,"href":"https:\/\/jinhuaceramic.com\/es\/wp-json\/wp\/v2\/product_cat?post=6393"},{"taxonomy":"product_tag","embeddable":true,"href":"https:\/\/jinhuaceramic.com\/es\/wp-json\/wp\/v2\/product_tag?post=6393"}],"curies":[{"name":"wp","href":"https:\/\/api.w.org\/{rel}","templated":true}]}}