{"id":6471,"date":"2024-10-15T07:22:08","date_gmt":"2024-10-15T07:22:08","guid":{"rendered":"https:\/\/jinhuaceramic.com\/?post_type=product&#038;p=6471"},"modified":"2024-10-15T07:22:47","modified_gmt":"2024-10-15T07:22:47","slug":"candle-container-wholesale","status":"publish","type":"product","link":"https:\/\/jinhuaceramic.com\/es\/product\/candle-container-wholesale\/","title":{"rendered":"Recipiente Minimalista para Velas al por mayor, Recipientes de Lujo para Velas al por mayor"},"content":{"rendered":"<div class=\"wp-block-columns is-layout-flex wp-container-core-columns-is-layout-9d6595d7 wp-block-columns-is-layout-flex\">\n<div class=\"wp-block-column is-layout-flow wp-block-column-is-layout-flow\">\n<h3 class=\"wp-block-heading\">Premium Candle Container Wholesale Caracter\u00edsticas:<\/h3>\n\n\n\n<ul class=\"wp-block-list\">\n<li><strong>Dise\u00f1o elegante:<\/strong> La forma de este recipiente para velas al por mayor es sencilla y suave, pero no pierde su sentido del dise\u00f1o. En comparaci\u00f3n con los tarros para velas cil\u00edndricos ordinarios, estos tarros para velas de cer\u00e1mica tienen un dise\u00f1o de base en la parte inferior. La base tiene una mayor superficie de apoyo, lo que aumenta la estabilidad y tambi\u00e9n es conveniente para agarrar. Las l\u00edneas redondeadas y el dise\u00f1o segmentado aportan una est\u00e9tica moderna y minimalista.<\/li>\n\n\n\n<li><strong>Material de primera calidad:<\/strong> Estos minimalistas y lujosos recipientes para velas al por mayor est\u00e1n hechos de arcilla cer\u00e1mica de alta calidad cocida a altas temperaturas. Son resistentes a las altas temperaturas y no son f\u00e1ciles de romper o agrietar, lo que puede garantizar la combusti\u00f3n segura de las velas. El material cer\u00e1mico no es t\u00f3xico ni nocivo, y es sano y seguro para el uso diario.<\/li>\n\n\n\n<li><strong>Colores vers\u00e1tiles:<\/strong> Este contenedor para velas al por mayor est\u00e1 disponible en varios colores, como blanco mate, blanco brillante, negro, verde, etc. Estos colores son vers\u00e1tiles y dan una sensaci\u00f3n fresca y de alta gama, muy adecuada para el estilo de hogar moderno.<\/li>\n\n\n\n<li><strong>Reutilizable y respetuoso con el medio ambiente:<\/strong> Estos lujosos recipientes para velas al por mayor son reutilizables y respetuosos con el medio ambiente. Cuando la vela se quema, los tarros de cer\u00e1mica son f\u00e1ciles de limpiar y se pueden reutilizar como portabol\u00edgrafos, portacepillos de dientes y de maquillaje, peque\u00f1os jarrones y otras decoraciones para el hogar.<\/li>\n<\/ul>\n<\/div>\n\n\n\n<div class=\"wp-block-column is-layout-flow wp-block-column-is-layout-flow\">\n<figure class=\"wp-block-image size-full\"><img fetchpriority=\"high\" decoding=\"async\" width=\"800\" height=\"800\" src=\"https:\/\/jinhuaceramic.com\/wp-content\/uploads\/2024\/10\/High-End-Minimalist-Ceramic-Candle-Jar-Wholesale-Empty-Candle-Vessel-6.webp\" alt=\"Recipiente para velas al por mayor, Recipientes de lujo para velas al por mayor-1\" class=\"wp-image-6476\" srcset=\"https:\/\/jinhuaceramic.com\/wp-content\/uploads\/2024\/10\/High-End-Minimalist-Ceramic-Candle-Jar-Wholesale-Empty-Candle-Vessel-6.webp 800w, https:\/\/jinhuaceramic.com\/wp-content\/uploads\/2024\/10\/High-End-Minimalist-Ceramic-Candle-Jar-Wholesale-Empty-Candle-Vessel-6-300x300.webp 300w, https:\/\/jinhuaceramic.com\/wp-content\/uploads\/2024\/10\/High-End-Minimalist-Ceramic-Candle-Jar-Wholesale-Empty-Candle-Vessel-6-150x150.webp 150w, https:\/\/jinhuaceramic.com\/wp-content\/uploads\/2024\/10\/High-End-Minimalist-Ceramic-Candle-Jar-Wholesale-Empty-Candle-Vessel-6-768x768.webp 768w, https:\/\/jinhuaceramic.com\/wp-content\/uploads\/2024\/10\/High-End-Minimalist-Ceramic-Candle-Jar-Wholesale-Empty-Candle-Vessel-6-12x12.webp 12w, https:\/\/jinhuaceramic.com\/wp-content\/uploads\/2024\/10\/High-End-Minimalist-Ceramic-Candle-Jar-Wholesale-Empty-Candle-Vessel-6-285x285.webp 285w, https:\/\/jinhuaceramic.com\/wp-content\/uploads\/2024\/10\/High-End-Minimalist-Ceramic-Candle-Jar-Wholesale-Empty-Candle-Vessel-6-270x270.webp 270w, https:\/\/jinhuaceramic.com\/wp-content\/uploads\/2024\/10\/High-End-Minimalist-Ceramic-Candle-Jar-Wholesale-Empty-Candle-Vessel-6-540x540.webp 540w, https:\/\/jinhuaceramic.com\/wp-content\/uploads\/2024\/10\/High-End-Minimalist-Ceramic-Candle-Jar-Wholesale-Empty-Candle-Vessel-6-660x660.webp 660w\" sizes=\"(max-width: 800px) 100vw, 800px\" \/><\/figure>\n<\/div>\n<\/div>","protected":false},"excerpt":{"rendered":"<p>Bienvenido a comprar recipientes para velas al por mayor. Estos lujosos recipientes para velas al por mayor son populares por su elegante dise\u00f1o, su s\u00f3lida construcci\u00f3n en cer\u00e1mica y su gran variedad de opciones de color. Como fabricante, tambi\u00e9n ofrecemos servicios de personalizaci\u00f3n. Podemos modificar la forma, el color, el logotipo, el tama\u00f1o, el patr\u00f3n, etc. seg\u00fan los requisitos del cliente para crear un recipiente para velas \u00fanico y exclusivo.\u00a0<\/p>","protected":false},"featured_media":6473,"comment_status":"closed","ping_status":"closed","template":"","meta":{"_acf_changed":false},"product_brand":[],"product_cat":[52],"product_tag":[66],"class_list":{"0":"post-6471","1":"product","2":"type-product","3":"status-publish","4":"has-post-thumbnail","6":"product_cat-wholesale-candle-containers","7":"product_tag-candle-jars-wholesale","9":"first","10":"instock","11":"shipping-taxable","12":"product-type-simple"},"acf":[],"_links":{"self":[{"href":"https:\/\/jinhuaceramic.com\/es\/wp-json\/wp\/v2\/product\/6471","targetHints":{"allow":["GET"]}}],"collection":[{"href":"https:\/\/jinhuaceramic.com\/es\/wp-json\/wp\/v2\/product"}],"about":[{"href":"https:\/\/jinhuaceramic.com\/es\/wp-json\/wp\/v2\/types\/product"}],"replies":[{"embeddable":true,"href":"https:\/\/jinhuaceramic.com\/es\/wp-json\/wp\/v2\/comments?post=6471"}],"version-history":[{"count":0,"href":"https:\/\/jinhuaceramic.com\/es\/wp-json\/wp\/v2\/product\/6471\/revisions"}],"wp:featuredmedia":[{"embeddable":true,"href":"https:\/\/jinhuaceramic.com\/es\/wp-json\/wp\/v2\/media\/6473"}],"wp:attachment":[{"href":"https:\/\/jinhuaceramic.com\/es\/wp-json\/wp\/v2\/media?parent=6471"}],"wp:term":[{"taxonomy":"product_brand","embeddable":true,"href":"https:\/\/jinhuaceramic.com\/es\/wp-json\/wp\/v2\/product_brand?post=6471"},{"taxonomy":"product_cat","embeddable":true,"href":"https:\/\/jinhuaceramic.com\/es\/wp-json\/wp\/v2\/product_cat?post=6471"},{"taxonomy":"product_tag","embeddable":true,"href":"https:\/\/jinhuaceramic.com\/es\/wp-json\/wp\/v2\/product_tag?post=6471"}],"curies":[{"name":"wp","href":"https:\/\/api.w.org\/{rel}","templated":true}]}}