{"id":6647,"date":"2024-10-16T09:16:48","date_gmt":"2024-10-16T09:16:48","guid":{"rendered":"https:\/\/jinhuaceramic.com\/?post_type=product&#038;p=6647"},"modified":"2024-10-18T00:55:14","modified_gmt":"2024-10-18T00:55:14","slug":"wholesale-ceramic-soap-dishes","status":"publish","type":"product","link":"https:\/\/jinhuaceramic.com\/es\/product\/wholesale-ceramic-soap-dishes\/","title":{"rendered":"Mayorista Jaboneras de Cer\u00e1mica con Desag\u00fce, Jaboneras de M\u00e1rmol para Ba\u00f1era a Granel"},"content":{"rendered":"<div class=\"wp-block-columns is-layout-flex wp-container-core-columns-is-layout-9d6595d7 wp-block-columns-is-layout-flex\">\n<div class=\"wp-block-column is-layout-flow wp-block-column-is-layout-flow\">\n<h3 class=\"wp-block-heading\">Premium al por mayor de cer\u00e1mica Jaboneras Caracter\u00edsticas:<\/h3>\n\n\n\n<ul class=\"wp-block-list\">\n<li><strong>Dise\u00f1o \u00fanico: <\/strong>El dise\u00f1o de estas jaboneras de cer\u00e1mica al por mayor es muy singular, adoptan la forma de hojas, las l\u00edneas son suaves y naturales, dando a la gente una sensaci\u00f3n fresca y natural. La jabonera est\u00e1 disponible en tres colores: negro, blanco y verde. Todos los colores est\u00e1n adornados con patrones de m\u00e1rmol dorado en la superficie, a\u00f1adiendo un toque de lujo y sofisticaci\u00f3n, que puede realzar el estilo del cuarto de ba\u00f1o.<\/li>\n\n\n\n<li><strong>Buen drenaje:<\/strong> Los bordes de estas jaboneras para ba\u00f1era a granel est\u00e1n ligeramente elevados, lo que puede evitar eficazmente que el jab\u00f3n se deslice. El soporte en la parte inferior del soporte de jab\u00f3n eleva la jabonera, y el dise\u00f1o inclinado, junto con agujeros de drenaje especiales, puede drenar r\u00e1pidamente el agua residual en el jab\u00f3n, evitando que el jab\u00f3n se ablande y extender la vida \u00fatil del jab\u00f3n.<\/li>\n\n\n\n<li><strong>Material de alta calidad:<\/strong> Estas jaboneras de cer\u00e1mica de m\u00e1rmol al por mayor est\u00e1n fabricadas con materiales cer\u00e1micos de alta calidad, que son duros, resistentes al desgaste, no se da\u00f1an f\u00e1cilmente y tienen una larga vida \u00fatil. La cer\u00e1mica es un material natural, no contiene productos qu\u00edmicos y es inocua para la salud humana.<\/li>\n\n\n\n<li><strong>F\u00e1cil de limpiar:<\/strong> Estas jaboneras de cer\u00e1mica a granel para ba\u00f1eras tienen una superficie lisa y delicada que no alberga suciedad ni mugre. Se pueden enjuagar con agua limpia y son muy f\u00e1ciles de limpiar.<\/li>\n<\/ul>\n<\/div>\n\n\n\n<div class=\"wp-block-column is-layout-flow wp-block-column-is-layout-flow\">\n<figure class=\"wp-block-image size-full\"><img fetchpriority=\"high\" decoding=\"async\" width=\"800\" height=\"800\" src=\"https:\/\/jinhuaceramic.com\/wp-content\/uploads\/2024\/10\/Wholesale-Marble-Ceramic-Soap-Holder-Bulk-Bathroom-Soap-Dish-Custom-4.webp\" alt=\"Mayorista Jaboneras de Cer\u00e1mica con Desag\u00fce, Jabonera de M\u00e1rmol para Ba\u00f1era Bulk-1\" class=\"wp-image-6650\" srcset=\"https:\/\/jinhuaceramic.com\/wp-content\/uploads\/2024\/10\/Wholesale-Marble-Ceramic-Soap-Holder-Bulk-Bathroom-Soap-Dish-Custom-4.webp 800w, https:\/\/jinhuaceramic.com\/wp-content\/uploads\/2024\/10\/Wholesale-Marble-Ceramic-Soap-Holder-Bulk-Bathroom-Soap-Dish-Custom-4-300x300.webp 300w, https:\/\/jinhuaceramic.com\/wp-content\/uploads\/2024\/10\/Wholesale-Marble-Ceramic-Soap-Holder-Bulk-Bathroom-Soap-Dish-Custom-4-150x150.webp 150w, https:\/\/jinhuaceramic.com\/wp-content\/uploads\/2024\/10\/Wholesale-Marble-Ceramic-Soap-Holder-Bulk-Bathroom-Soap-Dish-Custom-4-768x768.webp 768w, https:\/\/jinhuaceramic.com\/wp-content\/uploads\/2024\/10\/Wholesale-Marble-Ceramic-Soap-Holder-Bulk-Bathroom-Soap-Dish-Custom-4-12x12.webp 12w, https:\/\/jinhuaceramic.com\/wp-content\/uploads\/2024\/10\/Wholesale-Marble-Ceramic-Soap-Holder-Bulk-Bathroom-Soap-Dish-Custom-4-285x285.webp 285w, https:\/\/jinhuaceramic.com\/wp-content\/uploads\/2024\/10\/Wholesale-Marble-Ceramic-Soap-Holder-Bulk-Bathroom-Soap-Dish-Custom-4-270x270.webp 270w, https:\/\/jinhuaceramic.com\/wp-content\/uploads\/2024\/10\/Wholesale-Marble-Ceramic-Soap-Holder-Bulk-Bathroom-Soap-Dish-Custom-4-540x540.webp 540w, https:\/\/jinhuaceramic.com\/wp-content\/uploads\/2024\/10\/Wholesale-Marble-Ceramic-Soap-Holder-Bulk-Bathroom-Soap-Dish-Custom-4-660x660.webp 660w\" sizes=\"(max-width: 800px) 100vw, 800px\" \/><\/figure>\n<\/div>\n<\/div>\n\n\n\n<p><\/p>","protected":false},"excerpt":{"rendered":"<p>Bienvenido a comprar jaboneras para ba\u00f1era al por mayor. Estas jaboneras de cer\u00e1mica al por mayor tienen un dise\u00f1o \u00fanico, una fuerte funci\u00f3n de drenaje, y el material cer\u00e1mico es duradero y f\u00e1cil de limpiar. Combinando est\u00e9tica y practicidad, estas jaboneras de cer\u00e1mica son una gran opci\u00f3n para la decoraci\u00f3n del ba\u00f1o.<\/p>","protected":false},"featured_media":6651,"comment_status":"closed","ping_status":"closed","template":"","meta":{"_acf_changed":false},"product_brand":[],"product_cat":[51],"product_tag":[72],"class_list":{"0":"post-6647","1":"product","2":"type-product","3":"status-publish","4":"has-post-thumbnail","6":"product_cat-bathroom-accessories-wholesale","7":"product_tag-wholesale-soap-dishes","9":"first","10":"instock","11":"shipping-taxable","12":"product-type-simple"},"acf":[],"_links":{"self":[{"href":"https:\/\/jinhuaceramic.com\/es\/wp-json\/wp\/v2\/product\/6647","targetHints":{"allow":["GET"]}}],"collection":[{"href":"https:\/\/jinhuaceramic.com\/es\/wp-json\/wp\/v2\/product"}],"about":[{"href":"https:\/\/jinhuaceramic.com\/es\/wp-json\/wp\/v2\/types\/product"}],"replies":[{"embeddable":true,"href":"https:\/\/jinhuaceramic.com\/es\/wp-json\/wp\/v2\/comments?post=6647"}],"version-history":[{"count":0,"href":"https:\/\/jinhuaceramic.com\/es\/wp-json\/wp\/v2\/product\/6647\/revisions"}],"wp:featuredmedia":[{"embeddable":true,"href":"https:\/\/jinhuaceramic.com\/es\/wp-json\/wp\/v2\/media\/6651"}],"wp:attachment":[{"href":"https:\/\/jinhuaceramic.com\/es\/wp-json\/wp\/v2\/media?parent=6647"}],"wp:term":[{"taxonomy":"product_brand","embeddable":true,"href":"https:\/\/jinhuaceramic.com\/es\/wp-json\/wp\/v2\/product_brand?post=6647"},{"taxonomy":"product_cat","embeddable":true,"href":"https:\/\/jinhuaceramic.com\/es\/wp-json\/wp\/v2\/product_cat?post=6647"},{"taxonomy":"product_tag","embeddable":true,"href":"https:\/\/jinhuaceramic.com\/es\/wp-json\/wp\/v2\/product_tag?post=6647"}],"curies":[{"name":"wp","href":"https:\/\/api.w.org\/{rel}","templated":true}]}}