{"id":6660,"date":"2024-10-18T00:54:08","date_gmt":"2024-10-18T00:54:08","guid":{"rendered":"https:\/\/jinhuaceramic.com\/?post_type=product&#038;p=6660"},"modified":"2024-10-18T00:55:10","modified_gmt":"2024-10-18T00:55:10","slug":"bulk-soap-dishes","status":"publish","type":"product","link":"https:\/\/jinhuaceramic.com\/es\/product\/bulk-soap-dishes\/","title":{"rendered":"Jaboneras de lujo a granel de doble capa para ba\u00f1o de hotel"},"content":{"rendered":"<div class=\"wp-block-columns is-layout-flex wp-container-core-columns-is-layout-9d6595d7 wp-block-columns-is-layout-flex\">\n<div class=\"wp-block-column is-layout-flow wp-block-column-is-layout-flow\">\n<h3 class=\"wp-block-heading\">Jaboneras a granel Premium Caracter\u00edsticas:<\/h3>\n\n\n\n<ul class=\"wp-block-list\">\n<li><strong>Dise\u00f1o de doble capa:<\/strong> Estas jaboneras de cer\u00e1mica a granel adoptan un dise\u00f1o apilable de capas superior e inferior. No s\u00f3lo aumentan el espacio de almacenamiento, sino que tambi\u00e9n pueden contener distintos tipos de jabones u otros art\u00edculos peque\u00f1os al mismo tiempo, lo que las hace m\u00e1s pr\u00e1cticas. Adem\u00e1s de la jabonera de doble capa, tambi\u00e9n hay jaboneras tradicionales de una sola capa, y los clientes pueden elegir con flexibilidad seg\u00fan sus propias necesidades.<\/li>\n\n\n\n<li><strong>Combinaci\u00f3n de cer\u00e1mica y metal:<\/strong> La parte de la bandeja de esta jabonera de ba\u00f1era de lujo al por mayor es de material cer\u00e1mico, con una superficie suave y delicada y una textura extraordinaria. La parte del soporte es de metal dorado, lo que a\u00f1ade una sensaci\u00f3n general de lujo y modernidad. La inteligente combinaci\u00f3n de los dos materiales hace que el producto tenga m\u00e1s dise\u00f1o.<\/li>\n\n\n\n<li><strong>Impresi\u00f3n personalizada: <\/strong>Estas jaboneras de cer\u00e1mica a granel llevan impresas las palabras doradas \"La naturaleza es c\u00e1lida\", que a\u00f1aden un toque de ambiente literario y expresan el amor por la naturaleza. Este dise\u00f1o personalizado hace que el producto sea m\u00e1s distintivo.<\/li>\n\n\n\n<li><strong>Buen drenaje:<\/strong> Los bordes de esta jabonera de ba\u00f1era al por mayor adoptan un dise\u00f1o aerodin\u00e1mico, que no s\u00f3lo es bonito, sino que tambi\u00e9n puede evitar eficazmente que el jab\u00f3n se deslice. Al mismo tiempo, la parte inferior de la bandeja tambi\u00e9n est\u00e1 dise\u00f1ado con un \u00e1ngulo inclinado para ayudar a que el agua drene r\u00e1pidamente y mantener el jab\u00f3n seco.<\/li>\n<\/ul>\n<\/div>\n\n\n\n<div class=\"wp-block-column is-layout-flow wp-block-column-is-layout-flow\">\n<figure class=\"wp-block-image size-full\"><img fetchpriority=\"high\" decoding=\"async\" width=\"800\" height=\"800\" src=\"https:\/\/jinhuaceramic.com\/wp-content\/uploads\/2024\/10\/Wholesale-Luxury-double-Layer-Ceramic-Soap-Dish-For-Hotel-Bathroom-In-Bulk-6.webp\" alt=\"Jaboneras de lujo a granel de doble capa para ba\u00f1o de hotel-1\" class=\"wp-image-6665\" srcset=\"https:\/\/jinhuaceramic.com\/wp-content\/uploads\/2024\/10\/Wholesale-Luxury-double-Layer-Ceramic-Soap-Dish-For-Hotel-Bathroom-In-Bulk-6.webp 800w, https:\/\/jinhuaceramic.com\/wp-content\/uploads\/2024\/10\/Wholesale-Luxury-double-Layer-Ceramic-Soap-Dish-For-Hotel-Bathroom-In-Bulk-6-300x300.webp 300w, https:\/\/jinhuaceramic.com\/wp-content\/uploads\/2024\/10\/Wholesale-Luxury-double-Layer-Ceramic-Soap-Dish-For-Hotel-Bathroom-In-Bulk-6-150x150.webp 150w, https:\/\/jinhuaceramic.com\/wp-content\/uploads\/2024\/10\/Wholesale-Luxury-double-Layer-Ceramic-Soap-Dish-For-Hotel-Bathroom-In-Bulk-6-768x768.webp 768w, https:\/\/jinhuaceramic.com\/wp-content\/uploads\/2024\/10\/Wholesale-Luxury-double-Layer-Ceramic-Soap-Dish-For-Hotel-Bathroom-In-Bulk-6-12x12.webp 12w, https:\/\/jinhuaceramic.com\/wp-content\/uploads\/2024\/10\/Wholesale-Luxury-double-Layer-Ceramic-Soap-Dish-For-Hotel-Bathroom-In-Bulk-6-285x285.webp 285w, https:\/\/jinhuaceramic.com\/wp-content\/uploads\/2024\/10\/Wholesale-Luxury-double-Layer-Ceramic-Soap-Dish-For-Hotel-Bathroom-In-Bulk-6-270x270.webp 270w, https:\/\/jinhuaceramic.com\/wp-content\/uploads\/2024\/10\/Wholesale-Luxury-double-Layer-Ceramic-Soap-Dish-For-Hotel-Bathroom-In-Bulk-6-540x540.webp 540w, https:\/\/jinhuaceramic.com\/wp-content\/uploads\/2024\/10\/Wholesale-Luxury-double-Layer-Ceramic-Soap-Dish-For-Hotel-Bathroom-In-Bulk-6-660x660.webp 660w\" sizes=\"(max-width: 800px) 100vw, 800px\" \/><\/figure>\n<\/div>\n<\/div>","protected":false},"excerpt":{"rendered":"<p>Bienvenido a comprar jaboneras para ba\u00f1era al por mayor. El dise\u00f1o de estas jaboneras al por mayor combina a la perfecci\u00f3n practicidad y belleza, lo que no s\u00f3lo puede satisfacer las necesidades del uso diario, sino tambi\u00e9n realzar el estilo general del cuarto de ba\u00f1o. Su exclusivo dise\u00f1o de doble capa, la combinaci\u00f3n de materiales cer\u00e1micos y met\u00e1licos, su aspecto aerodin\u00e1mico y su impresi\u00f3n personalizada la convierten en un producto muy atractivo.<\/p>","protected":false},"featured_media":6664,"comment_status":"closed","ping_status":"closed","template":"","meta":{"_acf_changed":false},"product_brand":[],"product_cat":[51],"product_tag":[72],"class_list":{"0":"post-6660","1":"product","2":"type-product","3":"status-publish","4":"has-post-thumbnail","6":"product_cat-bathroom-accessories-wholesale","7":"product_tag-wholesale-soap-dishes","9":"first","10":"instock","11":"shipping-taxable","12":"product-type-simple"},"acf":[],"_links":{"self":[{"href":"https:\/\/jinhuaceramic.com\/es\/wp-json\/wp\/v2\/product\/6660","targetHints":{"allow":["GET"]}}],"collection":[{"href":"https:\/\/jinhuaceramic.com\/es\/wp-json\/wp\/v2\/product"}],"about":[{"href":"https:\/\/jinhuaceramic.com\/es\/wp-json\/wp\/v2\/types\/product"}],"replies":[{"embeddable":true,"href":"https:\/\/jinhuaceramic.com\/es\/wp-json\/wp\/v2\/comments?post=6660"}],"version-history":[{"count":0,"href":"https:\/\/jinhuaceramic.com\/es\/wp-json\/wp\/v2\/product\/6660\/revisions"}],"wp:featuredmedia":[{"embeddable":true,"href":"https:\/\/jinhuaceramic.com\/es\/wp-json\/wp\/v2\/media\/6664"}],"wp:attachment":[{"href":"https:\/\/jinhuaceramic.com\/es\/wp-json\/wp\/v2\/media?parent=6660"}],"wp:term":[{"taxonomy":"product_brand","embeddable":true,"href":"https:\/\/jinhuaceramic.com\/es\/wp-json\/wp\/v2\/product_brand?post=6660"},{"taxonomy":"product_cat","embeddable":true,"href":"https:\/\/jinhuaceramic.com\/es\/wp-json\/wp\/v2\/product_cat?post=6660"},{"taxonomy":"product_tag","embeddable":true,"href":"https:\/\/jinhuaceramic.com\/es\/wp-json\/wp\/v2\/product_tag?post=6660"}],"curies":[{"name":"wp","href":"https:\/\/api.w.org\/{rel}","templated":true}]}}