{"id":6710,"date":"2024-10-19T09:10:00","date_gmt":"2024-10-19T09:10:00","guid":{"rendered":"https:\/\/jinhuaceramic.com\/?post_type=product&#038;p=6710"},"modified":"2024-10-29T02:32:35","modified_gmt":"2024-10-29T02:32:35","slug":"foaming-soap-dispenser-wholesale","status":"publish","type":"product","link":"https:\/\/jinhuaceramic.com\/es\/product\/foaming-soap-dispenser-wholesale\/","title":{"rendered":"Dispensador de jab\u00f3n espumoso de cer\u00e1mica al por mayor, botellas de jab\u00f3n a granel"},"content":{"rendered":"<div class=\"wp-block-columns is-layout-flex wp-container-core-columns-is-layout-9d6595d7 wp-block-columns-is-layout-flex\">\n<div class=\"wp-block-column is-layout-flow wp-block-column-is-layout-flow\">\n<h3 class=\"wp-block-heading\">Dispensador de jab\u00f3n espumoso premium al por mayor Caracter\u00edsticas:<\/h3>\n\n\n\n<ul class=\"wp-block-list\">\n<li><strong>Dise\u00f1o facial \u00fanico: <\/strong>El dise\u00f1o de este dispensador de jab\u00f3n espumoso al por mayor es muy singular, ya que integra los rasgos faciales del cuerpo humano en el envase, lo que le confiere un fuerte sentido art\u00edstico y personalidad. La bomba dorada del dispensador de jab\u00f3n le da el toque final, que no solo realza la textura del producto, sino que tambi\u00e9n aumenta la sensaci\u00f3n general de lujo.<\/li>\n\n\n\n<li><strong>Varios colores:<\/strong> Estas botellas de jab\u00f3n a granel al por mayor ofrecen una variedad de opciones de color, incluyendo gris, rosa, blanco y negro, para satisfacer las necesidades est\u00e9ticas de diferentes personas. Como fabricantes, tambi\u00e9n podemos personalizar otros colores seg\u00fan los requisitos del cliente.<\/li>\n\n\n\n<li><strong>Material duradero:<\/strong> Este dispensador de jab\u00f3n espumoso de cer\u00e1mica al por mayor est\u00e1 fabricado con cer\u00e1mica de alta calidad. El material cer\u00e1mico tiene una textura delicada, lo que le da un aspecto elegante. Al mismo tiempo, la cer\u00e1mica tiene una buena resistencia a la corrosi\u00f3n, no es propicia para la proliferaci\u00f3n de bacterias y se mantiene limpia e higi\u00e9nica durante mucho tiempo.<\/li>\n\n\n\n<li><strong>Gran sentido pr\u00e1ctico:<\/strong> Estas botellas de jab\u00f3n a granel de cer\u00e1mica no solo son decorativas, sino tambi\u00e9n muy pr\u00e1cticas. La bomba, con un dise\u00f1o muy acertado, permite dispensar f\u00e1cilmente el jab\u00f3n l\u00edquido y crea una espuma abundante. Al mismo tiempo, el cuerpo de la botella tiene una capacidad moderada y puede satisfacer las necesidades de uso diario.<\/li>\n<\/ul>\n<\/div>\n\n\n\n<div class=\"wp-block-column is-layout-flow wp-block-column-is-layout-flow\">\n<figure class=\"wp-block-image size-full\"><img fetchpriority=\"high\" decoding=\"async\" width=\"800\" height=\"800\" src=\"https:\/\/jinhuaceramic.com\/wp-content\/uploads\/2024\/10\/Custom-Face-Shape-Foaming-Soap-Dispenser-Bathroom-Ceramic-Soap-Bottle-Wholesale-2.webp\" alt=\"Dispensador de jab\u00f3n espumoso de cer\u00e1mica elegante al por mayor, botellas de jab\u00f3n a granel-1\" class=\"wp-image-6711\" srcset=\"https:\/\/jinhuaceramic.com\/wp-content\/uploads\/2024\/10\/Custom-Face-Shape-Foaming-Soap-Dispenser-Bathroom-Ceramic-Soap-Bottle-Wholesale-2.webp 800w, https:\/\/jinhuaceramic.com\/wp-content\/uploads\/2024\/10\/Custom-Face-Shape-Foaming-Soap-Dispenser-Bathroom-Ceramic-Soap-Bottle-Wholesale-2-300x300.webp 300w, https:\/\/jinhuaceramic.com\/wp-content\/uploads\/2024\/10\/Custom-Face-Shape-Foaming-Soap-Dispenser-Bathroom-Ceramic-Soap-Bottle-Wholesale-2-150x150.webp 150w, https:\/\/jinhuaceramic.com\/wp-content\/uploads\/2024\/10\/Custom-Face-Shape-Foaming-Soap-Dispenser-Bathroom-Ceramic-Soap-Bottle-Wholesale-2-768x768.webp 768w, https:\/\/jinhuaceramic.com\/wp-content\/uploads\/2024\/10\/Custom-Face-Shape-Foaming-Soap-Dispenser-Bathroom-Ceramic-Soap-Bottle-Wholesale-2-12x12.webp 12w, https:\/\/jinhuaceramic.com\/wp-content\/uploads\/2024\/10\/Custom-Face-Shape-Foaming-Soap-Dispenser-Bathroom-Ceramic-Soap-Bottle-Wholesale-2-285x285.webp 285w, https:\/\/jinhuaceramic.com\/wp-content\/uploads\/2024\/10\/Custom-Face-Shape-Foaming-Soap-Dispenser-Bathroom-Ceramic-Soap-Bottle-Wholesale-2-270x270.webp 270w, https:\/\/jinhuaceramic.com\/wp-content\/uploads\/2024\/10\/Custom-Face-Shape-Foaming-Soap-Dispenser-Bathroom-Ceramic-Soap-Bottle-Wholesale-2-540x540.webp 540w, https:\/\/jinhuaceramic.com\/wp-content\/uploads\/2024\/10\/Custom-Face-Shape-Foaming-Soap-Dispenser-Bathroom-Ceramic-Soap-Bottle-Wholesale-2-660x660.webp 660w\" sizes=\"(max-width: 800px) 100vw, 800px\" \/><\/figure>\n<\/div>\n<\/div>","protected":false},"excerpt":{"rendered":"<p>Bienvenido a la compra al por mayor de botellas de jab\u00f3n. La singularidad de este dispensador de jab\u00f3n espumoso de cer\u00e1mica al por mayor reside en la integraci\u00f3n de elementos abstractos, como rostros humanos, en el dise\u00f1o, que es a la vez novedoso y art\u00edstico, lo que hace que el dispensador de jab\u00f3n ordinario resulte v\u00edvido e interesante. Esta botella de jab\u00f3n de cer\u00e1mica no solo es muy decorativa, sino tambi\u00e9n muy pr\u00e1ctica. Es una buena opci\u00f3n para realzar el estilo de su hogar.<\/p>","protected":false},"featured_media":6712,"comment_status":"closed","ping_status":"closed","template":"","meta":{"_acf_changed":false},"product_brand":[],"product_cat":[51],"product_tag":[74],"class_list":{"0":"post-6710","1":"product","2":"type-product","3":"status-publish","4":"has-post-thumbnail","6":"product_cat-bathroom-accessories-wholesale","7":"product_tag-ceramic-bath-accessories-wholesale","9":"first","10":"instock","11":"shipping-taxable","12":"product-type-simple"},"acf":[],"_links":{"self":[{"href":"https:\/\/jinhuaceramic.com\/es\/wp-json\/wp\/v2\/product\/6710","targetHints":{"allow":["GET"]}}],"collection":[{"href":"https:\/\/jinhuaceramic.com\/es\/wp-json\/wp\/v2\/product"}],"about":[{"href":"https:\/\/jinhuaceramic.com\/es\/wp-json\/wp\/v2\/types\/product"}],"replies":[{"embeddable":true,"href":"https:\/\/jinhuaceramic.com\/es\/wp-json\/wp\/v2\/comments?post=6710"}],"version-history":[{"count":0,"href":"https:\/\/jinhuaceramic.com\/es\/wp-json\/wp\/v2\/product\/6710\/revisions"}],"wp:featuredmedia":[{"embeddable":true,"href":"https:\/\/jinhuaceramic.com\/es\/wp-json\/wp\/v2\/media\/6712"}],"wp:attachment":[{"href":"https:\/\/jinhuaceramic.com\/es\/wp-json\/wp\/v2\/media?parent=6710"}],"wp:term":[{"taxonomy":"product_brand","embeddable":true,"href":"https:\/\/jinhuaceramic.com\/es\/wp-json\/wp\/v2\/product_brand?post=6710"},{"taxonomy":"product_cat","embeddable":true,"href":"https:\/\/jinhuaceramic.com\/es\/wp-json\/wp\/v2\/product_cat?post=6710"},{"taxonomy":"product_tag","embeddable":true,"href":"https:\/\/jinhuaceramic.com\/es\/wp-json\/wp\/v2\/product_tag?post=6710"}],"curies":[{"name":"wp","href":"https:\/\/api.w.org\/{rel}","templated":true}]}}