{"id":6722,"date":"2024-10-23T06:46:04","date_gmt":"2024-10-23T06:46:04","guid":{"rendered":"https:\/\/jinhuaceramic.com\/?post_type=product&#038;p=6722"},"modified":"2024-10-29T02:31:59","modified_gmt":"2024-10-29T02:31:59","slug":"candle-making-containers-wholesale","status":"publish","type":"product","link":"https:\/\/jinhuaceramic.com\/es\/product\/candle-making-containers-wholesale\/","title":{"rendered":"Recipientes para hacer velas al por mayor, Tarros vacios para velas al por mayor"},"content":{"rendered":"<div class=\"wp-block-columns is-layout-flex wp-container-core-columns-is-layout-9d6595d7 wp-block-columns-is-layout-flex\">\n<div class=\"wp-block-column is-layout-flow wp-block-column-is-layout-flow\">\n<h3 class=\"wp-block-heading\">Premium Candle Making Containers Wholesale Caracter\u00edsticas:<\/h3>\n\n\n\n<ul class=\"wp-block-list\">\n<li><strong>Dise\u00f1o minimalista:<\/strong> Estos recipientes de cer\u00e1mica para hacer velas al por mayor tienen forma cil\u00edndrica, son minimalistas y elegantes, con un dise\u00f1o de letra sencillo, el estilo general es muy vers\u00e1til y puede integrarse f\u00e1cilmente en diversos ambientes dom\u00e9sticos. Este dise\u00f1o de forma cl\u00e1sica puede resaltar bien la llama de la vela y crear un ambiente tranquilo y armonioso.<\/li>\n\n\n\n<li><strong>Impresi\u00f3n personalizada:<\/strong> Los laterales de estos tarros de vela vac\u00edos a granel llevan impresas palabras como \"LOVE YOUR LIFE ENJOY\", y el dise\u00f1o de la fuente es sencillo y elegante, coherente con el estilo general. Estas palabras no s\u00f3lo indican la capacidad de la vela, sino que tambi\u00e9n tienen un efecto decorativo, transmitiendo una actitud optimista hacia la vida.<\/li>\n\n\n\n<li><strong>Colores vers\u00e1tiles: <\/strong>Estos recipientes de cer\u00e1mica para hacer velas al por mayor ofrecen una variedad de opciones de color, desde colores claros suaves a colores oscuros saturados, para satisfacer las preferencias de diferentes personas y las necesidades de combinaci\u00f3n de estilos de hogar.<\/li>\n\n\n\n<li><strong>Material de primera calidad: <\/strong>Estos tarros vac\u00edos para velas al por mayor est\u00e1n hechos de material cer\u00e1mico de alta calidad, con buena resistencia a las altas temperaturas, y pueden contener velas encendidas de forma segura. El material cer\u00e1mico es un material natural y respetuoso con el medio ambiente que puede reutilizarse para reducir la contaminaci\u00f3n ambiental.<\/li>\n<\/ul>\n<\/div>\n\n\n\n<div class=\"wp-block-column is-layout-flow wp-block-column-is-layout-flow\">\n<figure class=\"wp-block-image size-full\"><img fetchpriority=\"high\" decoding=\"async\" width=\"800\" height=\"800\" src=\"https:\/\/jinhuaceramic.com\/wp-content\/uploads\/2024\/10\/Wholesale-Custom-Ceramic-Candle-Jar-Empty-Candle-Container-Bulk-5.webp\" alt=\"Recipientes para hacer velas al por mayor, Tarros vacios para velas a granel-2\" class=\"wp-image-6726\" srcset=\"https:\/\/jinhuaceramic.com\/wp-content\/uploads\/2024\/10\/Wholesale-Custom-Ceramic-Candle-Jar-Empty-Candle-Container-Bulk-5.webp 800w, https:\/\/jinhuaceramic.com\/wp-content\/uploads\/2024\/10\/Wholesale-Custom-Ceramic-Candle-Jar-Empty-Candle-Container-Bulk-5-300x300.webp 300w, https:\/\/jinhuaceramic.com\/wp-content\/uploads\/2024\/10\/Wholesale-Custom-Ceramic-Candle-Jar-Empty-Candle-Container-Bulk-5-150x150.webp 150w, https:\/\/jinhuaceramic.com\/wp-content\/uploads\/2024\/10\/Wholesale-Custom-Ceramic-Candle-Jar-Empty-Candle-Container-Bulk-5-768x768.webp 768w, https:\/\/jinhuaceramic.com\/wp-content\/uploads\/2024\/10\/Wholesale-Custom-Ceramic-Candle-Jar-Empty-Candle-Container-Bulk-5-12x12.webp 12w, https:\/\/jinhuaceramic.com\/wp-content\/uploads\/2024\/10\/Wholesale-Custom-Ceramic-Candle-Jar-Empty-Candle-Container-Bulk-5-285x285.webp 285w, https:\/\/jinhuaceramic.com\/wp-content\/uploads\/2024\/10\/Wholesale-Custom-Ceramic-Candle-Jar-Empty-Candle-Container-Bulk-5-270x270.webp 270w, https:\/\/jinhuaceramic.com\/wp-content\/uploads\/2024\/10\/Wholesale-Custom-Ceramic-Candle-Jar-Empty-Candle-Container-Bulk-5-540x540.webp 540w, https:\/\/jinhuaceramic.com\/wp-content\/uploads\/2024\/10\/Wholesale-Custom-Ceramic-Candle-Jar-Empty-Candle-Container-Bulk-5-660x660.webp 660w\" sizes=\"(max-width: 800px) 100vw, 800px\" \/><\/figure>\n<\/div>\n<\/div>","protected":false},"excerpt":{"rendered":"<p>Bienvenido a comprar tarros vac\u00edos para velas al por mayor. El dise\u00f1o de estos recipientes para hacer velas al por mayor refleja plenamente el estilo sencillo y elegante. Ya sea por el material, el color, la forma o el dise\u00f1o del texto, proporciona a la gente una sensaci\u00f3n c\u00f3moda y relajante. Estos tarros para velas son muy adecuados para los hogares modernos y pueden a\u00f1adir una sensaci\u00f3n c\u00e1lida y confortable al espacio del hogar.<\/p>","protected":false},"featured_media":6725,"comment_status":"closed","ping_status":"closed","template":"","meta":{"_acf_changed":false},"product_brand":[],"product_cat":[52],"product_tag":[66],"class_list":{"0":"post-6722","1":"product","2":"type-product","3":"status-publish","4":"has-post-thumbnail","6":"product_cat-wholesale-candle-containers","7":"product_tag-candle-jars-wholesale","9":"first","10":"instock","11":"shipping-taxable","12":"product-type-simple"},"acf":[],"_links":{"self":[{"href":"https:\/\/jinhuaceramic.com\/es\/wp-json\/wp\/v2\/product\/6722","targetHints":{"allow":["GET"]}}],"collection":[{"href":"https:\/\/jinhuaceramic.com\/es\/wp-json\/wp\/v2\/product"}],"about":[{"href":"https:\/\/jinhuaceramic.com\/es\/wp-json\/wp\/v2\/types\/product"}],"replies":[{"embeddable":true,"href":"https:\/\/jinhuaceramic.com\/es\/wp-json\/wp\/v2\/comments?post=6722"}],"version-history":[{"count":0,"href":"https:\/\/jinhuaceramic.com\/es\/wp-json\/wp\/v2\/product\/6722\/revisions"}],"wp:featuredmedia":[{"embeddable":true,"href":"https:\/\/jinhuaceramic.com\/es\/wp-json\/wp\/v2\/media\/6725"}],"wp:attachment":[{"href":"https:\/\/jinhuaceramic.com\/es\/wp-json\/wp\/v2\/media?parent=6722"}],"wp:term":[{"taxonomy":"product_brand","embeddable":true,"href":"https:\/\/jinhuaceramic.com\/es\/wp-json\/wp\/v2\/product_brand?post=6722"},{"taxonomy":"product_cat","embeddable":true,"href":"https:\/\/jinhuaceramic.com\/es\/wp-json\/wp\/v2\/product_cat?post=6722"},{"taxonomy":"product_tag","embeddable":true,"href":"https:\/\/jinhuaceramic.com\/es\/wp-json\/wp\/v2\/product_tag?post=6722"}],"curies":[{"name":"wp","href":"https:\/\/api.w.org\/{rel}","templated":true}]}}