{"id":6740,"date":"2024-10-23T06:39:05","date_gmt":"2024-10-23T06:39:05","guid":{"rendered":"https:\/\/jinhuaceramic.com\/?post_type=product&#038;p=6740"},"modified":"2024-10-29T02:32:25","modified_gmt":"2024-10-29T02:32:25","slug":"soap-dishes-bulk","status":"publish","type":"product","link":"https:\/\/jinhuaceramic.com\/es\/product\/soap-dishes-bulk\/","title":{"rendered":"Jaboneras de Cer\u00e1mica de Doble Capa al por Mayor, Mejor Jabonera al por Mayor"},"content":{"rendered":"<div class=\"wp-block-columns is-layout-flex wp-container-core-columns-is-layout-9d6595d7 wp-block-columns-is-layout-flex\">\n<div class=\"wp-block-column is-layout-flow wp-block-column-is-layout-flow\">\n<h3 class=\"wp-block-heading\">Jaboneras Premium a Granel Caracter\u00edsticas:<\/h3>\n\n\n\n<ul class=\"wp-block-list\">\n<li><strong>Dise\u00f1o de doble capa:<\/strong> Estas jaboneras de cer\u00e1mica a granel cuentan con un dise\u00f1o de dos capas, que puede contener diferentes tipos de jabones u otros art\u00edculos peque\u00f1os, como joyas, al mismo tiempo, ahorrando espacio en su cuarto de ba\u00f1o. Adem\u00e1s de la jabonera de doble capa, tambi\u00e9n hay una jabonera tradicional de una sola capa, y los clientes pueden elegir de forma flexible seg\u00fan sus necesidades.<\/li>\n\n\n\n<li><strong>Forma de panda:<\/strong> Estas jaboneras de cer\u00e1mica de doble capa al por mayor est\u00e1n dise\u00f1adas en forma de simp\u00e1ticos pandas, que resultan muy agradables y a\u00f1aden un toque divertido al cuarto de ba\u00f1o.<\/li>\n\n\n\n<li><strong>Material de alta calidad:<\/strong> Estas jaboneras de cer\u00e1mica a granel est\u00e1n compuestas por una jabonera de cer\u00e1mica y un soporte de acero inoxidable. La jabonera de cer\u00e1mica es duradera, tiene una superficie lisa, no es f\u00e1cil que se esconda la suciedad y es f\u00e1cil de limpiar. El soporte de acero inoxidable puede apoyar firmemente la jabonera de cer\u00e1mica para evitar que se deslice, y tiene una fuerte resistencia a la corrosi\u00f3n, no es f\u00e1cil de oxidar, y tiene una larga vida \u00fatil.<\/li>\n\n\n\n<li><strong>Buen drenaje:<\/strong> Estas jaboneras de cer\u00e1mica para ba\u00f1o al por mayor tienen bordes elevados y 3 rebordes en el centro, que pueden evitar eficazmente que el jab\u00f3n se deslice. La jabonera de cer\u00e1mica se coloca en un soporte de acero inoxidable en un \u00e1ngulo inclinado y est\u00e1 dise\u00f1ado con agujeros de drenaje especiales para drenar r\u00e1pidamente la humedad del jab\u00f3n, mantener el jab\u00f3n seco, y extender la vida \u00fatil del jab\u00f3n.<\/li>\n<\/ul>\n<\/div>\n\n\n\n<div class=\"wp-block-column is-layout-flow wp-block-column-is-layout-flow\">\n<figure class=\"wp-block-image size-full\"><img fetchpriority=\"high\" decoding=\"async\" width=\"800\" height=\"800\" src=\"https:\/\/jinhuaceramic.com\/wp-content\/uploads\/2024\/10\/Wholesale-Double-Layer-Ceramic-Soap-Dish-Soap-Holder-Bathroom-Accessories-Supplies-7.webp\" alt=\"Jaboneras de Cer\u00e1mica de Doble Capa a Granel, Jaboneras al por Mayor-1\" class=\"wp-image-6737\" srcset=\"https:\/\/jinhuaceramic.com\/wp-content\/uploads\/2024\/10\/Wholesale-Double-Layer-Ceramic-Soap-Dish-Soap-Holder-Bathroom-Accessories-Supplies-7.webp 800w, https:\/\/jinhuaceramic.com\/wp-content\/uploads\/2024\/10\/Wholesale-Double-Layer-Ceramic-Soap-Dish-Soap-Holder-Bathroom-Accessories-Supplies-7-300x300.webp 300w, https:\/\/jinhuaceramic.com\/wp-content\/uploads\/2024\/10\/Wholesale-Double-Layer-Ceramic-Soap-Dish-Soap-Holder-Bathroom-Accessories-Supplies-7-150x150.webp 150w, https:\/\/jinhuaceramic.com\/wp-content\/uploads\/2024\/10\/Wholesale-Double-Layer-Ceramic-Soap-Dish-Soap-Holder-Bathroom-Accessories-Supplies-7-768x768.webp 768w, https:\/\/jinhuaceramic.com\/wp-content\/uploads\/2024\/10\/Wholesale-Double-Layer-Ceramic-Soap-Dish-Soap-Holder-Bathroom-Accessories-Supplies-7-12x12.webp 12w, https:\/\/jinhuaceramic.com\/wp-content\/uploads\/2024\/10\/Wholesale-Double-Layer-Ceramic-Soap-Dish-Soap-Holder-Bathroom-Accessories-Supplies-7-285x285.webp 285w, https:\/\/jinhuaceramic.com\/wp-content\/uploads\/2024\/10\/Wholesale-Double-Layer-Ceramic-Soap-Dish-Soap-Holder-Bathroom-Accessories-Supplies-7-270x270.webp 270w, https:\/\/jinhuaceramic.com\/wp-content\/uploads\/2024\/10\/Wholesale-Double-Layer-Ceramic-Soap-Dish-Soap-Holder-Bathroom-Accessories-Supplies-7-540x540.webp 540w, https:\/\/jinhuaceramic.com\/wp-content\/uploads\/2024\/10\/Wholesale-Double-Layer-Ceramic-Soap-Dish-Soap-Holder-Bathroom-Accessories-Supplies-7-660x660.webp 660w\" sizes=\"(max-width: 800px) 100vw, 800px\" \/><\/figure>\n<\/div>\n<\/div>","protected":false},"excerpt":{"rendered":"<p>Bienvenido a comprar jaboneras al por mayor. Estas jaboneras de cer\u00e1mica al por mayor destacan en el mercado por su pr\u00e1ctico dise\u00f1o de doble capa, su buena funci\u00f3n de drenaje, sus materiales de alta calidad y sus bonitas formas. Combinando est\u00e9tica y practicidad, estas jaboneras de cer\u00e1mica se han convertido en imprescindibles en el cuarto de ba\u00f1o.<\/p>","protected":false},"featured_media":6732,"comment_status":"closed","ping_status":"closed","template":"","meta":{"_acf_changed":false},"product_brand":[],"product_cat":[51],"product_tag":[72],"class_list":{"0":"post-6740","1":"product","2":"type-product","3":"status-publish","4":"has-post-thumbnail","6":"product_cat-bathroom-accessories-wholesale","7":"product_tag-wholesale-soap-dishes","9":"first","10":"instock","11":"shipping-taxable","12":"product-type-simple"},"acf":[],"_links":{"self":[{"href":"https:\/\/jinhuaceramic.com\/es\/wp-json\/wp\/v2\/product\/6740","targetHints":{"allow":["GET"]}}],"collection":[{"href":"https:\/\/jinhuaceramic.com\/es\/wp-json\/wp\/v2\/product"}],"about":[{"href":"https:\/\/jinhuaceramic.com\/es\/wp-json\/wp\/v2\/types\/product"}],"replies":[{"embeddable":true,"href":"https:\/\/jinhuaceramic.com\/es\/wp-json\/wp\/v2\/comments?post=6740"}],"version-history":[{"count":0,"href":"https:\/\/jinhuaceramic.com\/es\/wp-json\/wp\/v2\/product\/6740\/revisions"}],"wp:featuredmedia":[{"embeddable":true,"href":"https:\/\/jinhuaceramic.com\/es\/wp-json\/wp\/v2\/media\/6732"}],"wp:attachment":[{"href":"https:\/\/jinhuaceramic.com\/es\/wp-json\/wp\/v2\/media?parent=6740"}],"wp:term":[{"taxonomy":"product_brand","embeddable":true,"href":"https:\/\/jinhuaceramic.com\/es\/wp-json\/wp\/v2\/product_brand?post=6740"},{"taxonomy":"product_cat","embeddable":true,"href":"https:\/\/jinhuaceramic.com\/es\/wp-json\/wp\/v2\/product_cat?post=6740"},{"taxonomy":"product_tag","embeddable":true,"href":"https:\/\/jinhuaceramic.com\/es\/wp-json\/wp\/v2\/product_tag?post=6740"}],"curies":[{"name":"wp","href":"https:\/\/api.w.org\/{rel}","templated":true}]}}