{"id":6770,"date":"2024-10-24T09:35:36","date_gmt":"2024-10-24T09:35:36","guid":{"rendered":"https:\/\/jinhuaceramic.com\/?post_type=product&#038;p=6770"},"modified":"2024-10-24T09:36:03","modified_gmt":"2024-10-24T09:36:03","slug":"ceramic-candle-containers-wholesale","status":"publish","type":"product","link":"https:\/\/jinhuaceramic.com\/es\/product\/ceramic-candle-containers-wholesale\/","title":{"rendered":"Recipientes de Cer\u00e1mica para Velas al por Mayor, Tarros Vac\u00edos para Velas al por Mayor"},"content":{"rendered":"<div class=\"wp-block-columns is-layout-flex wp-container-core-columns-is-layout-9d6595d7 wp-block-columns-is-layout-flex\">\n<div class=\"wp-block-column is-layout-flow wp-block-column-is-layout-flow\">\n<h3 class=\"wp-block-heading\">Recipientes de cer\u00e1mica de primera calidad para velas al por mayor Caracter\u00edsticas:<\/h3>\n\n\n\n<ul class=\"wp-block-list\">\n<li><strong>Formas geom\u00e9tricas irregulares:<\/strong> A diferencia de los tradicionales tarros cil\u00edndricos para velas, estos dos recipientes de cer\u00e1mica para velas al por mayor presentan formas geom\u00e9tricas irregulares. Uno es cuadrado con bordes ligeramente curvados, y el otro tiene forma de flor de cinco p\u00e9talos con l\u00edneas suaves y variadas. Este dise\u00f1o irregular rompe el estereotipo de los tarros de velas tradicionales y a\u00f1ade diversi\u00f3n y sentido del dise\u00f1o.<\/li>\n\n\n\n<li><strong>Color Blanco Mate:<\/strong> Estos tarros vac\u00edos para velas a granel vienen en blanco mate puro, lo que les confiere una sensaci\u00f3n de sencillez y pureza. Esta combinaci\u00f3n de colores es muy vers\u00e1til y puede integrarse f\u00e1cilmente en una gran variedad de estilos de hogar. Adem\u00e1s, los tarros de velas de cer\u00e1mica mate tienen un tacto m\u00e1s texturizado que los tarros de velas brillantes.<\/li>\n\n\n\n<li><strong>Material cer\u00e1mico de primera calidad:<\/strong> Estos exclusivos recipientes de cer\u00e1mica para velas al por mayor est\u00e1n fabricados con arcilla cer\u00e1mica de alta calidad para ofrecer una resistencia al calor y una durabilidad excepcionales. Esto asegura que los tarros pueden soportar el calor de la llama de una vela sin agrietarse o romperse, proporcionando un recipiente seguro para sus velas.<\/li>\n\n\n\n<li><strong>Reutilizable y respetuoso con el medio ambiente:<\/strong> Una vez terminada la vela, estos exclusivos tarros vac\u00edos para velas a granel pueden seguir luci\u00e9ndose como elementos decorativos en su hogar. La naturaleza reutilizable de estos tarros fomenta la sostenibilidad. Al reutilizar los tarros, se reducen los residuos, lo que los convierte en una opci\u00f3n ecol\u00f3gica para los consumidores concienciados.<\/li>\n<\/ul>\n<\/div>\n\n\n\n<div class=\"wp-block-column is-layout-flow wp-block-column-is-layout-flow\">\n<figure class=\"wp-block-image size-full\"><img fetchpriority=\"high\" decoding=\"async\" width=\"736\" height=\"736\" src=\"https:\/\/jinhuaceramic.com\/wp-content\/uploads\/2024\/10\/Custom-Unique-White-Ceramic-Candle-Jar-Empty-Ceramic-Vessel-Wholesale-3.webp\" alt=\"Recipientes de cer\u00e1mica para velas al por mayor, Tarros vac\u00edos para velas a granel-2\" class=\"wp-image-6762\" srcset=\"https:\/\/jinhuaceramic.com\/wp-content\/uploads\/2024\/10\/Custom-Unique-White-Ceramic-Candle-Jar-Empty-Ceramic-Vessel-Wholesale-3.webp 736w, https:\/\/jinhuaceramic.com\/wp-content\/uploads\/2024\/10\/Custom-Unique-White-Ceramic-Candle-Jar-Empty-Ceramic-Vessel-Wholesale-3-300x300.webp 300w, https:\/\/jinhuaceramic.com\/wp-content\/uploads\/2024\/10\/Custom-Unique-White-Ceramic-Candle-Jar-Empty-Ceramic-Vessel-Wholesale-3-150x150.webp 150w, https:\/\/jinhuaceramic.com\/wp-content\/uploads\/2024\/10\/Custom-Unique-White-Ceramic-Candle-Jar-Empty-Ceramic-Vessel-Wholesale-3-12x12.webp 12w, https:\/\/jinhuaceramic.com\/wp-content\/uploads\/2024\/10\/Custom-Unique-White-Ceramic-Candle-Jar-Empty-Ceramic-Vessel-Wholesale-3-285x285.webp 285w, https:\/\/jinhuaceramic.com\/wp-content\/uploads\/2024\/10\/Custom-Unique-White-Ceramic-Candle-Jar-Empty-Ceramic-Vessel-Wholesale-3-270x270.webp 270w, https:\/\/jinhuaceramic.com\/wp-content\/uploads\/2024\/10\/Custom-Unique-White-Ceramic-Candle-Jar-Empty-Ceramic-Vessel-Wholesale-3-540x540.webp 540w, https:\/\/jinhuaceramic.com\/wp-content\/uploads\/2024\/10\/Custom-Unique-White-Ceramic-Candle-Jar-Empty-Ceramic-Vessel-Wholesale-3-660x660.webp 660w\" sizes=\"(max-width: 736px) 100vw, 736px\" \/><\/figure>\n<\/div>\n<\/div>","protected":false},"excerpt":{"rendered":"<p>Bienvenido a comprar tarros vac\u00edos para velas al por mayor. Nuestros recipientes de cer\u00e1mica para velas al por mayor son muy apreciados. Con las ventajas de las formas geom\u00e9tricas irregulares, el blanco puro, los materiales de alta calidad y la reutilizaci\u00f3n, estos tarros de cer\u00e1mica para velas al por mayor son una opci\u00f3n de producto ideal para los fabricantes y comerciantes de velas, ya que ofrecen m\u00e1s posibilidades de decoraci\u00f3n en diversas ocasiones.<\/p>","protected":false},"featured_media":6761,"comment_status":"closed","ping_status":"closed","template":"","meta":{"_acf_changed":false},"product_brand":[],"product_cat":[52],"product_tag":[66],"class_list":{"0":"post-6770","1":"product","2":"type-product","3":"status-publish","4":"has-post-thumbnail","6":"product_cat-wholesale-candle-containers","7":"product_tag-candle-jars-wholesale","9":"first","10":"instock","11":"shipping-taxable","12":"product-type-simple"},"acf":[],"_links":{"self":[{"href":"https:\/\/jinhuaceramic.com\/es\/wp-json\/wp\/v2\/product\/6770","targetHints":{"allow":["GET"]}}],"collection":[{"href":"https:\/\/jinhuaceramic.com\/es\/wp-json\/wp\/v2\/product"}],"about":[{"href":"https:\/\/jinhuaceramic.com\/es\/wp-json\/wp\/v2\/types\/product"}],"replies":[{"embeddable":true,"href":"https:\/\/jinhuaceramic.com\/es\/wp-json\/wp\/v2\/comments?post=6770"}],"version-history":[{"count":0,"href":"https:\/\/jinhuaceramic.com\/es\/wp-json\/wp\/v2\/product\/6770\/revisions"}],"wp:featuredmedia":[{"embeddable":true,"href":"https:\/\/jinhuaceramic.com\/es\/wp-json\/wp\/v2\/media\/6761"}],"wp:attachment":[{"href":"https:\/\/jinhuaceramic.com\/es\/wp-json\/wp\/v2\/media?parent=6770"}],"wp:term":[{"taxonomy":"product_brand","embeddable":true,"href":"https:\/\/jinhuaceramic.com\/es\/wp-json\/wp\/v2\/product_brand?post=6770"},{"taxonomy":"product_cat","embeddable":true,"href":"https:\/\/jinhuaceramic.com\/es\/wp-json\/wp\/v2\/product_cat?post=6770"},{"taxonomy":"product_tag","embeddable":true,"href":"https:\/\/jinhuaceramic.com\/es\/wp-json\/wp\/v2\/product_tag?post=6770"}],"curies":[{"name":"wp","href":"https:\/\/api.w.org\/{rel}","templated":true}]}}