{"id":6776,"date":"2024-10-24T10:15:16","date_gmt":"2024-10-24T10:15:16","guid":{"rendered":"https:\/\/jinhuaceramic.com\/?post_type=product&#038;p=6776"},"modified":"2024-10-29T02:32:51","modified_gmt":"2024-10-29T02:32:51","slug":"luxury-candle-jars-wholesale","status":"publish","type":"product","link":"https:\/\/jinhuaceramic.com\/es\/product\/luxury-candle-jars-wholesale\/","title":{"rendered":"Tarros para velas de lujo al por mayor, Recipientes para velas \u00fanicos al por mayor"},"content":{"rendered":"<div class=\"wp-block-columns is-layout-flex wp-container-core-columns-is-layout-9d6595d7 wp-block-columns-is-layout-flex\">\n<div class=\"wp-block-column is-layout-flow wp-block-column-is-layout-flow\">\n<h3 class=\"wp-block-heading\">Venta al por mayor de tarros de lujo para velas:<\/h3>\n\n\n\n<ul class=\"wp-block-list\">\n<li><strong>Dise\u00f1o de burbuja \u00fanico:<\/strong> Estos tarros de velas de lujo al por mayor son cil\u00edndricos, pero la superficie est\u00e1 cubierta de protuberancias redondas del mismo tama\u00f1o, como peque\u00f1as burbujas, que rompen el dise\u00f1o liso de los tarros de velas tradicionales y parecen muy vivos y bonitos. Este dise\u00f1o no s\u00f3lo atrae las miradas, sino que tambi\u00e9n aporta un toque de diversi\u00f3n al hogar.<\/li>\n\n\n\n<li><strong>Color pastel: <\/strong>El color de estos recipientes de cer\u00e1mica para velas \u00fanicas a granel es amarillo claro, que es un color m\u00e1s suave, dando a la gente una sensaci\u00f3n c\u00e1lida y confortable. El color de baja saturaci\u00f3n es m\u00e1s vers\u00e1til con cualquier estilo de hogar.<\/li>\n\n\n\n<li><strong>Material cer\u00e1mico de alta calidad:<\/strong> Estos lujosos tarros para velas al por mayor est\u00e1n fabricados con material cer\u00e1mico duradero de alta calidad, que puede soportar altas temperaturas y no es f\u00e1cil de romper, lo que garantiza un uso duradero y fiable. La superficie lisa de cer\u00e1mica no solo tiene un aspecto elegante, sino que tambi\u00e9n es f\u00e1cil de limpiar y mantener.<\/li>\n\n\n\n<li><strong>Versatilidad:<\/strong> Adem\u00e1s de utilizarse como tarros para velas, estos recipientes de cer\u00e1mica \u00fanicos para velas a granel tambi\u00e9n pueden colocarse en casa como decoraci\u00f3n una vez que las velas se han consumido. Los tarros de cer\u00e1mica pueden utilizarse para colocar peque\u00f1os objetos como joyas y llaves, o como peque\u00f1os maceteros, portabol\u00edgrafos, etc., que resultan muy pr\u00e1cticos.<\/li>\n<\/ul>\n<\/div>\n\n\n\n<div class=\"wp-block-column is-layout-flow wp-block-column-is-layout-flow\">\n<figure class=\"wp-block-image size-full\"><img fetchpriority=\"high\" decoding=\"async\" width=\"900\" height=\"900\" src=\"https:\/\/jinhuaceramic.com\/wp-content\/uploads\/2024\/10\/Bulk-Ceramic-Unique-Candle-Jar-Wholesale-Empty-Candle-Vessel-Custom-5.webp\" alt=\"Tarros de lujo para velas al por mayor, Recipientes \u00fanicos para velas a granel-1\" class=\"wp-image-6780\" srcset=\"https:\/\/jinhuaceramic.com\/wp-content\/uploads\/2024\/10\/Bulk-Ceramic-Unique-Candle-Jar-Wholesale-Empty-Candle-Vessel-Custom-5.webp 900w, https:\/\/jinhuaceramic.com\/wp-content\/uploads\/2024\/10\/Bulk-Ceramic-Unique-Candle-Jar-Wholesale-Empty-Candle-Vessel-Custom-5-300x300.webp 300w, https:\/\/jinhuaceramic.com\/wp-content\/uploads\/2024\/10\/Bulk-Ceramic-Unique-Candle-Jar-Wholesale-Empty-Candle-Vessel-Custom-5-150x150.webp 150w, https:\/\/jinhuaceramic.com\/wp-content\/uploads\/2024\/10\/Bulk-Ceramic-Unique-Candle-Jar-Wholesale-Empty-Candle-Vessel-Custom-5-768x768.webp 768w, https:\/\/jinhuaceramic.com\/wp-content\/uploads\/2024\/10\/Bulk-Ceramic-Unique-Candle-Jar-Wholesale-Empty-Candle-Vessel-Custom-5-12x12.webp 12w, https:\/\/jinhuaceramic.com\/wp-content\/uploads\/2024\/10\/Bulk-Ceramic-Unique-Candle-Jar-Wholesale-Empty-Candle-Vessel-Custom-5-285x285.webp 285w, https:\/\/jinhuaceramic.com\/wp-content\/uploads\/2024\/10\/Bulk-Ceramic-Unique-Candle-Jar-Wholesale-Empty-Candle-Vessel-Custom-5-270x270.webp 270w, https:\/\/jinhuaceramic.com\/wp-content\/uploads\/2024\/10\/Bulk-Ceramic-Unique-Candle-Jar-Wholesale-Empty-Candle-Vessel-Custom-5-540x540.webp 540w, https:\/\/jinhuaceramic.com\/wp-content\/uploads\/2024\/10\/Bulk-Ceramic-Unique-Candle-Jar-Wholesale-Empty-Candle-Vessel-Custom-5-660x660.webp 660w\" sizes=\"(max-width: 900px) 100vw, 900px\" \/><\/figure>\n<\/div>\n<\/div>","protected":false},"excerpt":{"rendered":"<p>Le damos la bienvenida a la compra de exclusivos recipientes para velas al por mayor. El dise\u00f1o de nuestros tarros de velas de lujo al por mayor es muy sencillo y elegante, pero interesante. La forma de burbuja redondeada y el suave color amarillo claro dan a la gente una sensaci\u00f3n c\u00e1lida y confortable. Es muy adecuado para dormitorios, salones y otros espacios para realzar el ambiente c\u00e1lido del hogar. El material cer\u00e1mico hace que no s\u00f3lo sea bonito, sino tambi\u00e9n duradero y pr\u00e1ctico.<\/p>","protected":false},"featured_media":6782,"comment_status":"closed","ping_status":"closed","template":"","meta":{"_acf_changed":false},"product_brand":[],"product_cat":[52],"product_tag":[66],"class_list":{"0":"post-6776","1":"product","2":"type-product","3":"status-publish","4":"has-post-thumbnail","6":"product_cat-wholesale-candle-containers","7":"product_tag-candle-jars-wholesale","9":"first","10":"instock","11":"shipping-taxable","12":"product-type-simple"},"acf":[],"_links":{"self":[{"href":"https:\/\/jinhuaceramic.com\/es\/wp-json\/wp\/v2\/product\/6776","targetHints":{"allow":["GET"]}}],"collection":[{"href":"https:\/\/jinhuaceramic.com\/es\/wp-json\/wp\/v2\/product"}],"about":[{"href":"https:\/\/jinhuaceramic.com\/es\/wp-json\/wp\/v2\/types\/product"}],"replies":[{"embeddable":true,"href":"https:\/\/jinhuaceramic.com\/es\/wp-json\/wp\/v2\/comments?post=6776"}],"version-history":[{"count":0,"href":"https:\/\/jinhuaceramic.com\/es\/wp-json\/wp\/v2\/product\/6776\/revisions"}],"wp:featuredmedia":[{"embeddable":true,"href":"https:\/\/jinhuaceramic.com\/es\/wp-json\/wp\/v2\/media\/6782"}],"wp:attachment":[{"href":"https:\/\/jinhuaceramic.com\/es\/wp-json\/wp\/v2\/media?parent=6776"}],"wp:term":[{"taxonomy":"product_brand","embeddable":true,"href":"https:\/\/jinhuaceramic.com\/es\/wp-json\/wp\/v2\/product_brand?post=6776"},{"taxonomy":"product_cat","embeddable":true,"href":"https:\/\/jinhuaceramic.com\/es\/wp-json\/wp\/v2\/product_cat?post=6776"},{"taxonomy":"product_tag","embeddable":true,"href":"https:\/\/jinhuaceramic.com\/es\/wp-json\/wp\/v2\/product_tag?post=6776"}],"curies":[{"name":"wp","href":"https:\/\/api.w.org\/{rel}","templated":true}]}}