{"id":6792,"date":"2024-10-26T06:47:54","date_gmt":"2024-10-26T06:47:54","guid":{"rendered":"https:\/\/jinhuaceramic.com\/?post_type=product&#038;p=6792"},"modified":"2025-03-10T09:18:34","modified_gmt":"2025-03-10T09:18:34","slug":"kitchen-bakeware-wholesale","status":"publish","type":"product","link":"https:\/\/jinhuaceramic.com\/es\/product\/kitchen-bakeware-wholesale\/","title":{"rendered":"Mayorista de utensilios de cocina, Proveedor de moldes ceramicos"},"content":{"rendered":"<div class=\"wp-block-columns is-layout-flex wp-container-core-columns-is-layout-9d6595d7 wp-block-columns-is-layout-flex\">\n<div class=\"wp-block-column is-layout-flow wp-block-column-is-layout-flow\">\n<h3 class=\"wp-block-heading\">Premium Bakeware Cocina al por mayor Caracter\u00edsticas:<\/h3>\n\n\n\n<ul class=\"wp-block-list\">\n<li><strong>Dise\u00f1o elegante: <\/strong>Esta serie de utensilios de cocina de cer\u00e1mica al por mayor tiene un dise\u00f1o sencillo y elegante. El blanco puro le da un aspecto limpio y refrescante muy adecuado para los estilos de hogar modernos. La pared exterior de la fuente de horno est\u00e1 dise\u00f1ada con rayas verticales, bonitas y pr\u00e1cticas.<\/li>\n\n\n\n<li><strong>Forma rectangular: <\/strong>Estos moldes de cer\u00e1mica al por mayor tienen forma rectangular. A diferencia de los moldes redondos u ovalados, un rect\u00e1ngulo puede aprovechar al m\u00e1ximo el espacio del horno y contener m\u00e1s alimentos. Adem\u00e1s, las esquinas del molde rectangular se calientan mucho m\u00e1s f\u00e1cilmente, por lo que los alimentos se calientan de manera uniforme.<\/li>\n\n\n\n<li><strong>C\u00f3modas asas:<\/strong> Nuestros utensilios de cocina rectangulares al por mayor contienen asas dobles a ambos lados para manejarlos y desplazarlos c\u00f3modamente. Las asas est\u00e1n dise\u00f1adas de tal manera que el agarre es c\u00f3modo y no quema.<\/li>\n\n\n\n<li><strong>Material cer\u00e1mico de primera calidad: <\/strong>Nuestros moldes de cer\u00e1mica al por mayor est\u00e1n fabricados con cer\u00e1mica de primera calidad. Esta calidad superior permite la cocci\u00f3n a alta temperatura en los hornos. En comparaci\u00f3n con los materiales met\u00e1licos, la conducci\u00f3n t\u00e9rmica es relativamente m\u00e1s lenta para mantener un cierto grado de alimentos durante bastante tiempo.<\/li>\n<\/ul>\n<\/div>\n\n\n\n<div class=\"wp-block-column is-layout-flow wp-block-column-is-layout-flow\">\n<figure class=\"wp-block-image size-full\"><img fetchpriority=\"high\" decoding=\"async\" width=\"1500\" height=\"1497\" src=\"https:\/\/jinhuaceramic.com\/wp-content\/uploads\/2024\/10\/Custom-Rectangular-Ceramic-Baking-Dish-Professional-Bakeware-Supplies-5.webp\" alt=\"utensilios de cocina al por mayor, moldes de cer\u00e1mica para hornear Proveedor-1\" class=\"wp-image-6796\" srcset=\"https:\/\/jinhuaceramic.com\/wp-content\/uploads\/2024\/10\/Custom-Rectangular-Ceramic-Baking-Dish-Professional-Bakeware-Supplies-5.webp 1500w, https:\/\/jinhuaceramic.com\/wp-content\/uploads\/2024\/10\/Custom-Rectangular-Ceramic-Baking-Dish-Professional-Bakeware-Supplies-5-300x300.webp 300w, https:\/\/jinhuaceramic.com\/wp-content\/uploads\/2024\/10\/Custom-Rectangular-Ceramic-Baking-Dish-Professional-Bakeware-Supplies-5-150x150.webp 150w, https:\/\/jinhuaceramic.com\/wp-content\/uploads\/2024\/10\/Custom-Rectangular-Ceramic-Baking-Dish-Professional-Bakeware-Supplies-5-768x766.webp 768w, https:\/\/jinhuaceramic.com\/wp-content\/uploads\/2024\/10\/Custom-Rectangular-Ceramic-Baking-Dish-Professional-Bakeware-Supplies-5-12x12.webp 12w, https:\/\/jinhuaceramic.com\/wp-content\/uploads\/2024\/10\/Custom-Rectangular-Ceramic-Baking-Dish-Professional-Bakeware-Supplies-5-285x284.webp 285w, https:\/\/jinhuaceramic.com\/wp-content\/uploads\/2024\/10\/Custom-Rectangular-Ceramic-Baking-Dish-Professional-Bakeware-Supplies-5-270x270.webp 270w, https:\/\/jinhuaceramic.com\/wp-content\/uploads\/2024\/10\/Custom-Rectangular-Ceramic-Baking-Dish-Professional-Bakeware-Supplies-5-540x540.webp 540w, https:\/\/jinhuaceramic.com\/wp-content\/uploads\/2024\/10\/Custom-Rectangular-Ceramic-Baking-Dish-Professional-Bakeware-Supplies-5-660x660.webp 660w\" sizes=\"(max-width: 1500px) 100vw, 1500px\" \/><\/figure>\n<\/div>\n<\/div>\n\n\n\n<p><\/p>","protected":false},"excerpt":{"rendered":"<p>Bienvenido a pedir nuestros moldes de cer\u00e1mica al por mayor. Nuestros utensilios de cocina al por mayor est\u00e1n dise\u00f1ados est\u00e9ticamente para ser funcionales: con rayas verticales, de forma rectangular, con c\u00f3modas asas, material cer\u00e1mico resistente al calor, esmalte liso y m\u00faltiples colores.<\/p>","protected":false},"featured_media":6797,"comment_status":"closed","ping_status":"closed","template":"","meta":{"_acf_changed":false},"product_brand":[],"product_cat":[53],"product_tag":[71],"class_list":{"0":"post-6792","1":"product","2":"type-product","3":"status-publish","4":"has-post-thumbnail","6":"product_cat-bakeware-in-bulk","7":"product_tag-wholesale-baking-pans","9":"first","10":"instock","11":"shipping-taxable","12":"product-type-simple"},"acf":[],"_links":{"self":[{"href":"https:\/\/jinhuaceramic.com\/es\/wp-json\/wp\/v2\/product\/6792","targetHints":{"allow":["GET"]}}],"collection":[{"href":"https:\/\/jinhuaceramic.com\/es\/wp-json\/wp\/v2\/product"}],"about":[{"href":"https:\/\/jinhuaceramic.com\/es\/wp-json\/wp\/v2\/types\/product"}],"replies":[{"embeddable":true,"href":"https:\/\/jinhuaceramic.com\/es\/wp-json\/wp\/v2\/comments?post=6792"}],"version-history":[{"count":0,"href":"https:\/\/jinhuaceramic.com\/es\/wp-json\/wp\/v2\/product\/6792\/revisions"}],"wp:featuredmedia":[{"embeddable":true,"href":"https:\/\/jinhuaceramic.com\/es\/wp-json\/wp\/v2\/media\/6797"}],"wp:attachment":[{"href":"https:\/\/jinhuaceramic.com\/es\/wp-json\/wp\/v2\/media?parent=6792"}],"wp:term":[{"taxonomy":"product_brand","embeddable":true,"href":"https:\/\/jinhuaceramic.com\/es\/wp-json\/wp\/v2\/product_brand?post=6792"},{"taxonomy":"product_cat","embeddable":true,"href":"https:\/\/jinhuaceramic.com\/es\/wp-json\/wp\/v2\/product_cat?post=6792"},{"taxonomy":"product_tag","embeddable":true,"href":"https:\/\/jinhuaceramic.com\/es\/wp-json\/wp\/v2\/product_tag?post=6792"}],"curies":[{"name":"wp","href":"https:\/\/api.w.org\/{rel}","templated":true}]}}