{"id":6805,"date":"2024-10-29T03:13:26","date_gmt":"2024-10-29T03:13:26","guid":{"rendered":"https:\/\/jinhuaceramic.com\/?post_type=product&#038;p=6805"},"modified":"2025-03-10T08:51:41","modified_gmt":"2025-03-10T08:51:41","slug":"bakeware-wholesale","status":"publish","type":"product","link":"https:\/\/jinhuaceramic.com\/es\/product\/bakeware-wholesale\/","title":{"rendered":"Moldes De Cer\u00e1mica Al Por Mayor, Moldes Con Tapa Al Por Mayor"},"content":{"rendered":"<div class=\"wp-block-columns is-layout-flex wp-container-core-columns-is-layout-9d6595d7 wp-block-columns-is-layout-flex\">\n<div class=\"wp-block-column is-layout-flow wp-block-column-is-layout-flow\">\n<h3 class=\"wp-block-heading\">Premium Bakeware cer\u00e1mica al por mayor Caracter\u00edsticas:<\/h3>\n\n\n\n<ul class=\"wp-block-list\">\n<li><strong>Dise\u00f1o de apariencia \u00fanica: <\/strong>Estos utensilios para hornear de cer\u00e1mica al por mayor cuentan con el cl\u00e1sico color azul y blanco a juego, dando a la gente una sensaci\u00f3n fresca y elegante. La superficie de la fuente de horno est\u00e1 cubierta con esmalte irregular, que se produce por el proceso de cer\u00e1mica especial de \"cambio de horno impredecible\", formando variaci\u00f3n esmalte accidental, rica estratificaci\u00f3n, \u00fanico y hermoso.<\/li>\n\n\n\n<li><strong>Material de alta calidad: <\/strong>Estos moldes para hornear a granel con tapa est\u00e1n fabricados con cer\u00e1mica de alta calidad cocida a alta temperatura, tienen una buena resistencia a las altas temperaturas y pueden utilizarse con seguridad en hornos, microondas, lavavajillas y frigor\u00edficos. Al mismo tiempo, la cer\u00e1mica tiene una conducci\u00f3n uniforme del calor, lo que permite calentar los alimentos uniformemente y evitar que se quemen por fuera y se cocinen por dentro.<\/li>\n\n\n\n<li><strong>Asa y tapa antideslizantes: <\/strong>Estos utensilios de cer\u00e1mica para hornear al por mayor tienen asas antideslizantes en ambos lados para facilitar el agarre y la extracci\u00f3n segura incluso cuando la bandeja est\u00e1 caliente. La tapa a juego utiliza el mismo color y material que la bandeja, y tiene un asa cuadrada en la tapa para abrirla y cerrarla f\u00e1cilmente. La tapa se ajusta perfectamente a la bandeja, reteniendo eficazmente la humedad para mantener los alimentos frescos y calientes.<\/li>\n\n\n\n<li><strong>F\u00e1cil de limpiar: <\/strong>Estos moldes para hornear a granel tienen una superficie cer\u00e1mica lisa que no se pega f\u00e1cilmente a los alimentos y son muy f\u00e1ciles de limpiar, a mano o en el lavavajillas.<\/li>\n<\/ul>\n<\/div>\n\n\n\n<div class=\"wp-block-column is-layout-flow wp-block-column-is-layout-flow\">\n<figure class=\"wp-block-image size-full\"><img fetchpriority=\"high\" decoding=\"async\" width=\"1500\" height=\"1500\" src=\"https:\/\/jinhuaceramic.com\/wp-content\/uploads\/2024\/10\/Wholesale-Ceramic-Baking-Dish-With-Lid-Custom-Bakeware-Supplies-3.webp\" alt=\"Cazuelas De Cer\u00e1mica Al Por Mayor, Cazuelas Al Por Mayor Con Tapa-1\" class=\"wp-image-6807\" srcset=\"https:\/\/jinhuaceramic.com\/wp-content\/uploads\/2024\/10\/Wholesale-Ceramic-Baking-Dish-With-Lid-Custom-Bakeware-Supplies-3.webp 1500w, https:\/\/jinhuaceramic.com\/wp-content\/uploads\/2024\/10\/Wholesale-Ceramic-Baking-Dish-With-Lid-Custom-Bakeware-Supplies-3-300x300.webp 300w, https:\/\/jinhuaceramic.com\/wp-content\/uploads\/2024\/10\/Wholesale-Ceramic-Baking-Dish-With-Lid-Custom-Bakeware-Supplies-3-150x150.webp 150w, https:\/\/jinhuaceramic.com\/wp-content\/uploads\/2024\/10\/Wholesale-Ceramic-Baking-Dish-With-Lid-Custom-Bakeware-Supplies-3-768x768.webp 768w, https:\/\/jinhuaceramic.com\/wp-content\/uploads\/2024\/10\/Wholesale-Ceramic-Baking-Dish-With-Lid-Custom-Bakeware-Supplies-3-12x12.webp 12w, https:\/\/jinhuaceramic.com\/wp-content\/uploads\/2024\/10\/Wholesale-Ceramic-Baking-Dish-With-Lid-Custom-Bakeware-Supplies-3-285x285.webp 285w, https:\/\/jinhuaceramic.com\/wp-content\/uploads\/2024\/10\/Wholesale-Ceramic-Baking-Dish-With-Lid-Custom-Bakeware-Supplies-3-270x270.webp 270w, https:\/\/jinhuaceramic.com\/wp-content\/uploads\/2024\/10\/Wholesale-Ceramic-Baking-Dish-With-Lid-Custom-Bakeware-Supplies-3-540x540.webp 540w, https:\/\/jinhuaceramic.com\/wp-content\/uploads\/2024\/10\/Wholesale-Ceramic-Baking-Dish-With-Lid-Custom-Bakeware-Supplies-3-660x660.webp 660w\" sizes=\"(max-width: 1500px) 100vw, 1500px\" \/><\/figure>\n<\/div>\n<\/div>","protected":false},"excerpt":{"rendered":"<p>Bienvenido a comprar moldes para hornear al por mayor. Dise\u00f1ados para cocinas profesionales y para hornear en casa, estos moldes de cer\u00e1mica para hornear al por mayor vienen con una tapa ajustada para facilitar su almacenamiento y conservaci\u00f3n. El resistente material cer\u00e1mico proporciona una conducci\u00f3n uniforme del calor, garantizando que los alimentos se horneen de manera uniforme y tengan un sabor delicioso.<\/p>","protected":false},"featured_media":6808,"comment_status":"closed","ping_status":"closed","template":"","meta":{"_acf_changed":false},"product_brand":[],"product_cat":[53],"product_tag":[71],"class_list":{"0":"post-6805","1":"product","2":"type-product","3":"status-publish","4":"has-post-thumbnail","6":"product_cat-bakeware-in-bulk","7":"product_tag-wholesale-baking-pans","9":"first","10":"instock","11":"shipping-taxable","12":"product-type-simple"},"acf":[],"_links":{"self":[{"href":"https:\/\/jinhuaceramic.com\/es\/wp-json\/wp\/v2\/product\/6805","targetHints":{"allow":["GET"]}}],"collection":[{"href":"https:\/\/jinhuaceramic.com\/es\/wp-json\/wp\/v2\/product"}],"about":[{"href":"https:\/\/jinhuaceramic.com\/es\/wp-json\/wp\/v2\/types\/product"}],"replies":[{"embeddable":true,"href":"https:\/\/jinhuaceramic.com\/es\/wp-json\/wp\/v2\/comments?post=6805"}],"version-history":[{"count":0,"href":"https:\/\/jinhuaceramic.com\/es\/wp-json\/wp\/v2\/product\/6805\/revisions"}],"wp:featuredmedia":[{"embeddable":true,"href":"https:\/\/jinhuaceramic.com\/es\/wp-json\/wp\/v2\/media\/6808"}],"wp:attachment":[{"href":"https:\/\/jinhuaceramic.com\/es\/wp-json\/wp\/v2\/media?parent=6805"}],"wp:term":[{"taxonomy":"product_brand","embeddable":true,"href":"https:\/\/jinhuaceramic.com\/es\/wp-json\/wp\/v2\/product_brand?post=6805"},{"taxonomy":"product_cat","embeddable":true,"href":"https:\/\/jinhuaceramic.com\/es\/wp-json\/wp\/v2\/product_cat?post=6805"},{"taxonomy":"product_tag","embeddable":true,"href":"https:\/\/jinhuaceramic.com\/es\/wp-json\/wp\/v2\/product_tag?post=6805"}],"curies":[{"name":"wp","href":"https:\/\/api.w.org\/{rel}","templated":true}]}}