{"id":6821,"date":"2024-10-31T07:00:57","date_gmt":"2024-10-31T07:00:57","guid":{"rendered":"https:\/\/jinhuaceramic.com\/?post_type=product&#038;p=6821"},"modified":"2024-10-31T07:01:00","modified_gmt":"2024-10-31T07:01:00","slug":"wholesale-bathroom-sets","status":"publish","type":"product","link":"https:\/\/jinhuaceramic.com\/es\/product\/wholesale-bathroom-sets\/","title":{"rendered":"Iridiscente Mayorista Juegos de Ba\u00f1o, Accesorios de Ba\u00f1o de Cer\u00e1mica a Granel"},"content":{"rendered":"<div class=\"wp-block-columns is-layout-flex wp-container-core-columns-is-layout-9d6595d7 wp-block-columns-is-layout-flex\">\n<div class=\"wp-block-column is-layout-flow wp-block-column-is-layout-flow\">\n<h3 class=\"wp-block-heading\">Premium al por mayor Juegos de ba\u00f1o Caracter\u00edsticas:<\/h3>\n\n\n\n<ul class=\"wp-block-list\">\n<li><strong>Dise\u00f1o elegante:<\/strong> La superficie de estos juegos de ba\u00f1o de cer\u00e1mica al por mayor presenta un color iridiscente \u00fanico con un brillo similar al de las perlas. Cuando la ilumina la luz, emite un halo suave y encantador, que a\u00f1ade un ambiente rom\u00e1ntico al cuarto de ba\u00f1o. La forma de la botella de jab\u00f3n est\u00e1 dise\u00f1ada como un guijarro irregular, que rompe la forma regular de los art\u00edculos de ba\u00f1o tradicionales y a\u00f1ade inter\u00e9s.<\/li>\n\n\n\n<li><strong>Material de primera calidad:<\/strong> Estos accesorios de ba\u00f1o a granel est\u00e1n fabricados con materiales cer\u00e1micos de alta calidad, que presentan una gran resistencia al desgaste y a la corrosi\u00f3n. No se desgastan f\u00e1cilmente con el uso diario y tienen una larga vida \u00fatil. La superficie del material cer\u00e1mico es lisa y no es f\u00e1cil que oculte la suciedad. La limpieza diaria s\u00f3lo requiere pasar un pa\u00f1o h\u00famedo, lo que resulta muy c\u00f3modo.<\/li>\n\n\n\n<li><strong>Juego completo:<\/strong> Estos juegos de ba\u00f1o de cer\u00e1mica iridiscente al por mayor contienen un dispensador de jab\u00f3n, una jabonera con desag\u00fce antideslizante, un soporte para cepillos de dientes, un vaso para enjuague bucal y una bandeja, cada accesorio est\u00e1 bien dise\u00f1ado y tiene su funci\u00f3n pr\u00e1ctica para mantener organizados los art\u00edculos de ba\u00f1o.<\/li>\n\n\n\n<li><strong>Venta al por mayor y personalizaci\u00f3n:<\/strong> Nuestra f\u00e1brica ofrece descuentos en pedidos al por mayor para satisfacer las necesidades de los comerciantes que desean comprar juegos de ba\u00f1o de cer\u00e1mica en grandes cantidades. Adem\u00e1s, ofrecemos servicios de personalizaci\u00f3n a medida, lo que permite a los clientes personalizar colores, tama\u00f1os, patrones, etc. para crear unos accesorios de ba\u00f1o a granel \u00fanicos y adecuados para hoteles, apartamentos o residencias de alta gama.<\/li>\n<\/ul>\n<\/div>\n\n\n\n<div class=\"wp-block-column is-layout-flow wp-block-column-is-layout-flow\">\n<figure class=\"wp-block-image size-full\"><img fetchpriority=\"high\" decoding=\"async\" width=\"681\" height=\"681\" src=\"https:\/\/jinhuaceramic.com\/wp-content\/uploads\/2024\/10\/Custom-Made-Iridescent-Bathroom-Accessories-Set-Ceramic-Bath-Supplies.webp\" alt=\"Iridiscente Mayorista Juegos de Ba\u00f1o, Accesorios de Ba\u00f1o de Cer\u00e1mica a Granel-1\" class=\"wp-image-6825\" srcset=\"https:\/\/jinhuaceramic.com\/wp-content\/uploads\/2024\/10\/Custom-Made-Iridescent-Bathroom-Accessories-Set-Ceramic-Bath-Supplies.webp 681w, https:\/\/jinhuaceramic.com\/wp-content\/uploads\/2024\/10\/Custom-Made-Iridescent-Bathroom-Accessories-Set-Ceramic-Bath-Supplies-300x300.webp 300w, https:\/\/jinhuaceramic.com\/wp-content\/uploads\/2024\/10\/Custom-Made-Iridescent-Bathroom-Accessories-Set-Ceramic-Bath-Supplies-150x150.webp 150w, https:\/\/jinhuaceramic.com\/wp-content\/uploads\/2024\/10\/Custom-Made-Iridescent-Bathroom-Accessories-Set-Ceramic-Bath-Supplies-12x12.webp 12w, https:\/\/jinhuaceramic.com\/wp-content\/uploads\/2024\/10\/Custom-Made-Iridescent-Bathroom-Accessories-Set-Ceramic-Bath-Supplies-285x285.webp 285w, https:\/\/jinhuaceramic.com\/wp-content\/uploads\/2024\/10\/Custom-Made-Iridescent-Bathroom-Accessories-Set-Ceramic-Bath-Supplies-270x270.webp 270w, https:\/\/jinhuaceramic.com\/wp-content\/uploads\/2024\/10\/Custom-Made-Iridescent-Bathroom-Accessories-Set-Ceramic-Bath-Supplies-540x540.webp 540w, https:\/\/jinhuaceramic.com\/wp-content\/uploads\/2024\/10\/Custom-Made-Iridescent-Bathroom-Accessories-Set-Ceramic-Bath-Supplies-660x660.webp 660w\" sizes=\"(max-width: 681px) 100vw, 681px\" \/><\/figure>\n<\/div>\n<\/div>","protected":false},"excerpt":{"rendered":"<p>Bienvenido a comprar accesorios de ba\u00f1o al por mayor. Estos conjuntos de ba\u00f1o de cer\u00e1mica al por mayor pueden integrarse f\u00e1cilmente en cualquier estilo de decoraci\u00f3n de ba\u00f1o. Combinando belleza, practicidad y protecci\u00f3n del medio ambiente, estos conjuntos de ba\u00f1o de cer\u00e1mica son la elecci\u00f3n perfecta para mejorar la calidad de su cuarto de ba\u00f1o.<\/p>","protected":false},"featured_media":6825,"comment_status":"closed","ping_status":"closed","template":"","meta":{"_acf_changed":false},"product_brand":[],"product_cat":[51],"product_tag":[74],"class_list":{"0":"post-6821","1":"product","2":"type-product","3":"status-publish","4":"has-post-thumbnail","6":"product_cat-bathroom-accessories-wholesale","7":"product_tag-ceramic-bath-accessories-wholesale","9":"first","10":"instock","11":"shipping-taxable","12":"product-type-simple"},"acf":[],"_links":{"self":[{"href":"https:\/\/jinhuaceramic.com\/es\/wp-json\/wp\/v2\/product\/6821","targetHints":{"allow":["GET"]}}],"collection":[{"href":"https:\/\/jinhuaceramic.com\/es\/wp-json\/wp\/v2\/product"}],"about":[{"href":"https:\/\/jinhuaceramic.com\/es\/wp-json\/wp\/v2\/types\/product"}],"replies":[{"embeddable":true,"href":"https:\/\/jinhuaceramic.com\/es\/wp-json\/wp\/v2\/comments?post=6821"}],"version-history":[{"count":0,"href":"https:\/\/jinhuaceramic.com\/es\/wp-json\/wp\/v2\/product\/6821\/revisions"}],"wp:featuredmedia":[{"embeddable":true,"href":"https:\/\/jinhuaceramic.com\/es\/wp-json\/wp\/v2\/media\/6825"}],"wp:attachment":[{"href":"https:\/\/jinhuaceramic.com\/es\/wp-json\/wp\/v2\/media?parent=6821"}],"wp:term":[{"taxonomy":"product_brand","embeddable":true,"href":"https:\/\/jinhuaceramic.com\/es\/wp-json\/wp\/v2\/product_brand?post=6821"},{"taxonomy":"product_cat","embeddable":true,"href":"https:\/\/jinhuaceramic.com\/es\/wp-json\/wp\/v2\/product_cat?post=6821"},{"taxonomy":"product_tag","embeddable":true,"href":"https:\/\/jinhuaceramic.com\/es\/wp-json\/wp\/v2\/product_tag?post=6821"}],"curies":[{"name":"wp","href":"https:\/\/api.w.org\/{rel}","templated":true}]}}