{"id":6843,"date":"2024-11-02T06:23:41","date_gmt":"2024-11-02T06:23:41","guid":{"rendered":"https:\/\/jinhuaceramic.com\/?post_type=product&#038;p=6843"},"modified":"2024-11-02T06:23:43","modified_gmt":"2024-11-02T06:23:43","slug":"wholesale-bath-accessories","status":"publish","type":"product","link":"https:\/\/jinhuaceramic.com\/es\/product\/wholesale-bath-accessories\/","title":{"rendered":"Accesorios de Ba\u00f1o de Cer\u00e1mica Blanca al por mayor, Juego de Ba\u00f1o Minimalista al por mayor"},"content":{"rendered":"<div class=\"wp-block-columns is-layout-flex wp-container-core-columns-is-layout-9d6595d7 wp-block-columns-is-layout-flex\">\n<div class=\"wp-block-column is-layout-flow wp-block-column-is-layout-flow\">\n<h3 class=\"wp-block-heading\">Accesorios de ba\u00f1o al por mayor de primera calidad Caracter\u00edsticas:<\/h3>\n\n\n\n<ul class=\"wp-block-list\">\n<li><strong>Dise\u00f1o moderno:<\/strong> Estos accesorios de ba\u00f1o de cer\u00e1mica al por mayor tienen l\u00edneas suaves y formas sencillas, adecuadas para ba\u00f1os modernos de estilo minimalista. Al mismo tiempo, hay l\u00edneas doradas en el lateral de cada accesorio como adorno, lo que aumenta la exquisitez del producto y hace que todo el espacio del ba\u00f1o parezca m\u00e1s exclusivo.<\/li>\n\n\n\n<li><strong>Material cer\u00e1mico de alta calidad: <\/strong>Estos juegos de ba\u00f1o a granel est\u00e1n fabricados con materiales cer\u00e1micos de alta calidad. En comparaci\u00f3n con los sanitarios de pl\u00e1stico, los sanitarios de cer\u00e1mica tienen mejor textura, son resistentes al desgaste y duraderos, y tienen una larga vida \u00fatil.<\/li>\n\n\n\n<li><strong>Juego completo:<\/strong> Estos juegos de accesorios de ba\u00f1o al por mayor incluyen un soporte para cepillo de dientes, 2 vasos para enjuague bucal, un dispensador de jab\u00f3n y una jabonera para satisfacer sus necesidades diarias de aseo. El portacepillos de dientes tiene un dise\u00f1o dividido, la jabonera tiene un dise\u00f1o antideslizante y el dispensador de jab\u00f3n se presiona suavemente. Cada accesorio est\u00e1 cuidadosamente dise\u00f1ado para garantizar una buena experiencia de uso a los clientes.<\/li>\n\n\n\n<li><strong>F\u00e1cil de mantener:<\/strong> Estos juegos de ba\u00f1o de cer\u00e1mica a granel tienen buenas propiedades impermeables y a prueba de humedad, y pueden permanecer secos incluso en un ambiente de ba\u00f1o h\u00famedo, y no son f\u00e1ciles de moldear. La superficie de cer\u00e1mica es lisa y delicada, y no es f\u00e1cil que se adhieran las manchas. Basta con limpiarla suavemente con un pa\u00f1o h\u00famedo para recuperar el brillo.<\/li>\n<\/ul>\n<\/div>\n\n\n\n<div class=\"wp-block-column is-layout-flow wp-block-column-is-layout-flow\">\n<figure class=\"wp-block-image size-full\"><img fetchpriority=\"high\" decoding=\"async\" width=\"1024\" height=\"1024\" src=\"https:\/\/jinhuaceramic.com\/wp-content\/uploads\/2024\/11\/Minimalist-Custom-Ceramic-Bathroom-Set-Hotel-Accessories-Wholesale.webp\" alt=\"Accesorios de Ba\u00f1o de Cer\u00e1mica Blanca al por mayor, Juego de Ba\u00f1o Minimalista Bulk-1\" class=\"wp-image-6848\" srcset=\"https:\/\/jinhuaceramic.com\/wp-content\/uploads\/2024\/11\/Minimalist-Custom-Ceramic-Bathroom-Set-Hotel-Accessories-Wholesale.webp 1024w, https:\/\/jinhuaceramic.com\/wp-content\/uploads\/2024\/11\/Minimalist-Custom-Ceramic-Bathroom-Set-Hotel-Accessories-Wholesale-300x300.webp 300w, https:\/\/jinhuaceramic.com\/wp-content\/uploads\/2024\/11\/Minimalist-Custom-Ceramic-Bathroom-Set-Hotel-Accessories-Wholesale-150x150.webp 150w, https:\/\/jinhuaceramic.com\/wp-content\/uploads\/2024\/11\/Minimalist-Custom-Ceramic-Bathroom-Set-Hotel-Accessories-Wholesale-768x768.webp 768w, https:\/\/jinhuaceramic.com\/wp-content\/uploads\/2024\/11\/Minimalist-Custom-Ceramic-Bathroom-Set-Hotel-Accessories-Wholesale-12x12.webp 12w, https:\/\/jinhuaceramic.com\/wp-content\/uploads\/2024\/11\/Minimalist-Custom-Ceramic-Bathroom-Set-Hotel-Accessories-Wholesale-285x285.webp 285w, https:\/\/jinhuaceramic.com\/wp-content\/uploads\/2024\/11\/Minimalist-Custom-Ceramic-Bathroom-Set-Hotel-Accessories-Wholesale-270x270.webp 270w, https:\/\/jinhuaceramic.com\/wp-content\/uploads\/2024\/11\/Minimalist-Custom-Ceramic-Bathroom-Set-Hotel-Accessories-Wholesale-540x540.webp 540w, https:\/\/jinhuaceramic.com\/wp-content\/uploads\/2024\/11\/Minimalist-Custom-Ceramic-Bathroom-Set-Hotel-Accessories-Wholesale-660x660.webp 660w\" sizes=\"(max-width: 1024px) 100vw, 1024px\" \/><\/figure>\n<\/div>\n<\/div>\n\n\n\n<p><\/p>","protected":false},"excerpt":{"rendered":"<p>Bienvenido a comprar juegos de ba\u00f1o al por mayor. El dise\u00f1o \u00fanico de estos accesorios de ba\u00f1o al por mayor es una combinaci\u00f3n perfecta de estilo minimalista moderno y detalles exquisitos, que es a la vez funcional y decorativo. Es un producto de ba\u00f1o muy elegante que puede a\u00f1adir un toque de sofisticaci\u00f3n y elegancia al cuarto de ba\u00f1o.<\/p>","protected":false},"featured_media":6847,"comment_status":"closed","ping_status":"closed","template":"","meta":{"_acf_changed":false},"product_brand":[],"product_cat":[51],"product_tag":[74],"class_list":{"0":"post-6843","1":"product","2":"type-product","3":"status-publish","4":"has-post-thumbnail","6":"product_cat-bathroom-accessories-wholesale","7":"product_tag-ceramic-bath-accessories-wholesale","9":"first","10":"instock","11":"shipping-taxable","12":"product-type-simple"},"acf":[],"_links":{"self":[{"href":"https:\/\/jinhuaceramic.com\/es\/wp-json\/wp\/v2\/product\/6843","targetHints":{"allow":["GET"]}}],"collection":[{"href":"https:\/\/jinhuaceramic.com\/es\/wp-json\/wp\/v2\/product"}],"about":[{"href":"https:\/\/jinhuaceramic.com\/es\/wp-json\/wp\/v2\/types\/product"}],"replies":[{"embeddable":true,"href":"https:\/\/jinhuaceramic.com\/es\/wp-json\/wp\/v2\/comments?post=6843"}],"version-history":[{"count":0,"href":"https:\/\/jinhuaceramic.com\/es\/wp-json\/wp\/v2\/product\/6843\/revisions"}],"wp:featuredmedia":[{"embeddable":true,"href":"https:\/\/jinhuaceramic.com\/es\/wp-json\/wp\/v2\/media\/6847"}],"wp:attachment":[{"href":"https:\/\/jinhuaceramic.com\/es\/wp-json\/wp\/v2\/media?parent=6843"}],"wp:term":[{"taxonomy":"product_brand","embeddable":true,"href":"https:\/\/jinhuaceramic.com\/es\/wp-json\/wp\/v2\/product_brand?post=6843"},{"taxonomy":"product_cat","embeddable":true,"href":"https:\/\/jinhuaceramic.com\/es\/wp-json\/wp\/v2\/product_cat?post=6843"},{"taxonomy":"product_tag","embeddable":true,"href":"https:\/\/jinhuaceramic.com\/es\/wp-json\/wp\/v2\/product_tag?post=6843"}],"curies":[{"name":"wp","href":"https:\/\/api.w.org\/{rel}","templated":true}]}}