{"id":6855,"date":"2024-11-05T02:12:41","date_gmt":"2024-11-05T02:12:41","guid":{"rendered":"https:\/\/jinhuaceramic.com\/?post_type=product&#038;p=6855"},"modified":"2024-11-05T03:26:47","modified_gmt":"2024-11-05T03:26:47","slug":"bulk-soap-dish","status":"publish","type":"product","link":"https:\/\/jinhuaceramic.com\/es\/product\/bulk-soap-dish\/","title":{"rendered":"Jaboneras a granel en forma de concha, accesorios de ba\u00f1o de cer\u00e1mica"},"content":{"rendered":"<div class=\"wp-block-columns is-layout-flex wp-container-core-columns-is-layout-9d6595d7 wp-block-columns-is-layout-flex\">\n<div class=\"wp-block-column is-layout-flow wp-block-column-is-layout-flow\">\n<h3 class=\"wp-block-heading\">Jabonera a granel Premium Caracter\u00edsticas:<\/h3>\n\n\n\n<ul class=\"wp-block-list\">\n<li><strong>Dise\u00f1o \u00fanico: <\/strong>Esta jabonera de cer\u00e1mica a granel en forma de concha est\u00e1 dise\u00f1ada con un contorno naturalmente liso, muy parecido al de una concha real. Este dise\u00f1o no s\u00f3lo es bonito, sino tambi\u00e9n rom\u00e1ntico, como el oc\u00e9ano. El dise\u00f1o interior de la jabonera representa la textura natural de la concha, que a\u00f1ade textura al producto y mantiene el jab\u00f3n en su sitio para evitar que resbale.<\/li>\n\n\n\n<li><strong>Calidad del material: <\/strong>Se trata de jaboneras de cer\u00e1mica al por mayor con material cer\u00e1mico de alta calidad en forma de concha, resistente a las altas temperaturas y a la corrosi\u00f3n, muy f\u00e1cil de limpiar y duradero para una larga vida \u00fatil.<\/li>\n\n\n\n<li><strong>Proceso de galvanoplastia:<\/strong> Esta jabonera de cer\u00e1mica a granel galvanoplastia una capa de pel\u00edcula de metal en la superficie de la cer\u00e1mica, que mejor\u00f3 en gran medida la belleza de estos platos de jab\u00f3n. Hay un efecto iridiscente en el jab\u00f3n de color rosa y blanco el color cambiar\u00e1 cuando cambia la luz, y es muy poderoso de una manera visual.<\/li>\n\n\n\n<li><strong>Pr\u00e1ctico: <\/strong>Las jaboneras de cer\u00e1mica al por mayor est\u00e1n dise\u00f1adas con agujeros en el fondo. Este tipo de dise\u00f1os pueden drenar la humedad del jab\u00f3n eficazmente, haciendo que el jab\u00f3n se seque, reduciendo el crecimiento de bacterias y aumentando la vida \u00fatil. No s\u00f3lo puede colocar jabones en este tipo de jaboneras de cer\u00e1mica, sino que tambi\u00e9n puede utilizarlas para colocar peque\u00f1os objetos como joyas, muy pr\u00e1ctico.<\/li>\n<\/ul>\n<\/div>\n\n\n\n<div class=\"wp-block-column is-layout-flow wp-block-column-is-layout-flow\">\n<figure class=\"wp-block-image size-full\"><img fetchpriority=\"high\" decoding=\"async\" width=\"750\" height=\"750\" src=\"https:\/\/jinhuaceramic.com\/wp-content\/uploads\/2024\/11\/Wholesale-Shell-Shaped-Ceramic-Soap-Dish-Bathroom-Accessories-Supplier-2.webp\" alt=\"Jaboneras a Granel en Forma de Concha, Accesorios de Ba\u00f1o de Cer\u00e1mica-1\" class=\"wp-image-6856\" srcset=\"https:\/\/jinhuaceramic.com\/wp-content\/uploads\/2024\/11\/Wholesale-Shell-Shaped-Ceramic-Soap-Dish-Bathroom-Accessories-Supplier-2.webp 750w, https:\/\/jinhuaceramic.com\/wp-content\/uploads\/2024\/11\/Wholesale-Shell-Shaped-Ceramic-Soap-Dish-Bathroom-Accessories-Supplier-2-300x300.webp 300w, https:\/\/jinhuaceramic.com\/wp-content\/uploads\/2024\/11\/Wholesale-Shell-Shaped-Ceramic-Soap-Dish-Bathroom-Accessories-Supplier-2-150x150.webp 150w, https:\/\/jinhuaceramic.com\/wp-content\/uploads\/2024\/11\/Wholesale-Shell-Shaped-Ceramic-Soap-Dish-Bathroom-Accessories-Supplier-2-12x12.webp 12w, https:\/\/jinhuaceramic.com\/wp-content\/uploads\/2024\/11\/Wholesale-Shell-Shaped-Ceramic-Soap-Dish-Bathroom-Accessories-Supplier-2-285x285.webp 285w, https:\/\/jinhuaceramic.com\/wp-content\/uploads\/2024\/11\/Wholesale-Shell-Shaped-Ceramic-Soap-Dish-Bathroom-Accessories-Supplier-2-270x270.webp 270w, https:\/\/jinhuaceramic.com\/wp-content\/uploads\/2024\/11\/Wholesale-Shell-Shaped-Ceramic-Soap-Dish-Bathroom-Accessories-Supplier-2-540x540.webp 540w, https:\/\/jinhuaceramic.com\/wp-content\/uploads\/2024\/11\/Wholesale-Shell-Shaped-Ceramic-Soap-Dish-Bathroom-Accessories-Supplier-2-660x660.webp 660w\" sizes=\"(max-width: 750px) 100vw, 750px\" \/><\/figure>\n<\/div>\n<\/div>","protected":false},"excerpt":{"rendered":"<p>Bienvenido a comprar jaboneras de cer\u00e1mica al por mayor. El dise\u00f1o de esta jabonera al por mayor combina a la perfecci\u00f3n naturaleza y arte, por lo que no s\u00f3lo es pr\u00e1ctica, sino que tambi\u00e9n tiene un alto valor ornamental. Su forma de concha \u00fanica, sus colores iridiscentes cambiantes, su estructura de cer\u00e1mica estable y su gran practicidad la convierten en un art\u00edculo de ba\u00f1o muy atractivo.<\/p>","protected":false},"featured_media":6861,"comment_status":"closed","ping_status":"closed","template":"","meta":{"_acf_changed":false},"product_brand":[],"product_cat":[51],"product_tag":[72],"class_list":{"0":"post-6855","1":"product","2":"type-product","3":"status-publish","4":"has-post-thumbnail","6":"product_cat-bathroom-accessories-wholesale","7":"product_tag-wholesale-soap-dishes","9":"first","10":"instock","11":"shipping-taxable","12":"product-type-simple"},"acf":[],"_links":{"self":[{"href":"https:\/\/jinhuaceramic.com\/es\/wp-json\/wp\/v2\/product\/6855","targetHints":{"allow":["GET"]}}],"collection":[{"href":"https:\/\/jinhuaceramic.com\/es\/wp-json\/wp\/v2\/product"}],"about":[{"href":"https:\/\/jinhuaceramic.com\/es\/wp-json\/wp\/v2\/types\/product"}],"replies":[{"embeddable":true,"href":"https:\/\/jinhuaceramic.com\/es\/wp-json\/wp\/v2\/comments?post=6855"}],"version-history":[{"count":0,"href":"https:\/\/jinhuaceramic.com\/es\/wp-json\/wp\/v2\/product\/6855\/revisions"}],"wp:featuredmedia":[{"embeddable":true,"href":"https:\/\/jinhuaceramic.com\/es\/wp-json\/wp\/v2\/media\/6861"}],"wp:attachment":[{"href":"https:\/\/jinhuaceramic.com\/es\/wp-json\/wp\/v2\/media?parent=6855"}],"wp:term":[{"taxonomy":"product_brand","embeddable":true,"href":"https:\/\/jinhuaceramic.com\/es\/wp-json\/wp\/v2\/product_brand?post=6855"},{"taxonomy":"product_cat","embeddable":true,"href":"https:\/\/jinhuaceramic.com\/es\/wp-json\/wp\/v2\/product_cat?post=6855"},{"taxonomy":"product_tag","embeddable":true,"href":"https:\/\/jinhuaceramic.com\/es\/wp-json\/wp\/v2\/product_tag?post=6855"}],"curies":[{"name":"wp","href":"https:\/\/api.w.org\/{rel}","templated":true}]}}