{"id":6907,"date":"2024-11-05T08:30:23","date_gmt":"2024-11-05T08:30:23","guid":{"rendered":"https:\/\/jinhuaceramic.com\/?post_type=product&#038;p=6907"},"modified":"2024-11-05T08:30:45","modified_gmt":"2024-11-05T08:30:45","slug":"bathtub-soap-dish-bulk","status":"publish","type":"product","link":"https:\/\/jinhuaceramic.com\/es\/product\/bathtub-soap-dish-bulk\/","title":{"rendered":"Jaboneras de Ba\u00f1era, Jaboneras de Cer\u00e1mica al por mayor"},"content":{"rendered":"<div class=\"wp-block-columns is-layout-flex wp-container-core-columns-is-layout-9d6595d7 wp-block-columns-is-layout-flex\">\n<div class=\"wp-block-column is-layout-flow wp-block-column-is-layout-flow\">\n<h3 class=\"wp-block-heading\">Jabonera de Ba\u00f1era Premium a Granel Caracter\u00edsticas:<\/h3>\n\n\n\n<ul class=\"wp-block-list\">\n<li><strong>Forma de ba\u00f1era \u00fanica:<\/strong> A diferencia de las tradicionales jaboneras cuadradas u ovaladas, estas jaboneras de ba\u00f1era de cer\u00e1mica a granel est\u00e1n dise\u00f1adas con la creativa forma de una peque\u00f1a ba\u00f1era, que es muy mona. La forma de la ba\u00f1era podr\u00eda apoyar el jab\u00f3n y a\u00f1adir diversi\u00f3n en el cuarto de ba\u00f1o.<\/li>\n\n\n\n<li><strong>Varios colores y patr\u00f3n de m\u00e1rmol:<\/strong> Estas jaboneras de cer\u00e1mica al por mayor est\u00e1n disponibles en varios colores, como azul, rosa, negro y blanco. Sus ricos matices se adaptan a m\u00faltiples estilos de decoraci\u00f3n de ba\u00f1os, haciendo que el espacio del ba\u00f1o sea mucho m\u00e1s vivo. La superficie de la jabonera tiene una textura de m\u00e1rmol con l\u00edneas doradas y es de alta gama con un toque retro.<\/li>\n\n\n\n<li><strong>Material de primera calidad:<\/strong> Nuestra jabonera para ba\u00f1era a granel est\u00e1 fabricada con material de primera calidad: cer\u00e1mica. En comparaci\u00f3n con las jaboneras de pl\u00e1stico, las jaboneras de cer\u00e1mica son duras y no se desgastan r\u00e1pidamente, con esmalte liso, que es f\u00e1cil de limpiar y no engendra bacterias. En este sentido, el uso de las jaboneras de cer\u00e1mica ser\u00e1 m\u00e1s respetuoso con el medio ambiente y saludable.<\/li>\n\n\n\n<li><strong>Pr\u00e1ctico: <\/strong>Estas jaboneras de cer\u00e1mica para ba\u00f1o al por mayor son de tama\u00f1o peque\u00f1o; teniendo esto en cuenta, estos art\u00edculos no ocupar\u00edan mucho espacio y ser\u00edan perfectos para colocar en un lavabo. La parte inferior de esta jabonera tiene 3 agujeros de drenaje para drenar r\u00e1pidamente el agua del jab\u00f3n para mantener el jab\u00f3n seco para un uso prolongado.<\/li>\n<\/ul>\n<\/div>\n\n\n\n<div class=\"wp-block-column is-layout-flow wp-block-column-is-layout-flow\">\n<figure class=\"wp-block-image size-full\"><img fetchpriority=\"high\" decoding=\"async\" width=\"2000\" height=\"2000\" src=\"https:\/\/jinhuaceramic.com\/wp-content\/uploads\/2024\/11\/Wholesale-Ceramic-Bathtub-Soap-Dish-Bulk-Bathroom-Accessories-Supplies-2.webp\" alt=\"Jabonera de Ba\u00f1era, Jaboneras de Cer\u00e1mica al por mayor-1\" class=\"wp-image-6909\" srcset=\"https:\/\/jinhuaceramic.com\/wp-content\/uploads\/2024\/11\/Wholesale-Ceramic-Bathtub-Soap-Dish-Bulk-Bathroom-Accessories-Supplies-2.webp 2000w, https:\/\/jinhuaceramic.com\/wp-content\/uploads\/2024\/11\/Wholesale-Ceramic-Bathtub-Soap-Dish-Bulk-Bathroom-Accessories-Supplies-2-300x300.webp 300w, https:\/\/jinhuaceramic.com\/wp-content\/uploads\/2024\/11\/Wholesale-Ceramic-Bathtub-Soap-Dish-Bulk-Bathroom-Accessories-Supplies-2-150x150.webp 150w, https:\/\/jinhuaceramic.com\/wp-content\/uploads\/2024\/11\/Wholesale-Ceramic-Bathtub-Soap-Dish-Bulk-Bathroom-Accessories-Supplies-2-768x768.webp 768w, https:\/\/jinhuaceramic.com\/wp-content\/uploads\/2024\/11\/Wholesale-Ceramic-Bathtub-Soap-Dish-Bulk-Bathroom-Accessories-Supplies-2-12x12.webp 12w, https:\/\/jinhuaceramic.com\/wp-content\/uploads\/2024\/11\/Wholesale-Ceramic-Bathtub-Soap-Dish-Bulk-Bathroom-Accessories-Supplies-2-285x285.webp 285w, https:\/\/jinhuaceramic.com\/wp-content\/uploads\/2024\/11\/Wholesale-Ceramic-Bathtub-Soap-Dish-Bulk-Bathroom-Accessories-Supplies-2-1600x1600.webp 1600w, https:\/\/jinhuaceramic.com\/wp-content\/uploads\/2024\/11\/Wholesale-Ceramic-Bathtub-Soap-Dish-Bulk-Bathroom-Accessories-Supplies-2-270x270.webp 270w, https:\/\/jinhuaceramic.com\/wp-content\/uploads\/2024\/11\/Wholesale-Ceramic-Bathtub-Soap-Dish-Bulk-Bathroom-Accessories-Supplies-2-540x540.webp 540w, https:\/\/jinhuaceramic.com\/wp-content\/uploads\/2024\/11\/Wholesale-Ceramic-Bathtub-Soap-Dish-Bulk-Bathroom-Accessories-Supplies-2-660x660.webp 660w\" sizes=\"(max-width: 2000px) 100vw, 2000px\" \/><\/figure>\n<\/div>\n<\/div>","protected":false},"excerpt":{"rendered":"<p>Bienvenido a comprar jaboneras al por mayor. El dise\u00f1o de esta ba\u00f1era jabonera al por mayor es especial, convirtiendo jaboneras diarias en la imagen de una ba\u00f1era mini v\u00edvida e interesante. Estas jaboneras de cer\u00e1mica combinan a la perfecci\u00f3n practicidad y decoraci\u00f3n para satisfacer las exigencias del uso diario y a\u00f1adir diversi\u00f3n y arte en el cuarto de ba\u00f1o.<\/p>","protected":false},"featured_media":6915,"comment_status":"closed","ping_status":"closed","template":"","meta":{"_acf_changed":false},"product_brand":[],"product_cat":[51],"product_tag":[72],"class_list":{"0":"post-6907","1":"product","2":"type-product","3":"status-publish","4":"has-post-thumbnail","6":"product_cat-bathroom-accessories-wholesale","7":"product_tag-wholesale-soap-dishes","9":"first","10":"instock","11":"shipping-taxable","12":"product-type-simple"},"acf":[],"_links":{"self":[{"href":"https:\/\/jinhuaceramic.com\/es\/wp-json\/wp\/v2\/product\/6907","targetHints":{"allow":["GET"]}}],"collection":[{"href":"https:\/\/jinhuaceramic.com\/es\/wp-json\/wp\/v2\/product"}],"about":[{"href":"https:\/\/jinhuaceramic.com\/es\/wp-json\/wp\/v2\/types\/product"}],"replies":[{"embeddable":true,"href":"https:\/\/jinhuaceramic.com\/es\/wp-json\/wp\/v2\/comments?post=6907"}],"version-history":[{"count":0,"href":"https:\/\/jinhuaceramic.com\/es\/wp-json\/wp\/v2\/product\/6907\/revisions"}],"wp:featuredmedia":[{"embeddable":true,"href":"https:\/\/jinhuaceramic.com\/es\/wp-json\/wp\/v2\/media\/6915"}],"wp:attachment":[{"href":"https:\/\/jinhuaceramic.com\/es\/wp-json\/wp\/v2\/media?parent=6907"}],"wp:term":[{"taxonomy":"product_brand","embeddable":true,"href":"https:\/\/jinhuaceramic.com\/es\/wp-json\/wp\/v2\/product_brand?post=6907"},{"taxonomy":"product_cat","embeddable":true,"href":"https:\/\/jinhuaceramic.com\/es\/wp-json\/wp\/v2\/product_cat?post=6907"},{"taxonomy":"product_tag","embeddable":true,"href":"https:\/\/jinhuaceramic.com\/es\/wp-json\/wp\/v2\/product_tag?post=6907"}],"curies":[{"name":"wp","href":"https:\/\/api.w.org\/{rel}","templated":true}]}}