{"id":6939,"date":"2024-11-06T10:28:42","date_gmt":"2024-11-06T10:28:42","guid":{"rendered":"https:\/\/jinhuaceramic.com\/?post_type=product&#038;p=6939"},"modified":"2025-03-11T08:00:27","modified_gmt":"2025-03-11T08:00:27","slug":"casserole-wholesale","status":"publish","type":"product","link":"https:\/\/jinhuaceramic.com\/es\/product\/casserole-wholesale\/","title":{"rendered":"Cazuela de Cer\u00e1mica Retro Roja al por Mayor con Tapa"},"content":{"rendered":"<div class=\"wp-block-columns is-layout-flex wp-container-core-columns-is-layout-9d6595d7 wp-block-columns-is-layout-flex\">\n<div class=\"wp-block-column is-layout-flow wp-block-column-is-layout-flow\">\n<h3 class=\"wp-block-heading\">Cacerola Premium al por mayor Caracter\u00edsticas:<\/h3>\n\n\n\n<ul class=\"wp-block-list\">\n<li><strong>Dise\u00f1o elegante: <\/strong>En comparaci\u00f3n con otras cacerolas del mercado, esta cacerola de primera calidad al por mayor es peque\u00f1a y bonita. Tiene una estructura sencilla con una elegante combinaci\u00f3n de colores rojo y blanco que encaja en la cocina moderna. El color exterior de la cacerola es degradado de rojo a negro, un toque art\u00edstico a\u00f1adido al producto.<\/li>\n\n\n\n<li><strong>Material cer\u00e1mico de buena calidad: <\/strong>Microondas y horno seguro, este plato de cer\u00e1mica al por mayor para hornear tiene buena conductividad t\u00e9rmica, que puede distribuir el calor uniformemente para calentar la comida y no se quema f\u00e1cilmente. Material cer\u00e1mico no t\u00f3xico e inodoro, en contacto seguro con los alimentos, no libera sustancias nocivas durante el uso.<\/li>\n\n\n\n<li><strong>Funcionalidad: <\/strong>Esta cazuela al por mayor puede utilizarse para todo tipo de platos, adecuada para una sola persona o una familia peque\u00f1a. La tapa puede bloquear bien la fragancia y la humedad de los alimentos y mantener el sabor original. Tambi\u00e9n se puede poner directamente en la mesa para servir como vajilla.<\/li>\n\n\n\n<li><strong>F\u00e1cil de limpiar: <\/strong>Debido a su superficie lisa y esmaltada, no permite que los platos de cer\u00e1mica al por mayor con tapa se queden pegados a los restos de comida. Por lo tanto, son muy f\u00e1ciles de limpiar. <\/li>\n<\/ul>\n<\/div>\n\n\n\n<div class=\"wp-block-column is-layout-flow wp-block-column-is-layout-flow\">\n<figure class=\"wp-block-image size-full\"><img fetchpriority=\"high\" decoding=\"async\" width=\"1024\" height=\"1024\" src=\"https:\/\/jinhuaceramic.com\/wp-content\/uploads\/2024\/11\/Custom-Ceramic-Mini-Casserole-Dish-With-Lid-For-Baking-Wholesale-4.webp\" alt=\"Cacerola De Cer\u00e1mica Retro Roja Al Por Mayor Con Tapa-1\" class=\"wp-image-6942\" srcset=\"https:\/\/jinhuaceramic.com\/wp-content\/uploads\/2024\/11\/Custom-Ceramic-Mini-Casserole-Dish-With-Lid-For-Baking-Wholesale-4.webp 1024w, https:\/\/jinhuaceramic.com\/wp-content\/uploads\/2024\/11\/Custom-Ceramic-Mini-Casserole-Dish-With-Lid-For-Baking-Wholesale-4-300x300.webp 300w, https:\/\/jinhuaceramic.com\/wp-content\/uploads\/2024\/11\/Custom-Ceramic-Mini-Casserole-Dish-With-Lid-For-Baking-Wholesale-4-150x150.webp 150w, https:\/\/jinhuaceramic.com\/wp-content\/uploads\/2024\/11\/Custom-Ceramic-Mini-Casserole-Dish-With-Lid-For-Baking-Wholesale-4-768x768.webp 768w, https:\/\/jinhuaceramic.com\/wp-content\/uploads\/2024\/11\/Custom-Ceramic-Mini-Casserole-Dish-With-Lid-For-Baking-Wholesale-4-12x12.webp 12w, https:\/\/jinhuaceramic.com\/wp-content\/uploads\/2024\/11\/Custom-Ceramic-Mini-Casserole-Dish-With-Lid-For-Baking-Wholesale-4-285x285.webp 285w, https:\/\/jinhuaceramic.com\/wp-content\/uploads\/2024\/11\/Custom-Ceramic-Mini-Casserole-Dish-With-Lid-For-Baking-Wholesale-4-270x270.webp 270w, https:\/\/jinhuaceramic.com\/wp-content\/uploads\/2024\/11\/Custom-Ceramic-Mini-Casserole-Dish-With-Lid-For-Baking-Wholesale-4-540x540.webp 540w, https:\/\/jinhuaceramic.com\/wp-content\/uploads\/2024\/11\/Custom-Ceramic-Mini-Casserole-Dish-With-Lid-For-Baking-Wholesale-4-660x660.webp 660w\" sizes=\"(max-width: 1024px) 100vw, 1024px\" \/><\/figure>\n<\/div>\n<\/div>","protected":false},"excerpt":{"rendered":"<p>Bienvenido a comprar cazuelas de cer\u00e1mica al por mayor. Muchas cualidades superiores vienen con esta cacerola roja al por mayor: dise\u00f1o elegante, material cer\u00e1mico de alta calidad, tapa pr\u00e1ctica, capacidad pr\u00e1ctica y f\u00e1cil limpieza. Todo ello las convierte en su mejor elecci\u00f3n para hornear y servir en la cocina. En general, a los clientes les encanta esta est\u00e9tica y pr\u00e1ctica cazuela con tapa.<\/p>","protected":false},"featured_media":6943,"comment_status":"closed","ping_status":"closed","template":"","meta":{"_acf_changed":false},"product_brand":[],"product_cat":[53],"product_tag":[71],"class_list":{"0":"post-6939","1":"product","2":"type-product","3":"status-publish","4":"has-post-thumbnail","6":"product_cat-bakeware-in-bulk","7":"product_tag-wholesale-baking-pans","9":"first","10":"instock","11":"shipping-taxable","12":"product-type-simple"},"acf":[],"_links":{"self":[{"href":"https:\/\/jinhuaceramic.com\/es\/wp-json\/wp\/v2\/product\/6939","targetHints":{"allow":["GET"]}}],"collection":[{"href":"https:\/\/jinhuaceramic.com\/es\/wp-json\/wp\/v2\/product"}],"about":[{"href":"https:\/\/jinhuaceramic.com\/es\/wp-json\/wp\/v2\/types\/product"}],"replies":[{"embeddable":true,"href":"https:\/\/jinhuaceramic.com\/es\/wp-json\/wp\/v2\/comments?post=6939"}],"version-history":[{"count":0,"href":"https:\/\/jinhuaceramic.com\/es\/wp-json\/wp\/v2\/product\/6939\/revisions"}],"wp:featuredmedia":[{"embeddable":true,"href":"https:\/\/jinhuaceramic.com\/es\/wp-json\/wp\/v2\/media\/6943"}],"wp:attachment":[{"href":"https:\/\/jinhuaceramic.com\/es\/wp-json\/wp\/v2\/media?parent=6939"}],"wp:term":[{"taxonomy":"product_brand","embeddable":true,"href":"https:\/\/jinhuaceramic.com\/es\/wp-json\/wp\/v2\/product_brand?post=6939"},{"taxonomy":"product_cat","embeddable":true,"href":"https:\/\/jinhuaceramic.com\/es\/wp-json\/wp\/v2\/product_cat?post=6939"},{"taxonomy":"product_tag","embeddable":true,"href":"https:\/\/jinhuaceramic.com\/es\/wp-json\/wp\/v2\/product_tag?post=6939"}],"curies":[{"name":"wp","href":"https:\/\/api.w.org\/{rel}","templated":true}]}}