{"id":6989,"date":"2024-11-08T01:48:24","date_gmt":"2024-11-08T01:48:24","guid":{"rendered":"https:\/\/jinhuaceramic.com\/?post_type=product&#038;p=6989"},"modified":"2025-03-10T09:12:21","modified_gmt":"2025-03-10T09:12:21","slug":"baking-pans-wholesale","status":"publish","type":"product","link":"https:\/\/jinhuaceramic.com\/es\/product\/baking-pans-wholesale\/","title":{"rendered":"moldes de tama\u00f1o personalizado al por mayor, bakeware comercial a granel"},"content":{"rendered":"<div class=\"wp-block-columns is-layout-flex wp-container-core-columns-is-layout-9d6595d7 wp-block-columns-is-layout-flex\">\n<div class=\"wp-block-column is-layout-flow wp-block-column-is-layout-flow\">\n<h3 class=\"wp-block-heading\">Premium Baking Pans Wholesale Caracter\u00edsticas:<\/h3>\n\n\n\n<ul class=\"wp-block-list\">\n<li><strong>Dise\u00f1o a la moda: <\/strong>Estos moldes de cer\u00e1mica para hornear al por mayor contienen un dise\u00f1o rojo y blanco en contraste. El rojo y el blanco cl\u00e1sicos a\u00f1aden color a su cocina. La combinaci\u00f3n de colores presenta belleza, por lo que es f\u00e1cilmente reconocible al instante.<\/li>\n\n\n\n<li><strong>Material de alta calidad: <\/strong>Estos moldes apilables de tama\u00f1o personalizado est\u00e1n hechos de cer\u00e1mica de alta calidad cocida a alta temperatura. La fuerte conductividad t\u00e9rmica puede calentar uniformemente los alimentos y evitar que se quemen por fuera y se queden crudos por dentro, haciendo m\u00e1s deliciosa la comida. Es dif\u00edcil rayar el esmalte de los moldes y tienen una larga vida \u00fatil, lo que los hace duraderos en la cocina.<\/li>\n\n\n\n<li><strong>Dise\u00f1o apilable: <\/strong>Cada una de estas bandejas de cer\u00e1mica al por mayor incluye 2 bandejas peque\u00f1as y 1 grande. Son apilables, con los 2 peque\u00f1os platos para hornear capaces de encajar en el plato para hornear grande, proporcionando espacio en el armario muy necesario cuando los platos para hornear no est\u00e1n en uso.<\/li>\n\n\n\n<li><strong>Gran sentido pr\u00e1ctico: <\/strong>Este juego de bandejas de hornear al por mayor incluye bandejas de hornear de diferentes tama\u00f1os para satisfacer las distintas necesidades de horneado. Y el mango de esta fuente de horno es relativamente simple pero muy pr\u00e1ctico, que est\u00e1 razonablemente posicionado para recoger y mover f\u00e1cilmente. Adem\u00e1s, estas fuentes de cer\u00e1mica para hornear est\u00e1n finamente esmaltadas para que el proceso de esmaltado sea suave y sean f\u00e1ciles de limpiar.<\/li>\n<\/ul>\n<\/div>\n\n\n\n<div class=\"wp-block-column is-layout-flow wp-block-column-is-layout-flow\">\n<figure class=\"wp-block-image size-full\"><img fetchpriority=\"high\" decoding=\"async\" width=\"1024\" height=\"1024\" src=\"https:\/\/jinhuaceramic.com\/wp-content\/uploads\/2024\/11\/Customized-Ceramic-Stackable-Baking-Dish-Set-Commercial-Bakeware-Supplies-3.webp\" alt=\"moldes de tama\u00f1o personalizado al por mayor, utensilios para hornear comercial Bulk-1\" class=\"wp-image-6993\" srcset=\"https:\/\/jinhuaceramic.com\/wp-content\/uploads\/2024\/11\/Customized-Ceramic-Stackable-Baking-Dish-Set-Commercial-Bakeware-Supplies-3.webp 1024w, https:\/\/jinhuaceramic.com\/wp-content\/uploads\/2024\/11\/Customized-Ceramic-Stackable-Baking-Dish-Set-Commercial-Bakeware-Supplies-3-300x300.webp 300w, https:\/\/jinhuaceramic.com\/wp-content\/uploads\/2024\/11\/Customized-Ceramic-Stackable-Baking-Dish-Set-Commercial-Bakeware-Supplies-3-150x150.webp 150w, https:\/\/jinhuaceramic.com\/wp-content\/uploads\/2024\/11\/Customized-Ceramic-Stackable-Baking-Dish-Set-Commercial-Bakeware-Supplies-3-768x768.webp 768w, https:\/\/jinhuaceramic.com\/wp-content\/uploads\/2024\/11\/Customized-Ceramic-Stackable-Baking-Dish-Set-Commercial-Bakeware-Supplies-3-12x12.webp 12w, https:\/\/jinhuaceramic.com\/wp-content\/uploads\/2024\/11\/Customized-Ceramic-Stackable-Baking-Dish-Set-Commercial-Bakeware-Supplies-3-285x285.webp 285w, https:\/\/jinhuaceramic.com\/wp-content\/uploads\/2024\/11\/Customized-Ceramic-Stackable-Baking-Dish-Set-Commercial-Bakeware-Supplies-3-270x270.webp 270w, https:\/\/jinhuaceramic.com\/wp-content\/uploads\/2024\/11\/Customized-Ceramic-Stackable-Baking-Dish-Set-Commercial-Bakeware-Supplies-3-540x540.webp 540w, https:\/\/jinhuaceramic.com\/wp-content\/uploads\/2024\/11\/Customized-Ceramic-Stackable-Baking-Dish-Set-Commercial-Bakeware-Supplies-3-660x660.webp 660w\" sizes=\"(max-width: 1024px) 100vw, 1024px\" \/><\/figure>\n<\/div>\n<\/div>\n\n\n\n<p><\/p>","protected":false},"excerpt":{"rendered":"<p>Bienvenido a comprar moldes de cer\u00e1mica al por mayor. Estos moldes para hornear de tama\u00f1o personalizado tienen color rojo y blanco contrastante, dise\u00f1o apilable, material cer\u00e1mico duradero y pr\u00e1ctico dise\u00f1o de mango. Si desea obtener un plato para hornear de alta calidad, que es hermoso, pr\u00e1ctico y duradero, este juego de bandejas de cer\u00e1mica para hornear es sin duda la mejor opci\u00f3n.<\/p>","protected":false},"featured_media":6992,"comment_status":"closed","ping_status":"closed","template":"","meta":{"_acf_changed":false},"product_brand":[],"product_cat":[53],"product_tag":[71],"class_list":{"0":"post-6989","1":"product","2":"type-product","3":"status-publish","4":"has-post-thumbnail","6":"product_cat-bakeware-in-bulk","7":"product_tag-wholesale-baking-pans","9":"first","10":"instock","11":"shipping-taxable","12":"product-type-simple"},"acf":[],"_links":{"self":[{"href":"https:\/\/jinhuaceramic.com\/es\/wp-json\/wp\/v2\/product\/6989","targetHints":{"allow":["GET"]}}],"collection":[{"href":"https:\/\/jinhuaceramic.com\/es\/wp-json\/wp\/v2\/product"}],"about":[{"href":"https:\/\/jinhuaceramic.com\/es\/wp-json\/wp\/v2\/types\/product"}],"replies":[{"embeddable":true,"href":"https:\/\/jinhuaceramic.com\/es\/wp-json\/wp\/v2\/comments?post=6989"}],"version-history":[{"count":0,"href":"https:\/\/jinhuaceramic.com\/es\/wp-json\/wp\/v2\/product\/6989\/revisions"}],"wp:featuredmedia":[{"embeddable":true,"href":"https:\/\/jinhuaceramic.com\/es\/wp-json\/wp\/v2\/media\/6992"}],"wp:attachment":[{"href":"https:\/\/jinhuaceramic.com\/es\/wp-json\/wp\/v2\/media?parent=6989"}],"wp:term":[{"taxonomy":"product_brand","embeddable":true,"href":"https:\/\/jinhuaceramic.com\/es\/wp-json\/wp\/v2\/product_brand?post=6989"},{"taxonomy":"product_cat","embeddable":true,"href":"https:\/\/jinhuaceramic.com\/es\/wp-json\/wp\/v2\/product_cat?post=6989"},{"taxonomy":"product_tag","embeddable":true,"href":"https:\/\/jinhuaceramic.com\/es\/wp-json\/wp\/v2\/product_tag?post=6989"}],"curies":[{"name":"wp","href":"https:\/\/api.w.org\/{rel}","templated":true}]}}