{"id":7058,"date":"2024-11-14T02:17:04","date_gmt":"2024-11-14T02:17:04","guid":{"rendered":"https:\/\/jinhuaceramic.com\/?post_type=product&#038;p=7058"},"modified":"2025-03-11T07:55:39","modified_gmt":"2025-03-11T07:55:39","slug":"pie-pans-bulk","status":"publish","type":"product","link":"https:\/\/jinhuaceramic.com\/es\/product\/pie-pans-bulk\/","title":{"rendered":"Moldes Ceramicos Redondos para Pasteles, Moldes para Pasteles al por mayor"},"content":{"rendered":"<div class=\"wp-block-columns is-layout-flex wp-container-core-columns-is-layout-9d6595d7 wp-block-columns-is-layout-flex\">\n<div class=\"wp-block-column is-layout-flow wp-block-column-is-layout-flow\">\n<h3 class=\"wp-block-heading\">Premium Pie Pans Caracter\u00edsticas a granel:<\/h3>\n\n\n\n<ul class=\"wp-block-list\">\n<li><strong>Dise\u00f1o elegante:<\/strong> Estos moldes de cer\u00e1mica para tartas a granel tienen un borde ondulado que aumenta la est\u00e9tica del molde, haci\u00e9ndolo m\u00e1s estratificado al poner los alimentos. El dise\u00f1o texturizado del exterior realza a\u00fan m\u00e1s el aspecto sofisticado del molde. La cer\u00e1mica blanca utilizada como material para fabricar el molde es m\u00e1s limpia y ordenada. El dise\u00f1o no s\u00f3lo es apto para uso dom\u00e9stico, sino que tambi\u00e9n resulta muy adecuado para su aplicaci\u00f3n en lugares comerciales, como restaurantes o cafeter\u00edas, para a\u00f1adir un toque extra de clase a la comida.<\/li>\n\n\n\n<li><strong>Material cer\u00e1mico de alta calidad: <\/strong>Estos moldes redondos para tartas al por mayor son muy resistentes a las altas temperaturas. No se deforman ni se agrietan f\u00e1cilmente con las altas temperaturas. Mientras tanto, la conducci\u00f3n de calor de la cer\u00e1mica es uniforme, puede hacer que la temperatura de los alimentos uniforme para evitar el exceso de escaldado y cocci\u00f3n incompleta.<\/li>\n\n\n\n<li><strong>Tama\u00f1o perfecto:<\/strong> Estos moldes redondos de cer\u00e1mica para tartas a granel, cada uno viene en 10 pulgadas de di\u00e1metro y 7 pulgadas de profundidad, es un tama\u00f1o muy bueno que satisfar\u00e1 todas sus necesidades de horneado. La capacidad de 1,5 cuartos de gal\u00f3n es perfecta para hacer tartas medianas o cualquier otra exquisitez horneada.<\/li>\n\n\n\n<li><strong>Antiadherente y f\u00e1cil de limpiar: <\/strong>Los moldes de cer\u00e1mica para tartas al por mayor de alta calidad tienen superficies lisas y no son f\u00e1ciles de pegar. As\u00ed, despu\u00e9s de hornear, los alimentos pueden desmoldarse f\u00e1cilmente. Adem\u00e1s, la superficie cer\u00e1mica no absorbe el aceite ni deja manchas resistentes. Por lo tanto, se limpia sin esfuerzo, a mano o en el lavavajillas.<\/li>\n<\/ul>\n<\/div>\n\n\n\n<div class=\"wp-block-column is-layout-flow wp-block-column-is-layout-flow\">\n<figure class=\"wp-block-image size-full\"><img fetchpriority=\"high\" decoding=\"async\" width=\"1000\" height=\"1000\" src=\"https:\/\/jinhuaceramic.com\/wp-content\/uploads\/2024\/11\/Wholesale-Ceramic-Pie-Pan-Round-Baking-Dish-Custom-Bakeware-Supplies-2.webp\" alt=\"Molde de Ceramica Redondo, Mayorista Molde de Pastel-1\" class=\"wp-image-7059\" srcset=\"https:\/\/jinhuaceramic.com\/wp-content\/uploads\/2024\/11\/Wholesale-Ceramic-Pie-Pan-Round-Baking-Dish-Custom-Bakeware-Supplies-2.webp 1000w, https:\/\/jinhuaceramic.com\/wp-content\/uploads\/2024\/11\/Wholesale-Ceramic-Pie-Pan-Round-Baking-Dish-Custom-Bakeware-Supplies-2-300x300.webp 300w, https:\/\/jinhuaceramic.com\/wp-content\/uploads\/2024\/11\/Wholesale-Ceramic-Pie-Pan-Round-Baking-Dish-Custom-Bakeware-Supplies-2-150x150.webp 150w, https:\/\/jinhuaceramic.com\/wp-content\/uploads\/2024\/11\/Wholesale-Ceramic-Pie-Pan-Round-Baking-Dish-Custom-Bakeware-Supplies-2-768x768.webp 768w, https:\/\/jinhuaceramic.com\/wp-content\/uploads\/2024\/11\/Wholesale-Ceramic-Pie-Pan-Round-Baking-Dish-Custom-Bakeware-Supplies-2-12x12.webp 12w, https:\/\/jinhuaceramic.com\/wp-content\/uploads\/2024\/11\/Wholesale-Ceramic-Pie-Pan-Round-Baking-Dish-Custom-Bakeware-Supplies-2-285x285.webp 285w, https:\/\/jinhuaceramic.com\/wp-content\/uploads\/2024\/11\/Wholesale-Ceramic-Pie-Pan-Round-Baking-Dish-Custom-Bakeware-Supplies-2-270x270.webp 270w, https:\/\/jinhuaceramic.com\/wp-content\/uploads\/2024\/11\/Wholesale-Ceramic-Pie-Pan-Round-Baking-Dish-Custom-Bakeware-Supplies-2-540x540.webp 540w, https:\/\/jinhuaceramic.com\/wp-content\/uploads\/2024\/11\/Wholesale-Ceramic-Pie-Pan-Round-Baking-Dish-Custom-Bakeware-Supplies-2-660x660.webp 660w\" sizes=\"(max-width: 1000px) 100vw, 1000px\" \/><\/figure>\n<\/div>\n<\/div>","protected":false},"excerpt":{"rendered":"<p>Bienvenido a comprar moldes de cer\u00e1mica para tartas al por mayor. Estos moldes para tartas al por mayor son utensilios de cocina muy pr\u00e1cticos. Sus ventajas incluyen resistencia a altas temperaturas, antiadherente, seguridad y salud, y buen aspecto. Este molde para tartas fusiona a la perfecci\u00f3n la practicidad con la buena apariencia, lo que no s\u00f3lo aportar\u00e1 m\u00e1s diversi\u00f3n a la reposter\u00eda, sino que tambi\u00e9n a\u00f1adir\u00e1 un aura de elegancia a la cocina.<\/p>","protected":false},"featured_media":7060,"comment_status":"closed","ping_status":"closed","template":"","meta":{"_acf_changed":false},"product_brand":[],"product_cat":[53],"product_tag":[70],"class_list":{"0":"post-7058","1":"product","2":"type-product","3":"status-publish","4":"has-post-thumbnail","6":"product_cat-bakeware-in-bulk","7":"product_tag-custom-pie-pans","9":"first","10":"instock","11":"shipping-taxable","12":"product-type-simple"},"acf":[],"_links":{"self":[{"href":"https:\/\/jinhuaceramic.com\/es\/wp-json\/wp\/v2\/product\/7058","targetHints":{"allow":["GET"]}}],"collection":[{"href":"https:\/\/jinhuaceramic.com\/es\/wp-json\/wp\/v2\/product"}],"about":[{"href":"https:\/\/jinhuaceramic.com\/es\/wp-json\/wp\/v2\/types\/product"}],"replies":[{"embeddable":true,"href":"https:\/\/jinhuaceramic.com\/es\/wp-json\/wp\/v2\/comments?post=7058"}],"version-history":[{"count":0,"href":"https:\/\/jinhuaceramic.com\/es\/wp-json\/wp\/v2\/product\/7058\/revisions"}],"wp:featuredmedia":[{"embeddable":true,"href":"https:\/\/jinhuaceramic.com\/es\/wp-json\/wp\/v2\/media\/7060"}],"wp:attachment":[{"href":"https:\/\/jinhuaceramic.com\/es\/wp-json\/wp\/v2\/media?parent=7058"}],"wp:term":[{"taxonomy":"product_brand","embeddable":true,"href":"https:\/\/jinhuaceramic.com\/es\/wp-json\/wp\/v2\/product_brand?post=7058"},{"taxonomy":"product_cat","embeddable":true,"href":"https:\/\/jinhuaceramic.com\/es\/wp-json\/wp\/v2\/product_cat?post=7058"},{"taxonomy":"product_tag","embeddable":true,"href":"https:\/\/jinhuaceramic.com\/es\/wp-json\/wp\/v2\/product_tag?post=7058"}],"curies":[{"name":"wp","href":"https:\/\/api.w.org\/{rel}","templated":true}]}}