{"id":7067,"date":"2024-11-14T03:06:07","date_gmt":"2024-11-14T03:06:07","guid":{"rendered":"https:\/\/jinhuaceramic.com\/?post_type=product&#038;p=7067"},"modified":"2024-11-14T03:06:09","modified_gmt":"2024-11-14T03:06:09","slug":"wholesale-bath-sets","status":"publish","type":"product","link":"https:\/\/jinhuaceramic.com\/es\/product\/wholesale-bath-sets\/","title":{"rendered":"Sets de Ba\u00f1o de Cer\u00e1mica al por mayor, Accesorios de Ba\u00f1o a granel de 4 piezas"},"content":{"rendered":"<div class=\"wp-block-columns is-layout-flex wp-container-core-columns-is-layout-9d6595d7 wp-block-columns-is-layout-flex\">\n<div class=\"wp-block-column is-layout-flow wp-block-column-is-layout-flow\">\n<h3 class=\"wp-block-heading\">Premium al por mayor Juegos de ba\u00f1o Caracter\u00edsticas:<\/h3>\n\n\n\n<ul class=\"wp-block-list\">\n<li><strong>Dise\u00f1o elegante: <\/strong>Estos juegos de ba\u00f1o de cer\u00e1mica al por mayor se componen principalmente de dos colores, la parte inferior es de color marr\u00f3n claro c\u00e1lido, este color da a la gente una sensaci\u00f3n natural y r\u00fastico, y la parte superior es de color blanco fresco y brillante. Los dos colores se combinan armoniosamente, dando a la gente una sensaci\u00f3n simple y elegante, que es muy adecuado para crear un ambiente c\u00e1lido en el ba\u00f1o. Mientras tanto, tambi\u00e9n da un toque de lujo a la bomba dispensadora de jab\u00f3n de oro en este conjunto.<\/li>\n\n\n\n<li><strong>Material de alta calidad: <\/strong>Para fabricar todos estos accesorios de ba\u00f1o a granel se utiliza materia prima de alta calidad con textura y brillo naturales. En comparaci\u00f3n con los conjuntos de ba\u00f1o de pl\u00e1stico baratos, los conjuntos de ba\u00f1o hechos de cer\u00e1mica son duraderos y dif\u00edciles de rayar, tienen una superficie lisa que es f\u00e1cil de limpiar, manteniendo as\u00ed el ba\u00f1o ordenado e higi\u00e9nico; m\u00e1s respetuoso con el medio ambiente, m\u00e1s saludable.<\/li>\n\n\n\n<li><strong>Totalmente funcional: <\/strong>Estos juegos de ba\u00f1o al por mayor est\u00e1n equipados con accesorios de ba\u00f1o de uso com\u00fan, como vasos para cepillos de dientes, dosificadores de jab\u00f3n y jaboneras que pueden satisfacer el lavado diario y mantener el cuarto de ba\u00f1o ordenado.<\/li>\n\n\n\n<li><strong>Opciones de personalizaci\u00f3n: <\/strong>Como fabricante, ofrecemos personalizaci\u00f3n de accesorios de ba\u00f1o a granel. Los clientes pueden personalizar el color, el tama\u00f1o y el dise\u00f1o seg\u00fan sus preferencias y obtener conjuntos \u00fanicos de accesorios de cer\u00e1mica para ba\u00f1o adecuados para hoteles u otros establecimientos comerciales.<\/li>\n<\/ul>\n<\/div>\n\n\n\n<div class=\"wp-block-column is-layout-flow wp-block-column-is-layout-flow\">\n<figure class=\"wp-block-image size-full\"><img fetchpriority=\"high\" decoding=\"async\" width=\"1453\" height=\"1428\" src=\"https:\/\/jinhuaceramic.com\/wp-content\/uploads\/2024\/11\/Wholesale-Custom-4-Piece-Bathroom-Sets-Ceramic-Hotel-Accessories-Supplies.webp\" alt=\"Sets de Ba\u00f1o de Cer\u00e1mica al por mayor, Accesorios de Ba\u00f1o a granel de 4 piezas-1\" class=\"wp-image-7071\" srcset=\"https:\/\/jinhuaceramic.com\/wp-content\/uploads\/2024\/11\/Wholesale-Custom-4-Piece-Bathroom-Sets-Ceramic-Hotel-Accessories-Supplies.webp 1453w, https:\/\/jinhuaceramic.com\/wp-content\/uploads\/2024\/11\/Wholesale-Custom-4-Piece-Bathroom-Sets-Ceramic-Hotel-Accessories-Supplies-300x295.webp 300w, https:\/\/jinhuaceramic.com\/wp-content\/uploads\/2024\/11\/Wholesale-Custom-4-Piece-Bathroom-Sets-Ceramic-Hotel-Accessories-Supplies-768x755.webp 768w, https:\/\/jinhuaceramic.com\/wp-content\/uploads\/2024\/11\/Wholesale-Custom-4-Piece-Bathroom-Sets-Ceramic-Hotel-Accessories-Supplies-12x12.webp 12w, https:\/\/jinhuaceramic.com\/wp-content\/uploads\/2024\/11\/Wholesale-Custom-4-Piece-Bathroom-Sets-Ceramic-Hotel-Accessories-Supplies-285x280.webp 285w, https:\/\/jinhuaceramic.com\/wp-content\/uploads\/2024\/11\/Wholesale-Custom-4-Piece-Bathroom-Sets-Ceramic-Hotel-Accessories-Supplies-660x649.webp 660w, https:\/\/jinhuaceramic.com\/wp-content\/uploads\/2024\/11\/Wholesale-Custom-4-Piece-Bathroom-Sets-Ceramic-Hotel-Accessories-Supplies-150x147.webp 150w\" sizes=\"(max-width: 1453px) 100vw, 1453px\" \/><\/figure>\n<\/div>\n<\/div>","protected":false},"excerpt":{"rendered":"<p>Bienvenido a comprar accesorios de ba\u00f1o al por mayor. Estos juegos de ba\u00f1o de cer\u00e1mica al por mayor han ganado gran popularidad en el mercado debido a su elegante dise\u00f1o, material cer\u00e1mico de alta calidad y funciones completas. Una combinaci\u00f3n perfecta de funciones est\u00e9ticas y pr\u00e1cticas, el juego de ba\u00f1o de cer\u00e1mica al por mayor puede mejorar el grado general del cuarto de ba\u00f1o, haci\u00e9ndolo parecer m\u00e1s exclusivo y de buen gusto.<\/p>","protected":false},"featured_media":7068,"comment_status":"closed","ping_status":"closed","template":"","meta":{"_acf_changed":false},"product_brand":[],"product_cat":[51],"product_tag":[74],"class_list":{"0":"post-7067","1":"product","2":"type-product","3":"status-publish","4":"has-post-thumbnail","6":"product_cat-bathroom-accessories-wholesale","7":"product_tag-ceramic-bath-accessories-wholesale","9":"first","10":"instock","11":"shipping-taxable","12":"product-type-simple"},"acf":[],"_links":{"self":[{"href":"https:\/\/jinhuaceramic.com\/es\/wp-json\/wp\/v2\/product\/7067","targetHints":{"allow":["GET"]}}],"collection":[{"href":"https:\/\/jinhuaceramic.com\/es\/wp-json\/wp\/v2\/product"}],"about":[{"href":"https:\/\/jinhuaceramic.com\/es\/wp-json\/wp\/v2\/types\/product"}],"replies":[{"embeddable":true,"href":"https:\/\/jinhuaceramic.com\/es\/wp-json\/wp\/v2\/comments?post=7067"}],"version-history":[{"count":0,"href":"https:\/\/jinhuaceramic.com\/es\/wp-json\/wp\/v2\/product\/7067\/revisions"}],"wp:featuredmedia":[{"embeddable":true,"href":"https:\/\/jinhuaceramic.com\/es\/wp-json\/wp\/v2\/media\/7068"}],"wp:attachment":[{"href":"https:\/\/jinhuaceramic.com\/es\/wp-json\/wp\/v2\/media?parent=7067"}],"wp:term":[{"taxonomy":"product_brand","embeddable":true,"href":"https:\/\/jinhuaceramic.com\/es\/wp-json\/wp\/v2\/product_brand?post=7067"},{"taxonomy":"product_cat","embeddable":true,"href":"https:\/\/jinhuaceramic.com\/es\/wp-json\/wp\/v2\/product_cat?post=7067"},{"taxonomy":"product_tag","embeddable":true,"href":"https:\/\/jinhuaceramic.com\/es\/wp-json\/wp\/v2\/product_tag?post=7067"}],"curies":[{"name":"wp","href":"https:\/\/api.w.org\/{rel}","templated":true}]}}