{"id":7100,"date":"2024-11-15T07:35:42","date_gmt":"2024-11-15T07:35:42","guid":{"rendered":"https:\/\/jinhuaceramic.com\/?post_type=product&#038;p=7100"},"modified":"2024-11-15T07:35:44","modified_gmt":"2024-11-15T07:35:44","slug":"wholesale-candle-holders","status":"publish","type":"product","link":"https:\/\/jinhuaceramic.com\/es\/product\/wholesale-candle-holders\/","title":{"rendered":"Mayorista Portavelas, Portavelas Chic a Granel"},"content":{"rendered":"<div class=\"wp-block-columns is-layout-flex wp-container-core-columns-is-layout-9d6595d7 wp-block-columns-is-layout-flex\">\n<div class=\"wp-block-column is-layout-flow wp-block-column-is-layout-flow\">\n<h3 class=\"wp-block-heading\">Portavelas al por mayor de primera calidad Caracter\u00edsticas:<\/h3>\n\n\n\n<ul class=\"wp-block-list\">\n<li><strong>Varias formas: <\/strong>Estos portavelas al por mayor est\u00e1n disponibles en diferentes formas. Por ejemplo, hay candelabros en forma de anillo con asas, y algunos tienen bordes ondulados en sencillas formas de disco. Gracias a su gran diversidad, pueden satisfacer los requisitos est\u00e9ticos de distintas personas y se adaptan a diferentes estilos de hogar.<\/li>\n\n\n\n<li><strong>Estilo minimalista: <\/strong>Las formas de estos portavelas a granel son relativamente sencillas y no demasiado decorativas, por lo que dan una sensaci\u00f3n de limpieza y pulcritud a las personas. Este tipo de estilo de dise\u00f1o minimalista es muy adecuado para el estilo de hogar moderno y sencillo. Todos los candelabros al por mayor son de un color crema uniforme, suave y capaz de crear un ambiente c\u00e1lido y acogedor.<\/li>\n\n\n\n<li><strong>Materiales de alta calidad:<\/strong> Estos portavelas al por mayor est\u00e1n hechos de material cer\u00e1mico de alta calidad, textura natural y brillo; se sienten suaves al tocarlos. Adem\u00e1s, son resistentes a altas temperaturas y f\u00e1ciles de limpiar.<\/li>\n\n\n\n<li><strong>Gran sentido pr\u00e1ctico: <\/strong>El dise\u00f1o del mango de estos portavelas a granel est\u00e1 pensado para que sean muy f\u00e1ciles de usar, mover y colocar. El portavelas en forma de disco puede sostener la vela de forma estable sin que se caiga. El tama\u00f1o de los portavelas es relativamente peque\u00f1o y no ocupan demasiado espacio, por lo que pueden colocarse en escritorios de cualquier tama\u00f1o.<\/li>\n<\/ul>\n<\/div>\n\n\n\n<div class=\"wp-block-column is-layout-flow wp-block-column-is-layout-flow\">\n<figure class=\"wp-block-image size-full\"><img fetchpriority=\"high\" decoding=\"async\" width=\"800\" height=\"800\" src=\"https:\/\/jinhuaceramic.com\/wp-content\/uploads\/2024\/11\/Various-Custom-Candle-Holders-Wholesale-Ceramic-Candlesticks-In-Bulk-6.webp\" alt=\"Mayorista Portavelas, Portavelas Chic a Granel-1\" class=\"wp-image-7105\" srcset=\"https:\/\/jinhuaceramic.com\/wp-content\/uploads\/2024\/11\/Various-Custom-Candle-Holders-Wholesale-Ceramic-Candlesticks-In-Bulk-6.webp 800w, https:\/\/jinhuaceramic.com\/wp-content\/uploads\/2024\/11\/Various-Custom-Candle-Holders-Wholesale-Ceramic-Candlesticks-In-Bulk-6-300x300.webp 300w, https:\/\/jinhuaceramic.com\/wp-content\/uploads\/2024\/11\/Various-Custom-Candle-Holders-Wholesale-Ceramic-Candlesticks-In-Bulk-6-150x150.webp 150w, https:\/\/jinhuaceramic.com\/wp-content\/uploads\/2024\/11\/Various-Custom-Candle-Holders-Wholesale-Ceramic-Candlesticks-In-Bulk-6-768x768.webp 768w, https:\/\/jinhuaceramic.com\/wp-content\/uploads\/2024\/11\/Various-Custom-Candle-Holders-Wholesale-Ceramic-Candlesticks-In-Bulk-6-12x12.webp 12w, https:\/\/jinhuaceramic.com\/wp-content\/uploads\/2024\/11\/Various-Custom-Candle-Holders-Wholesale-Ceramic-Candlesticks-In-Bulk-6-285x285.webp 285w, https:\/\/jinhuaceramic.com\/wp-content\/uploads\/2024\/11\/Various-Custom-Candle-Holders-Wholesale-Ceramic-Candlesticks-In-Bulk-6-270x270.webp 270w, https:\/\/jinhuaceramic.com\/wp-content\/uploads\/2024\/11\/Various-Custom-Candle-Holders-Wholesale-Ceramic-Candlesticks-In-Bulk-6-540x540.webp 540w, https:\/\/jinhuaceramic.com\/wp-content\/uploads\/2024\/11\/Various-Custom-Candle-Holders-Wholesale-Ceramic-Candlesticks-In-Bulk-6-660x660.webp 660w\" sizes=\"(max-width: 800px) 100vw, 800px\" \/><\/figure>\n<\/div>\n<\/div>","protected":false},"excerpt":{"rendered":"<p>Bienvenido a comprar portavelas al por mayor. Estos portavelas al por mayor vienen en una variedad de formas, estilo sencillo, con alta calidad de material cer\u00e1mico y funcionalidad. El dise\u00f1o del portavelas combina h\u00e1bilmente la est\u00e9tica con la practicidad. Pueden utilizarse como decoraci\u00f3n del hogar y satisfacer las necesidades reales de colocaci\u00f3n de velas arom\u00e1ticas.<\/p>","protected":false},"featured_media":7106,"comment_status":"closed","ping_status":"closed","template":"","meta":{"_acf_changed":false},"product_brand":[],"product_cat":[52],"product_tag":[68],"class_list":{"0":"post-7100","1":"product","2":"type-product","3":"status-publish","4":"has-post-thumbnail","6":"product_cat-wholesale-candle-containers","7":"product_tag-ceramic-candlesticks-bulk","9":"first","10":"instock","11":"shipping-taxable","12":"product-type-simple"},"acf":[],"_links":{"self":[{"href":"https:\/\/jinhuaceramic.com\/es\/wp-json\/wp\/v2\/product\/7100","targetHints":{"allow":["GET"]}}],"collection":[{"href":"https:\/\/jinhuaceramic.com\/es\/wp-json\/wp\/v2\/product"}],"about":[{"href":"https:\/\/jinhuaceramic.com\/es\/wp-json\/wp\/v2\/types\/product"}],"replies":[{"embeddable":true,"href":"https:\/\/jinhuaceramic.com\/es\/wp-json\/wp\/v2\/comments?post=7100"}],"version-history":[{"count":0,"href":"https:\/\/jinhuaceramic.com\/es\/wp-json\/wp\/v2\/product\/7100\/revisions"}],"wp:featuredmedia":[{"embeddable":true,"href":"https:\/\/jinhuaceramic.com\/es\/wp-json\/wp\/v2\/media\/7106"}],"wp:attachment":[{"href":"https:\/\/jinhuaceramic.com\/es\/wp-json\/wp\/v2\/media?parent=7100"}],"wp:term":[{"taxonomy":"product_brand","embeddable":true,"href":"https:\/\/jinhuaceramic.com\/es\/wp-json\/wp\/v2\/product_brand?post=7100"},{"taxonomy":"product_cat","embeddable":true,"href":"https:\/\/jinhuaceramic.com\/es\/wp-json\/wp\/v2\/product_cat?post=7100"},{"taxonomy":"product_tag","embeddable":true,"href":"https:\/\/jinhuaceramic.com\/es\/wp-json\/wp\/v2\/product_tag?post=7100"}],"curies":[{"name":"wp","href":"https:\/\/api.w.org\/{rel}","templated":true}]}}