{"id":7120,"date":"2024-11-16T01:38:12","date_gmt":"2024-11-16T01:38:12","guid":{"rendered":"https:\/\/jinhuaceramic.com\/?post_type=product&#038;p=7120"},"modified":"2024-11-16T01:38:14","modified_gmt":"2024-11-16T01:38:14","slug":"soap-dishes-wholesale","status":"publish","type":"product","link":"https:\/\/jinhuaceramic.com\/es\/product\/soap-dishes-wholesale\/","title":{"rendered":"Jaboneras de Cer\u00e1mica Hoja de Loto al por mayor, Jaboneras de Ba\u00f1era al por mayor"},"content":{"rendered":"<div class=\"wp-block-columns is-layout-flex wp-container-core-columns-is-layout-9d6595d7 wp-block-columns-is-layout-flex\">\n<div class=\"wp-block-column is-layout-flow wp-block-column-is-layout-flow\">\n<h3 class=\"wp-block-heading\">Jaboneras Premium al por mayor Caracter\u00edsticas:<\/h3>\n\n\n\n<ul class=\"wp-block-list\">\n<li><strong>Forma de hoja de loto:<\/strong> La forma de una hoja de loto sirve de inspiraci\u00f3n para el dise\u00f1o de estas jaboneras al por mayor. Con l\u00edneas claras en las hojas, tiene bordes ondulados, lo que hace que el dise\u00f1o sea muy realista. Al integrar esta naturaleza, la jabonera resulta m\u00e1s viva e interesante y le a\u00f1ade frescura. Los bordes de la jabonera son dorados, lo que a\u00f1ade exquisitez a la jabonera, a\u00f1adiendo un toque de lujo al producto y d\u00e1ndole un aspecto de lujo.<\/li>\n\n\n\n<li><strong>Varios colores: <\/strong>Estas jaboneras de cer\u00e1mica para ba\u00f1era a granel est\u00e1n disponibles en varios colores suaves como verde, rosa, azul, etc., y en lujosos plateados y dorados. Estos colores no solo aportan un toque de color brillante al cuarto de ba\u00f1o, sino que tambi\u00e9n crean en \u00e9l un ambiente c\u00e1lido y acogedor.<\/li>\n\n\n\n<li><strong>Material cer\u00e1mico de alta calidad: <\/strong>Estas jaboneras al por mayor est\u00e1n fabricadas con material cer\u00e1mico resistente a las altas temperaturas, a la corrosi\u00f3n y f\u00e1cilmente lavable. Muy adecuadas para su uso en el cuarto de ba\u00f1o. La jabonera de cer\u00e1mica es un tipo de producto ecol\u00f3gico y reutilizable, que puede reducir el uso de productos de pl\u00e1stico.<\/li>\n\n\n\n<li><strong>Funci\u00f3n de drenaje: <\/strong>Estas jaboneras a granel con forma de hoja de loto para ba\u00f1era tienen orificios de drenaje especiales que eliminan eficazmente la humedad del jab\u00f3n para que no se reblandezca, lo que prolonga su vida \u00fatil.<\/li>\n<\/ul>\n<\/div>\n\n\n\n<div class=\"wp-block-column is-layout-flow wp-block-column-is-layout-flow\">\n<figure class=\"wp-block-image size-full\"><img fetchpriority=\"high\" decoding=\"async\" width=\"1001\" height=\"1001\" src=\"https:\/\/jinhuaceramic.com\/wp-content\/uploads\/2024\/11\/Bulk-Ceramic-Lotus-Leaf-Soap-Dishes-Wholesale-Bathroom-Accessories-Supplies_\u7ed3\u679c.webp\" alt=\"Jaboneras de Cer\u00e1mica con Hoja de Loto al por Mayor, Jaboneras de Ba\u00f1era a Granel-1\" class=\"wp-image-7128\" srcset=\"https:\/\/jinhuaceramic.com\/wp-content\/uploads\/2024\/11\/Bulk-Ceramic-Lotus-Leaf-Soap-Dishes-Wholesale-Bathroom-Accessories-Supplies_\u7ed3\u679c.webp 1001w, https:\/\/jinhuaceramic.com\/wp-content\/uploads\/2024\/11\/Bulk-Ceramic-Lotus-Leaf-Soap-Dishes-Wholesale-Bathroom-Accessories-Supplies_\u7ed3\u679c-300x300.webp 300w, https:\/\/jinhuaceramic.com\/wp-content\/uploads\/2024\/11\/Bulk-Ceramic-Lotus-Leaf-Soap-Dishes-Wholesale-Bathroom-Accessories-Supplies_\u7ed3\u679c-150x150.webp 150w, https:\/\/jinhuaceramic.com\/wp-content\/uploads\/2024\/11\/Bulk-Ceramic-Lotus-Leaf-Soap-Dishes-Wholesale-Bathroom-Accessories-Supplies_\u7ed3\u679c-768x768.webp 768w, https:\/\/jinhuaceramic.com\/wp-content\/uploads\/2024\/11\/Bulk-Ceramic-Lotus-Leaf-Soap-Dishes-Wholesale-Bathroom-Accessories-Supplies_\u7ed3\u679c-12x12.webp 12w, https:\/\/jinhuaceramic.com\/wp-content\/uploads\/2024\/11\/Bulk-Ceramic-Lotus-Leaf-Soap-Dishes-Wholesale-Bathroom-Accessories-Supplies_\u7ed3\u679c-285x285.webp 285w, https:\/\/jinhuaceramic.com\/wp-content\/uploads\/2024\/11\/Bulk-Ceramic-Lotus-Leaf-Soap-Dishes-Wholesale-Bathroom-Accessories-Supplies_\u7ed3\u679c-270x270.webp 270w, https:\/\/jinhuaceramic.com\/wp-content\/uploads\/2024\/11\/Bulk-Ceramic-Lotus-Leaf-Soap-Dishes-Wholesale-Bathroom-Accessories-Supplies_\u7ed3\u679c-540x540.webp 540w, https:\/\/jinhuaceramic.com\/wp-content\/uploads\/2024\/11\/Bulk-Ceramic-Lotus-Leaf-Soap-Dishes-Wholesale-Bathroom-Accessories-Supplies_\u7ed3\u679c-660x660.webp 660w\" sizes=\"(max-width: 1001px) 100vw, 1001px\" \/><\/figure>\n<\/div>\n<\/div>","protected":false},"excerpt":{"rendered":"<p>Bienvenido a comprar jaboneras para ba\u00f1era al por mayor. Estas jaboneras de hoja de loto al por mayor son pr\u00e1cticas y bonitas, por lo que son uno de los art\u00edculos esenciales en el cuarto de ba\u00f1o. No s\u00f3lo pueden poner jab\u00f3n para mantenerlos secos, pero tambi\u00e9n puede decorar el cuarto de ba\u00f1o y que sea c\u00e1lido y acogedor.<\/p>","protected":false},"featured_media":7126,"comment_status":"closed","ping_status":"closed","template":"","meta":{"_acf_changed":false},"product_brand":[],"product_cat":[51],"product_tag":[72],"class_list":{"0":"post-7120","1":"product","2":"type-product","3":"status-publish","4":"has-post-thumbnail","6":"product_cat-bathroom-accessories-wholesale","7":"product_tag-wholesale-soap-dishes","9":"first","10":"instock","11":"shipping-taxable","12":"product-type-simple"},"acf":[],"_links":{"self":[{"href":"https:\/\/jinhuaceramic.com\/es\/wp-json\/wp\/v2\/product\/7120","targetHints":{"allow":["GET"]}}],"collection":[{"href":"https:\/\/jinhuaceramic.com\/es\/wp-json\/wp\/v2\/product"}],"about":[{"href":"https:\/\/jinhuaceramic.com\/es\/wp-json\/wp\/v2\/types\/product"}],"replies":[{"embeddable":true,"href":"https:\/\/jinhuaceramic.com\/es\/wp-json\/wp\/v2\/comments?post=7120"}],"version-history":[{"count":0,"href":"https:\/\/jinhuaceramic.com\/es\/wp-json\/wp\/v2\/product\/7120\/revisions"}],"wp:featuredmedia":[{"embeddable":true,"href":"https:\/\/jinhuaceramic.com\/es\/wp-json\/wp\/v2\/media\/7126"}],"wp:attachment":[{"href":"https:\/\/jinhuaceramic.com\/es\/wp-json\/wp\/v2\/media?parent=7120"}],"wp:term":[{"taxonomy":"product_brand","embeddable":true,"href":"https:\/\/jinhuaceramic.com\/es\/wp-json\/wp\/v2\/product_brand?post=7120"},{"taxonomy":"product_cat","embeddable":true,"href":"https:\/\/jinhuaceramic.com\/es\/wp-json\/wp\/v2\/product_cat?post=7120"},{"taxonomy":"product_tag","embeddable":true,"href":"https:\/\/jinhuaceramic.com\/es\/wp-json\/wp\/v2\/product_tag?post=7120"}],"curies":[{"name":"wp","href":"https:\/\/api.w.org\/{rel}","templated":true}]}}