{"id":7137,"date":"2024-11-21T02:21:09","date_gmt":"2024-11-21T02:21:09","guid":{"rendered":"https:\/\/jinhuaceramic.com\/?post_type=product&#038;p=7137"},"modified":"2025-03-11T07:59:15","modified_gmt":"2025-03-11T07:59:15","slug":"professional-bakeware-supplies","status":"publish","type":"product","link":"https:\/\/jinhuaceramic.com\/es\/product\/professional-bakeware-supplies\/","title":{"rendered":"Suministros profesionales para hornear, Mayorista de utensilios de cer\u00e1mica para hornear"},"content":{"rendered":"<div class=\"wp-block-columns is-layout-flex wp-container-core-columns-is-layout-9d6595d7 wp-block-columns-is-layout-flex\">\n<div class=\"wp-block-column is-layout-flow wp-block-column-is-layout-flow\">\n<h3 class=\"wp-block-heading\">Suministros profesionales de primera calidad para hornear Caracter\u00edsticas:<\/h3>\n\n\n\n<ul class=\"wp-block-list\">\n<li><strong>Dise\u00f1o minimalista:<\/strong> Estos utensilios profesionales de cer\u00e1mica para hornear al por mayor est\u00e1n dise\u00f1ados en un estilo minimalista con un aspecto blanco puro, sencillo pero elegante. Pueden ir con cualquier tipo de cocina y hacer que los colores de los alimentos m\u00e1s presentable, tambi\u00e9n. Hay dos crestas horizontales en el exterior de la fuente de horno, a\u00f1adiendo algunas texturas a la fuente de horno y aumentando el agarre.<\/li>\n\n\n\n<li><strong>Material cer\u00e1mico de primera calidad: <\/strong>Estos platos de cer\u00e1mica para hornear al por mayor son excelentes para transferir el calor y mantenerlo en el interior, lo que puede hacer que los alimentos se calienten uniformemente y mantengan una temperatura alta durante bastante tiempo. Adem\u00e1s, el material cer\u00e1mico es muy adecuado para hornear, ya que es resistente a los \u00e1cidos, los \u00e1lcalis y las altas temperaturas.<\/li>\n\n\n\n<li><strong>M\u00faltiples tama\u00f1os: <\/strong>Estos utensilios profesionales de cer\u00e1mica para hornear al por mayor est\u00e1n disponibles al por mayor, cada uno de los cuales contiene 3 fuentes para hornear de diferentes tama\u00f1os para satisfacer diversas necesidades de horneado. Pueden utilizarse para hornear tartas, pasteles, pan, etc., as\u00ed como para preparaciones como pollo asado, verduras asadas y lasa\u00f1a.<\/li>\n\n\n\n<li><strong>C\u00f3moda asa y apilable: <\/strong>Estos platos de cer\u00e1mica para hornear al por mayor vienen con dos manecillas para transferirlos c\u00f3modamente del horno a la mesa. Cuando no est\u00e1n en uso, los tres tama\u00f1os se apilan f\u00e1cilmente para ahorrar valioso espacio en el armario.<\/li>\n<\/ul>\n<\/div>\n\n\n\n<div class=\"wp-block-column is-layout-flow wp-block-column-is-layout-flow\">\n<figure class=\"wp-block-image size-full\"><img fetchpriority=\"high\" decoding=\"async\" width=\"744\" height=\"744\" src=\"https:\/\/jinhuaceramic.com\/wp-content\/uploads\/2024\/11\/Wholesale-Custom-Ceramic-Baking-Dish-Set-Professional-Bakeware-Supplies-2_\u7ed3\u679c.webp\" alt=\"Venta al por mayor de utensilios de cer\u00e1mica para hornear\" class=\"wp-image-7138\" srcset=\"https:\/\/jinhuaceramic.com\/wp-content\/uploads\/2024\/11\/Wholesale-Custom-Ceramic-Baking-Dish-Set-Professional-Bakeware-Supplies-2_\u7ed3\u679c.webp 744w, https:\/\/jinhuaceramic.com\/wp-content\/uploads\/2024\/11\/Wholesale-Custom-Ceramic-Baking-Dish-Set-Professional-Bakeware-Supplies-2_\u7ed3\u679c-300x300.webp 300w, https:\/\/jinhuaceramic.com\/wp-content\/uploads\/2024\/11\/Wholesale-Custom-Ceramic-Baking-Dish-Set-Professional-Bakeware-Supplies-2_\u7ed3\u679c-150x150.webp 150w, https:\/\/jinhuaceramic.com\/wp-content\/uploads\/2024\/11\/Wholesale-Custom-Ceramic-Baking-Dish-Set-Professional-Bakeware-Supplies-2_\u7ed3\u679c-12x12.webp 12w, https:\/\/jinhuaceramic.com\/wp-content\/uploads\/2024\/11\/Wholesale-Custom-Ceramic-Baking-Dish-Set-Professional-Bakeware-Supplies-2_\u7ed3\u679c-285x285.webp 285w, https:\/\/jinhuaceramic.com\/wp-content\/uploads\/2024\/11\/Wholesale-Custom-Ceramic-Baking-Dish-Set-Professional-Bakeware-Supplies-2_\u7ed3\u679c-270x270.webp 270w, https:\/\/jinhuaceramic.com\/wp-content\/uploads\/2024\/11\/Wholesale-Custom-Ceramic-Baking-Dish-Set-Professional-Bakeware-Supplies-2_\u7ed3\u679c-540x540.webp 540w, https:\/\/jinhuaceramic.com\/wp-content\/uploads\/2024\/11\/Wholesale-Custom-Ceramic-Baking-Dish-Set-Professional-Bakeware-Supplies-2_\u7ed3\u679c-660x660.webp 660w\" sizes=\"(max-width: 744px) 100vw, 744px\" \/><\/figure>\n<\/div>\n<\/div>","protected":false},"excerpt":{"rendered":"<p>Le damos la bienvenida a la compra de utensilios profesionales para hornear. Estas fuentes de cer\u00e1mica al por mayor tienen varias ventajas: dise\u00f1o minimalista y elegante, material de cer\u00e1mica duradero, asas c\u00f3modas, dise\u00f1o apilable, versatilidad, etc. La est\u00e9tica se combina con la practicidad para hacer de los juegos de utensilios para hornear una herramienta imprescindible en la cocina.<\/p>","protected":false},"featured_media":7141,"comment_status":"closed","ping_status":"closed","template":"","meta":{"_acf_changed":false},"product_brand":[],"product_cat":[53],"product_tag":[],"class_list":{"0":"post-7137","1":"product","2":"type-product","3":"status-publish","4":"has-post-thumbnail","6":"product_cat-bakeware-in-bulk","8":"first","9":"instock","10":"shipping-taxable","11":"product-type-simple"},"acf":[],"_links":{"self":[{"href":"https:\/\/jinhuaceramic.com\/es\/wp-json\/wp\/v2\/product\/7137","targetHints":{"allow":["GET"]}}],"collection":[{"href":"https:\/\/jinhuaceramic.com\/es\/wp-json\/wp\/v2\/product"}],"about":[{"href":"https:\/\/jinhuaceramic.com\/es\/wp-json\/wp\/v2\/types\/product"}],"replies":[{"embeddable":true,"href":"https:\/\/jinhuaceramic.com\/es\/wp-json\/wp\/v2\/comments?post=7137"}],"version-history":[{"count":0,"href":"https:\/\/jinhuaceramic.com\/es\/wp-json\/wp\/v2\/product\/7137\/revisions"}],"wp:featuredmedia":[{"embeddable":true,"href":"https:\/\/jinhuaceramic.com\/es\/wp-json\/wp\/v2\/media\/7141"}],"wp:attachment":[{"href":"https:\/\/jinhuaceramic.com\/es\/wp-json\/wp\/v2\/media?parent=7137"}],"wp:term":[{"taxonomy":"product_brand","embeddable":true,"href":"https:\/\/jinhuaceramic.com\/es\/wp-json\/wp\/v2\/product_brand?post=7137"},{"taxonomy":"product_cat","embeddable":true,"href":"https:\/\/jinhuaceramic.com\/es\/wp-json\/wp\/v2\/product_cat?post=7137"},{"taxonomy":"product_tag","embeddable":true,"href":"https:\/\/jinhuaceramic.com\/es\/wp-json\/wp\/v2\/product_tag?post=7137"}],"curies":[{"name":"wp","href":"https:\/\/api.w.org\/{rel}","templated":true}]}}