{"id":7148,"date":"2024-11-21T02:30:36","date_gmt":"2024-11-21T02:30:36","guid":{"rendered":"https:\/\/jinhuaceramic.com\/?post_type=product&#038;p=7148"},"modified":"2025-03-10T09:13:35","modified_gmt":"2025-03-10T09:13:35","slug":"customized-bakeware","status":"publish","type":"product","link":"https:\/\/jinhuaceramic.com\/es\/product\/customized-bakeware\/","title":{"rendered":"Platos de cer\u00e1mica antiadherente para hornear al por mayor"},"content":{"rendered":"<div class=\"wp-block-columns is-layout-flex wp-container-core-columns-is-layout-9d6595d7 wp-block-columns-is-layout-flex\">\n<div class=\"wp-block-column is-layout-flow wp-block-column-is-layout-flow\">\n<h3 class=\"wp-block-heading\">Bater\u00eda de reposter\u00eda personalizada de alta calidad Caracter\u00edsticas:<\/h3>\n\n\n\n<ul class=\"wp-block-list\">\n<li><strong>Dise\u00f1o elegante: <\/strong>El delicado dise\u00f1o est\u00e1 formado por finas decoraciones en relieve en la superficie de los moldes personalizados, que realzan no s\u00f3lo la belleza de los moldes, sino tambi\u00e9n su valor art\u00edstico. Estos relieves est\u00e1n decorados con motivos vegetales tradicionales que confieren personalidad y un sabor especial a los platos para hornear.<\/li>\n\n\n\n<li><strong>Material cer\u00e1mico de alta calidad: <\/strong>Estos juegos de utensilios para hornear personalizados est\u00e1n fabricados con cer\u00e1mica de color marr\u00f3n oscuro, que puede conducir el calor de manera uniforme para garantizar un horneado uniforme. Adem\u00e1s, el material cer\u00e1mico es muy duradero y resistente a la corrosi\u00f3n, lo que mejora la vida \u00fatil de los moldes.<\/li>\n\n\n\n<li><strong>Varios tama\u00f1os: <\/strong>Este plato de cer\u00e1mica para hornear al por mayor tiene tres tama\u00f1os, de grande a peque\u00f1o, por lo que puede satisfacer las necesidades de diferentes productos horneados, ya sea para una gran reuni\u00f3n familiar o simplemente para comidas a peque\u00f1a escala. Cuando no se utilizan, los moldes pueden apilarse para ahorrar espacio en el armario.<\/li>\n\n\n\n<li><strong>Venta al por mayor y personalizaci\u00f3n:<\/strong> Como fabricante, ofrecemos servicios mayoristas y personalizados de utensilios de cer\u00e1mica para hornear. Las compras al por mayor de utensilios de cer\u00e1mica para hornear al por mayor pueden reducir en gran medida el coste de adquisici\u00f3n, manteniendo el suministro de productos estable e ininterrumpido. Los servicios personalizados satisfacen las necesidades de los clientes en cuanto a tama\u00f1o, dise\u00f1o, estilo, etc., por lo que los utensilios para hornear se ajustan mejor a su imagen de marca y a su estrategia de marketing.<\/li>\n<\/ul>\n<\/div>\n\n\n\n<div class=\"wp-block-column is-layout-flow wp-block-column-is-layout-flow\">\n<figure class=\"wp-block-image size-full\"><img fetchpriority=\"high\" decoding=\"async\" width=\"1024\" height=\"1024\" src=\"https:\/\/jinhuaceramic.com\/wp-content\/uploads\/2024\/11\/Kitchen-Custom-Non-Stick-Bakeware-Set-Ceramic-Baking-Dishes-Wholesale_\u7ed3\u679c.webp\" alt=\"Platos de cer\u00e1mica antiadherente para hornear al por mayor-1\" class=\"wp-image-7153\" srcset=\"https:\/\/jinhuaceramic.com\/wp-content\/uploads\/2024\/11\/Kitchen-Custom-Non-Stick-Bakeware-Set-Ceramic-Baking-Dishes-Wholesale_\u7ed3\u679c.webp 1024w, https:\/\/jinhuaceramic.com\/wp-content\/uploads\/2024\/11\/Kitchen-Custom-Non-Stick-Bakeware-Set-Ceramic-Baking-Dishes-Wholesale_\u7ed3\u679c-300x300.webp 300w, https:\/\/jinhuaceramic.com\/wp-content\/uploads\/2024\/11\/Kitchen-Custom-Non-Stick-Bakeware-Set-Ceramic-Baking-Dishes-Wholesale_\u7ed3\u679c-150x150.webp 150w, https:\/\/jinhuaceramic.com\/wp-content\/uploads\/2024\/11\/Kitchen-Custom-Non-Stick-Bakeware-Set-Ceramic-Baking-Dishes-Wholesale_\u7ed3\u679c-768x768.webp 768w, https:\/\/jinhuaceramic.com\/wp-content\/uploads\/2024\/11\/Kitchen-Custom-Non-Stick-Bakeware-Set-Ceramic-Baking-Dishes-Wholesale_\u7ed3\u679c-12x12.webp 12w, https:\/\/jinhuaceramic.com\/wp-content\/uploads\/2024\/11\/Kitchen-Custom-Non-Stick-Bakeware-Set-Ceramic-Baking-Dishes-Wholesale_\u7ed3\u679c-285x285.webp 285w, https:\/\/jinhuaceramic.com\/wp-content\/uploads\/2024\/11\/Kitchen-Custom-Non-Stick-Bakeware-Set-Ceramic-Baking-Dishes-Wholesale_\u7ed3\u679c-270x270.webp 270w, https:\/\/jinhuaceramic.com\/wp-content\/uploads\/2024\/11\/Kitchen-Custom-Non-Stick-Bakeware-Set-Ceramic-Baking-Dishes-Wholesale_\u7ed3\u679c-540x540.webp 540w, https:\/\/jinhuaceramic.com\/wp-content\/uploads\/2024\/11\/Kitchen-Custom-Non-Stick-Bakeware-Set-Ceramic-Baking-Dishes-Wholesale_\u7ed3\u679c-660x660.webp 660w\" sizes=\"(max-width: 1024px) 100vw, 1024px\" \/><\/figure>\n<\/div>\n<\/div>","protected":false},"excerpt":{"rendered":"<p>Bienvenido a comprar utensilios para hornear personalizados. Nuestro plato de cer\u00e1mica para hornear al por mayor tiene una variedad de opciones de tama\u00f1o, material cer\u00e1mico de alta calidad, dise\u00f1o elegante, y las ventajas de combinar la venta al por mayor y la personalizaci\u00f3n, aportando gran comodidad y belleza para hornear y servir. Bienvenido a inquire\uff01<\/p>","protected":false},"featured_media":7149,"comment_status":"closed","ping_status":"closed","template":"","meta":{"_acf_changed":false},"product_brand":[],"product_cat":[53],"product_tag":[],"class_list":{"0":"post-7148","1":"product","2":"type-product","3":"status-publish","4":"has-post-thumbnail","6":"product_cat-bakeware-in-bulk","8":"first","9":"instock","10":"shipping-taxable","11":"product-type-simple"},"acf":[],"_links":{"self":[{"href":"https:\/\/jinhuaceramic.com\/es\/wp-json\/wp\/v2\/product\/7148","targetHints":{"allow":["GET"]}}],"collection":[{"href":"https:\/\/jinhuaceramic.com\/es\/wp-json\/wp\/v2\/product"}],"about":[{"href":"https:\/\/jinhuaceramic.com\/es\/wp-json\/wp\/v2\/types\/product"}],"replies":[{"embeddable":true,"href":"https:\/\/jinhuaceramic.com\/es\/wp-json\/wp\/v2\/comments?post=7148"}],"version-history":[{"count":0,"href":"https:\/\/jinhuaceramic.com\/es\/wp-json\/wp\/v2\/product\/7148\/revisions"}],"wp:featuredmedia":[{"embeddable":true,"href":"https:\/\/jinhuaceramic.com\/es\/wp-json\/wp\/v2\/media\/7149"}],"wp:attachment":[{"href":"https:\/\/jinhuaceramic.com\/es\/wp-json\/wp\/v2\/media?parent=7148"}],"wp:term":[{"taxonomy":"product_brand","embeddable":true,"href":"https:\/\/jinhuaceramic.com\/es\/wp-json\/wp\/v2\/product_brand?post=7148"},{"taxonomy":"product_cat","embeddable":true,"href":"https:\/\/jinhuaceramic.com\/es\/wp-json\/wp\/v2\/product_cat?post=7148"},{"taxonomy":"product_tag","embeddable":true,"href":"https:\/\/jinhuaceramic.com\/es\/wp-json\/wp\/v2\/product_tag?post=7148"}],"curies":[{"name":"wp","href":"https:\/\/api.w.org\/{rel}","templated":true}]}}