{"id":7162,"date":"2024-11-21T02:38:56","date_gmt":"2024-11-21T02:38:56","guid":{"rendered":"https:\/\/jinhuaceramic.com\/?post_type=product&#038;p=7162"},"modified":"2024-11-21T02:39:06","modified_gmt":"2024-11-21T02:39:06","slug":"bulk-hand-soap-dispenser","status":"publish","type":"product","link":"https:\/\/jinhuaceramic.com\/es\/product\/bulk-hand-soap-dispenser\/","title":{"rendered":"Dispensador de Jab\u00f3n de Manos a Granel en Forma de Concha, Botellas de Jab\u00f3n de Cer\u00e1mica al por Mayor"},"content":{"rendered":"<div class=\"wp-block-columns is-layout-flex wp-container-core-columns-is-layout-9d6595d7 wp-block-columns-is-layout-flex\">\n<div class=\"wp-block-column is-layout-flow wp-block-column-is-layout-flow\">\n<h3 class=\"wp-block-heading\">Dispensador de jab\u00f3n de manos a granel Premium Caracter\u00edsticas:<\/h3>\n\n\n\n<ul class=\"wp-block-list\">\n<li><strong>Forma innovadora: <\/strong>Estos dosificadores de jab\u00f3n de manos a granel presentan creativas formas de concha, imitando meticulosamente la textura y las curvas de las conchas, introduciendo elementos marinos en el cuarto de ba\u00f1o, creando un ambiente relajante y agradable, y a\u00f1adiendo belleza natural al cuarto de ba\u00f1o.<\/li>\n\n\n\n<li><strong>Colores suaves: <\/strong>Estos dispensadores de jab\u00f3n de cer\u00e1mica al por mayor est\u00e1n disponibles en rosa y blanco, que son los colores habituales de las conchas. Estos tonos suaves dan a la gente una sensaci\u00f3n c\u00e1lida y confortable, que es muy adecuado para entornos de ba\u00f1o. Los cabezales dorados y plateados a\u00f1aden un toque lujoso a los dispensadores de jab\u00f3n, lo que hace que el producto tenga m\u00e1s capas.<\/li>\n\n\n\n<li><strong>Material cer\u00e1mico de alta calidad:<\/strong> Horneados a alta temperatura, estos dispensadores de jab\u00f3n de manos a granel est\u00e1n fabricados con material cer\u00e1mico de alta calidad, resistente y duradero, impermeable y anticorrosi\u00f3n, la superficie es lisa y delicada, f\u00e1cil de limpiar y mantiene el cuarto de ba\u00f1o higi\u00e9nico.<\/li>\n\n\n\n<li><strong>Practicidad: <\/strong>Estos dispensadores de jab\u00f3n al por mayor pueden colocarse en la cocina o en el ba\u00f1o para dispensar l\u00edquidos como jabones de manos, lociones, champ\u00fas o geles de ducha, resultando c\u00f3modos de usar y manteniendo limpio el fregadero. El cabezal de la bomba es de dise\u00f1o sencillo, suave de presionar y muy f\u00e1cil de usar.<\/li>\n<\/ul>\n<\/div>\n\n\n\n<div class=\"wp-block-column is-layout-flow wp-block-column-is-layout-flow\">\n<figure class=\"wp-block-image size-full\"><img fetchpriority=\"high\" decoding=\"async\" width=\"800\" height=\"800\" src=\"https:\/\/jinhuaceramic.com\/wp-content\/uploads\/2024\/11\/Custom-Shell-Shaped-Hand-Soap-Dispenser-Ceramic-Bathroom-Accessories-Wholesale_\u7ed3\u679c.webp\" alt=\"Dispensador de Jab\u00f3n de Manos a Granel en Forma de Concha, Botellas de Jab\u00f3n de Cer\u00e1mica al por Mayor-1\" class=\"wp-image-7167\" srcset=\"https:\/\/jinhuaceramic.com\/wp-content\/uploads\/2024\/11\/Custom-Shell-Shaped-Hand-Soap-Dispenser-Ceramic-Bathroom-Accessories-Wholesale_\u7ed3\u679c.webp 800w, https:\/\/jinhuaceramic.com\/wp-content\/uploads\/2024\/11\/Custom-Shell-Shaped-Hand-Soap-Dispenser-Ceramic-Bathroom-Accessories-Wholesale_\u7ed3\u679c-300x300.webp 300w, https:\/\/jinhuaceramic.com\/wp-content\/uploads\/2024\/11\/Custom-Shell-Shaped-Hand-Soap-Dispenser-Ceramic-Bathroom-Accessories-Wholesale_\u7ed3\u679c-150x150.webp 150w, https:\/\/jinhuaceramic.com\/wp-content\/uploads\/2024\/11\/Custom-Shell-Shaped-Hand-Soap-Dispenser-Ceramic-Bathroom-Accessories-Wholesale_\u7ed3\u679c-768x768.webp 768w, https:\/\/jinhuaceramic.com\/wp-content\/uploads\/2024\/11\/Custom-Shell-Shaped-Hand-Soap-Dispenser-Ceramic-Bathroom-Accessories-Wholesale_\u7ed3\u679c-12x12.webp 12w, https:\/\/jinhuaceramic.com\/wp-content\/uploads\/2024\/11\/Custom-Shell-Shaped-Hand-Soap-Dispenser-Ceramic-Bathroom-Accessories-Wholesale_\u7ed3\u679c-285x285.webp 285w, https:\/\/jinhuaceramic.com\/wp-content\/uploads\/2024\/11\/Custom-Shell-Shaped-Hand-Soap-Dispenser-Ceramic-Bathroom-Accessories-Wholesale_\u7ed3\u679c-270x270.webp 270w, https:\/\/jinhuaceramic.com\/wp-content\/uploads\/2024\/11\/Custom-Shell-Shaped-Hand-Soap-Dispenser-Ceramic-Bathroom-Accessories-Wholesale_\u7ed3\u679c-540x540.webp 540w, https:\/\/jinhuaceramic.com\/wp-content\/uploads\/2024\/11\/Custom-Shell-Shaped-Hand-Soap-Dispenser-Ceramic-Bathroom-Accessories-Wholesale_\u7ed3\u679c-660x660.webp 660w\" sizes=\"(max-width: 800px) 100vw, 800px\" \/><\/figure>\n<\/div>\n<\/div>","protected":false},"excerpt":{"rendered":"<p>Bienvenido a comprar dispensadores de jab\u00f3n al por mayor. Estos dosificadores de jab\u00f3n de manos al por mayor combinan h\u00e1bilmente la belleza natural de las conchas con los elementos de moda de la decoraci\u00f3n moderna, produciendo un producto de ba\u00f1o que es pr\u00e1ctico a la vez que bello. Este dise\u00f1o no s\u00f3lo realza la belleza del cuarto de ba\u00f1o, sino que tambi\u00e9n puede aportar una agradable experiencia visual y t\u00e1ctil al usuario.<\/p>","protected":false},"featured_media":7167,"comment_status":"closed","ping_status":"closed","template":"","meta":{"_acf_changed":false},"product_brand":[],"product_cat":[51],"product_tag":[],"class_list":{"0":"post-7162","1":"product","2":"type-product","3":"status-publish","4":"has-post-thumbnail","6":"product_cat-bathroom-accessories-wholesale","8":"first","9":"instock","10":"shipping-taxable","11":"product-type-simple"},"acf":[],"_links":{"self":[{"href":"https:\/\/jinhuaceramic.com\/es\/wp-json\/wp\/v2\/product\/7162","targetHints":{"allow":["GET"]}}],"collection":[{"href":"https:\/\/jinhuaceramic.com\/es\/wp-json\/wp\/v2\/product"}],"about":[{"href":"https:\/\/jinhuaceramic.com\/es\/wp-json\/wp\/v2\/types\/product"}],"replies":[{"embeddable":true,"href":"https:\/\/jinhuaceramic.com\/es\/wp-json\/wp\/v2\/comments?post=7162"}],"version-history":[{"count":0,"href":"https:\/\/jinhuaceramic.com\/es\/wp-json\/wp\/v2\/product\/7162\/revisions"}],"wp:featuredmedia":[{"embeddable":true,"href":"https:\/\/jinhuaceramic.com\/es\/wp-json\/wp\/v2\/media\/7167"}],"wp:attachment":[{"href":"https:\/\/jinhuaceramic.com\/es\/wp-json\/wp\/v2\/media?parent=7162"}],"wp:term":[{"taxonomy":"product_brand","embeddable":true,"href":"https:\/\/jinhuaceramic.com\/es\/wp-json\/wp\/v2\/product_brand?post=7162"},{"taxonomy":"product_cat","embeddable":true,"href":"https:\/\/jinhuaceramic.com\/es\/wp-json\/wp\/v2\/product_cat?post=7162"},{"taxonomy":"product_tag","embeddable":true,"href":"https:\/\/jinhuaceramic.com\/es\/wp-json\/wp\/v2\/product_tag?post=7162"}],"curies":[{"name":"wp","href":"https:\/\/api.w.org\/{rel}","templated":true}]}}