{"id":7180,"date":"2024-11-23T02:09:32","date_gmt":"2024-11-23T02:09:32","guid":{"rendered":"https:\/\/jinhuaceramic.com\/?post_type=product&#038;p=7180"},"modified":"2025-03-11T08:19:40","modified_gmt":"2025-03-11T08:19:40","slug":"ceramic-ramekins-bulk","status":"publish","type":"product","link":"https:\/\/jinhuaceramic.com\/es\/product\/ceramic-ramekins-bulk\/","title":{"rendered":"Ramekines de Cer\u00e1mica Blanca a Granel, Mayorista Plato Peque\u00f1o para Hornear"},"content":{"rendered":"<div class=\"wp-block-columns is-layout-flex wp-container-core-columns-is-layout-9d6595d7 wp-block-columns-is-layout-flex\">\n<div class=\"wp-block-column is-layout-flow wp-block-column-is-layout-flow\">\n<h3 class=\"wp-block-heading\">Ramekins de Cer\u00e1mica Premium a Granel Caracter\u00edsticas:<\/h3>\n\n\n\n<ul class=\"wp-block-list\">\n<li><strong>Patr\u00f3n en relieve: <\/strong>La superficie de estos ramequines de cer\u00e1mica a granel est\u00e1 dise\u00f1ada con motivos en relieve, que a\u00f1aden una textura retro y elegante. Esto hace que los platos para hornear ordinarios sean mucho m\u00e1s exquisitos y hermosos. Este dise\u00f1o no s\u00f3lo enriquece el placer visual, sino que tambi\u00e9n mejora el arte de la fuente de horno.<\/li>\n\n\n\n<li><strong>Material cer\u00e1mico duradero: <\/strong>La fuente de horno peque\u00f1a al por mayor est\u00e1 fabricada con materias primas cer\u00e1micas de alta calidad. Se cuece a altas temperaturas, lo que aumenta su durabilidad para hornear a altas temperaturas. Las fuentes de cer\u00e1mica tienen la propiedad de mantener la temperatura y conservar la humedad de los alimentos para que sepan deliciosos.<\/li>\n\n\n\n<li><strong>Tama\u00f1o mini: <\/strong>A diferencia de los habituales platos grandes para hornear, estos moldes de cer\u00e1mica a granel son de tama\u00f1o mini, con una capacidad de 305 ml, lo que resulta adecuado para preparar raciones individuales o peque\u00f1as porciones de comida, como arroz al horno, alubias cocidas, peque\u00f1os postres, etc.<\/li>\n\n\n\n<li><strong>Practicidad: <\/strong>El dise\u00f1o rectangular, el dise\u00f1o del asa y el dise\u00f1o apilable contribuyen a la practicidad de la fuente de horno. Estas fuentes al por mayor pueden utilizarse en muchos m\u00e9todos de cocci\u00f3n, como hornos, microondas, parrillas, etc., y su gama de producci\u00f3n es bastante amplia.<\/li>\n<\/ul>\n<\/div>\n\n\n\n<div class=\"wp-block-column is-layout-flow wp-block-column-is-layout-flow\">\n<figure class=\"wp-block-image size-full\"><img fetchpriority=\"high\" decoding=\"async\" width=\"1024\" height=\"1024\" src=\"https:\/\/jinhuaceramic.com\/wp-content\/uploads\/2024\/11\/Wholesale-Mini-Custom-Baking-Dish-Ceramic-Bakeware-Supplies-6_\u7ed3\u679c.webp\" alt=\"Ramekins de Cer\u00e1mica Blanca a Granel, Mayorista Plato Peque\u00f1o para Hornear-5\" class=\"wp-image-7185\" srcset=\"https:\/\/jinhuaceramic.com\/wp-content\/uploads\/2024\/11\/Wholesale-Mini-Custom-Baking-Dish-Ceramic-Bakeware-Supplies-6_\u7ed3\u679c.webp 1024w, https:\/\/jinhuaceramic.com\/wp-content\/uploads\/2024\/11\/Wholesale-Mini-Custom-Baking-Dish-Ceramic-Bakeware-Supplies-6_\u7ed3\u679c-300x300.webp 300w, https:\/\/jinhuaceramic.com\/wp-content\/uploads\/2024\/11\/Wholesale-Mini-Custom-Baking-Dish-Ceramic-Bakeware-Supplies-6_\u7ed3\u679c-150x150.webp 150w, https:\/\/jinhuaceramic.com\/wp-content\/uploads\/2024\/11\/Wholesale-Mini-Custom-Baking-Dish-Ceramic-Bakeware-Supplies-6_\u7ed3\u679c-768x768.webp 768w, https:\/\/jinhuaceramic.com\/wp-content\/uploads\/2024\/11\/Wholesale-Mini-Custom-Baking-Dish-Ceramic-Bakeware-Supplies-6_\u7ed3\u679c-12x12.webp 12w, https:\/\/jinhuaceramic.com\/wp-content\/uploads\/2024\/11\/Wholesale-Mini-Custom-Baking-Dish-Ceramic-Bakeware-Supplies-6_\u7ed3\u679c-285x285.webp 285w, https:\/\/jinhuaceramic.com\/wp-content\/uploads\/2024\/11\/Wholesale-Mini-Custom-Baking-Dish-Ceramic-Bakeware-Supplies-6_\u7ed3\u679c-270x270.webp 270w, https:\/\/jinhuaceramic.com\/wp-content\/uploads\/2024\/11\/Wholesale-Mini-Custom-Baking-Dish-Ceramic-Bakeware-Supplies-6_\u7ed3\u679c-540x540.webp 540w, https:\/\/jinhuaceramic.com\/wp-content\/uploads\/2024\/11\/Wholesale-Mini-Custom-Baking-Dish-Ceramic-Bakeware-Supplies-6_\u7ed3\u679c-660x660.webp 660w\" sizes=\"(max-width: 1024px) 100vw, 1024px\" \/><\/figure>\n<\/div>\n<\/div>","protected":false},"excerpt":{"rendered":"<p>Bienvenido a comprar ramequines de cer\u00e1mica al por mayor. El dise\u00f1o de estos peque\u00f1os platos para hornear al por mayor combina a la perfecci\u00f3n la est\u00e9tica y la practicidad, no s\u00f3lo para satisfacer las necesidades de la cocci\u00f3n diaria, sino tambi\u00e9n para mejorar la calidad de la cena. Ya se trate de gratinados, postres, o incluso simplemente de servicio, este juego de mini fuentes de horno puede mostrar su encanto \u00fanico.<\/p>","protected":false},"featured_media":7182,"comment_status":"closed","ping_status":"closed","template":"","meta":{"_acf_changed":false},"product_brand":[],"product_cat":[53],"product_tag":[69,71],"class_list":{"0":"post-7180","1":"product","2":"type-product","3":"status-publish","4":"has-post-thumbnail","6":"product_cat-bakeware-in-bulk","7":"product_tag-bulk-ramekins","8":"product_tag-wholesale-baking-pans","10":"first","11":"instock","12":"shipping-taxable","13":"product-type-simple"},"acf":[],"_links":{"self":[{"href":"https:\/\/jinhuaceramic.com\/es\/wp-json\/wp\/v2\/product\/7180","targetHints":{"allow":["GET"]}}],"collection":[{"href":"https:\/\/jinhuaceramic.com\/es\/wp-json\/wp\/v2\/product"}],"about":[{"href":"https:\/\/jinhuaceramic.com\/es\/wp-json\/wp\/v2\/types\/product"}],"replies":[{"embeddable":true,"href":"https:\/\/jinhuaceramic.com\/es\/wp-json\/wp\/v2\/comments?post=7180"}],"version-history":[{"count":0,"href":"https:\/\/jinhuaceramic.com\/es\/wp-json\/wp\/v2\/product\/7180\/revisions"}],"wp:featuredmedia":[{"embeddable":true,"href":"https:\/\/jinhuaceramic.com\/es\/wp-json\/wp\/v2\/media\/7182"}],"wp:attachment":[{"href":"https:\/\/jinhuaceramic.com\/es\/wp-json\/wp\/v2\/media?parent=7180"}],"wp:term":[{"taxonomy":"product_brand","embeddable":true,"href":"https:\/\/jinhuaceramic.com\/es\/wp-json\/wp\/v2\/product_brand?post=7180"},{"taxonomy":"product_cat","embeddable":true,"href":"https:\/\/jinhuaceramic.com\/es\/wp-json\/wp\/v2\/product_cat?post=7180"},{"taxonomy":"product_tag","embeddable":true,"href":"https:\/\/jinhuaceramic.com\/es\/wp-json\/wp\/v2\/product_tag?post=7180"}],"curies":[{"name":"wp","href":"https:\/\/api.w.org\/{rel}","templated":true}]}}