{"id":7190,"date":"2024-11-23T02:21:34","date_gmt":"2024-11-23T02:21:34","guid":{"rendered":"https:\/\/jinhuaceramic.com\/?post_type=product&#038;p=7190"},"modified":"2025-03-11T08:03:11","modified_gmt":"2025-03-11T08:03:11","slug":"ceramic-ramekins-wholesale","status":"publish","type":"product","link":"https:\/\/jinhuaceramic.com\/es\/product\/ceramic-ramekins-wholesale\/","title":{"rendered":"Ramekines De Ceramica Al Por Mayor, Creme Brulee Ramekines Al Por Mayor Con Borde Festoneado"},"content":{"rendered":"<div class=\"wp-block-columns is-layout-flex wp-container-core-columns-is-layout-9d6595d7 wp-block-columns-is-layout-flex\">\n<div class=\"wp-block-column is-layout-flow wp-block-column-is-layout-flow\">\n<h3 class=\"wp-block-heading\">Premium Ramekins de cer\u00e1mica al por mayor Caracter\u00edsticas:<\/h3>\n\n\n\n<ul class=\"wp-block-list\">\n<li><strong>Borde festoneado: <\/strong>A diferencia de los ramequines redondeados comunes, estos ramequines de cer\u00e1mica al por mayor utilizan un dise\u00f1o de borde festoneado. Este dise\u00f1o no s\u00f3lo aumenta el sentido tridimensional y la belleza del recipiente, sino que tambi\u00e9n hace crujientes los bordes de los alimentos horneados.<\/li>\n\n\n\n<li><strong>Colores suaves:<\/strong> Estos moldes para creme brulee a granel est\u00e1n disponibles en blanco y azul, una combinaci\u00f3n cl\u00e1sica que da una sensaci\u00f3n de frescura y limpieza y se convierte en un elemento destacado en la mesa de comedor. Como f\u00e1brica de utensilios de cer\u00e1mica para hornear, tambi\u00e9n podemos personalizar los colores para los clientes.<\/li>\n\n\n\n<li><strong>Material cer\u00e1mico de primera calidad: <\/strong>Estos ramequines de cer\u00e1mica al por mayor se cuecen a altas temperaturas, no contienen plomo y son seguros y saludables. La buena conductividad t\u00e9rmica y la conservaci\u00f3n del material cer\u00e1mico pueden hacer que la comida se caliente uniformemente y mantener bien la temperatura de los alimentos.<\/li>\n\n\n\n<li>Versatilidad: Excepto para hornear postres, como creme brulee, souffl\u00e9, tarta de queso, etc., estos ramequines de cer\u00e1mica para creme brulee a granel pueden servir para hacer mousse, pudding, ensalada, etc., y tambi\u00e9n se pueden utilizar como bol para helado y plato para mojar.<\/li>\n<\/ul>\n<\/div>\n\n\n\n<div class=\"wp-block-column is-layout-flow wp-block-column-is-layout-flow\">\n<figure class=\"wp-block-image size-full\"><img fetchpriority=\"high\" decoding=\"async\" width=\"800\" height=\"800\" src=\"https:\/\/jinhuaceramic.com\/wp-content\/uploads\/2024\/11\/Creme-Brulee-Ramekin-With-Scalloped-Edge-Wholesale-Ceramic-Souffle-Cups-4_\u7ed3\u679c.webp\" alt=\"Tiny Ceramic Ramekins Wholesale, Creme Brulee Ramekins Bulk With Scalloped Edge-1\" class=\"wp-image-7193\" srcset=\"https:\/\/jinhuaceramic.com\/wp-content\/uploads\/2024\/11\/Creme-Brulee-Ramekin-With-Scalloped-Edge-Wholesale-Ceramic-Souffle-Cups-4_\u7ed3\u679c.webp 800w, https:\/\/jinhuaceramic.com\/wp-content\/uploads\/2024\/11\/Creme-Brulee-Ramekin-With-Scalloped-Edge-Wholesale-Ceramic-Souffle-Cups-4_\u7ed3\u679c-300x300.webp 300w, https:\/\/jinhuaceramic.com\/wp-content\/uploads\/2024\/11\/Creme-Brulee-Ramekin-With-Scalloped-Edge-Wholesale-Ceramic-Souffle-Cups-4_\u7ed3\u679c-150x150.webp 150w, https:\/\/jinhuaceramic.com\/wp-content\/uploads\/2024\/11\/Creme-Brulee-Ramekin-With-Scalloped-Edge-Wholesale-Ceramic-Souffle-Cups-4_\u7ed3\u679c-768x768.webp 768w, https:\/\/jinhuaceramic.com\/wp-content\/uploads\/2024\/11\/Creme-Brulee-Ramekin-With-Scalloped-Edge-Wholesale-Ceramic-Souffle-Cups-4_\u7ed3\u679c-12x12.webp 12w, https:\/\/jinhuaceramic.com\/wp-content\/uploads\/2024\/11\/Creme-Brulee-Ramekin-With-Scalloped-Edge-Wholesale-Ceramic-Souffle-Cups-4_\u7ed3\u679c-285x285.webp 285w, https:\/\/jinhuaceramic.com\/wp-content\/uploads\/2024\/11\/Creme-Brulee-Ramekin-With-Scalloped-Edge-Wholesale-Ceramic-Souffle-Cups-4_\u7ed3\u679c-270x270.webp 270w, https:\/\/jinhuaceramic.com\/wp-content\/uploads\/2024\/11\/Creme-Brulee-Ramekin-With-Scalloped-Edge-Wholesale-Ceramic-Souffle-Cups-4_\u7ed3\u679c-540x540.webp 540w, https:\/\/jinhuaceramic.com\/wp-content\/uploads\/2024\/11\/Creme-Brulee-Ramekin-With-Scalloped-Edge-Wholesale-Ceramic-Souffle-Cups-4_\u7ed3\u679c-660x660.webp 660w\" sizes=\"(max-width: 800px) 100vw, 800px\" \/><\/figure>\n<\/div>\n<\/div>","protected":false},"excerpt":{"rendered":"<p>Bienvenido a comprar ramekins de cer\u00e1mica al por mayor. El dise\u00f1o de estos ramekins creme brulee a granel con borde festoneado combina perfectamente la practicidad y la est\u00e9tica, que no s\u00f3lo podr\u00eda satisfacer las necesidades diarias de hornear, sino tambi\u00e9n elevar la calidad de la cena. No importa si se trata de una reuni\u00f3n familiar o un disfrute privado, es una buena elecci\u00f3n.<\/p>","protected":false},"featured_media":7198,"comment_status":"closed","ping_status":"closed","template":"","meta":{"_acf_changed":false},"product_brand":[],"product_cat":[53],"product_tag":[69],"class_list":{"0":"post-7190","1":"product","2":"type-product","3":"status-publish","4":"has-post-thumbnail","6":"product_cat-bakeware-in-bulk","7":"product_tag-bulk-ramekins","9":"first","10":"instock","11":"shipping-taxable","12":"product-type-simple"},"acf":[],"_links":{"self":[{"href":"https:\/\/jinhuaceramic.com\/es\/wp-json\/wp\/v2\/product\/7190","targetHints":{"allow":["GET"]}}],"collection":[{"href":"https:\/\/jinhuaceramic.com\/es\/wp-json\/wp\/v2\/product"}],"about":[{"href":"https:\/\/jinhuaceramic.com\/es\/wp-json\/wp\/v2\/types\/product"}],"replies":[{"embeddable":true,"href":"https:\/\/jinhuaceramic.com\/es\/wp-json\/wp\/v2\/comments?post=7190"}],"version-history":[{"count":0,"href":"https:\/\/jinhuaceramic.com\/es\/wp-json\/wp\/v2\/product\/7190\/revisions"}],"wp:featuredmedia":[{"embeddable":true,"href":"https:\/\/jinhuaceramic.com\/es\/wp-json\/wp\/v2\/media\/7198"}],"wp:attachment":[{"href":"https:\/\/jinhuaceramic.com\/es\/wp-json\/wp\/v2\/media?parent=7190"}],"wp:term":[{"taxonomy":"product_brand","embeddable":true,"href":"https:\/\/jinhuaceramic.com\/es\/wp-json\/wp\/v2\/product_brand?post=7190"},{"taxonomy":"product_cat","embeddable":true,"href":"https:\/\/jinhuaceramic.com\/es\/wp-json\/wp\/v2\/product_cat?post=7190"},{"taxonomy":"product_tag","embeddable":true,"href":"https:\/\/jinhuaceramic.com\/es\/wp-json\/wp\/v2\/product_tag?post=7190"}],"curies":[{"name":"wp","href":"https:\/\/api.w.org\/{rel}","templated":true}]}}